{"id":9496,"date":"2024-07-01T11:27:02","date_gmt":"2024-07-01T09:27:02","guid":{"rendered":"https:\/\/nord-solution.com\/?page_id=9496"},"modified":"2024-07-01T11:39:15","modified_gmt":"2024-07-01T09:39:15","slug":"nord-servis-centrum-koncept","status":"publish","type":"page","link":"https:\/\/nord-solution.com\/index.php\/nord-servis-centrum-koncept\/","title":{"rendered":"NORD SERVIS CENTRUM KONCEPT"},"content":{"rendered":"\t\t<div data-elementor-type=\"wp-page\" data-elementor-id=\"9496\" class=\"elementor elementor-9496\" data-elementor-post-type=\"page\">\n\t\t\t\t<div class=\"elementor-element elementor-element-49fdcb38 e-flex e-con-boxed e-con e-parent\" data-id=\"49fdcb38\" data-element_type=\"container\">\n\t\t\t\t\t<div class=\"e-con-inner\">\n\t\t\t\t<div class=\"elementor-element elementor-element-72695a90 elementor--h-position-center elementor--v-position-middle elementor-arrows-position-inside elementor-pagination-position-inside elementor-widget elementor-widget-slides\" data-id=\"72695a90\" data-element_type=\"widget\" data-settings=\"{&quot;navigation&quot;:&quot;both&quot;,&quot;autoplay&quot;:&quot;yes&quot;,&quot;pause_on_hover&quot;:&quot;yes&quot;,&quot;pause_on_interaction&quot;:&quot;yes&quot;,&quot;autoplay_speed&quot;:5000,&quot;infinite&quot;:&quot;yes&quot;,&quot;transition&quot;:&quot;slide&quot;,&quot;transition_speed&quot;:500}\" data-widget_type=\"slides.default\">\n\t\t\t\t\t\t\t\t\t\t<div class=\"elementor-slides-wrapper elementor-main-swiper swiper\" role=\"region\" aria-roledescription=\"carousel\" aria-label=\"Slides\" dir=\"ltr\" data-animation=\"fadeInUp\">\n\t\t\t\t<div class=\"swiper-wrapper elementor-slides\">\n\t\t\t\t\t\t\t\t\t\t<div class=\"elementor-repeater-item-843aec6 swiper-slide\" role=\"group\" aria-roledescription=\"slide\"><div class=\"swiper-slide-bg\" role=\"img\"><\/div><div class=\"swiper-slide-inner\" ><div class=\"swiper-slide-contents\"><div class=\"elementor-slide-heading\">NORD EcoDirect<\/div><div class=\"elementor-slide-description\">Objevte na\u0161i mobiln\u00ed aplikaci pro vzd\u00e1len\u00e9 ovl\u00e1d\u00e1n\u00ed a konfiguraci syst\u00e9mu EcoControl.<\/div><div  class=\"elementor-button elementor-slide-button elementor-size-sm\">V\u00edce informac\u00ed<\/div><\/div><\/div><\/div><div class=\"elementor-repeater-item-08956a6 swiper-slide\" role=\"group\" aria-roledescription=\"slide\"><div class=\"swiper-slide-bg\" role=\"img\"><\/div><div class=\"swiper-slide-inner\" ><div class=\"swiper-slide-contents\"><div class=\"elementor-slide-heading\">NORD Ecocontrol<\/div><div class=\"elementor-slide-description\">Objevte ovl\u00e1dac\u00ed syst\u00e9m EcoControl pro efektivn\u00ed regulaci a distribuci energie ve va\u0161em syst\u00e9mu.<\/div><div  class=\"elementor-button elementor-slide-button elementor-size-sm\">V\u00edce informac\u00ed<\/div><\/div><\/div><\/div><div class=\"elementor-repeater-item-2756f45 swiper-slide\" role=\"group\" aria-roledescription=\"slide\"><div class=\"swiper-slide-bg\" role=\"img\"><\/div><div class=\"swiper-slide-inner\" ><div class=\"swiper-slide-contents\"><div class=\"elementor-slide-heading\">NORD EcoMode<\/div><div class=\"elementor-slide-description\">Objevte kl\u00ed\u010dovou \u0159\u00edd\u00edc\u00ed funkci EcoMode kter\u00e1 optimalizuje vyu\u017eit\u00ed vyroben\u00e9 sol\u00e1rn\u00ed energie.<\/div><div  class=\"elementor-button elementor-slide-button elementor-size-sm\">V\u00edce informac\u00ed<\/div><\/div><\/div><\/div>\t\t\t\t<\/div>\n\t\t\t\t\t\t\t\t\t\t\t\t\t\t\t<div class=\"elementor-swiper-button elementor-swiper-button-prev\" role=\"button\" tabindex=\"0\" aria-label=\"Previous slide\">\n\t\t\t\t\t\t\t<svg aria-hidden=\"true\" class=\"e-font-icon-svg e-eicon-chevron-left\" viewBox=\"0 0 1000 1000\" xmlns=\"http:\/\/www.w3.org\/2000\/svg\"><path d=\"M646 125C629 125 613 133 604 142L308 442C296 454 292 471 292 487 292 504 296 521 308 533L604 854C617 867 629 875 646 875 663 875 679 871 692 858 704 846 713 829 713 812 713 796 708 779 692 767L438 487 692 225C700 217 708 204 708 187 708 171 704 154 692 142 675 129 663 125 646 125Z\"><\/path><\/svg>\t\t\t\t\t\t<\/div>\n\t\t\t\t\t\t<div class=\"elementor-swiper-button elementor-swiper-button-next\" role=\"button\" tabindex=\"0\" aria-label=\"Next slide\">\n\t\t\t\t\t\t\t<svg aria-hidden=\"true\" class=\"e-font-icon-svg e-eicon-chevron-right\" viewBox=\"0 0 1000 1000\" xmlns=\"http:\/\/www.w3.org\/2000\/svg\"><path d=\"M696 533C708 521 713 504 713 487 713 471 708 454 696 446L400 146C388 133 375 125 354 125 338 125 325 129 313 142 300 154 292 171 292 187 292 204 296 221 308 233L563 492 304 771C292 783 288 800 288 817 288 833 296 850 308 863 321 871 338 875 354 875 371 875 388 867 400 854L696 533Z\"><\/path><\/svg>\t\t\t\t\t\t<\/div>\n\t\t\t\t\t\t\t\t\t\t\t\t\t\t\t\t<div class=\"swiper-pagination\"><\/div>\n\t\t\t\t\t\t\t\t\t\t\t\t<\/div>\n\t\t\t\t\t\t\t\t<\/div>\n\t\t\t\t\t<\/div>\n\t\t\t\t<\/div>\n\t\t<div class=\"elementor-element elementor-element-e15cfcc e-flex e-con-boxed e-con e-parent\" data-id=\"e15cfcc\" data-element_type=\"container\">\n\t\t\t\t\t<div class=\"e-con-inner\">\n\t\t\t\t<div class=\"elementor-element elementor-element-e83fdb6 elementor-widget elementor-widget-heading\" data-id=\"e83fdb6\" data-element_type=\"widget\" data-widget_type=\"heading.default\">\n\t\t\t\t\t<h4 class=\"elementor-heading-title elementor-size-default\">Novinky<\/h4>\t\t\t\t<\/div>\n\t\t\t\t\t<\/div>\n\t\t\t\t<\/div>\n\t\t<div class=\"elementor-element elementor-element-1b6f818 e-flex e-con-boxed e-con e-parent\" data-id=\"1b6f818\" data-element_type=\"container\">\n\t\t\t\t\t<div class=\"e-con-inner\">\n\t\t\t\t<div class=\"elementor-element elementor-element-cd06319 elementor-grid-3 elementor-grid-tablet-2 elementor-grid-mobile-1 elementor-posts--thumbnail-top elementor-widget elementor-widget-posts\" data-id=\"cd06319\" data-element_type=\"widget\" data-settings=\"{&quot;classic_columns&quot;:&quot;3&quot;,&quot;classic_columns_tablet&quot;:&quot;2&quot;,&quot;classic_columns_mobile&quot;:&quot;1&quot;,&quot;classic_row_gap&quot;:{&quot;unit&quot;:&quot;px&quot;,&quot;size&quot;:35,&quot;sizes&quot;:[]},&quot;classic_row_gap_tablet&quot;:{&quot;unit&quot;:&quot;px&quot;,&quot;size&quot;:&quot;&quot;,&quot;sizes&quot;:[]},&quot;classic_row_gap_mobile&quot;:{&quot;unit&quot;:&quot;px&quot;,&quot;size&quot;:&quot;&quot;,&quot;sizes&quot;:[]}}\" data-widget_type=\"posts.classic\">\n\t\t\t\t<div class=\"elementor-widget-container\">\n\t\t\t\t\t\t\t<div class=\"elementor-posts-container elementor-posts elementor-posts--skin-classic elementor-grid\" role=\"list\">\n\t\t\t\t<article class=\"elementor-post elementor-grid-item post-33652 post type-post status-publish format-standard has-post-thumbnail hentry category-cz\" role=\"listitem\">\n\t\t\t\t<a class=\"elementor-post__thumbnail__link\" href=\"https:\/\/nord-solution.com\/index.php\/cs\/2026\/04\/30\/energetika-se-meni-zakaznici-uz-nehledaji-nejlevnejsi-instalaci-hledaji-garanci-servis-a-chytre-rizeni-spotreby-na-leta-dopredu\/\" tabindex=\"-1\" >\n\t\t\t<div class=\"elementor-post__thumbnail\"><img decoding=\"async\" width=\"300\" height=\"145\" src=\"https:\/\/nord-solution.com\/wp-content\/uploads\/2026\/04\/Web-novinky-thumbnail16-2-300x145.jpg\" class=\"attachment-medium size-medium wp-image-33595\" alt=\"\" srcset=\"https:\/\/nord-solution.com\/wp-content\/uploads\/2026\/04\/Web-novinky-thumbnail16-2-300x145.jpg 300w, https:\/\/nord-solution.com\/wp-content\/uploads\/2026\/04\/Web-novinky-thumbnail16-2.jpg 570w\" sizes=\"(max-width: 300px) 100vw, 300px\" \/><\/div>\n\t\t<\/a>\n\t\t\t\t<div class=\"elementor-post__text\">\n\t\t\t\t<div class=\"elementor-post__excerpt\">\n\t\t\t<p>Energetika se m\u011bn\u00ed. Z\u00e1kazn\u00edci u\u017e nehledaj\u00ed nejlevn\u011bj\u0161\u00ed instalaci \u2014 hledaj\u00ed garanci, servis a chytr\u00e9 \u0159\u00edzen\u00ed spot\u0159eby na l\u00e9ta dop\u0159edu. P\u0159esn\u011b proto aktu\u00e1ln\u011b budujeme s\u00ed\u0165 fran\u0161\u00edzov\u00fdch<\/p>\n\t\t<\/div>\n\t\t\n\t\t<a class=\"elementor-post__read-more\" href=\"https:\/\/nord-solution.com\/index.php\/cs\/2026\/04\/30\/energetika-se-meni-zakaznici-uz-nehledaji-nejlevnejsi-instalaci-hledaji-garanci-servis-a-chytre-rizeni-spotreby-na-leta-dopredu\/\" aria-label=\"Read more about Energetika se m\u011bn\u00ed. Z\u00e1kazn\u00edci u\u017e nehledaj\u00ed nejlevn\u011bj\u0161\u00ed instalaci \u2014 hledaj\u00ed garanci, servis a chytr\u00e9 \u0159\u00edzen\u00ed spot\u0159eby na l\u00e9ta dop\u0159edu.\" tabindex=\"-1\" >\n\t\t\t\u010c\u00edst d\u00e1le \u00bb\t\t<\/a>\n\n\t\t\t\t<\/div>\n\t\t\t\t<\/article>\n\t\t\t\t<article class=\"elementor-post elementor-grid-item post-31222 post type-post status-publish format-standard has-post-thumbnail hentry category-cz\" role=\"listitem\">\n\t\t\t\t<a class=\"elementor-post__thumbnail__link\" href=\"https:\/\/nord-solution.com\/index.php\/cs\/2026\/03\/26\/veletrh-shke-2026-v-essenu\/\" tabindex=\"-1\" >\n\t\t\t<div class=\"elementor-post__thumbnail\"><img decoding=\"async\" width=\"300\" height=\"145\" src=\"https:\/\/nord-solution.com\/wp-content\/uploads\/2026\/03\/Konfigurator-NORD_Miniatura-GBC-eShop-570x-276px-300x145.png\" class=\"attachment-medium size-medium wp-image-31710\" alt=\"\" srcset=\"https:\/\/nord-solution.com\/wp-content\/uploads\/2026\/03\/Konfigurator-NORD_Miniatura-GBC-eShop-570x-276px-300x145.png 300w, https:\/\/nord-solution.com\/wp-content\/uploads\/2026\/03\/Konfigurator-NORD_Miniatura-GBC-eShop-570x-276px.png 570w\" sizes=\"(max-width: 300px) 100vw, 300px\" \/><\/div>\n\t\t<\/a>\n\t\t\t\t<div class=\"elementor-post__text\">\n\t\t\t\t<div class=\"elementor-post__excerpt\">\n\t\t\t<p>25.03.2026 Ve dnech 17.\u201320. b\u0159ezna se v Essenu konal veletrh SHK+E 2026. Spole\u010dnost Nord HT zde v hale 3 p\u0159edstavila odborn\u00e9 ve\u0159ejnosti sv\u016fj inovativn\u00ed a<\/p>\n\t\t<\/div>\n\t\t\n\t\t<a class=\"elementor-post__read-more\" href=\"https:\/\/nord-solution.com\/index.php\/cs\/2026\/03\/26\/veletrh-shke-2026-v-essenu\/\" aria-label=\"Read more about Veletrh SHK+E 2026 v Essenu\" tabindex=\"-1\" >\n\t\t\t\u010c\u00edst d\u00e1le \u00bb\t\t<\/a>\n\n\t\t\t\t<\/div>\n\t\t\t\t<\/article>\n\t\t\t\t<article class=\"elementor-post elementor-grid-item post-31217 post type-post status-publish format-standard hentry category-pl\" role=\"listitem\">\n\t\t\t\t<div class=\"elementor-post__text\">\n\t\t\t\t<div class=\"elementor-post__excerpt\">\n\t\t\t<p>25.03.2026 Targi bran\u017cowe SHK+E 2026 w Essen W dniach 17\u201320 marca targi SHK+E 2026 otworzy\u0142y swoje drzwi w halach wystawienniczych w Essen. Firma Nord HT<\/p>\n\t\t<\/div>\n\t\t\n\t\t<a class=\"elementor-post__read-more\" href=\"https:\/\/nord-solution.com\/index.php\/pl\/2026\/03\/26\/targi-branzowe-shke-2026-w-essen\/\" aria-label=\"Read more about Targi bran\u017cowe SHK+E 2026 w Essen\" tabindex=\"-1\" >\n\t\t\t\u010c\u00edst d\u00e1le \u00bb\t\t<\/a>\n\n\t\t\t\t<\/div>\n\t\t\t\t<\/article>\n\t\t\t\t<\/div>\n\t\t\n\t\t\t\t\t\t<\/div>\n\t\t\t\t<\/div>\n\t\t\t\t\t<\/div>\n\t\t\t\t<\/div>\n\t\t\t\t<\/div>\n\t\t","protected":false},"excerpt":{"rendered":"<p>NORD EcoDirectObjevte na\u0161i mobiln\u00ed aplikaci pro vzd\u00e1len\u00e9 ovl\u00e1d\u00e1n\u00ed a konfiguraci syst\u00e9mu EcoControl.V\u00edce informac\u00edNORD EcocontrolObjevte ovl\u00e1dac\u00ed syst\u00e9m EcoControl pro efektivn\u00ed regulaci a distribuci energie ve va\u0161em syst\u00e9mu.V\u00edce informac\u00edNORD EcoModeObjevte kl\u00ed\u010dovou \u0159\u00edd\u00edc\u00ed funkci EcoMode kter\u00e1 optimalizuje vyu\u017eit\u00ed vyroben\u00e9 sol\u00e1rn\u00ed energie.V\u00edce informac\u00ed Previous slide Next slide Novinky<\/p>\n","protected":false},"author":1,"featured_media":0,"parent":0,"menu_order":0,"comment_status":"closed","ping_status":"closed","template":"","meta":{"om_disable_all_campaigns":false,"_monsterinsights_skip_tracking":false,"_monsterinsights_sitenote_active":false,"_monsterinsights_sitenote_note":"","_monsterinsights_sitenote_category":0,"footnotes":""},"_links":{"self":[{"href":"https:\/\/nord-solution.com\/index.php\/wp-json\/wp\/v2\/pages\/9496"}],"collection":[{"href":"https:\/\/nord-solution.com\/index.php\/wp-json\/wp\/v2\/pages"}],"about":[{"href":"https:\/\/nord-solution.com\/index.php\/wp-json\/wp\/v2\/types\/page"}],"author":[{"embeddable":true,"href":"https:\/\/nord-solution.com\/index.php\/wp-json\/wp\/v2\/users\/1"}],"replies":[{"embeddable":true,"href":"https:\/\/nord-solution.com\/index.php\/wp-json\/wp\/v2\/comments?post=9496"}],"version-history":[{"count":13,"href":"https:\/\/nord-solution.com\/index.php\/wp-json\/wp\/v2\/pages\/9496\/revisions"}],"predecessor-version":[{"id":9511,"href":"https:\/\/nord-solution.com\/index.php\/wp-json\/wp\/v2\/pages\/9496\/revisions\/9511"}],"wp:attachment":[{"href":"https:\/\/nord-solution.com\/index.php\/wp-json\/wp\/v2\/media?parent=9496"}],"curies":[{"name":"wp","href":"https:\/\/api.w.org\/{rel}","templated":true}]}}