{"id":717,"date":"2023-02-06T14:00:02","date_gmt":"2023-02-06T13:00:02","guid":{"rendered":"https:\/\/nord-solution.com\/?page_id=717"},"modified":"2023-02-06T14:02:11","modified_gmt":"2023-02-06T13:02:11","slug":"power-genius","status":"publish","type":"page","link":"https:\/\/nord-solution.com\/index.php\/power-genius\/","title":{"rendered":"Power Genius"},"content":{"rendered":"\t\t<div data-elementor-type=\"wp-page\" data-elementor-id=\"717\" class=\"elementor elementor-717\" data-elementor-post-type=\"page\">\n\t\t\t\t\t\t<section class=\"elementor-section elementor-top-section elementor-element elementor-element-61aa9fe9 elementor-section-boxed elementor-section-height-default elementor-section-height-default\" data-id=\"61aa9fe9\" data-element_type=\"section\">\n\t\t\t\t\t\t<div class=\"elementor-container elementor-column-gap-default\">\n\t\t\t\t\t<div class=\"elementor-column elementor-col-100 elementor-top-column elementor-element elementor-element-282d5d8e\" data-id=\"282d5d8e\" data-element_type=\"column\">\n\t\t\t<div class=\"elementor-widget-wrap elementor-element-populated\">\n\t\t\t\t\t\t<div class=\"elementor-element elementor-element-7c685704 elementor-widget elementor-widget-heading\" data-id=\"7c685704\" data-element_type=\"widget\" data-widget_type=\"heading.default\">\n\t\t\t\t\t<h2 class=\"elementor-heading-title elementor-size-default\">Power Genius<\/h2>\t\t\t\t<\/div>\n\t\t\t\t<div class=\"elementor-element elementor-element-69369903 elementor-widget elementor-widget-heading\" data-id=\"69369903\" data-element_type=\"widget\" data-widget_type=\"heading.default\">\n\t\t\t\t\t<h4 class=\"elementor-heading-title elementor-size-default\">New generation energy manager for surplus green electricity.<\/h4>\t\t\t\t<\/div>\n\t\t\t\t\t<\/div>\n\t\t<\/div>\n\t\t\t\t\t<\/div>\n\t\t<\/section>\n\t\t\t\t<section class=\"elementor-section elementor-top-section elementor-element elementor-element-6ffda5a0 elementor-section-boxed elementor-section-height-default elementor-section-height-default\" data-id=\"6ffda5a0\" data-element_type=\"section\">\n\t\t\t\t\t\t<div class=\"elementor-container elementor-column-gap-default\">\n\t\t\t\t\t<div class=\"elementor-column elementor-col-50 elementor-top-column elementor-element elementor-element-158deb7a\" data-id=\"158deb7a\" data-element_type=\"column\">\n\t\t\t<div class=\"elementor-widget-wrap elementor-element-populated\">\n\t\t\t\t\t\t<div class=\"elementor-element elementor-element-497e5842 elementor-widget elementor-widget-image\" data-id=\"497e5842\" data-element_type=\"widget\" data-widget_type=\"image.default\">\n\t\t\t\t\t\t\t\t\t\t\t\t\t\t\t<img fetchpriority=\"high\" decoding=\"async\" width=\"1379\" height=\"1673\" src=\"https:\/\/nord-solution.com\/wp-content\/uploads\/2023\/02\/power-genius-3000-foto.png\" class=\"attachment-full size-full wp-image-347\" alt=\"\" srcset=\"https:\/\/nord-solution.com\/wp-content\/uploads\/2023\/02\/power-genius-3000-foto.png 1379w, https:\/\/nord-solution.com\/wp-content\/uploads\/2023\/02\/power-genius-3000-foto-600x728.png 600w, https:\/\/nord-solution.com\/wp-content\/uploads\/2023\/02\/power-genius-3000-foto-247x300.png 247w, https:\/\/nord-solution.com\/wp-content\/uploads\/2023\/02\/power-genius-3000-foto-844x1024.png 844w, https:\/\/nord-solution.com\/wp-content\/uploads\/2023\/02\/power-genius-3000-foto-768x932.png 768w, https:\/\/nord-solution.com\/wp-content\/uploads\/2023\/02\/power-genius-3000-foto-1266x1536.png 1266w\" sizes=\"(max-width: 1379px) 100vw, 1379px\" \/>\t\t\t\t\t\t\t\t\t\t\t\t\t\t\t<\/div>\n\t\t\t\t\t<\/div>\n\t\t<\/div>\n\t\t\t\t<div class=\"elementor-column elementor-col-50 elementor-top-column elementor-element elementor-element-570b86c5\" data-id=\"570b86c5\" data-element_type=\"column\">\n\t\t\t<div class=\"elementor-widget-wrap elementor-element-populated\">\n\t\t\t\t\t\t<div class=\"elementor-element elementor-element-7c24a588 elementor-align-left elementor-icon-list--layout-traditional elementor-list-item-link-full_width elementor-widget elementor-widget-icon-list\" data-id=\"7c24a588\" data-element_type=\"widget\" data-widget_type=\"icon-list.default\">\n\t\t\t\t\t\t\t<ul class=\"elementor-icon-list-items\">\n\t\t\t\t\t\t\t<li class=\"elementor-icon-list-item\">\n\t\t\t\t\t\t\t\t\t\t\t<span class=\"elementor-icon-list-icon\">\n\t\t\t\t\t\t\t<svg aria-hidden=\"true\" class=\"e-font-icon-svg e-fas-check-circle\" viewBox=\"0 0 512 512\" xmlns=\"http:\/\/www.w3.org\/2000\/svg\"><path d=\"M504 256c0 136.967-111.033 248-248 248S8 392.967 8 256 119.033 8 256 8s248 111.033 248 248zM227.314 387.314l184-184c6.248-6.248 6.248-16.379 0-22.627l-22.627-22.627c-6.248-6.249-16.379-6.249-22.628 0L216 308.118l-70.059-70.059c-6.248-6.248-16.379-6.248-22.628 0l-22.627 22.627c-6.248 6.248-6.248 16.379 0 22.627l104 104c6.249 6.249 16.379 6.249 22.628.001z\"><\/path><\/svg>\t\t\t\t\t\t<\/span>\n\t\t\t\t\t\t\t\t\t\t<span class=\"elementor-icon-list-text\">Highlight 1 Lorem ipsum dolor sit amet, consectetuer a elit<\/span>\n\t\t\t\t\t\t\t\t\t<\/li>\n\t\t\t\t\t\t\t\t<li class=\"elementor-icon-list-item\">\n\t\t\t\t\t\t\t\t\t\t\t<span class=\"elementor-icon-list-icon\">\n\t\t\t\t\t\t\t<svg aria-hidden=\"true\" class=\"e-font-icon-svg e-fas-check-circle\" viewBox=\"0 0 512 512\" xmlns=\"http:\/\/www.w3.org\/2000\/svg\"><path d=\"M504 256c0 136.967-111.033 248-248 248S8 392.967 8 256 119.033 8 256 8s248 111.033 248 248zM227.314 387.314l184-184c6.248-6.248 6.248-16.379 0-22.627l-22.627-22.627c-6.248-6.249-16.379-6.249-22.628 0L216 308.118l-70.059-70.059c-6.248-6.248-16.379-6.248-22.628 0l-22.627 22.627c-6.248 6.248-6.248 16.379 0 22.627l104 104c6.249 6.249 16.379 6.249 22.628.001z\"><\/path><\/svg>\t\t\t\t\t\t<\/span>\n\t\t\t\t\t\t\t\t\t\t<span class=\"elementor-icon-list-text\">Highlight 2 Lorem ipsum dolor sit amet,<\/span>\n\t\t\t\t\t\t\t\t\t<\/li>\n\t\t\t\t\t\t\t\t<li class=\"elementor-icon-list-item\">\n\t\t\t\t\t\t\t\t\t\t\t<span class=\"elementor-icon-list-icon\">\n\t\t\t\t\t\t\t<svg aria-hidden=\"true\" class=\"e-font-icon-svg e-fas-check-circle\" viewBox=\"0 0 512 512\" xmlns=\"http:\/\/www.w3.org\/2000\/svg\"><path d=\"M504 256c0 136.967-111.033 248-248 248S8 392.967 8 256 119.033 8 256 8s248 111.033 248 248zM227.314 387.314l184-184c6.248-6.248 6.248-16.379 0-22.627l-22.627-22.627c-6.248-6.249-16.379-6.249-22.628 0L216 308.118l-70.059-70.059c-6.248-6.248-16.379-6.248-22.628 0l-22.627 22.627c-6.248 6.248-6.248 16.379 0 22.627l104 104c6.249 6.249 16.379 6.249 22.628.001z\"><\/path><\/svg>\t\t\t\t\t\t<\/span>\n\t\t\t\t\t\t\t\t\t\t<span class=\"elementor-icon-list-text\">Highlight 3 Lorem ipsum dolor sit amet, consectetuer<\/span>\n\t\t\t\t\t\t\t\t\t<\/li>\n\t\t\t\t\t\t<\/ul>\n\t\t\t\t\t\t<\/div>\n\t\t\t\t\t<\/div>\n\t\t<\/div>\n\t\t\t\t\t<\/div>\n\t\t<\/section>\n\t\t\t\t<section class=\"elementor-section elementor-top-section elementor-element elementor-element-2d53befa elementor-section-boxed elementor-section-height-default elementor-section-height-default\" data-id=\"2d53befa\" data-element_type=\"section\">\n\t\t\t\t\t\t<div class=\"elementor-container elementor-column-gap-default\">\n\t\t\t\t\t<div class=\"elementor-column elementor-col-100 elementor-top-column elementor-element elementor-element-140c28a9\" data-id=\"140c28a9\" data-element_type=\"column\">\n\t\t\t<div class=\"elementor-widget-wrap elementor-element-populated\">\n\t\t\t\t\t\t<div class=\"elementor-element elementor-element-217cbb3e elementor-widget elementor-widget-text-editor\" data-id=\"217cbb3e\" data-element_type=\"widget\" data-widget_type=\"text-editor.default\">\n\t\t\t\t\t\t\t\t\t<p><span style=\"color: #032866;\"><strong>Nord<\/strong>\u00a0is an association of engineering companies and renowned prestigious universities from the\u00a0<strong>EU<\/strong>. Company\u2019s\u00a0<em>(Nord\u2019s\/The)<\/em> first projects <strong>started<\/strong>\u00a0already in\u00a0<strong>2014<\/strong>\u00a0with the support of financial resources from\u00a0<strong>Norwegian funds<\/strong>. Main vision of Nord is to connect sectors of renewable resources, home heating, domestic hot water heating and electromobility for<strong>\u00a0residential and small industrial<\/strong>\u00a0applications. Intelligent design enables maximum utilization of available\u00a0<strong>green energy<\/strong>. As result of that, savings are maximized and return of the investment is shortened.<\/span><\/p>\t\t\t\t\t\t\t\t<\/div>\n\t\t\t\t\t<\/div>\n\t\t<\/div>\n\t\t\t\t\t<\/div>\n\t\t<\/section>\n\t\t\t\t<section class=\"elementor-section elementor-top-section elementor-element elementor-element-2a0494a8 elementor-section-height-min-height elementor-section-content-middle elementor-section-boxed elementor-section-height-default elementor-section-items-middle\" data-id=\"2a0494a8\" data-element_type=\"section\">\n\t\t\t\t\t\t<div class=\"elementor-container elementor-column-gap-default\">\n\t\t\t\t\t<div class=\"elementor-column elementor-col-100 elementor-top-column elementor-element elementor-element-26d0f642\" data-id=\"26d0f642\" data-element_type=\"column\">\n\t\t\t<div class=\"elementor-widget-wrap elementor-element-populated\">\n\t\t\t\t\t\t<div class=\"elementor-element elementor-element-67e165b9 elementor-absolute elementor-tabs-view-horizontal elementor-widget elementor-widget-tabs\" data-id=\"67e165b9\" data-element_type=\"widget\" data-settings=\"{&quot;_position&quot;:&quot;absolute&quot;}\" data-widget_type=\"tabs.default\">\n\t\t\t\t\t\t\t<div class=\"elementor-tabs\">\n\t\t\t<div class=\"elementor-tabs-wrapper\" role=\"tablist\" >\n\t\t\t\t\t\t\t\t\t<div id=\"elementor-tab-title-1741\" class=\"elementor-tab-title elementor-tab-desktop-title\" aria-selected=\"true\" data-tab=\"1\" role=\"tab\" tabindex=\"0\" aria-controls=\"elementor-tab-content-1741\" aria-expanded=\"false\">Parameters<\/div>\n\t\t\t\t\t\t\t\t\t<div id=\"elementor-tab-title-1742\" class=\"elementor-tab-title elementor-tab-desktop-title\" aria-selected=\"false\" data-tab=\"2\" role=\"tab\" tabindex=\"-1\" aria-controls=\"elementor-tab-content-1742\" aria-expanded=\"false\">Downloads<\/div>\n\t\t\t\t\t\t\t<\/div>\n\t\t\t<div class=\"elementor-tabs-content-wrapper\" role=\"tablist\" aria-orientation=\"vertical\">\n\t\t\t\t\t\t\t\t\t<div class=\"elementor-tab-title elementor-tab-mobile-title\" aria-selected=\"true\" data-tab=\"1\" role=\"tab\" tabindex=\"0\" aria-controls=\"elementor-tab-content-1741\" aria-expanded=\"false\">Parameters<\/div>\n\t\t\t\t\t<div id=\"elementor-tab-content-1741\" class=\"elementor-tab-content elementor-clearfix\" data-tab=\"1\" role=\"tabpanel\" aria-labelledby=\"elementor-tab-title-1741\" tabindex=\"0\" hidden=\"false\"><ul><li><span style=\"color: #032866;\"><strong>Vstupy:\u00a0<\/strong>4x digit\u00e1ln\u00ed pro p\u0159ipojen\u00ed bezpotenci\u00e1lov\u00fdch kontakt\u016f, 2x pro teplotn\u00ed \u010didla DS18B20<\/span><\/li><li><span style=\"color: #032866;\"><strong>V\u00fdstupy:\u00a0<\/strong>7x digit\u00e1ln\u00ed tranzistorov\u00e9 v\u00fdstupy s otev\u0159en\u00fdm kolektorem<\/span><\/li><li><span style=\"color: #032866;\">Max. zat\u00ed\u017een\u00ed jednoho v\u00fdstupu\u00a0<b>100 mA \/ 24 V<\/b><\/span><\/li><li><span style=\"color: #032866;\">Rozsah pracovn\u00edch teplot\u00a0<b>-20 \u00b0C ~ +50 \u00b0C<\/b><\/span><\/li><li><span style=\"color: #032866;\">Stupe\u0148 kryt\u00ed<b>\u00a0IP20<\/b><\/span><\/li><li><span style=\"color: #032866;\">Rozm\u011bry\u00a0<b>85x115x27 mm<\/b><\/span><\/li><li><span style=\"color: #032866;\">Zp\u016fsob mont\u00e1\u017ee\u00a0<b>DIN li\u0161ta nebo na panel<\/b><\/span><\/li><\/ul><\/div>\n\t\t\t\t\t\t\t\t\t<div class=\"elementor-tab-title elementor-tab-mobile-title\" aria-selected=\"false\" data-tab=\"2\" role=\"tab\" tabindex=\"-1\" aria-controls=\"elementor-tab-content-1742\" aria-expanded=\"false\">Downloads<\/div>\n\t\t\t\t\t<div id=\"elementor-tab-content-1742\" class=\"elementor-tab-content elementor-clearfix\" data-tab=\"2\" role=\"tabpanel\" aria-labelledby=\"elementor-tab-title-1742\" tabindex=\"0\" hidden=\"hidden\"><p><span style=\"color: #032866;\"><strong>Here you will find important documents to download &gt;&gt;<\/strong><\/span><\/p><ul><li style=\"text-align: left;\"><span style=\"color: #032866;\"><strong><a style=\"color: #032866;\" href=\"https:\/\/gbc-solino.cz\/wp-content\/uploads\/2023\/01\/DS_STP550S_C72_Vmh_16-years-EN-1.pdf\" target=\"_blank\" rel=\"noopener\">Datasheet (EN)<\/a><a style=\"color: #032866;\" href=\"https:\/\/gbc-solino.cz\/wp-content\/uploads\/2021\/10\/DS_STP545S_C72_Pmh-EN.pdf\" target=\"_blank\" rel=\"noopener\"><img decoding=\"async\" class=\"alignnone wp-image-18696 size-full\" src=\"https:\/\/gbc-solino.cz\/wp-content\/uploads\/2021\/09\/pdf-mini3.png\" alt=\"\" width=\"33\" height=\"32\" \/><\/a><\/strong><\/span><\/li><li><span style=\"color: #032866;\"><strong><a style=\"color: #032866;\" href=\"https:\/\/gbc-solino.cz\/wp-content\/uploads\/2023\/01\/DS_STP550S_C72_Vmh_16-years-EN-1.pdf\" target=\"_blank\" rel=\"noopener\">Manu\u00e1l (EN)<\/a><a style=\"color: #032866;\" href=\"https:\/\/gbc-solino.cz\/wp-content\/uploads\/2021\/10\/DS_STP545S_C72_Pmh-EN.pdf\" target=\"_blank\" rel=\"noopener\"><img decoding=\"async\" class=\"alignnone wp-image-18696 size-full\" src=\"https:\/\/gbc-solino.cz\/wp-content\/uploads\/2021\/09\/pdf-mini3.png\" alt=\"\" width=\"33\" height=\"32\" \/><\/a><\/strong><\/span><\/li><\/ul><\/div>\n\t\t\t\t\t\t\t<\/div>\n\t\t<\/div>\n\t\t\t\t\t\t<\/div>\n\t\t\t\t\t<\/div>\n\t\t<\/div>\n\t\t\t\t\t<\/div>\n\t\t<\/section>\n\t\t\t\t<section class=\"elementor-section elementor-top-section elementor-element elementor-element-2677a14e elementor-section-boxed elementor-section-height-default elementor-section-height-default\" data-id=\"2677a14e\" data-element_type=\"section\">\n\t\t\t\t\t\t<div class=\"elementor-container elementor-column-gap-default\">\n\t\t\t\t\t<div class=\"elementor-column elementor-col-100 elementor-top-column elementor-element elementor-element-302e9493\" data-id=\"302e9493\" data-element_type=\"column\">\n\t\t\t<div class=\"elementor-widget-wrap elementor-element-populated\">\n\t\t\t\t\t\t<div class=\"elementor-element elementor-element-78608a47 elementor-widget elementor-widget-spacer\" data-id=\"78608a47\" data-element_type=\"widget\" data-widget_type=\"spacer.default\">\n\t\t\t\t\t\t\t<div class=\"elementor-spacer\">\n\t\t\t<div class=\"elementor-spacer-inner\"><\/div>\n\t\t<\/div>\n\t\t\t\t\t\t<\/div>\n\t\t\t\t\t<\/div>\n\t\t<\/div>\n\t\t\t\t\t<\/div>\n\t\t<\/section>\n\t\t\t\t<\/div>\n\t\t","protected":false},"excerpt":{"rendered":"<p>Power Genius New generation energy manager for surplus green electricity. Highlight 1 Lorem ipsum dolor sit amet, consectetuer a elit Highlight 2 Lorem ipsum dolor sit amet, Highlight 3 Lorem ipsum dolor sit amet, consectetuer Nord\u00a0is an association of engineering companies and renowned prestigious universities from the\u00a0EU. Company\u2019s\u00a0(Nord\u2019s\/The) first projects started\u00a0already in\u00a02014\u00a0with the support of [&hellip;]<\/p>\n","protected":false},"author":1,"featured_media":0,"parent":0,"menu_order":0,"comment_status":"closed","ping_status":"closed","template":"","meta":{"om_disable_all_campaigns":false,"_monsterinsights_skip_tracking":false,"_monsterinsights_sitenote_active":false,"_monsterinsights_sitenote_note":"","_monsterinsights_sitenote_category":0,"footnotes":""},"_links":{"self":[{"href":"https:\/\/nord-solution.com\/index.php\/wp-json\/wp\/v2\/pages\/717"}],"collection":[{"href":"https:\/\/nord-solution.com\/index.php\/wp-json\/wp\/v2\/pages"}],"about":[{"href":"https:\/\/nord-solution.com\/index.php\/wp-json\/wp\/v2\/types\/page"}],"author":[{"embeddable":true,"href":"https:\/\/nord-solution.com\/index.php\/wp-json\/wp\/v2\/users\/1"}],"replies":[{"embeddable":true,"href":"https:\/\/nord-solution.com\/index.php\/wp-json\/wp\/v2\/comments?post=717"}],"version-history":[{"count":7,"href":"https:\/\/nord-solution.com\/index.php\/wp-json\/wp\/v2\/pages\/717\/revisions"}],"predecessor-version":[{"id":725,"href":"https:\/\/nord-solution.com\/index.php\/wp-json\/wp\/v2\/pages\/717\/revisions\/725"}],"wp:attachment":[{"href":"https:\/\/nord-solution.com\/index.php\/wp-json\/wp\/v2\/media?parent=717"}],"curies":[{"name":"wp","href":"https:\/\/api.w.org\/{rel}","templated":true}]}}