{"id":621,"date":"2023-02-06T13:29:28","date_gmt":"2023-02-06T12:29:28","guid":{"rendered":"https:\/\/nord-solution.com\/?page_id=621"},"modified":"2023-02-06T13:59:00","modified_gmt":"2023-02-06T12:59:00","slug":"pv-modules","status":"publish","type":"page","link":"https:\/\/nord-solution.com\/index.php\/pv-modules\/","title":{"rendered":"PV Modules"},"content":{"rendered":"\t\t<div data-elementor-type=\"wp-page\" data-elementor-id=\"621\" class=\"elementor elementor-621\" data-elementor-post-type=\"page\">\n\t\t\t\t\t\t<section class=\"elementor-section elementor-top-section elementor-element elementor-element-21cf3a80 elementor-section-boxed elementor-section-height-default elementor-section-height-default\" data-id=\"21cf3a80\" data-element_type=\"section\">\n\t\t\t\t\t\t<div class=\"elementor-container elementor-column-gap-default\">\n\t\t\t\t\t<div class=\"elementor-column elementor-col-100 elementor-top-column elementor-element elementor-element-168ac4bb\" data-id=\"168ac4bb\" data-element_type=\"column\">\n\t\t\t<div class=\"elementor-widget-wrap elementor-element-populated\">\n\t\t\t\t\t\t<div class=\"elementor-element elementor-element-5b49e4f6 elementor-widget elementor-widget-heading\" data-id=\"5b49e4f6\" data-element_type=\"widget\" data-widget_type=\"heading.default\">\n\t\t\t\t\t<h2 class=\"elementor-heading-title elementor-size-default\">PV Modules<\/h2>\t\t\t\t<\/div>\n\t\t\t\t<div class=\"elementor-element elementor-element-4199dea7 elementor-widget elementor-widget-heading\" data-id=\"4199dea7\" data-element_type=\"widget\" data-widget_type=\"heading.default\">\n\t\t\t\t\t<h4 class=\"elementor-heading-title elementor-size-default\">High quality Solar panels<\/h4>\t\t\t\t<\/div>\n\t\t\t\t\t<\/div>\n\t\t<\/div>\n\t\t\t\t\t<\/div>\n\t\t<\/section>\n\t\t\t\t<section class=\"elementor-section elementor-top-section elementor-element elementor-element-8c6eaa1 elementor-section-boxed elementor-section-height-default elementor-section-height-default\" data-id=\"8c6eaa1\" data-element_type=\"section\">\n\t\t\t\t\t\t<div class=\"elementor-container elementor-column-gap-default\">\n\t\t\t\t\t<div class=\"elementor-column elementor-col-50 elementor-top-column elementor-element elementor-element-4478530\" data-id=\"4478530\" data-element_type=\"column\">\n\t\t\t<div class=\"elementor-widget-wrap elementor-element-populated\">\n\t\t\t\t\t\t<div class=\"elementor-element elementor-element-bdbae53 elementor-widget elementor-widget-image\" data-id=\"bdbae53\" data-element_type=\"widget\" data-widget_type=\"image.default\">\n\t\t\t\t\t\t\t\t\t\t\t\t\t\t\t<img fetchpriority=\"high\" decoding=\"async\" width=\"1000\" height=\"1000\" src=\"https:\/\/nord-solution.com\/wp-content\/uploads\/2023\/02\/nord-1.png\" class=\"attachment-full size-full wp-image-707\" alt=\"\" srcset=\"https:\/\/nord-solution.com\/wp-content\/uploads\/2023\/02\/nord-1.png 1000w, https:\/\/nord-solution.com\/wp-content\/uploads\/2023\/02\/nord-1-300x300.png 300w, https:\/\/nord-solution.com\/wp-content\/uploads\/2023\/02\/nord-1-100x100.png 100w, https:\/\/nord-solution.com\/wp-content\/uploads\/2023\/02\/nord-1-600x600.png 600w, https:\/\/nord-solution.com\/wp-content\/uploads\/2023\/02\/nord-1-150x150.png 150w, https:\/\/nord-solution.com\/wp-content\/uploads\/2023\/02\/nord-1-768x768.png 768w\" sizes=\"(max-width: 1000px) 100vw, 1000px\" \/>\t\t\t\t\t\t\t\t\t\t\t\t\t\t\t<\/div>\n\t\t\t\t\t<\/div>\n\t\t<\/div>\n\t\t\t\t<div class=\"elementor-column elementor-col-50 elementor-top-column elementor-element elementor-element-f26b7e8\" data-id=\"f26b7e8\" data-element_type=\"column\">\n\t\t\t<div class=\"elementor-widget-wrap elementor-element-populated\">\n\t\t\t\t\t\t<div class=\"elementor-element elementor-element-cbd2a67 elementor-align-left elementor-icon-list--layout-traditional elementor-list-item-link-full_width elementor-widget elementor-widget-icon-list\" data-id=\"cbd2a67\" data-element_type=\"widget\" data-widget_type=\"icon-list.default\">\n\t\t\t\t\t\t\t<ul class=\"elementor-icon-list-items\">\n\t\t\t\t\t\t\t<li class=\"elementor-icon-list-item\">\n\t\t\t\t\t\t\t\t\t\t\t<span class=\"elementor-icon-list-icon\">\n\t\t\t\t\t\t\t<svg aria-hidden=\"true\" class=\"e-font-icon-svg e-fas-check-circle\" viewBox=\"0 0 512 512\" xmlns=\"http:\/\/www.w3.org\/2000\/svg\"><path d=\"M504 256c0 136.967-111.033 248-248 248S8 392.967 8 256 119.033 8 256 8s248 111.033 248 248zM227.314 387.314l184-184c6.248-6.248 6.248-16.379 0-22.627l-22.627-22.627c-6.248-6.249-16.379-6.249-22.628 0L216 308.118l-70.059-70.059c-6.248-6.248-16.379-6.248-22.628 0l-22.627 22.627c-6.248 6.248-6.248 16.379 0 22.627l104 104c6.249 6.249 16.379 6.249 22.628.001z\"><\/path><\/svg>\t\t\t\t\t\t<\/span>\n\t\t\t\t\t\t\t\t\t\t<span class=\"elementor-icon-list-text\">Highlight 1 Lorem ipsum dolor sit amet, consectetuer a elit<\/span>\n\t\t\t\t\t\t\t\t\t<\/li>\n\t\t\t\t\t\t\t\t<li class=\"elementor-icon-list-item\">\n\t\t\t\t\t\t\t\t\t\t\t<span class=\"elementor-icon-list-icon\">\n\t\t\t\t\t\t\t<svg aria-hidden=\"true\" class=\"e-font-icon-svg e-fas-check-circle\" viewBox=\"0 0 512 512\" xmlns=\"http:\/\/www.w3.org\/2000\/svg\"><path d=\"M504 256c0 136.967-111.033 248-248 248S8 392.967 8 256 119.033 8 256 8s248 111.033 248 248zM227.314 387.314l184-184c6.248-6.248 6.248-16.379 0-22.627l-22.627-22.627c-6.248-6.249-16.379-6.249-22.628 0L216 308.118l-70.059-70.059c-6.248-6.248-16.379-6.248-22.628 0l-22.627 22.627c-6.248 6.248-6.248 16.379 0 22.627l104 104c6.249 6.249 16.379 6.249 22.628.001z\"><\/path><\/svg>\t\t\t\t\t\t<\/span>\n\t\t\t\t\t\t\t\t\t\t<span class=\"elementor-icon-list-text\">Highlight 2 Lorem ipsum dolor sit amet,<\/span>\n\t\t\t\t\t\t\t\t\t<\/li>\n\t\t\t\t\t\t\t\t<li class=\"elementor-icon-list-item\">\n\t\t\t\t\t\t\t\t\t\t\t<span class=\"elementor-icon-list-icon\">\n\t\t\t\t\t\t\t<svg aria-hidden=\"true\" class=\"e-font-icon-svg e-fas-check-circle\" viewBox=\"0 0 512 512\" xmlns=\"http:\/\/www.w3.org\/2000\/svg\"><path d=\"M504 256c0 136.967-111.033 248-248 248S8 392.967 8 256 119.033 8 256 8s248 111.033 248 248zM227.314 387.314l184-184c6.248-6.248 6.248-16.379 0-22.627l-22.627-22.627c-6.248-6.249-16.379-6.249-22.628 0L216 308.118l-70.059-70.059c-6.248-6.248-16.379-6.248-22.628 0l-22.627 22.627c-6.248 6.248-6.248 16.379 0 22.627l104 104c6.249 6.249 16.379 6.249 22.628.001z\"><\/path><\/svg>\t\t\t\t\t\t<\/span>\n\t\t\t\t\t\t\t\t\t\t<span class=\"elementor-icon-list-text\">Highlight 3 Lorem ipsum dolor sit amet, consectetuer<\/span>\n\t\t\t\t\t\t\t\t\t<\/li>\n\t\t\t\t\t\t<\/ul>\n\t\t\t\t\t\t<\/div>\n\t\t\t\t\t<\/div>\n\t\t<\/div>\n\t\t\t\t\t<\/div>\n\t\t<\/section>\n\t\t\t\t<section class=\"elementor-section elementor-top-section elementor-element elementor-element-6ebf5610 elementor-section-boxed elementor-section-height-default elementor-section-height-default\" data-id=\"6ebf5610\" data-element_type=\"section\">\n\t\t\t\t\t\t<div class=\"elementor-container elementor-column-gap-default\">\n\t\t\t\t\t<div class=\"elementor-column elementor-col-100 elementor-top-column elementor-element elementor-element-629a01db\" data-id=\"629a01db\" data-element_type=\"column\">\n\t\t\t<div class=\"elementor-widget-wrap elementor-element-populated\">\n\t\t\t\t\t\t<div class=\"elementor-element elementor-element-1ee913be elementor-widget elementor-widget-text-editor\" data-id=\"1ee913be\" data-element_type=\"widget\" data-widget_type=\"text-editor.default\">\n\t\t\t\t\t\t\t\t\t<p><span style=\"color: #032866;\"><strong>Nord<\/strong>\u00a0is an association of engineering companies and renowned prestigious universities from the\u00a0<strong>EU<\/strong>. Company\u2019s\u00a0<em>(Nord\u2019s\/The)<\/em> first projects <strong>started<\/strong>\u00a0already in\u00a0<strong>2014<\/strong>\u00a0with the support of financial resources from\u00a0<strong>Norwegian funds<\/strong>. Main vision of Nord is to connect sectors of renewable resources, home heating, domestic hot water heating and electromobility for<strong>\u00a0residential and small industrial<\/strong>\u00a0applications. Intelligent design enables maximum utilization of available\u00a0<strong>green energy<\/strong>. As result of that, savings are maximized and return of the investment is shortened.<\/span><\/p>\t\t\t\t\t\t\t\t<\/div>\n\t\t\t\t\t<\/div>\n\t\t<\/div>\n\t\t\t\t\t<\/div>\n\t\t<\/section>\n\t\t\t\t<section class=\"elementor-section elementor-top-section elementor-element elementor-element-6fcdecc9 elementor-section-height-min-height elementor-section-content-middle elementor-section-boxed elementor-section-height-default elementor-section-items-middle\" data-id=\"6fcdecc9\" data-element_type=\"section\">\n\t\t\t\t\t\t<div class=\"elementor-container elementor-column-gap-default\">\n\t\t\t\t\t<div class=\"elementor-column elementor-col-100 elementor-top-column elementor-element elementor-element-43300645\" data-id=\"43300645\" data-element_type=\"column\">\n\t\t\t<div class=\"elementor-widget-wrap elementor-element-populated\">\n\t\t\t\t\t\t<div class=\"elementor-element elementor-element-4330d6c elementor-absolute elementor-tabs-view-horizontal elementor-widget elementor-widget-tabs\" data-id=\"4330d6c\" data-element_type=\"widget\" data-settings=\"{&quot;_position&quot;:&quot;absolute&quot;}\" data-widget_type=\"tabs.default\">\n\t\t\t\t\t\t\t<div class=\"elementor-tabs\">\n\t\t\t<div class=\"elementor-tabs-wrapper\" role=\"tablist\" >\n\t\t\t\t\t\t\t\t\t<div id=\"elementor-tab-title-7041\" class=\"elementor-tab-title elementor-tab-desktop-title\" aria-selected=\"true\" data-tab=\"1\" role=\"tab\" tabindex=\"0\" aria-controls=\"elementor-tab-content-7041\" aria-expanded=\"false\">Parameters<\/div>\n\t\t\t\t\t\t\t\t\t<div id=\"elementor-tab-title-7042\" class=\"elementor-tab-title elementor-tab-desktop-title\" aria-selected=\"false\" data-tab=\"2\" role=\"tab\" tabindex=\"-1\" aria-controls=\"elementor-tab-content-7042\" aria-expanded=\"false\">Downloads<\/div>\n\t\t\t\t\t\t\t<\/div>\n\t\t\t<div class=\"elementor-tabs-content-wrapper\" role=\"tablist\" aria-orientation=\"vertical\">\n\t\t\t\t\t\t\t\t\t<div class=\"elementor-tab-title elementor-tab-mobile-title\" aria-selected=\"true\" data-tab=\"1\" role=\"tab\" tabindex=\"0\" aria-controls=\"elementor-tab-content-7041\" aria-expanded=\"false\">Parameters<\/div>\n\t\t\t\t\t<div id=\"elementor-tab-content-7041\" class=\"elementor-tab-content elementor-clearfix\" data-tab=\"1\" role=\"tabpanel\" aria-labelledby=\"elementor-tab-title-7041\" tabindex=\"0\" hidden=\"false\"><ul><li><span style=\"color: #032866;\"><strong>Sol\u00e1rn\u00ed \u010dl\u00e1nky z monokrystalick\u00e9ho k\u0159em\u00edku 144 (6 x 24)<\/strong><\/span><\/li><li><span style=\"color: #ff0000;\"><strong>Z\u00e1ruka 16 let<\/strong><\/span><\/li><li><span style=\"color: #032866;\"><strong>Rozm\u011bry modulu 2279 x 1134 x 35 mm<\/strong><\/span><\/li><li><span style=\"color: #032866;\">V\u00e1ha\u00a029,1 kg<\/span><\/li><li><span style=\"color: #032866;\"><strong>P\u0159edn\u00ed sklo z 3,2 mm tvrzen\u00e9 sklo<\/strong><\/span><\/li><li><span style=\"color: #032866;\">R\u00e1m z anodizovan\u00e9 hlin\u00edkov\u00e9 slitiny<\/span><\/li><li><span style=\"color: #032866;\"><strong>P\u0159\u00edpojn\u00e1 sk\u0159\u00ed\u0148 s kryt\u00edm IP68, 3 bypass diody<\/strong><\/span><\/li><li><span style=\"color: #032866;\">P\u0159\u00edpojn\u00e9 kabely 4,0 mm2, d\u00e9lka Landscape:1400 mm (+ i -), Portrait: (- )350 mm, (+) 160 mm d\u00e9lky<\/span><\/li><li><span style=\"color: #032866;\"><strong>P\u0159\u00edpojn\u00e9 konektory MC4 nebo kompatibiln\u00edmi<\/strong><\/span><\/li><\/ul><\/div>\n\t\t\t\t\t\t\t\t\t<div class=\"elementor-tab-title elementor-tab-mobile-title\" aria-selected=\"false\" data-tab=\"2\" role=\"tab\" tabindex=\"-1\" aria-controls=\"elementor-tab-content-7042\" aria-expanded=\"false\">Downloads<\/div>\n\t\t\t\t\t<div id=\"elementor-tab-content-7042\" class=\"elementor-tab-content elementor-clearfix\" data-tab=\"2\" role=\"tabpanel\" aria-labelledby=\"elementor-tab-title-7042\" tabindex=\"0\" hidden=\"hidden\"><p><span style=\"color: #032866;\"><strong>Here you will find important documents to download &gt;&gt;<\/strong><\/span><\/p><ul><li style=\"text-align: left;\"><span style=\"color: #032866;\"><strong><a style=\"color: #032866;\" href=\"https:\/\/gbc-solino.cz\/wp-content\/uploads\/2023\/01\/DS_STP550S_C72_Vmh_16-years-EN-1.pdf\" target=\"_blank\" rel=\"noopener\">Datasheet (EN)<\/a><a style=\"color: #032866;\" href=\"https:\/\/gbc-solino.cz\/wp-content\/uploads\/2021\/10\/DS_STP545S_C72_Pmh-EN.pdf\" target=\"_blank\" rel=\"noopener\"><img decoding=\"async\" class=\"alignnone wp-image-18696 size-full\" src=\"https:\/\/gbc-solino.cz\/wp-content\/uploads\/2021\/09\/pdf-mini3.png\" alt=\"\" width=\"33\" height=\"32\" \/><\/a><\/strong><\/span><\/li><li><span style=\"color: #032866;\"><strong><a style=\"color: #032866;\" href=\"https:\/\/gbc-solino.cz\/wp-content\/uploads\/2023\/01\/DS_STP550S_C72_Vmh_16-years-EN-1.pdf\" target=\"_blank\" rel=\"noopener\">Manu\u00e1l (EN)<\/a><a style=\"color: #032866;\" href=\"https:\/\/gbc-solino.cz\/wp-content\/uploads\/2021\/10\/DS_STP545S_C72_Pmh-EN.pdf\" target=\"_blank\" rel=\"noopener\"><img decoding=\"async\" class=\"alignnone wp-image-18696 size-full\" src=\"https:\/\/gbc-solino.cz\/wp-content\/uploads\/2021\/09\/pdf-mini3.png\" alt=\"\" width=\"33\" height=\"32\" \/><\/a><\/strong><\/span><\/li><\/ul><\/div>\n\t\t\t\t\t\t\t<\/div>\n\t\t<\/div>\n\t\t\t\t\t\t<\/div>\n\t\t\t\t\t<\/div>\n\t\t<\/div>\n\t\t\t\t\t<\/div>\n\t\t<\/section>\n\t\t\t\t<section class=\"elementor-section elementor-top-section elementor-element elementor-element-d554c71 elementor-section-boxed elementor-section-height-default elementor-section-height-default\" data-id=\"d554c71\" data-element_type=\"section\">\n\t\t\t\t\t\t<div class=\"elementor-container elementor-column-gap-default\">\n\t\t\t\t\t<div class=\"elementor-column elementor-col-100 elementor-top-column elementor-element elementor-element-06c25e7\" data-id=\"06c25e7\" data-element_type=\"column\">\n\t\t\t<div class=\"elementor-widget-wrap elementor-element-populated\">\n\t\t\t\t\t\t<div class=\"elementor-element elementor-element-ccfc73a elementor-widget elementor-widget-spacer\" data-id=\"ccfc73a\" data-element_type=\"widget\" data-widget_type=\"spacer.default\">\n\t\t\t\t\t\t\t<div class=\"elementor-spacer\">\n\t\t\t<div class=\"elementor-spacer-inner\"><\/div>\n\t\t<\/div>\n\t\t\t\t\t\t<\/div>\n\t\t\t\t\t<\/div>\n\t\t<\/div>\n\t\t\t\t\t<\/div>\n\t\t<\/section>\n\t\t\t\t<\/div>\n\t\t","protected":false},"excerpt":{"rendered":"<p>PV Modules High quality Solar panels Highlight 1 Lorem ipsum dolor sit amet, consectetuer a elit Highlight 2 Lorem ipsum dolor sit amet, Highlight 3 Lorem ipsum dolor sit amet, consectetuer Nord\u00a0is an association of engineering companies and renowned prestigious universities from the\u00a0EU. Company\u2019s\u00a0(Nord\u2019s\/The) first projects started\u00a0already in\u00a02014\u00a0with the support of financial resources from\u00a0Norwegian funds. [&hellip;]<\/p>\n","protected":false},"author":1,"featured_media":0,"parent":0,"menu_order":0,"comment_status":"closed","ping_status":"closed","template":"","meta":{"om_disable_all_campaigns":false,"_monsterinsights_skip_tracking":false,"_monsterinsights_sitenote_active":false,"_monsterinsights_sitenote_note":"","_monsterinsights_sitenote_category":0,"footnotes":""},"_links":{"self":[{"href":"https:\/\/nord-solution.com\/index.php\/wp-json\/wp\/v2\/pages\/621"}],"collection":[{"href":"https:\/\/nord-solution.com\/index.php\/wp-json\/wp\/v2\/pages"}],"about":[{"href":"https:\/\/nord-solution.com\/index.php\/wp-json\/wp\/v2\/types\/page"}],"author":[{"embeddable":true,"href":"https:\/\/nord-solution.com\/index.php\/wp-json\/wp\/v2\/users\/1"}],"replies":[{"embeddable":true,"href":"https:\/\/nord-solution.com\/index.php\/wp-json\/wp\/v2\/comments?post=621"}],"version-history":[{"count":88,"href":"https:\/\/nord-solution.com\/index.php\/wp-json\/wp\/v2\/pages\/621\/revisions"}],"predecessor-version":[{"id":716,"href":"https:\/\/nord-solution.com\/index.php\/wp-json\/wp\/v2\/pages\/621\/revisions\/716"}],"wp:attachment":[{"href":"https:\/\/nord-solution.com\/index.php\/wp-json\/wp\/v2\/media?parent=621"}],"curies":[{"name":"wp","href":"https:\/\/api.w.org\/{rel}","templated":true}]}}