{"id":6003,"date":"2024-03-22T10:23:50","date_gmt":"2024-03-22T09:23:50","guid":{"rendered":"https:\/\/nord-solution.com\/?page_id=6003"},"modified":"2024-03-22T10:24:53","modified_gmt":"2024-03-22T09:24:53","slug":"warum-wir","status":"publish","type":"page","link":"https:\/\/nord-solution.com\/index.php\/de\/warum-wir\/","title":{"rendered":"Warum wir"},"content":{"rendered":"\t\t<div data-elementor-type=\"wp-page\" data-elementor-id=\"6003\" class=\"elementor elementor-6003\" data-elementor-post-type=\"page\">\n\t\t\t\t\t\t<section class=\"elementor-section elementor-top-section elementor-element elementor-element-32f4662d elementor-section-boxed elementor-section-height-default elementor-section-height-default\" data-id=\"32f4662d\" data-element_type=\"section\" data-settings=\"{&quot;background_background&quot;:&quot;classic&quot;}\">\n\t\t\t\t\t\t<div class=\"elementor-container elementor-column-gap-default\">\n\t\t\t\t\t<div class=\"elementor-column elementor-col-100 elementor-top-column elementor-element elementor-element-49aaf360\" data-id=\"49aaf360\" data-element_type=\"column\">\n\t\t\t<div class=\"elementor-widget-wrap elementor-element-populated\">\n\t\t\t\t\t\t<div class=\"elementor-element elementor-element-656dba22 elementor-widget elementor-widget-spacer\" data-id=\"656dba22\" data-element_type=\"widget\" data-widget_type=\"spacer.default\">\n\t\t\t\t\t\t\t<div class=\"elementor-spacer\">\n\t\t\t<div class=\"elementor-spacer-inner\"><\/div>\n\t\t<\/div>\n\t\t\t\t\t\t<\/div>\n\t\t\t\t<div class=\"elementor-element elementor-element-174f31be elementor-widget elementor-widget-heading\" data-id=\"174f31be\" data-element_type=\"widget\" data-widget_type=\"heading.default\">\n\t\t\t\t\t<h4 class=\"elementor-heading-title elementor-size-default\">Warum wir?<\/h4>\t\t\t\t<\/div>\n\t\t\t\t<div class=\"elementor-element elementor-element-0d30fe0 elementor-widget elementor-widget-spacer\" data-id=\"0d30fe0\" data-element_type=\"widget\" data-widget_type=\"spacer.default\">\n\t\t\t\t\t\t\t<div class=\"elementor-spacer\">\n\t\t\t<div class=\"elementor-spacer-inner\"><\/div>\n\t\t<\/div>\n\t\t\t\t\t\t<\/div>\n\t\t\t\t<div class=\"elementor-element elementor-element-8e98f91 elementor-widget elementor-widget-text-editor\" data-id=\"8e98f91\" data-element_type=\"widget\" data-widget_type=\"text-editor.default\">\n\t\t\t\t\t\t\t\t\t<p>Die Mitglieder von <strong>NORD sind <\/strong>seit fast <strong>20 Jahren <\/strong>im Bereich der erneuerbaren Energien t\u00e4tig und kennen die Bed\u00fcrfnisse ihrer Kunden und die heutigen W\u00fcnsche an ein unabh\u00e4ngiges Leben sehr gut.<\/p><p>Die Pr\u00e4sentation von <strong>NORD-Produkten <\/strong>mit patentierten Eigenschaften wird Ihren Lebensstandard so smart und effizient wie nie zuvor machen.<\/p><p>Der niedrige Verbrauch der <strong>NORD-Produkte <\/strong>und der neu konzipierte intelligente Betrieb im <strong>NORD-EcoMode-Energiesparmodus <\/strong>erm\u00f6glichen eine optimale Ausnutzung der eigenen Energieproduktion und sorgen so f\u00fcr niedrigste Energierechnungen.<\/p><p><strong>NORD <\/strong>ist die richtige Wahl f\u00fcr das n\u00e4chste Jahrzehnt.<\/p>\t\t\t\t\t\t\t\t<\/div>\n\t\t\t\t<div class=\"elementor-element elementor-element-0f319a3 elementor-widget elementor-widget-image\" data-id=\"0f319a3\" data-element_type=\"widget\" data-widget_type=\"image.default\">\n\t\t\t\t\t\t\t\t\t\t\t\t\t\t\t<img fetchpriority=\"high\" decoding=\"async\" width=\"1500\" height=\"700\" src=\"https:\/\/nord-solution.com\/wp-content\/uploads\/2023\/05\/nord-banner-3.png\" class=\"attachment-full size-full wp-image-3442\" alt=\"\" srcset=\"https:\/\/nord-solution.com\/wp-content\/uploads\/2023\/05\/nord-banner-3.png 1500w, https:\/\/nord-solution.com\/wp-content\/uploads\/2023\/05\/nord-banner-3-600x280.png 600w, https:\/\/nord-solution.com\/wp-content\/uploads\/2023\/05\/nord-banner-3-300x140.png 300w, https:\/\/nord-solution.com\/wp-content\/uploads\/2023\/05\/nord-banner-3-1024x478.png 1024w, https:\/\/nord-solution.com\/wp-content\/uploads\/2023\/05\/nord-banner-3-768x358.png 768w\" sizes=\"(max-width: 1500px) 100vw, 1500px\" \/>\t\t\t\t\t\t\t\t\t\t\t\t\t\t\t<\/div>\n\t\t\t\t\t<\/div>\n\t\t<\/div>\n\t\t\t\t\t<\/div>\n\t\t<\/section>\n\t\t\t\t<section class=\"elementor-section elementor-top-section elementor-element elementor-element-2363b7c elementor-section-boxed elementor-section-height-default elementor-section-height-default\" data-id=\"2363b7c\" data-element_type=\"section\">\n\t\t\t\t\t\t<div class=\"elementor-container elementor-column-gap-default\">\n\t\t\t\t\t<div class=\"elementor-column elementor-col-100 elementor-top-column elementor-element elementor-element-d4ee9fb\" data-id=\"d4ee9fb\" data-element_type=\"column\">\n\t\t\t<div class=\"elementor-widget-wrap elementor-element-populated\">\n\t\t\t\t\t\t<div class=\"elementor-element elementor-element-b34fe3a elementor-widget elementor-widget-spacer\" data-id=\"b34fe3a\" data-element_type=\"widget\" data-widget_type=\"spacer.default\">\n\t\t\t\t\t\t\t<div class=\"elementor-spacer\">\n\t\t\t<div class=\"elementor-spacer-inner\"><\/div>\n\t\t<\/div>\n\t\t\t\t\t\t<\/div>\n\t\t\t\t\t<\/div>\n\t\t<\/div>\n\t\t\t\t\t<\/div>\n\t\t<\/section>\n\t\t\t\t<\/div>\n\t\t","protected":false},"excerpt":{"rendered":"<p>Warum wir? Die Mitglieder von NORD sind seit fast 20 Jahren im Bereich der erneuerbaren Energien t\u00e4tig und kennen die Bed\u00fcrfnisse ihrer Kunden und die heutigen W\u00fcnsche an ein unabh\u00e4ngiges Leben sehr gut. Die Pr\u00e4sentation von NORD-Produkten mit patentierten Eigenschaften wird Ihren Lebensstandard so smart und effizient wie nie zuvor machen. Der niedrige Verbrauch der [&hellip;]<\/p>\n","protected":false},"author":1,"featured_media":0,"parent":0,"menu_order":0,"comment_status":"closed","ping_status":"closed","template":"","meta":{"om_disable_all_campaigns":false,"_monsterinsights_skip_tracking":false,"_monsterinsights_sitenote_active":false,"_monsterinsights_sitenote_note":"","_monsterinsights_sitenote_category":0,"footnotes":""},"_links":{"self":[{"href":"https:\/\/nord-solution.com\/index.php\/wp-json\/wp\/v2\/pages\/6003"}],"collection":[{"href":"https:\/\/nord-solution.com\/index.php\/wp-json\/wp\/v2\/pages"}],"about":[{"href":"https:\/\/nord-solution.com\/index.php\/wp-json\/wp\/v2\/types\/page"}],"author":[{"embeddable":true,"href":"https:\/\/nord-solution.com\/index.php\/wp-json\/wp\/v2\/users\/1"}],"replies":[{"embeddable":true,"href":"https:\/\/nord-solution.com\/index.php\/wp-json\/wp\/v2\/comments?post=6003"}],"version-history":[{"count":4,"href":"https:\/\/nord-solution.com\/index.php\/wp-json\/wp\/v2\/pages\/6003\/revisions"}],"predecessor-version":[{"id":6007,"href":"https:\/\/nord-solution.com\/index.php\/wp-json\/wp\/v2\/pages\/6003\/revisions\/6007"}],"wp:attachment":[{"href":"https:\/\/nord-solution.com\/index.php\/wp-json\/wp\/v2\/media?parent=6003"}],"curies":[{"name":"wp","href":"https:\/\/api.w.org\/{rel}","templated":true}]}}