{"id":5737,"date":"2024-02-19T13:36:21","date_gmt":"2024-02-19T12:36:21","guid":{"rendered":"https:\/\/nord-solution.com\/?page_id=5737"},"modified":"2024-02-19T13:38:59","modified_gmt":"2024-02-19T12:38:59","slug":"sma-hus","status":"publish","type":"page","link":"https:\/\/nord-solution.com\/index.php\/nb\/sma-hus\/","title":{"rendered":"Sm\u00e5 hus"},"content":{"rendered":"\t\t<div data-elementor-type=\"wp-page\" data-elementor-id=\"5737\" class=\"elementor elementor-5737\" data-elementor-post-type=\"page\">\n\t\t\t\t\t\t<section class=\"elementor-section elementor-top-section elementor-element elementor-element-4c52b1b6 elementor-section-boxed elementor-section-height-default elementor-section-height-default\" data-id=\"4c52b1b6\" data-element_type=\"section\" data-settings=\"{&quot;background_background&quot;:&quot;classic&quot;}\">\n\t\t\t\t\t\t<div class=\"elementor-container elementor-column-gap-default\">\n\t\t\t\t\t<div class=\"elementor-column elementor-col-100 elementor-top-column elementor-element elementor-element-26751c2e\" data-id=\"26751c2e\" data-element_type=\"column\">\n\t\t\t<div class=\"elementor-widget-wrap elementor-element-populated\">\n\t\t\t\t\t\t<div class=\"elementor-element elementor-element-4a652f21 elementor-widget elementor-widget-spacer\" data-id=\"4a652f21\" data-element_type=\"widget\" data-widget_type=\"spacer.default\">\n\t\t\t\t\t\t\t<div class=\"elementor-spacer\">\n\t\t\t<div class=\"elementor-spacer-inner\"><\/div>\n\t\t<\/div>\n\t\t\t\t\t\t<\/div>\n\t\t\t\t<div class=\"elementor-element elementor-element-5cf405bf elementor-widget elementor-widget-heading\" data-id=\"5cf405bf\" data-element_type=\"widget\" data-widget_type=\"heading.default\">\n\t\t\t\t\t<h1 class=\"elementor-heading-title elementor-size-default\">Sm\u00e5 hus<\/h1>\t\t\t\t<\/div>\n\t\t\t\t<div class=\"elementor-element elementor-element-71c4b05d elementor-widget elementor-widget-text-editor\" data-id=\"71c4b05d\" data-element_type=\"widget\" data-widget_type=\"text-editor.default\">\n\t\t\t\t\t\t\t\t\t<p><strong>Smart l\u00f8sning<\/strong>\u00a0for\u00a0<strong>mindre familieboliger<\/strong>\u00a0med typisk installert solcelleenergi fra\u00a0<strong>7,8\u00a0kWp<\/strong>\u00a0til\u00a0<strong>10\u00a0kWp<\/strong>\u00a0med hybridinverter\u00a0<strong>NORD EcoMaster<\/strong>,\u00a0<strong>varmepumpen NORD EcoHeat<\/strong>\u00a0og\u00a0<strong>EcoControl<\/strong>\u00a0som hjelper deg med \u00e5 bruke gr\u00f8nn energi s\u00e5 effektivt som mulig.\u00a0<strong>EcoControl<\/strong>\u00a0styrer driften av solcelleinverteren og varmepumpen slik at du alltid vil bruke\u00a0<strong>maksimalt med gr\u00f8nn energi<\/strong> og ha alt klart for \u00e5 gj\u00f8re prosessen brukervennlig og behagelig.<\/p><h4 style=\"text-align: center;\"><strong>Denne l\u00f8sningen st\u00f8tter oppsett med andre typer varmtvannsberedere:<\/strong><\/h4>\t\t\t\t\t\t\t\t<\/div>\n\t\t\t\t\t<\/div>\n\t\t<\/div>\n\t\t\t\t\t<\/div>\n\t\t<\/section>\n\t\t\t\t<section class=\"elementor-section elementor-top-section elementor-element elementor-element-15dc5963 elementor-section-boxed elementor-section-height-default elementor-section-height-default\" data-id=\"15dc5963\" data-element_type=\"section\" data-settings=\"{&quot;background_background&quot;:&quot;classic&quot;}\">\n\t\t\t\t\t\t<div class=\"elementor-container elementor-column-gap-default\">\n\t\t\t\t\t<div class=\"elementor-column elementor-col-100 elementor-top-column elementor-element elementor-element-759d61be\" data-id=\"759d61be\" data-element_type=\"column\">\n\t\t\t<div class=\"elementor-widget-wrap elementor-element-populated\">\n\t\t\t\t\t\t<section class=\"elementor-section elementor-inner-section elementor-element elementor-element-6202f6a elementor-section-boxed elementor-section-height-default elementor-section-height-default\" data-id=\"6202f6a\" data-element_type=\"section\">\n\t\t\t\t\t\t<div class=\"elementor-container elementor-column-gap-default\">\n\t\t\t\t\t<div class=\"elementor-column elementor-col-50 elementor-inner-column elementor-element elementor-element-e982ac1\" data-id=\"e982ac1\" data-element_type=\"column\">\n\t\t\t<div class=\"elementor-widget-wrap elementor-element-populated\">\n\t\t\t\t\t\t<div class=\"elementor-element elementor-element-710c7fb elementor-widget elementor-widget-image\" data-id=\"710c7fb\" data-element_type=\"widget\" data-widget_type=\"image.default\">\n\t\t\t\t\t\t\t\t\t\t\t\t\t\t\t<img decoding=\"async\" width=\"150\" height=\"150\" src=\"https:\/\/nord-solution.com\/wp-content\/uploads\/2023\/05\/nord-odrazka1-2.svg\" class=\"attachment-large size-large wp-image-3384\" alt=\"\" \/>\t\t\t\t\t\t\t\t\t\t\t\t\t\t\t<\/div>\n\t\t\t\t<div class=\"elementor-element elementor-element-4d897b31 elementor-widget elementor-widget-heading\" data-id=\"4d897b31\" data-element_type=\"widget\" data-widget_type=\"heading.default\">\n\t\t\t\t\t<h5 class=\"elementor-heading-title elementor-size-default\">Med eksisterende varmtvannsbereder<\/h5>\t\t\t\t<\/div>\n\t\t\t\t\t<\/div>\n\t\t<\/div>\n\t\t\t\t<div class=\"elementor-column elementor-col-50 elementor-inner-column elementor-element elementor-element-12c77f3\" data-id=\"12c77f3\" data-element_type=\"column\">\n\t\t\t<div class=\"elementor-widget-wrap elementor-element-populated\">\n\t\t\t\t\t\t<div class=\"elementor-element elementor-element-3eaf0af7 elementor-widget elementor-widget-text-editor\" data-id=\"3eaf0af7\" data-element_type=\"widget\" data-widget_type=\"text-editor.default\">\n\t\t\t\t\t\t\t\t\t<h4><strong>Oppsett:<\/strong><\/h4><ul><li>7,8 kWp\u00a0<strong>&lt;<\/strong>\u00a0PV\u00a0<strong>&lt;\u00a0<\/strong>10 kWp<\/li><li><strong>NORD EcoMaster med EcoStorage<\/strong><\/li><li>NORD Smartmeter<\/li><li><strong>Separat eksisterende varmtvannsbereder i boligen<\/strong><\/li><li>NORD EcoHeat<\/li><li><strong>Gulvvarme<\/strong><\/li><li>NORD EcoControl<\/li><\/ul>\t\t\t\t\t\t\t\t<\/div>\n\t\t\t\t\t<\/div>\n\t\t<\/div>\n\t\t\t\t\t<\/div>\n\t\t<\/section>\n\t\t\t\t<div class=\"elementor-element elementor-element-61c5f4fe elementor-widget elementor-widget-image\" data-id=\"61c5f4fe\" data-element_type=\"widget\" data-widget_type=\"image.default\">\n\t\t\t\t\t\t\t\t\t\t\t\t\t\t\t<img fetchpriority=\"high\" decoding=\"async\" width=\"2000\" height=\"1000\" src=\"https:\/\/nord-solution.com\/wp-content\/uploads\/2023\/04\/NORD_Solution_Small_house-with-existing-Boiler.svg\" class=\"attachment-full size-full wp-image-2364\" alt=\"\" \/>\t\t\t\t\t\t\t\t\t\t\t\t\t\t\t<\/div>\n\t\t\t\t<section class=\"elementor-section elementor-inner-section elementor-element elementor-element-ec780c4 elementor-section-boxed elementor-section-height-default elementor-section-height-default\" data-id=\"ec780c4\" data-element_type=\"section\">\n\t\t\t\t\t\t<div class=\"elementor-container elementor-column-gap-default\">\n\t\t\t\t\t<div class=\"elementor-column elementor-col-50 elementor-inner-column elementor-element elementor-element-7c61a2d\" data-id=\"7c61a2d\" data-element_type=\"column\">\n\t\t\t<div class=\"elementor-widget-wrap elementor-element-populated\">\n\t\t\t\t\t\t<div class=\"elementor-element elementor-element-88b66f9 elementor-widget elementor-widget-image\" data-id=\"88b66f9\" data-element_type=\"widget\" data-widget_type=\"image.default\">\n\t\t\t\t\t\t\t\t\t\t\t\t\t\t\t<img decoding=\"async\" width=\"150\" height=\"150\" src=\"https:\/\/nord-solution.com\/wp-content\/uploads\/2023\/05\/nord-odrazka2.svg\" class=\"attachment-large size-large wp-image-3385\" alt=\"\" \/>\t\t\t\t\t\t\t\t\t\t\t\t\t\t\t<\/div>\n\t\t\t\t<div class=\"elementor-element elementor-element-190c3740 elementor-widget elementor-widget-heading\" data-id=\"190c3740\" data-element_type=\"widget\" data-widget_type=\"heading.default\">\n\t\t\t\t\t<h5 class=\"elementor-heading-title elementor-size-default\">Med ny EcoBoiler<\/h5>\t\t\t\t<\/div>\n\t\t\t\t\t<\/div>\n\t\t<\/div>\n\t\t\t\t<div class=\"elementor-column elementor-col-50 elementor-inner-column elementor-element elementor-element-3fb866d\" data-id=\"3fb866d\" data-element_type=\"column\">\n\t\t\t<div class=\"elementor-widget-wrap elementor-element-populated\">\n\t\t\t\t\t\t<div class=\"elementor-element elementor-element-4d870ea elementor-widget elementor-widget-text-editor\" data-id=\"4d870ea\" data-element_type=\"widget\" data-widget_type=\"text-editor.default\">\n\t\t\t\t\t\t\t\t\t<h4><strong>Oppsett:<\/strong><\/h4><ul><li>7,8 kWp\u00a0<strong>&lt;<\/strong>\u00a0PV\u00a0<strong>&lt;\u00a0<\/strong>10 kWp<\/li><li><strong>NORD EcoMaster med EcoStorage<\/strong><\/li><li>NORD Smartmeter<\/li><li><strong>NORD EcoHeat<\/strong><\/li><li>NORD EcoBoiler<\/li><li><strong>Gulvvarme<\/strong><\/li><li>NORD EcoControl<\/li><\/ul>\t\t\t\t\t\t\t\t<\/div>\n\t\t\t\t\t<\/div>\n\t\t<\/div>\n\t\t\t\t\t<\/div>\n\t\t<\/section>\n\t\t\t\t<div class=\"elementor-element elementor-element-389eea26 elementor-widget elementor-widget-image\" data-id=\"389eea26\" data-element_type=\"widget\" data-widget_type=\"image.default\">\n\t\t\t\t\t\t\t\t\t\t\t\t\t\t\t<img loading=\"lazy\" decoding=\"async\" width=\"2000\" height=\"1000\" src=\"https:\/\/nord-solution.com\/wp-content\/uploads\/2023\/04\/NORD_Solution_Small_house-with-new-EcoBoiler.svg\" class=\"attachment-full size-full wp-image-2363\" alt=\"\" \/>\t\t\t\t\t\t\t\t\t\t\t\t\t\t\t<\/div>\n\t\t\t\t<section class=\"elementor-section elementor-inner-section elementor-element elementor-element-d531530 elementor-section-boxed elementor-section-height-default elementor-section-height-default\" data-id=\"d531530\" data-element_type=\"section\">\n\t\t\t\t\t\t<div class=\"elementor-container elementor-column-gap-default\">\n\t\t\t\t\t<div class=\"elementor-column elementor-col-50 elementor-inner-column elementor-element elementor-element-cb5f353\" data-id=\"cb5f353\" data-element_type=\"column\">\n\t\t\t<div class=\"elementor-widget-wrap elementor-element-populated\">\n\t\t\t\t\t\t<div class=\"elementor-element elementor-element-93b8aa5 elementor-widget elementor-widget-image\" data-id=\"93b8aa5\" data-element_type=\"widget\" data-widget_type=\"image.default\">\n\t\t\t\t\t\t\t\t\t\t\t\t\t\t\t<img loading=\"lazy\" decoding=\"async\" width=\"150\" height=\"150\" src=\"https:\/\/nord-solution.com\/wp-content\/uploads\/2023\/05\/nord-odrazka3.svg\" class=\"attachment-large size-large wp-image-3386\" alt=\"\" \/>\t\t\t\t\t\t\t\t\t\t\t\t\t\t\t<\/div>\n\t\t\t\t<div class=\"elementor-element elementor-element-43e356d elementor-widget elementor-widget-heading\" data-id=\"43e356d\" data-element_type=\"widget\" data-widget_type=\"heading.default\">\n\t\t\t\t\t<h5 class=\"elementor-heading-title elementor-size-default\">Med varmtvannsbereder koblet til varmepumpe<\/h5>\t\t\t\t<\/div>\n\t\t\t\t\t<\/div>\n\t\t<\/div>\n\t\t\t\t<div class=\"elementor-column elementor-col-50 elementor-inner-column elementor-element elementor-element-3a0d20f\" data-id=\"3a0d20f\" data-element_type=\"column\">\n\t\t\t<div class=\"elementor-widget-wrap elementor-element-populated\">\n\t\t\t\t\t\t<div class=\"elementor-element elementor-element-36239dc elementor-widget elementor-widget-text-editor\" data-id=\"36239dc\" data-element_type=\"widget\" data-widget_type=\"text-editor.default\">\n\t\t\t\t\t\t\t\t\t<h4><strong>Oppsett:<\/strong><\/h4><ul><li>7,8 kWp\u00a0<strong>&lt;<\/strong>\u00a0PV\u00a0<strong>&lt;\u00a0<\/strong>10 kWp<\/li><li><strong>NORD EcoMaster med EcoStorage<\/strong><\/li><li>NORD Smartmeter<\/li><li><strong>NORD EcoHeat med varmtvannsbereder til boliger og gulvvarme med buffer<\/strong><\/li><li>NORD EcoControl<\/li><\/ul>\t\t\t\t\t\t\t\t<\/div>\n\t\t\t\t\t<\/div>\n\t\t<\/div>\n\t\t\t\t\t<\/div>\n\t\t<\/section>\n\t\t\t\t<div class=\"elementor-element elementor-element-6f9a23ec elementor-widget elementor-widget-image\" data-id=\"6f9a23ec\" data-element_type=\"widget\" data-widget_type=\"image.default\">\n\t\t\t\t\t\t\t\t\t\t\t\t\t\t\t<img loading=\"lazy\" decoding=\"async\" width=\"2000\" height=\"1000\" src=\"https:\/\/nord-solution.com\/wp-content\/uploads\/2023\/04\/NORD_Solution_Small_house-with-boiler-connected-to-the-heatpump.svg\" class=\"attachment-full size-full wp-image-2383\" alt=\"\" \/>\t\t\t\t\t\t\t\t\t\t\t\t\t\t\t<\/div>\n\t\t\t\t\t<\/div>\n\t\t<\/div>\n\t\t\t\t\t<\/div>\n\t\t<\/section>\n\t\t\t\t<\/div>\n\t\t","protected":false},"excerpt":{"rendered":"<p>Sm\u00e5 hus Smart l\u00f8sning\u00a0for\u00a0mindre familieboliger\u00a0med typisk installert solcelleenergi fra\u00a07,8\u00a0kWp\u00a0til\u00a010\u00a0kWp\u00a0med hybridinverter\u00a0NORD EcoMaster,\u00a0varmepumpen NORD EcoHeat\u00a0og\u00a0EcoControl\u00a0som hjelper deg med \u00e5 bruke gr\u00f8nn energi s\u00e5 effektivt som mulig.\u00a0EcoControl\u00a0styrer driften av solcelleinverteren og varmepumpen slik at du alltid vil bruke\u00a0maksimalt med gr\u00f8nn energi og ha alt klart for \u00e5 gj\u00f8re prosessen brukervennlig og behagelig. Denne l\u00f8sningen st\u00f8tter oppsett med andre [&hellip;]<\/p>\n","protected":false},"author":1,"featured_media":0,"parent":0,"menu_order":0,"comment_status":"closed","ping_status":"closed","template":"","meta":{"om_disable_all_campaigns":false,"_monsterinsights_skip_tracking":false,"_monsterinsights_sitenote_active":false,"_monsterinsights_sitenote_note":"","_monsterinsights_sitenote_category":0,"footnotes":""},"_links":{"self":[{"href":"https:\/\/nord-solution.com\/index.php\/wp-json\/wp\/v2\/pages\/5737"}],"collection":[{"href":"https:\/\/nord-solution.com\/index.php\/wp-json\/wp\/v2\/pages"}],"about":[{"href":"https:\/\/nord-solution.com\/index.php\/wp-json\/wp\/v2\/types\/page"}],"author":[{"embeddable":true,"href":"https:\/\/nord-solution.com\/index.php\/wp-json\/wp\/v2\/users\/1"}],"replies":[{"embeddable":true,"href":"https:\/\/nord-solution.com\/index.php\/wp-json\/wp\/v2\/comments?post=5737"}],"version-history":[{"count":4,"href":"https:\/\/nord-solution.com\/index.php\/wp-json\/wp\/v2\/pages\/5737\/revisions"}],"predecessor-version":[{"id":5741,"href":"https:\/\/nord-solution.com\/index.php\/wp-json\/wp\/v2\/pages\/5737\/revisions\/5741"}],"wp:attachment":[{"href":"https:\/\/nord-solution.com\/index.php\/wp-json\/wp\/v2\/media?parent=5737"}],"curies":[{"name":"wp","href":"https:\/\/api.w.org\/{rel}","templated":true}]}}