{"id":5719,"date":"2024-02-19T13:24:32","date_gmt":"2024-02-19T12:24:32","guid":{"rendered":"https:\/\/nord-solution.com\/?page_id=5719"},"modified":"2024-02-19T13:25:33","modified_gmt":"2024-02-19T12:25:33","slug":"general-no","status":"publish","type":"page","link":"https:\/\/nord-solution.com\/index.php\/nb\/general-no\/","title":{"rendered":"General NO"},"content":{"rendered":"\t\t<div data-elementor-type=\"wp-page\" data-elementor-id=\"5719\" class=\"elementor elementor-5719\" data-elementor-post-type=\"page\">\n\t\t\t\t\t\t<section class=\"elementor-section elementor-top-section elementor-element elementor-element-4892154 elementor-section-boxed elementor-section-height-default elementor-section-height-default\" data-id=\"4892154\" data-element_type=\"section\" data-settings=\"{&quot;background_background&quot;:&quot;classic&quot;}\">\n\t\t\t\t\t\t<div class=\"elementor-container elementor-column-gap-default\">\n\t\t\t\t\t<div class=\"elementor-column elementor-col-100 elementor-top-column elementor-element elementor-element-776aa11\" data-id=\"776aa11\" data-element_type=\"column\">\n\t\t\t<div class=\"elementor-widget-wrap elementor-element-populated\">\n\t\t\t\t\t\t<div class=\"elementor-element elementor-element-570aaaf1 elementor-widget elementor-widget-spacer\" data-id=\"570aaaf1\" data-element_type=\"widget\" data-widget_type=\"spacer.default\">\n\t\t\t\t\t\t\t<div class=\"elementor-spacer\">\n\t\t\t<div class=\"elementor-spacer-inner\"><\/div>\n\t\t<\/div>\n\t\t\t\t\t\t<\/div>\n\t\t\t\t<div class=\"elementor-element elementor-element-28abe27c elementor-widget elementor-widget-heading\" data-id=\"28abe27c\" data-element_type=\"widget\" data-widget_type=\"heading.default\">\n\t\t\t\t\t<h1 class=\"elementor-heading-title elementor-size-default\">NORD kombinerer solenergi med varmeteknologi<\/h1>\t\t\t\t<\/div>\n\t\t\t\t<div class=\"elementor-element elementor-element-7600c2ed elementor-widget elementor-widget-text-editor\" data-id=\"7600c2ed\" data-element_type=\"widget\" data-widget_type=\"text-editor.default\">\n\t\t\t\t\t\t\t\t\t<p>Som en av de ledende akt\u00f8rene innen solcelleenergi og varmesystemer presenterer <strong>NORD<\/strong>\u00a0en omfattende l\u00f8sning for gr\u00f8nne bygningskonsepter basert p\u00e5 de grunnleggende behovene til et solcellesystem. Dette inkluderer\u00a0<strong>selvforsyning<\/strong>,\u00a0<strong>maksimale \u00f8konomiske besparelser<\/strong>\u00a0og\u00a0<strong>milj\u00f8vern<\/strong>.\u00a0 Det helhetlige\u00a0<strong>NORD<\/strong>-systemet gir brukeren et komplett solcellesystem\u00a0\u2013\u00a0fra paneler til batterilagring og integrering med\u00a0<strong>NORD<\/strong>-varmeelementer og lastoptimalisering som aldri f\u00f8r er sett p\u00e5 markedet. Ingeni\u00f8rteamet til\u00a0<strong>NORD<\/strong>\u00a0har utviklet en unik EcoMode-funksjon som lar deg kj\u00f8re oppvarming kun p\u00e5 overskudd av solenergi.\u00a0<strong>NORD<\/strong>\u00a0er stolt over \u00e5 kunne samarbeide med ledende komponentprodusenter og tilby utstyr som gjennom flere \u00e5r med bruk i felten har vist seg \u00e5 v\u00e6re p\u00e5litelige og holdbare, dette for alle slags produkter, som\u00a0<strong>hybride invertere, batterier, elbilladere, solcellemoduler, varmepumper og varmtvannsberedere<\/strong>.<\/p>\t\t\t\t\t\t\t\t<\/div>\n\t\t\t\t<div class=\"elementor-element elementor-element-54dc24b7 elementor-widget elementor-widget-image\" data-id=\"54dc24b7\" data-element_type=\"widget\" data-widget_type=\"image.default\">\n\t\t\t\t\t\t\t\t\t\t\t\t\t\t\t<img fetchpriority=\"high\" decoding=\"async\" width=\"1500\" height=\"700\" src=\"https:\/\/nord-solution.com\/wp-content\/uploads\/2023\/05\/nord-banner-3.png\" class=\"attachment-full size-full wp-image-3442\" alt=\"\" srcset=\"https:\/\/nord-solution.com\/wp-content\/uploads\/2023\/05\/nord-banner-3.png 1500w, https:\/\/nord-solution.com\/wp-content\/uploads\/2023\/05\/nord-banner-3-600x280.png 600w, https:\/\/nord-solution.com\/wp-content\/uploads\/2023\/05\/nord-banner-3-300x140.png 300w, https:\/\/nord-solution.com\/wp-content\/uploads\/2023\/05\/nord-banner-3-1024x478.png 1024w, https:\/\/nord-solution.com\/wp-content\/uploads\/2023\/05\/nord-banner-3-768x358.png 768w\" sizes=\"(max-width: 1500px) 100vw, 1500px\" \/>\t\t\t\t\t\t\t\t\t\t\t\t\t\t\t<\/div>\n\t\t\t\t<div class=\"elementor-element elementor-element-4ff3a973 elementor-widget elementor-widget-text-editor\" data-id=\"4ff3a973\" data-element_type=\"widget\" data-widget_type=\"text-editor.default\">\n\t\t\t\t\t\t\t\t\t<h2 style=\"text-align: center;\"><strong>NORDs l\u00f8sninger for helgr\u00f8nne bygg<\/strong><\/h2><p>De st\u00f8rste maskinene i hjemmet er som regel varmtvannsberederen og varmesystemet. Derfor foresl\u00e5r vi \u00e5 kombinere solcellesystemet med varmepumpen og varmtvannet.\u00a0<strong>NORD<\/strong>\u00a0tilbyr en omfattende l\u00f8sning som kombinerer\u00a0<strong>solcellesystemet med varmtvannsberederen,<\/strong>,\u00a0<strong>oppvarming av hjemmet<\/strong>\u00a0og n\u00e5 ogs\u00e5\u00a0<strong>elbillading<\/strong>\u00a0(elbiler \/ plug-in hyrbridbiler). For at kunden skal f\u00e5 mest mulig ut av disse kompliserte systemene, er det viktig at de individuelle systemkomponentene er s\u00e5\u00a0<strong>kompatible, brukervennlige og rimelige som mulig<\/strong>. Derfor er de individuelle delene finjustert for \u00e5 skape perfekt harmoni, og de kontrolleres av et intelligent EcoControl-grensesnitt for ideell distribusjon av energi- og varmeproduksjon.<\/p><p>Hele systemet kan enkelt designes fra bunnen av for \u00e5 oppfylle de unike kravene til hver kunde. Deler av systemet kan bestilles i ulike ytelsesversjoner. I tillegg er ikke\u00a0<strong>NORDs l\u00f8sninger<\/strong>\u00a0begrenset kun til bruk i\u00a0<strong>eneboliger<\/strong>, men de passer ogs\u00e5 til installasjoner i\u00a0<strong>sm\u00e5<\/strong>\u00a0<strong>leiligheter, leilighetsblokker eller sm\u00e5 kommersielle installasjoner<\/strong>.<\/p><p><strong>NORD<\/strong>\u00a0gir kundene det beste fra flere verdener \u2013\u00a0<strong>solcelleenergi<\/strong>,\u00a0<strong>oppvarming av hjemmet<\/strong>\u00a0og\u00a0<strong>varmtvann<\/strong>. Slik kan vi bidra s\u00e5 mye som mulig ikke bare til \u00f8konomiske besparelser, men ogs\u00e5 med muligheten til \u00e5 delta i kampen mot klimaendringer og bidra til en mer\u00a0<strong>b\u00e6rekraftig fremtid<\/strong>\u00a0for alle. Samtidig kontrollerer\u00a0<strong>NORDs<\/strong> ingeni\u00f8rer alle produktene for \u00e5 garantere h\u00f8y kvalitet, lang levetid og avkastning p\u00e5 investeringene.<\/p>\t\t\t\t\t\t\t\t<\/div>\n\t\t\t\t<div class=\"elementor-element elementor-element-4d8a6f1f elementor-widget elementor-widget-image\" data-id=\"4d8a6f1f\" data-element_type=\"widget\" data-widget_type=\"image.default\">\n\t\t\t\t\t\t\t\t\t\t\t\t\t\t\t<img decoding=\"async\" width=\"2000\" height=\"1000\" src=\"https:\/\/nord-solution.com\/wp-content\/uploads\/2023\/05\/NORD_Solution_Fullpackage.svg\" class=\"attachment-full size-full wp-image-4050\" alt=\"\" \/>\t\t\t\t\t\t\t\t\t\t\t\t\t\t\t<\/div>\n\t\t\t\t\t<\/div>\n\t\t<\/div>\n\t\t\t\t\t<\/div>\n\t\t<\/section>\n\t\t\t\t<\/div>\n\t\t","protected":false},"excerpt":{"rendered":"<p>NORD kombinerer solenergi med varmeteknologi Som en av de ledende akt\u00f8rene innen solcelleenergi og varmesystemer presenterer NORD\u00a0en omfattende l\u00f8sning for gr\u00f8nne bygningskonsepter basert p\u00e5 de grunnleggende behovene til et solcellesystem. Dette inkluderer\u00a0selvforsyning,\u00a0maksimale \u00f8konomiske besparelser\u00a0og\u00a0milj\u00f8vern.\u00a0 Det helhetlige\u00a0NORD-systemet gir brukeren et komplett solcellesystem\u00a0\u2013\u00a0fra paneler til batterilagring og integrering med\u00a0NORD-varmeelementer og lastoptimalisering som aldri f\u00f8r er sett p\u00e5 [&hellip;]<\/p>\n","protected":false},"author":1,"featured_media":0,"parent":0,"menu_order":0,"comment_status":"closed","ping_status":"closed","template":"","meta":{"om_disable_all_campaigns":false,"_monsterinsights_skip_tracking":false,"_monsterinsights_sitenote_active":false,"_monsterinsights_sitenote_note":"","_monsterinsights_sitenote_category":0,"footnotes":""},"_links":{"self":[{"href":"https:\/\/nord-solution.com\/index.php\/wp-json\/wp\/v2\/pages\/5719"}],"collection":[{"href":"https:\/\/nord-solution.com\/index.php\/wp-json\/wp\/v2\/pages"}],"about":[{"href":"https:\/\/nord-solution.com\/index.php\/wp-json\/wp\/v2\/types\/page"}],"author":[{"embeddable":true,"href":"https:\/\/nord-solution.com\/index.php\/wp-json\/wp\/v2\/users\/1"}],"replies":[{"embeddable":true,"href":"https:\/\/nord-solution.com\/index.php\/wp-json\/wp\/v2\/comments?post=5719"}],"version-history":[{"count":4,"href":"https:\/\/nord-solution.com\/index.php\/wp-json\/wp\/v2\/pages\/5719\/revisions"}],"predecessor-version":[{"id":5723,"href":"https:\/\/nord-solution.com\/index.php\/wp-json\/wp\/v2\/pages\/5719\/revisions\/5723"}],"wp:attachment":[{"href":"https:\/\/nord-solution.com\/index.php\/wp-json\/wp\/v2\/media?parent=5719"}],"curies":[{"name":"wp","href":"https:\/\/api.w.org\/{rel}","templated":true}]}}