{"id":5298,"date":"2024-01-24T13:54:48","date_gmt":"2024-01-24T12:54:48","guid":{"rendered":"https:\/\/nord-solution.com\/?page_id=5298"},"modified":"2026-04-01T15:22:05","modified_gmt":"2026-04-01T13:22:05","slug":"faq-3","status":"publish","type":"page","link":"https:\/\/nord-solution.com\/index.php\/cs\/faq-3\/","title":{"rendered":"FAQ"},"content":{"rendered":"\t\t<div data-elementor-type=\"wp-page\" data-elementor-id=\"5298\" class=\"elementor elementor-5298\" data-elementor-post-type=\"page\">\n\t\t\t\t\t\t<section class=\"elementor-section elementor-top-section elementor-element elementor-element-638611cb elementor-section-boxed elementor-section-height-default elementor-section-height-default\" data-id=\"638611cb\" data-element_type=\"section\" data-settings=\"{&quot;background_background&quot;:&quot;classic&quot;}\">\n\t\t\t\t\t\t<div class=\"elementor-container elementor-column-gap-default\">\n\t\t\t\t\t<div class=\"elementor-column elementor-col-100 elementor-top-column elementor-element elementor-element-1d5d935a\" data-id=\"1d5d935a\" data-element_type=\"column\">\n\t\t\t<div class=\"elementor-widget-wrap elementor-element-populated\">\n\t\t\t\t\t\t<div class=\"elementor-element elementor-element-4f25a272 elementor-widget elementor-widget-spacer\" data-id=\"4f25a272\" data-element_type=\"widget\" data-widget_type=\"spacer.default\">\n\t\t\t\t\t\t\t<div class=\"elementor-spacer\">\n\t\t\t<div class=\"elementor-spacer-inner\"><\/div>\n\t\t<\/div>\n\t\t\t\t\t\t<\/div>\n\t\t\t\t<div class=\"elementor-element elementor-element-70406aa2 elementor-widget elementor-widget-heading\" data-id=\"70406aa2\" data-element_type=\"widget\" data-widget_type=\"heading.default\">\n\t\t\t\t\t<h4 class=\"elementor-heading-title elementor-size-default\">\u010cASTO KLADEN\u00c9 DOTAZY<\/h4>\t\t\t\t<\/div>\n\t\t\t\t<div class=\"elementor-element elementor-element-bcac759 elementor-widget elementor-widget-spacer\" data-id=\"bcac759\" data-element_type=\"widget\" data-widget_type=\"spacer.default\">\n\t\t\t\t\t\t\t<div class=\"elementor-spacer\">\n\t\t\t<div class=\"elementor-spacer-inner\"><\/div>\n\t\t<\/div>\n\t\t\t\t\t\t<\/div>\n\t\t\t\t<div class=\"elementor-element elementor-element-ccc1008 elementor-widget elementor-widget-heading\" data-id=\"ccc1008\" data-element_type=\"widget\" data-widget_type=\"heading.default\">\n\t\t\t\t\t<h4 class=\"elementor-heading-title elementor-size-default\">Pot\u0159ebuji v\u0161echny komponenty syst\u00e9mu, aby bylo mo\u017en\u00e9 vyu\u017e\u00edvat funkce NORD?<\/h4>\t\t\t\t<\/div>\n\t\t\t\t<div class=\"elementor-element elementor-element-4fb5257 elementor-widget elementor-widget-text-editor\" data-id=\"4fb5257\" data-element_type=\"widget\" data-widget_type=\"text-editor.default\">\n\t\t\t\t\t\t\t\t\t<p>Ne, mnoho produkt\u016f NORD lze pou\u017e\u00edvat samostatn\u011b nebo je lze kombinovat se st\u00e1vaj\u00edc\u00edmi syst\u00e9my. Nap\u0159\u00edklad oh\u0159\u00edva\u010d NORD EcoBoiler nebo Power Genius 3000 lze provozovat nez\u00e1visle, a\u00a0maximalizovat tak \u00faspory ji\u017e existuj\u00edc\u00ed instalace.<\/p>\t\t\t\t\t\t\t\t<\/div>\n\t\t\t\t<div class=\"elementor-element elementor-element-fae2715 elementor-widget-divider--view-line elementor-widget elementor-widget-divider\" data-id=\"fae2715\" data-element_type=\"widget\" data-widget_type=\"divider.default\">\n\t\t\t\t\t\t\t<div class=\"elementor-divider\">\n\t\t\t<span class=\"elementor-divider-separator\">\n\t\t\t\t\t\t<\/span>\n\t\t<\/div>\n\t\t\t\t\t\t<\/div>\n\t\t\t\t<div class=\"elementor-element elementor-element-f84201c elementor-widget elementor-widget-heading\" data-id=\"f84201c\" data-element_type=\"widget\" data-widget_type=\"heading.default\">\n\t\t\t\t\t<h5 class=\"elementor-heading-title elementor-size-default\">Co znamen\u00e1 EcoMode?<\/h5>\t\t\t\t<\/div>\n\t\t\t\t<div class=\"elementor-element elementor-element-a1db952 elementor-widget elementor-widget-text-editor\" data-id=\"a1db952\" data-element_type=\"widget\" data-widget_type=\"text-editor.default\">\n\t\t\t\t\t\t\t\t\t<p>NORD EcoMode je speci\u00e1ln\u011b vyvinut\u00fd provozn\u00ed re\u017eim, kter\u00fd slu\u010duje fotovoltaickou v\u00fdrobu se spot\u0159ebou tepeln\u00e9ho \u010derpadla. Od t\u00e9to chv\u00edle m\u016f\u017eete vyu\u017e\u00edt ka\u017edi\u010dk\u00fd slune\u010dn\u00ed paprsek dopadaj\u00edc\u00ed na st\u0159echu.<\/p>\t\t\t\t\t\t\t\t<\/div>\n\t\t\t\t<div class=\"elementor-element elementor-element-f319b7b elementor-widget-divider--view-line elementor-widget elementor-widget-divider\" data-id=\"f319b7b\" data-element_type=\"widget\" data-widget_type=\"divider.default\">\n\t\t\t\t\t\t\t<div class=\"elementor-divider\">\n\t\t\t<span class=\"elementor-divider-separator\">\n\t\t\t\t\t\t<\/span>\n\t\t<\/div>\n\t\t\t\t\t\t<\/div>\n\t\t\t\t<div class=\"elementor-element elementor-element-a8a4813 elementor-widget elementor-widget-heading\" data-id=\"a8a4813\" data-element_type=\"widget\" data-widget_type=\"heading.default\">\n\t\t\t\t\t<h5 class=\"elementor-heading-title elementor-size-default\">Jak mohu pou\u017e\u00edvat re\u017eim NORD EcoMode?<\/h5>\t\t\t\t<\/div>\n\t\t\t\t<div class=\"elementor-element elementor-element-98ce3bc elementor-widget elementor-widget-text-editor\" data-id=\"98ce3bc\" data-element_type=\"widget\" data-widget_type=\"text-editor.default\">\n\t\t\t\t\t\t\t\t\t<p>Pro maxim\u00e1ln\u00ed vyu\u017eit\u00ed speci\u00e1ln\u011b navr\u017een\u00e9ho re\u017eimu NORD EcoMode je nutn\u00e9 nainstalovat jednotku NORD EcoControl s\u00a0\u010derpadlem NORD EcoHeat a\u00a0fotovoltaick\u00fd syst\u00e9m s\u00a0jednotkou NORD EcoMaster.<\/p>\t\t\t\t\t\t\t\t<\/div>\n\t\t\t\t<div class=\"elementor-element elementor-element-8fb44a8 elementor-widget-divider--view-line elementor-widget elementor-widget-divider\" data-id=\"8fb44a8\" data-element_type=\"widget\" data-widget_type=\"divider.default\">\n\t\t\t\t\t\t\t<div class=\"elementor-divider\">\n\t\t\t<span class=\"elementor-divider-separator\">\n\t\t\t\t\t\t<\/span>\n\t\t<\/div>\n\t\t\t\t\t\t<\/div>\n\t\t\t\t<div class=\"elementor-element elementor-element-65472e6 elementor-widget elementor-widget-heading\" data-id=\"65472e6\" data-element_type=\"widget\" data-widget_type=\"heading.default\">\n\t\t\t\t\t<h5 class=\"elementor-heading-title elementor-size-default\">Kde mohu produkty NORD zakoupit?<\/h5>\t\t\t\t<\/div>\n\t\t\t\t<div class=\"elementor-element elementor-element-60e42cd elementor-widget elementor-widget-text-editor\" data-id=\"60e42cd\" data-element_type=\"widget\" data-widget_type=\"text-editor.default\">\n\t\t\t\t\t\t\t\t\t<p>Spole\u010dnost NORD ji\u017e nyn\u00ed spolupracuje s\u00a0vybran\u00fdmi distribu\u010dn\u00edmi partnery v\u00a0mnoha zem\u00edch. Pod\u00edvejte se na na\u0161e webov\u00e9 str\u00e1nky nebo n\u00e1s kontaktujte a\u00a0vyhledejte nejbli\u017e\u0161\u00edho prodejce.<\/p>\t\t\t\t\t\t\t\t<\/div>\n\t\t\t\t<div class=\"elementor-element elementor-element-a920a62 elementor-widget-divider--view-line elementor-widget elementor-widget-divider\" data-id=\"a920a62\" data-element_type=\"widget\" data-widget_type=\"divider.default\">\n\t\t\t\t\t\t\t<div class=\"elementor-divider\">\n\t\t\t<span class=\"elementor-divider-separator\">\n\t\t\t\t\t\t<\/span>\n\t\t<\/div>\n\t\t\t\t\t\t<\/div>\n\t\t\t\t<div class=\"elementor-element elementor-element-ab7a833 elementor-widget elementor-widget-heading\" data-id=\"ab7a833\" data-element_type=\"widget\" data-widget_type=\"heading.default\">\n\t\t\t\t\t<h5 class=\"elementor-heading-title elementor-size-default\">Fotovoltaick\u00fd syst\u00e9m ji\u017e m\u00e1me nainstalovan\u00fd. Mohu se sv\u00fdm fotovoltaick\u00fdm syst\u00e9mem pou\u017e\u00edvat produkty NORD, jak\u00fdmi jsou jednotka EcoControl nebo \u010derpadlo EcoHeat?<\/h5>\t\t\t\t<\/div>\n\t\t\t\t<div class=\"elementor-element elementor-element-dcc9f79 elementor-widget elementor-widget-text-editor\" data-id=\"dcc9f79\" data-element_type=\"widget\" data-widget_type=\"text-editor.default\">\n\t\t\t\t\t\t\t\t\t<p>Produkty NORD jsou kompatibiln\u00ed s\u00a0v\u011bt\u0161inou za\u0159\u00edzen\u00ed od spole\u010dnosti Solax, kter\u00e1 je pr\u00e9miov\u00fdm v\u00fdrobcem fotovoltaick\u00fdch produkt\u016f. Chcete-li zjistit, zda funguje s\u00a0va\u0161\u00edm syst\u00e9mem, vy\u017e\u00e1dejte si od m\u00edstn\u00edho prodejce seznam kompatibiln\u00edch produkt\u016f.<\/p>\t\t\t\t\t\t\t\t<\/div>\n\t\t\t\t<div class=\"elementor-element elementor-element-6c0618a elementor-widget-divider--view-line elementor-widget elementor-widget-divider\" data-id=\"6c0618a\" data-element_type=\"widget\" data-widget_type=\"divider.default\">\n\t\t\t\t\t\t\t<div class=\"elementor-divider\">\n\t\t\t<span class=\"elementor-divider-separator\">\n\t\t\t\t\t\t<\/span>\n\t\t<\/div>\n\t\t\t\t\t\t<\/div>\n\t\t\t\t\t<\/div>\n\t\t<\/div>\n\t\t\t\t\t<\/div>\n\t\t<\/section>\n\t\t\t\t<section class=\"elementor-section elementor-inner-section elementor-element elementor-element-5e2f8608 elementor-section-content-middle elementor-section-boxed elementor-section-height-default elementor-section-height-default\" data-id=\"5e2f8608\" data-element_type=\"section\">\n\t\t\t\t\t\t<div class=\"elementor-container elementor-column-gap-no\">\n\t\t\t\t\t<div class=\"elementor-column elementor-col-100 elementor-inner-column elementor-element elementor-element-34ca67be\" data-id=\"34ca67be\" data-element_type=\"column\">\n\t\t\t<div class=\"elementor-widget-wrap elementor-element-populated\">\n\t\t\t\t\t\t<div class=\"elementor-element elementor-element-a553285 elementor-widget elementor-widget-heading\" data-id=\"a553285\" data-element_type=\"widget\" data-widget_type=\"heading.default\">\n\t\t\t\t\t<h4 class=\"elementor-heading-title elementor-size-default\">M\u00e1te dal\u0161\u00ed dotazy?<\/h4>\t\t\t\t<\/div>\n\t\t\t\t<div class=\"elementor-element elementor-element-cbb7cda elementor-widget elementor-widget-heading\" data-id=\"cbb7cda\" data-element_type=\"widget\" data-widget_type=\"heading.default\">\n\t\t\t\t\t<h4 class=\"elementor-heading-title elementor-size-default\">Kontaktujte n\u00e1s!<\/h4>\t\t\t\t<\/div>\n\t\t\t\t<div class=\"elementor-element elementor-element-17256bd elementor-widget elementor-widget-spacer\" data-id=\"17256bd\" data-element_type=\"widget\" data-widget_type=\"spacer.default\">\n\t\t\t\t\t\t\t<div class=\"elementor-spacer\">\n\t\t\t<div class=\"elementor-spacer-inner\"><\/div>\n\t\t<\/div>\n\t\t\t\t\t\t<\/div>\n\t\t\t\t\t<\/div>\n\t\t<\/div>\n\t\t\t\t\t<\/div>\n\t\t<\/section>\n\t\t\t\t<section class=\"elementor-section elementor-top-section elementor-element elementor-element-687bc1d elementor-section-boxed elementor-section-height-default elementor-section-height-default\" data-id=\"687bc1d\" data-element_type=\"section\">\n\t\t\t\t\t\t<div class=\"elementor-container elementor-column-gap-default\">\n\t\t\t\t\t<div class=\"elementor-column elementor-col-100 elementor-top-column elementor-element elementor-element-58ba19c\" data-id=\"58ba19c\" data-element_type=\"column\">\n\t\t\t<div class=\"elementor-widget-wrap elementor-element-populated\">\n\t\t\t\t\t\t<section class=\"elementor-section elementor-inner-section elementor-element elementor-element-d260f3d elementor-section-boxed elementor-section-height-default elementor-section-height-default\" data-id=\"d260f3d\" data-element_type=\"section\">\n\t\t\t\t\t\t<div class=\"elementor-container elementor-column-gap-default\">\n\t\t\t\t\t<div class=\"elementor-column elementor-col-33 elementor-inner-column elementor-element elementor-element-4a666cd\" data-id=\"4a666cd\" data-element_type=\"column\">\n\t\t\t<div class=\"elementor-widget-wrap\">\n\t\t\t\t\t\t\t<\/div>\n\t\t<\/div>\n\t\t\t\t<div class=\"elementor-column elementor-col-33 elementor-inner-column elementor-element elementor-element-1c313eb\" data-id=\"1c313eb\" data-element_type=\"column\">\n\t\t\t<div class=\"elementor-widget-wrap elementor-element-populated\">\n\t\t\t\t\t\t<div class=\"elementor-element elementor-element-733fe6c9 elementor-button-align-center elementor-widget elementor-widget-form\" data-id=\"733fe6c9\" data-element_type=\"widget\" data-settings=\"{&quot;step_next_label&quot;:&quot;Next&quot;,&quot;step_previous_label&quot;:&quot;Previous&quot;,&quot;button_width&quot;:&quot;100&quot;,&quot;step_type&quot;:&quot;number_text&quot;,&quot;step_icon_shape&quot;:&quot;circle&quot;}\" data-widget_type=\"form.default\">\n\t\t\t\t\t\t\t<form class=\"elementor-form\" method=\"post\" name=\"New Form\" aria-label=\"New Form\">\n\t\t\t<input type=\"hidden\" name=\"post_id\" value=\"5298\"\/>\n\t\t\t<input type=\"hidden\" name=\"form_id\" value=\"733fe6c9\"\/>\n\t\t\t<input type=\"hidden\" name=\"referer_title\" value=\"FAQ\" \/>\n\n\t\t\t\t\t\t\t<input type=\"hidden\" name=\"queried_id\" value=\"5298\"\/>\n\t\t\t\n\t\t\t<div class=\"elementor-form-fields-wrapper elementor-labels-\">\n\t\t\t\t\t\t\t\t<div class=\"elementor-field-type-text elementor-field-group elementor-column elementor-field-group-name elementor-col-100\">\n\t\t\t\t\t\t\t\t\t\t\t\t<label for=\"form-field-name\" class=\"elementor-field-label elementor-screen-only\">\n\t\t\t\t\t\t\t\tJm\u00e9no\t\t\t\t\t\t\t<\/label>\n\t\t\t\t\t\t\t\t\t\t\t\t\t\t<input size=\"1\" type=\"text\" name=\"form_fields[name]\" id=\"form-field-name\" class=\"elementor-field elementor-size-sm  elementor-field-textual\" placeholder=\"Jm\u00e9no\">\n\t\t\t\t\t\t\t\t\t\t\t<\/div>\n\t\t\t\t\t\t\t\t<div class=\"elementor-field-type-email elementor-field-group elementor-column elementor-field-group-email elementor-col-100 elementor-field-required\">\n\t\t\t\t\t\t\t\t\t\t\t\t<label for=\"form-field-email\" class=\"elementor-field-label elementor-screen-only\">\n\t\t\t\t\t\t\t\tEmail\t\t\t\t\t\t\t<\/label>\n\t\t\t\t\t\t\t\t\t\t\t\t\t\t<input size=\"1\" type=\"email\" name=\"form_fields[email]\" id=\"form-field-email\" class=\"elementor-field elementor-size-sm  elementor-field-textual\" placeholder=\"Email\" required=\"required\">\n\t\t\t\t\t\t\t\t\t\t\t<\/div>\n\t\t\t\t\t\t\t\t<div class=\"elementor-field-type-textarea elementor-field-group elementor-column elementor-field-group-message elementor-col-100\">\n\t\t\t\t\t\t\t\t\t\t\t\t<label for=\"form-field-message\" class=\"elementor-field-label elementor-screen-only\">\n\t\t\t\t\t\t\t\tMessage\t\t\t\t\t\t\t<\/label>\n\t\t\t\t\t\t<textarea class=\"elementor-field-textual elementor-field  elementor-size-sm\" name=\"form_fields[message]\" id=\"form-field-message\" rows=\"4\" placeholder=\"V\u00e1\u0161 dotaz\"><\/textarea>\t\t\t\t<\/div>\n\t\t\t\t\t\t\t\t<div class=\"elementor-field-group elementor-column elementor-field-type-submit elementor-col-100 e-form__buttons\">\n\t\t\t\t\t<button class=\"elementor-button elementor-size-sm elementor-animation-grow\" type=\"submit\">\n\t\t\t\t\t\t<span class=\"elementor-button-content-wrapper\">\n\t\t\t\t\t\t\t\t\t\t\t\t\t\t\t\t\t\t\t\t\t\t<span class=\"elementor-button-text\">Odeslat zpr\u00e1vu<\/span>\n\t\t\t\t\t\t\t\t\t\t\t\t\t<\/span>\n\t\t\t\t\t<\/button>\n\t\t\t\t<\/div>\n\t\t\t<\/div>\n\t\t<\/form>\n\t\t\t\t\t\t<\/div>\n\t\t\t\t<div class=\"elementor-element elementor-element-5bde9cc elementor-widget elementor-widget-spacer\" data-id=\"5bde9cc\" data-element_type=\"widget\" data-widget_type=\"spacer.default\">\n\t\t\t\t\t\t\t<div class=\"elementor-spacer\">\n\t\t\t<div class=\"elementor-spacer-inner\"><\/div>\n\t\t<\/div>\n\t\t\t\t\t\t<\/div>\n\t\t\t\t\t<\/div>\n\t\t<\/div>\n\t\t\t\t<div class=\"elementor-column elementor-col-33 elementor-inner-column elementor-element elementor-element-5fe20e7\" data-id=\"5fe20e7\" data-element_type=\"column\">\n\t\t\t<div class=\"elementor-widget-wrap\">\n\t\t\t\t\t\t\t<\/div>\n\t\t<\/div>\n\t\t\t\t\t<\/div>\n\t\t<\/section>\n\t\t\t\t\t<\/div>\n\t\t<\/div>\n\t\t\t\t\t<\/div>\n\t\t<\/section>\n\t\t\t\t<\/div>\n\t\t","protected":false},"excerpt":{"rendered":"<p>\u010cASTO KLADEN\u00c9 DOTAZY Pot\u0159ebuji v\u0161echny komponenty syst\u00e9mu, aby bylo mo\u017en\u00e9 vyu\u017e\u00edvat funkce NORD? Ne, mnoho produkt\u016f NORD lze pou\u017e\u00edvat samostatn\u011b nebo je lze kombinovat se st\u00e1vaj\u00edc\u00edmi syst\u00e9my. Nap\u0159\u00edklad oh\u0159\u00edva\u010d NORD EcoBoiler nebo Power Genius 3000 lze provozovat nez\u00e1visle, a\u00a0maximalizovat tak \u00faspory ji\u017e existuj\u00edc\u00ed instalace. Co znamen\u00e1 EcoMode? NORD EcoMode je speci\u00e1ln\u011b vyvinut\u00fd provozn\u00ed re\u017eim, kter\u00fd [&hellip;]<\/p>\n","protected":false},"author":1,"featured_media":0,"parent":0,"menu_order":0,"comment_status":"closed","ping_status":"closed","template":"","meta":{"om_disable_all_campaigns":false,"_monsterinsights_skip_tracking":false,"_monsterinsights_sitenote_active":false,"_monsterinsights_sitenote_note":"","_monsterinsights_sitenote_category":0,"footnotes":""},"_links":{"self":[{"href":"https:\/\/nord-solution.com\/index.php\/wp-json\/wp\/v2\/pages\/5298"}],"collection":[{"href":"https:\/\/nord-solution.com\/index.php\/wp-json\/wp\/v2\/pages"}],"about":[{"href":"https:\/\/nord-solution.com\/index.php\/wp-json\/wp\/v2\/types\/page"}],"author":[{"embeddable":true,"href":"https:\/\/nord-solution.com\/index.php\/wp-json\/wp\/v2\/users\/1"}],"replies":[{"embeddable":true,"href":"https:\/\/nord-solution.com\/index.php\/wp-json\/wp\/v2\/comments?post=5298"}],"version-history":[{"count":10,"href":"https:\/\/nord-solution.com\/index.php\/wp-json\/wp\/v2\/pages\/5298\/revisions"}],"predecessor-version":[{"id":31561,"href":"https:\/\/nord-solution.com\/index.php\/wp-json\/wp\/v2\/pages\/5298\/revisions\/31561"}],"wp:attachment":[{"href":"https:\/\/nord-solution.com\/index.php\/wp-json\/wp\/v2\/media?parent=5298"}],"curies":[{"name":"wp","href":"https:\/\/api.w.org\/{rel}","templated":true}]}}