{"id":5273,"date":"2024-01-24T13:29:25","date_gmt":"2024-01-24T12:29:25","guid":{"rendered":"https:\/\/nord-solution.com\/?page_id=5273"},"modified":"2024-07-16T12:50:48","modified_gmt":"2024-07-16T10:50:48","slug":"kompletni-balicek","status":"publish","type":"page","link":"https:\/\/nord-solution.com\/index.php\/cs\/kompletni-balicek\/","title":{"rendered":"Kompletn\u00ed bal\u00ed\u010dek"},"content":{"rendered":"\t\t<div data-elementor-type=\"wp-page\" data-elementor-id=\"5273\" class=\"elementor elementor-5273\" data-elementor-post-type=\"page\">\n\t\t\t\t\t\t<section class=\"elementor-section elementor-top-section elementor-element elementor-element-2ea89be2 elementor-section-boxed elementor-section-height-default elementor-section-height-default\" data-id=\"2ea89be2\" data-element_type=\"section\" data-settings=\"{&quot;background_background&quot;:&quot;classic&quot;}\">\n\t\t\t\t\t\t<div class=\"elementor-container elementor-column-gap-default\">\n\t\t\t\t\t<div class=\"elementor-column elementor-col-100 elementor-top-column elementor-element elementor-element-7209e3ad\" data-id=\"7209e3ad\" data-element_type=\"column\">\n\t\t\t<div class=\"elementor-widget-wrap elementor-element-populated\">\n\t\t\t\t\t\t<div class=\"elementor-element elementor-element-324ed29e elementor-widget elementor-widget-spacer\" data-id=\"324ed29e\" data-element_type=\"widget\" data-widget_type=\"spacer.default\">\n\t\t\t\t\t\t\t<div class=\"elementor-spacer\">\n\t\t\t<div class=\"elementor-spacer-inner\"><\/div>\n\t\t<\/div>\n\t\t\t\t\t\t<\/div>\n\t\t\t\t<div class=\"elementor-element elementor-element-69056a3f elementor-widget elementor-widget-heading\" data-id=\"69056a3f\" data-element_type=\"widget\" data-widget_type=\"heading.default\">\n\t\t\t\t\t<h1 class=\"elementor-heading-title elementor-size-default\">Kompletn\u00ed bal\u00ed\u010dek<\/h1>\t\t\t\t<\/div>\n\t\t\t\t<div class=\"elementor-element elementor-element-670de5e8 elementor-widget elementor-widget-text-editor\" data-id=\"670de5e8\" data-element_type=\"widget\" data-widget_type=\"text-editor.default\">\n\t\t\t\t\t\t\t\t\t<p><strong>Chytr\u00e9 \u0159e\u0161en\u00ed pro\u00a0velk\u00e9 rodinn\u00e9 domy<\/strong> s\u00a0typicky instalovan\u00fdm fotovoltaick\u00fdm v\u00fdkonem v\u00edce ne\u017e\u00a0<strong>10\u00a0kWp<\/strong> s\u00a0hybridn\u00edm st\u0159\u00edda\u010dem\u00a0<strong>NORD EcoMaster, tepeln\u00fdm \u010derpadlem NORD EcoHeat a\u00a0jednotkou EcoControl<\/strong>, kter\u00e9 v\u00e1m pom\u016f\u017ee vyu\u017e\u00edvat zelenou energii co ne\u00fa\u010dinn\u011bj\u0161\u00edm zp\u016fsobem.\u00a0Jednotka <strong>EcoControl<\/strong> \u0159\u00edd\u00ed provoz <strong>FV st\u0159\u00edda\u010de<\/strong> a\u00a0tepeln\u00e9ho \u010derpadla, tak\u017ee v\u017edy \u00fa\u010dinn\u011b vyu\u017eijete <strong>maximum zelen\u00e9 energie<\/strong> a budete m\u00edt v\u0161e p\u0159ipraveno pro sv\u00e9 pohodl\u00ed. Toto \u0159e\u0161en\u00ed podporuje sestavy s r\u016fzn\u00fdmi variantami boiler\u016f, s bojlerem <strong>NORD EcoBoiler<\/strong> nebo se st\u00e1vaj\u00edc\u00edm bojlerem, p\u0159\u00edpadn\u011b s bojlerem p\u0159ipojen\u00fdm k jednotce <strong>EcoHeat<\/strong>.<\/p>\t\t\t\t\t\t\t\t<\/div>\n\t\t\t\t<div class=\"elementor-element elementor-element-31fe239f elementor-widget elementor-widget-text-editor\" data-id=\"31fe239f\" data-element_type=\"widget\" data-widget_type=\"text-editor.default\">\n\t\t\t\t\t\t\t\t\t<h4><strong>Konfigurace:<\/strong><\/h4><ul><li>Fotovoltaick\u00e9 moduly: PV <strong>&gt;<\/strong>\u00a010 kWp<\/li><li><strong>Hybridn\u00ed st\u0159\u00edda\u010d: NORD EcoMaster s bateriemi EcoStorage<\/strong><\/li><li>Elektrom\u011br: NORD Smartmeter<\/li><li><strong>Autonab\u00edje\u010dka: EcoCharge s vlastn\u00edm m\u011b\u0159i\u010dem NORD Smartmeter<\/strong><\/li><li>Tepeln\u00e9 \u010derpadlo: NORD EcoHeat s podlahov\u00fdm vyt\u00e1p\u011bn\u00edm<\/li><li><strong>NORD EcoBoiler<\/strong><\/li><li>\u0158\u00edd\u00edc\u00ed jednotka: NORD EcoControl<\/li><\/ul>\t\t\t\t\t\t\t\t<\/div>\n\t\t\t\t<div class=\"elementor-element elementor-element-4fccd44b elementor-widget elementor-widget-image\" data-id=\"4fccd44b\" data-element_type=\"widget\" data-widget_type=\"image.default\">\n\t\t\t\t\t\t\t\t\t\t\t\t\t\t\t<img fetchpriority=\"high\" decoding=\"async\" width=\"2000\" height=\"1000\" src=\"https:\/\/nord-solution.com\/wp-content\/uploads\/2023\/05\/NORD_Solution_Fullpackage.svg\" class=\"attachment-full size-full wp-image-4050\" alt=\"\" \/>\t\t\t\t\t\t\t\t\t\t\t\t\t\t\t<\/div>\n\t\t\t\t\t<\/div>\n\t\t<\/div>\n\t\t\t\t\t<\/div>\n\t\t<\/section>\n\t\t<div class=\"elementor-element elementor-element-154518c e-flex e-con-boxed e-con e-parent\" data-id=\"154518c\" data-element_type=\"container\">\n\t\t\t\t\t<div class=\"e-con-inner\">\n\t\t\t\t<div class=\"elementor-element elementor-element-0380f5e elementor-widget elementor-widget-spacer\" data-id=\"0380f5e\" data-element_type=\"widget\" data-widget_type=\"spacer.default\">\n\t\t\t\t\t\t\t<div class=\"elementor-spacer\">\n\t\t\t<div class=\"elementor-spacer-inner\"><\/div>\n\t\t<\/div>\n\t\t\t\t\t\t<\/div>\n\t\t\t\t\t<\/div>\n\t\t\t\t<\/div>\n\t\t\t\t<\/div>\n\t\t","protected":false},"excerpt":{"rendered":"<p>Kompletn\u00ed bal\u00ed\u010dek Chytr\u00e9 \u0159e\u0161en\u00ed pro\u00a0velk\u00e9 rodinn\u00e9 domy s\u00a0typicky instalovan\u00fdm fotovoltaick\u00fdm v\u00fdkonem v\u00edce ne\u017e\u00a010\u00a0kWp s\u00a0hybridn\u00edm st\u0159\u00edda\u010dem\u00a0NORD EcoMaster, tepeln\u00fdm \u010derpadlem NORD EcoHeat a\u00a0jednotkou EcoControl, kter\u00e9 v\u00e1m pom\u016f\u017ee vyu\u017e\u00edvat zelenou energii co ne\u00fa\u010dinn\u011bj\u0161\u00edm zp\u016fsobem.\u00a0Jednotka EcoControl \u0159\u00edd\u00ed provoz FV st\u0159\u00edda\u010de a\u00a0tepeln\u00e9ho \u010derpadla, tak\u017ee v\u017edy \u00fa\u010dinn\u011b vyu\u017eijete maximum zelen\u00e9 energie a budete m\u00edt v\u0161e p\u0159ipraveno pro sv\u00e9 pohodl\u00ed. Toto \u0159e\u0161en\u00ed [&hellip;]<\/p>\n","protected":false},"author":1,"featured_media":0,"parent":0,"menu_order":0,"comment_status":"closed","ping_status":"closed","template":"","meta":{"om_disable_all_campaigns":false,"_monsterinsights_skip_tracking":false,"_monsterinsights_sitenote_active":false,"_monsterinsights_sitenote_note":"","_monsterinsights_sitenote_category":0,"footnotes":""},"_links":{"self":[{"href":"https:\/\/nord-solution.com\/index.php\/wp-json\/wp\/v2\/pages\/5273"}],"collection":[{"href":"https:\/\/nord-solution.com\/index.php\/wp-json\/wp\/v2\/pages"}],"about":[{"href":"https:\/\/nord-solution.com\/index.php\/wp-json\/wp\/v2\/types\/page"}],"author":[{"embeddable":true,"href":"https:\/\/nord-solution.com\/index.php\/wp-json\/wp\/v2\/users\/1"}],"replies":[{"embeddable":true,"href":"https:\/\/nord-solution.com\/index.php\/wp-json\/wp\/v2\/comments?post=5273"}],"version-history":[{"count":16,"href":"https:\/\/nord-solution.com\/index.php\/wp-json\/wp\/v2\/pages\/5273\/revisions"}],"predecessor-version":[{"id":10240,"href":"https:\/\/nord-solution.com\/index.php\/wp-json\/wp\/v2\/pages\/5273\/revisions\/10240"}],"wp:attachment":[{"href":"https:\/\/nord-solution.com\/index.php\/wp-json\/wp\/v2\/media?parent=5273"}],"curies":[{"name":"wp","href":"https:\/\/api.w.org\/{rel}","templated":true}]}}