{"id":5259,"date":"2024-01-24T13:11:36","date_gmt":"2024-01-24T12:11:36","guid":{"rendered":"https:\/\/nord-solution.com\/?page_id=5259"},"modified":"2024-07-16T11:15:37","modified_gmt":"2024-07-16T09:15:37","slug":"male-domy","status":"publish","type":"page","link":"https:\/\/nord-solution.com\/index.php\/cs\/male-domy\/","title":{"rendered":"Mal\u00e9 domy"},"content":{"rendered":"\t\t<div data-elementor-type=\"wp-page\" data-elementor-id=\"5259\" class=\"elementor elementor-5259\" data-elementor-post-type=\"page\">\n\t\t\t\t\t\t<section class=\"elementor-section elementor-top-section elementor-element elementor-element-4c52b1b6 elementor-section-boxed elementor-section-height-default elementor-section-height-default\" data-id=\"4c52b1b6\" data-element_type=\"section\" data-settings=\"{&quot;background_background&quot;:&quot;classic&quot;}\">\n\t\t\t\t\t\t<div class=\"elementor-container elementor-column-gap-default\">\n\t\t\t\t\t<div class=\"elementor-column elementor-col-100 elementor-top-column elementor-element elementor-element-26751c2e\" data-id=\"26751c2e\" data-element_type=\"column\">\n\t\t\t<div class=\"elementor-widget-wrap elementor-element-populated\">\n\t\t\t\t\t\t<div class=\"elementor-element elementor-element-4a652f21 elementor-widget elementor-widget-spacer\" data-id=\"4a652f21\" data-element_type=\"widget\" data-widget_type=\"spacer.default\">\n\t\t\t\t\t\t\t<div class=\"elementor-spacer\">\n\t\t\t<div class=\"elementor-spacer-inner\"><\/div>\n\t\t<\/div>\n\t\t\t\t\t\t<\/div>\n\t\t\t\t<div class=\"elementor-element elementor-element-5cf405bf elementor-widget elementor-widget-heading\" data-id=\"5cf405bf\" data-element_type=\"widget\" data-widget_type=\"heading.default\">\n\t\t\t\t\t<h1 class=\"elementor-heading-title elementor-size-default\">Mal\u00e9 domy<\/h1>\t\t\t\t<\/div>\n\t\t\t\t<div class=\"elementor-element elementor-element-71c4b05d elementor-widget elementor-widget-text-editor\" data-id=\"71c4b05d\" data-element_type=\"widget\" data-widget_type=\"text-editor.default\">\n\t\t\t\t\t\t\t\t\t<p><strong>Chytr\u00e9 \u0159e\u0161en\u00ed<\/strong> pro\u00a0<strong>men\u0161\u00ed rodinn\u00e9 domy<\/strong> s\u00a0typicky instalovan\u00fdm fotovoltaick\u00fdm v\u00fdkonem od\u00a0<strong>7,8\u00a0kWp<\/strong>\u00a0do\u00a0<strong>10\u00a0kWp<\/strong> s\u00a0hybridn\u00edm st\u0159\u00edda\u010dem\u00a0<strong>NORD EcoMaster<\/strong>,\u00a0<strong>tepeln\u00fdm \u010derpadlem NORD EcoHeat<\/strong>\u00a0a\u00a0jednotkou <strong>EcoControl<\/strong>, kter\u00e9 v\u00e1m pom\u016f\u017ee vyu\u017e\u00edvat zelenou energii co ne\u00fa\u010dinn\u011bj\u0161\u00edm zp\u016fsobem.\u00a0Jednotka <strong>EcoControl<\/strong> \u0159\u00edd\u00ed provoz FV st\u0159\u00edda\u010de a\u00a0tepeln\u00e9ho \u010derpadla, d\u00edky \u010demu\u017e v\u017edy \u00fa\u010dinn\u011b vyu\u017eijete maximum\u00a0<strong>zelen\u00e9 energie<\/strong>\u00a0a budete m\u00edt v\u0161e p\u0159ipraveno pro sv\u00e9 pohodl\u00ed.<\/p><h4 style=\"text-align: center;\"><strong>Toto \u0159e\u0161en\u00ed podporuje konfigurace s r\u016fzn\u00fdmi variantami oh\u0159\u00edva\u010d\u016f:<\/strong><\/h4>\t\t\t\t\t\t\t\t<\/div>\n\t\t\t\t\t<\/div>\n\t\t<\/div>\n\t\t\t\t\t<\/div>\n\t\t<\/section>\n\t\t\t\t<section class=\"elementor-section elementor-top-section elementor-element elementor-element-15dc5963 elementor-section-boxed elementor-section-height-default elementor-section-height-default\" data-id=\"15dc5963\" data-element_type=\"section\" data-settings=\"{&quot;background_background&quot;:&quot;classic&quot;}\">\n\t\t\t\t\t\t<div class=\"elementor-container elementor-column-gap-default\">\n\t\t\t\t\t<div class=\"elementor-column elementor-col-100 elementor-top-column elementor-element elementor-element-759d61be\" data-id=\"759d61be\" data-element_type=\"column\">\n\t\t\t<div class=\"elementor-widget-wrap elementor-element-populated\">\n\t\t\t\t\t\t<section class=\"elementor-section elementor-inner-section elementor-element elementor-element-6202f6a elementor-section-boxed elementor-section-height-default elementor-section-height-default\" data-id=\"6202f6a\" data-element_type=\"section\">\n\t\t\t\t\t\t<div class=\"elementor-container elementor-column-gap-default\">\n\t\t\t\t\t<div class=\"elementor-column elementor-col-50 elementor-inner-column elementor-element elementor-element-e982ac1\" data-id=\"e982ac1\" data-element_type=\"column\">\n\t\t\t<div class=\"elementor-widget-wrap elementor-element-populated\">\n\t\t\t\t\t\t<div class=\"elementor-element elementor-element-710c7fb elementor-widget elementor-widget-image\" data-id=\"710c7fb\" data-element_type=\"widget\" data-widget_type=\"image.default\">\n\t\t\t\t\t\t\t\t\t\t\t\t\t\t\t<img decoding=\"async\" width=\"150\" height=\"150\" src=\"https:\/\/nord-solution.com\/wp-content\/uploads\/2023\/05\/nord-odrazka1-2.svg\" class=\"attachment-large size-large wp-image-3384\" alt=\"\" \/>\t\t\t\t\t\t\t\t\t\t\t\t\t\t\t<\/div>\n\t\t\t\t<div class=\"elementor-element elementor-element-4d897b31 elementor-widget elementor-widget-heading\" data-id=\"4d897b31\" data-element_type=\"widget\" data-widget_type=\"heading.default\">\n\t\t\t\t\t<h5 class=\"elementor-heading-title elementor-size-default\">Se st\u00e1vaj\u00edc\u00edm bojlerem<\/h5>\t\t\t\t<\/div>\n\t\t\t\t\t<\/div>\n\t\t<\/div>\n\t\t\t\t<div class=\"elementor-column elementor-col-50 elementor-inner-column elementor-element elementor-element-12c77f3\" data-id=\"12c77f3\" data-element_type=\"column\">\n\t\t\t<div class=\"elementor-widget-wrap elementor-element-populated\">\n\t\t\t\t\t\t<div class=\"elementor-element elementor-element-3eaf0af7 elementor-widget elementor-widget-text-editor\" data-id=\"3eaf0af7\" data-element_type=\"widget\" data-widget_type=\"text-editor.default\">\n\t\t\t\t\t\t\t\t\t<h4><strong>Konfigurace:<\/strong><\/h4><ul><li>Fotovoltaick\u00e9 moduly: 7,8 kWp <strong>&lt;<\/strong>\u00a0PV\u00a0<strong>&lt;\u00a0<\/strong>10 kWp<\/li><li><strong>Hybridn\u00ed st\u0159\u00edda\u010d s \u00falo\u017ei\u0161t\u011bm:\u00a0 NORD EcoMaster s bateriemi EcoStorage<\/strong><\/li><li>Elektrom\u011br: NORD Smartmeter<\/li><li><strong>Samostatn\u00fd st\u00e1vaj\u00edc\u00ed dom\u00e1c\u00ed oh\u0159\u00edva\u010d tepl\u00e9 u\u017eitkov\u00e9 vody<\/strong><\/li><li>Tepeln\u00e9 \u010derpadlo: NORD EcoHeat<\/li><li><strong>Podlahov\u00e9 vyt\u00e1p\u011bn\u00ed<\/strong><\/li><li>\u0158\u00edd\u00edc\u00ed jednotka: NORD EcoControl<\/li><\/ul>\t\t\t\t\t\t\t\t<\/div>\n\t\t\t\t\t<\/div>\n\t\t<\/div>\n\t\t\t\t\t<\/div>\n\t\t<\/section>\n\t\t\t\t<div class=\"elementor-element elementor-element-61c5f4fe elementor-widget elementor-widget-image\" data-id=\"61c5f4fe\" data-element_type=\"widget\" data-widget_type=\"image.default\">\n\t\t\t\t\t\t\t\t\t\t\t\t\t\t\t<img fetchpriority=\"high\" decoding=\"async\" width=\"2000\" height=\"1000\" src=\"https:\/\/nord-solution.com\/wp-content\/uploads\/2023\/04\/NORD_Solution_Small_house-with-existing-Boiler.svg\" class=\"attachment-full size-full wp-image-2364\" alt=\"\" \/>\t\t\t\t\t\t\t\t\t\t\t\t\t\t\t<\/div>\n\t\t\t\t<section class=\"elementor-section elementor-inner-section elementor-element elementor-element-ec780c4 elementor-section-boxed elementor-section-height-default elementor-section-height-default\" data-id=\"ec780c4\" data-element_type=\"section\">\n\t\t\t\t\t\t<div class=\"elementor-container elementor-column-gap-default\">\n\t\t\t\t\t<div class=\"elementor-column elementor-col-50 elementor-inner-column elementor-element elementor-element-7c61a2d\" data-id=\"7c61a2d\" data-element_type=\"column\">\n\t\t\t<div class=\"elementor-widget-wrap elementor-element-populated\">\n\t\t\t\t\t\t<div class=\"elementor-element elementor-element-88b66f9 elementor-widget elementor-widget-image\" data-id=\"88b66f9\" data-element_type=\"widget\" data-widget_type=\"image.default\">\n\t\t\t\t\t\t\t\t\t\t\t\t\t\t\t<img decoding=\"async\" width=\"150\" height=\"150\" src=\"https:\/\/nord-solution.com\/wp-content\/uploads\/2023\/05\/nord-odrazka2.svg\" class=\"attachment-large size-large wp-image-3385\" alt=\"\" \/>\t\t\t\t\t\t\t\t\t\t\t\t\t\t\t<\/div>\n\t\t\t\t<div class=\"elementor-element elementor-element-190c3740 elementor-widget elementor-widget-heading\" data-id=\"190c3740\" data-element_type=\"widget\" data-widget_type=\"heading.default\">\n\t\t\t\t\t<h5 class=\"elementor-heading-title elementor-size-default\">S nov\u00fdm bojlerem EcoBoiler<\/h5>\t\t\t\t<\/div>\n\t\t\t\t\t<\/div>\n\t\t<\/div>\n\t\t\t\t<div class=\"elementor-column elementor-col-50 elementor-inner-column elementor-element elementor-element-3fb866d\" data-id=\"3fb866d\" data-element_type=\"column\">\n\t\t\t<div class=\"elementor-widget-wrap elementor-element-populated\">\n\t\t\t\t\t\t<div class=\"elementor-element elementor-element-4d870ea elementor-widget elementor-widget-text-editor\" data-id=\"4d870ea\" data-element_type=\"widget\" data-widget_type=\"text-editor.default\">\n\t\t\t\t\t\t\t\t\t<h4><strong>Konfigurace:<\/strong><\/h4><ul><li>Fotovoltaick\u00e9 moduly: 7,8 kWp <strong>&lt;<\/strong>\u00a0PV\u00a0<strong>&lt;\u00a0<\/strong>10 kWp<\/li><li><strong>Hybridn\u00ed st\u0159\u00edda\u010d s \u00falo\u017ei\u0161t\u011bm: NORD EcoMaster s bateriemi EcoStorage<\/strong><\/li><li>Elektrom\u011br: NORD Smartmeter<\/li><li><strong>Tepeln\u00e9 \u010derpadlo: NORD EcoHeat<\/strong><\/li><li>NORD EcoBoiler<\/li><li><strong>Podlahov\u00e9 vyt\u00e1p\u011bn\u00ed<\/strong><\/li><li>\u0158\u00edd\u00edc\u00ed jednotka: NORD EcoControl<\/li><\/ul>\t\t\t\t\t\t\t\t<\/div>\n\t\t\t\t\t<\/div>\n\t\t<\/div>\n\t\t\t\t\t<\/div>\n\t\t<\/section>\n\t\t\t\t<div class=\"elementor-element elementor-element-389eea26 elementor-widget elementor-widget-image\" data-id=\"389eea26\" data-element_type=\"widget\" data-widget_type=\"image.default\">\n\t\t\t\t\t\t\t\t\t\t\t\t\t\t\t<img loading=\"lazy\" decoding=\"async\" width=\"2000\" height=\"1000\" src=\"https:\/\/nord-solution.com\/wp-content\/uploads\/2023\/04\/NORD_Solution_Small_house-with-new-EcoBoiler.svg\" class=\"attachment-full size-full wp-image-2363\" alt=\"\" \/>\t\t\t\t\t\t\t\t\t\t\t\t\t\t\t<\/div>\n\t\t\t\t<section class=\"elementor-section elementor-inner-section elementor-element elementor-element-d531530 elementor-section-boxed elementor-section-height-default elementor-section-height-default\" data-id=\"d531530\" data-element_type=\"section\">\n\t\t\t\t\t\t<div class=\"elementor-container elementor-column-gap-default\">\n\t\t\t\t\t<div class=\"elementor-column elementor-col-50 elementor-inner-column elementor-element elementor-element-cb5f353\" data-id=\"cb5f353\" data-element_type=\"column\">\n\t\t\t<div class=\"elementor-widget-wrap elementor-element-populated\">\n\t\t\t\t\t\t<div class=\"elementor-element elementor-element-93b8aa5 elementor-widget elementor-widget-image\" data-id=\"93b8aa5\" data-element_type=\"widget\" data-widget_type=\"image.default\">\n\t\t\t\t\t\t\t\t\t\t\t\t\t\t\t<img loading=\"lazy\" decoding=\"async\" width=\"150\" height=\"150\" src=\"https:\/\/nord-solution.com\/wp-content\/uploads\/2023\/05\/nord-odrazka3.svg\" class=\"attachment-large size-large wp-image-3386\" alt=\"\" \/>\t\t\t\t\t\t\t\t\t\t\t\t\t\t\t<\/div>\n\t\t\t\t<div class=\"elementor-element elementor-element-43e356d elementor-widget elementor-widget-heading\" data-id=\"43e356d\" data-element_type=\"widget\" data-widget_type=\"heading.default\">\n\t\t\t\t\t<h5 class=\"elementor-heading-title elementor-size-default\">S bojlerem p\u0159ipojen\u00fdm k tepeln\u00e9mu \u010derpadlu<\/h5>\t\t\t\t<\/div>\n\t\t\t\t\t<\/div>\n\t\t<\/div>\n\t\t\t\t<div class=\"elementor-column elementor-col-50 elementor-inner-column elementor-element elementor-element-3a0d20f\" data-id=\"3a0d20f\" data-element_type=\"column\">\n\t\t\t<div class=\"elementor-widget-wrap elementor-element-populated\">\n\t\t\t\t\t\t<div class=\"elementor-element elementor-element-36239dc elementor-widget elementor-widget-text-editor\" data-id=\"36239dc\" data-element_type=\"widget\" data-widget_type=\"text-editor.default\">\n\t\t\t\t\t\t\t\t\t<h4><strong>Konfigurace:<\/strong><\/h4><ul><li>Fotovoltaick\u00e9 moduly: 7,8 kWp <strong>&lt;<\/strong>\u00a0PV\u00a0<strong>&lt;\u00a0<\/strong>10 kWp<\/li><li><strong>Hybridn\u00ed st\u0159\u00edda\u010d s \u00falo\u017ei\u0161t\u011bm: NORD EcoMaster s bateriemi EcoStorage<\/strong><\/li><li>Elektrom\u011br: NORD Smartmeter<\/li><li><strong>Tepeln\u00e9 \u010derpadlo: NORD EcoHeat s oh\u0159\u00edva\u010dem tepl\u00e9 u\u017eitkov\u00e9 vody a podlahov\u00fdm vyt\u00e1p\u011bn\u00edm s akumula\u010dn\u00ed n\u00e1dr\u017e\u00ed<\/strong><\/li><li>\u0158\u00edd\u00edc\u00ed jednotka: NORD EcoControl<\/li><\/ul>\t\t\t\t\t\t\t\t<\/div>\n\t\t\t\t\t<\/div>\n\t\t<\/div>\n\t\t\t\t\t<\/div>\n\t\t<\/section>\n\t\t\t\t<div class=\"elementor-element elementor-element-6f9a23ec elementor-widget elementor-widget-image\" data-id=\"6f9a23ec\" data-element_type=\"widget\" data-widget_type=\"image.default\">\n\t\t\t\t\t\t\t\t\t\t\t\t\t\t\t<img loading=\"lazy\" decoding=\"async\" width=\"2000\" height=\"1000\" src=\"https:\/\/nord-solution.com\/wp-content\/uploads\/2023\/04\/NORD_Solution_Small_house-with-boiler-connected-to-the-heatpump.svg\" class=\"attachment-full size-full wp-image-2383\" alt=\"\" \/>\t\t\t\t\t\t\t\t\t\t\t\t\t\t\t<\/div>\n\t\t\t\t\t<\/div>\n\t\t<\/div>\n\t\t\t\t\t<\/div>\n\t\t<\/section>\n\t\t\t\t<\/div>\n\t\t","protected":false},"excerpt":{"rendered":"<p>Mal\u00e9 domy Chytr\u00e9 \u0159e\u0161en\u00ed pro\u00a0men\u0161\u00ed rodinn\u00e9 domy s\u00a0typicky instalovan\u00fdm fotovoltaick\u00fdm v\u00fdkonem od\u00a07,8\u00a0kWp\u00a0do\u00a010\u00a0kWp s\u00a0hybridn\u00edm st\u0159\u00edda\u010dem\u00a0NORD EcoMaster,\u00a0tepeln\u00fdm \u010derpadlem NORD EcoHeat\u00a0a\u00a0jednotkou EcoControl, kter\u00e9 v\u00e1m pom\u016f\u017ee vyu\u017e\u00edvat zelenou energii co ne\u00fa\u010dinn\u011bj\u0161\u00edm zp\u016fsobem.\u00a0Jednotka EcoControl \u0159\u00edd\u00ed provoz FV st\u0159\u00edda\u010de a\u00a0tepeln\u00e9ho \u010derpadla, d\u00edky \u010demu\u017e v\u017edy \u00fa\u010dinn\u011b vyu\u017eijete maximum\u00a0zelen\u00e9 energie\u00a0a budete m\u00edt v\u0161e p\u0159ipraveno pro sv\u00e9 pohodl\u00ed. Toto \u0159e\u0161en\u00ed podporuje konfigurace s r\u016fzn\u00fdmi [&hellip;]<\/p>\n","protected":false},"author":1,"featured_media":0,"parent":0,"menu_order":0,"comment_status":"closed","ping_status":"closed","template":"","meta":{"om_disable_all_campaigns":false,"_monsterinsights_skip_tracking":false,"_monsterinsights_sitenote_active":false,"_monsterinsights_sitenote_note":"","_monsterinsights_sitenote_category":0,"footnotes":""},"_links":{"self":[{"href":"https:\/\/nord-solution.com\/index.php\/wp-json\/wp\/v2\/pages\/5259"}],"collection":[{"href":"https:\/\/nord-solution.com\/index.php\/wp-json\/wp\/v2\/pages"}],"about":[{"href":"https:\/\/nord-solution.com\/index.php\/wp-json\/wp\/v2\/types\/page"}],"author":[{"embeddable":true,"href":"https:\/\/nord-solution.com\/index.php\/wp-json\/wp\/v2\/users\/1"}],"replies":[{"embeddable":true,"href":"https:\/\/nord-solution.com\/index.php\/wp-json\/wp\/v2\/comments?post=5259"}],"version-history":[{"count":16,"href":"https:\/\/nord-solution.com\/index.php\/wp-json\/wp\/v2\/pages\/5259\/revisions"}],"predecessor-version":[{"id":10234,"href":"https:\/\/nord-solution.com\/index.php\/wp-json\/wp\/v2\/pages\/5259\/revisions\/10234"}],"wp:attachment":[{"href":"https:\/\/nord-solution.com\/index.php\/wp-json\/wp\/v2\/media?parent=5259"}],"curies":[{"name":"wp","href":"https:\/\/api.w.org\/{rel}","templated":true}]}}