{"id":5204,"date":"2024-01-23T14:11:29","date_gmt":"2024-01-23T13:11:29","guid":{"rendered":"https:\/\/nord-solution.com\/?page_id=5204"},"modified":"2024-06-25T16:10:06","modified_gmt":"2024-06-25T14:10:06","slug":"general-cz","status":"publish","type":"page","link":"https:\/\/nord-solution.com\/index.php\/cs\/general-cz\/","title":{"rendered":"General CZ"},"content":{"rendered":"\t\t<div data-elementor-type=\"wp-page\" data-elementor-id=\"5204\" class=\"elementor elementor-5204\" data-elementor-post-type=\"page\">\n\t\t\t\t\t\t<section class=\"elementor-section elementor-top-section elementor-element elementor-element-4892154 elementor-section-boxed elementor-section-height-default elementor-section-height-default\" data-id=\"4892154\" data-element_type=\"section\" data-settings=\"{&quot;background_background&quot;:&quot;classic&quot;}\">\n\t\t\t\t\t\t<div class=\"elementor-container elementor-column-gap-default\">\n\t\t\t\t\t<div class=\"elementor-column elementor-col-100 elementor-top-column elementor-element elementor-element-776aa11\" data-id=\"776aa11\" data-element_type=\"column\">\n\t\t\t<div class=\"elementor-widget-wrap elementor-element-populated\">\n\t\t\t\t\t\t<div class=\"elementor-element elementor-element-570aaaf1 elementor-widget elementor-widget-spacer\" data-id=\"570aaaf1\" data-element_type=\"widget\" data-widget_type=\"spacer.default\">\n\t\t\t\t\t\t\t<div class=\"elementor-spacer\">\n\t\t\t<div class=\"elementor-spacer-inner\"><\/div>\n\t\t<\/div>\n\t\t\t\t\t\t<\/div>\n\t\t\t\t<div class=\"elementor-element elementor-element-28abe27c elementor-widget elementor-widget-heading\" data-id=\"28abe27c\" data-element_type=\"widget\" data-widget_type=\"heading.default\">\n\t\t\t\t\t<h2 class=\"elementor-heading-title elementor-size-default\">Spole\u010dnost NORD HT AS slu\u010duje fotovoltaickou technologii s tepelnou technikou a oh\u0159evem TUV<\/h2>\t\t\t\t<\/div>\n\t\t\t\t<div class=\"elementor-element elementor-element-7600c2ed elementor-widget elementor-widget-text-editor\" data-id=\"7600c2ed\" data-element_type=\"widget\" data-widget_type=\"text-editor.default\">\n\t\t\t\t\t\t\t\t\t<p>Spole\u010dnost <strong>NORD HT AS<\/strong>, jako jeden z\u00a0nov\u00fdch l\u00eddr\u016f v\u00a0oblasti fotovoltaick\u00fdch a\u00a0topn\u00fdch syst\u00e9m\u016f, p\u0159edstavuje ucelen\u00e9 \u0159e\u0161en\u00ed pro koncept ekologick\u00e9 budovy, kter\u00e9 vych\u00e1z\u00ed ze z\u00e1kladn\u00edch po\u017eadavk\u016f na fotovoltaick\u00fd syst\u00e9m. Mezi tyto po\u017eadavky pat\u0159\u00ed <strong>sob\u011bsta\u010dnost<\/strong>, <strong>maxim\u00e1ln\u00ed ekonomick\u00e9 \u00faspory<\/strong> a\u00a0<strong>ochrana \u017eivotn\u00edho prost\u0159ed\u00ed<\/strong>.\u00a0Celkov\u00fd syst\u00e9m <strong>NORD<\/strong> poskytuje u\u017eivatel\u016fm kompletn\u00ed fotovoltaick\u00fd syst\u00e9m od panel\u016f a\u017e po akumul\u00e1torov\u00e9 \u00falo\u017ei\u0161t\u011b, do n\u011bho\u017e integruje topn\u00e9 prvky <strong>NORD<\/strong>. To p\u0159in\u00e1\u0161\u00ed optimalizaci z\u00e1t\u011b\u017ee, kter\u00e1 dosud na trhu nebyla.\u00a0<\/p><p>Technick\u00fd t\u00fdm spole\u010dnosti <strong>NORD HT AS<\/strong> vyvinul jedine\u010dnou funkci provozu v \u00fasporn\u00e9m re\u017eimu <strong>EcoMode<\/strong>, d\u00edky n\u00ed\u017e m\u016f\u017eete vyu\u017e\u00edvat pro vyt\u00e1p\u011bn\u00ed p\u0159ebytky fotovoltaick\u00e9 energie. Spole\u010dnost <strong>NORD HT AS<\/strong>\u00a0s\u00a0hrdost\u00ed spolupracuje s\u00a0p\u0159edn\u00edmi v\u00fdrobci komponent a\u00a0nab\u00edz\u00ed \u0161pi\u010dkov\u00e9 spolehliv\u00e9 vybaven\u00ed prov\u011b\u0159en\u00e9 dlouholet\u00fdm provozem v\u00a0ter\u00e9nu pro v\u0161echny druhy produkt\u016f, jako jsou <strong>hybridn\u00ed st\u0159\u00edda\u010de, akumul\u00e1tory, nab\u00edje\u010dky pro elektromobily, fotovoltaick\u00e9 moduly, tepeln\u00e1 \u010derpadla a\u00a0oh\u0159\u00edva\u010de tepl\u00e9 vody<\/strong>.<\/p>\t\t\t\t\t\t\t\t<\/div>\n\t\t\t\t<div class=\"elementor-element elementor-element-54dc24b7 elementor-widget elementor-widget-image\" data-id=\"54dc24b7\" data-element_type=\"widget\" data-widget_type=\"image.default\">\n\t\t\t\t\t\t\t\t\t\t\t\t\t\t\t<img fetchpriority=\"high\" decoding=\"async\" width=\"1500\" height=\"700\" src=\"https:\/\/nord-solution.com\/wp-content\/uploads\/2023\/05\/nord-banner-3.png\" class=\"attachment-full size-full wp-image-3442\" alt=\"\" srcset=\"https:\/\/nord-solution.com\/wp-content\/uploads\/2023\/05\/nord-banner-3.png 1500w, https:\/\/nord-solution.com\/wp-content\/uploads\/2023\/05\/nord-banner-3-600x280.png 600w, https:\/\/nord-solution.com\/wp-content\/uploads\/2023\/05\/nord-banner-3-300x140.png 300w, https:\/\/nord-solution.com\/wp-content\/uploads\/2023\/05\/nord-banner-3-1024x478.png 1024w, https:\/\/nord-solution.com\/wp-content\/uploads\/2023\/05\/nord-banner-3-768x358.png 768w\" sizes=\"(max-width: 1500px) 100vw, 1500px\" \/>\t\t\t\t\t\t\t\t\t\t\t\t\t\t\t<\/div>\n\t\t\t\t<div class=\"elementor-element elementor-element-4ff3a973 elementor-widget elementor-widget-text-editor\" data-id=\"4ff3a973\" data-element_type=\"widget\" data-widget_type=\"text-editor.default\">\n\t\t\t\t\t\t\t\t\t<h2 style=\"text-align: center;\"><strong>Kompletn\u00ed \u0159e\u0161en\u00ed NORD pro ekologick\u00e9 budovy<\/strong><\/h2><p>Mezi nejv\u011bt\u0161\u00ed spot\u0159ebi\u010de v dom\u00e1cnosti obvykle pat\u0159\u00ed vyt\u00e1p\u011bn\u00ed a p\u0159\u00edprava tepl\u00e9 vody. Proto je navr\u017eeno spojen\u00ed fotovoltaick\u00e9ho syst\u00e9mu s tepeln\u00fdm \u010derpadlem a oh\u0159evem vody. Spole\u010dnost <strong>NORD<\/strong> <strong>HT AS<\/strong> nab\u00edz\u00ed ucelen\u00e9 \u0159e\u0161en\u00ed, kter\u00e9 kombinuje <strong>fotovoltaick\u00fd syst\u00e9m s\u00a0oh\u0159evem TUV<\/strong>, <strong>vyt\u00e1p\u011bn\u00edm dom\u00e1cnosti<\/strong> a\u00a0nyn\u00ed tak\u00e9 s\u00a0<strong>nab\u00edjen\u00edm elektromobil\u016f<\/strong>\u00a0(elektromobily \/ hybridn\u00ed automobily). Aby z\u00e1kazn\u00edk z\u00a0takto slo\u017eit\u00e9ho syst\u00e9mu mohl vyt\u011b\u017eit maximum, je nutn\u00e9, aby jednotliv\u00e9 komponenty syst\u00e9mu byly <strong>maxim\u00e1ln\u011b kompatibiln\u00ed, u\u017eivatelsky p\u0159\u00edv\u011btiv\u00e9 a\u00a0cenov\u011b dostupn\u00e9<\/strong>. Proto jsou jednotliv\u00e9 komponenty do detailu nastaveny tak, aby vz\u00e1jemn\u011b bez jak\u00fdchkoli probl\u00e9m\u016f spolupracovaly. Jsou \u0159\u00edzeny inteligentn\u00edm managerem EcoControl pro ide\u00e1ln\u00ed v\u00fdrobu energie a tepla.<\/p><p>Cel\u00fd syst\u00e9m lze snadno navrhnout od z\u00e1kladu tak, aby vyhovoval r\u016fznorod\u00fdm po\u017eadavk\u016fm jednotliv\u00fdch z\u00e1kazn\u00edk\u016f. \u010c\u00e1sti syst\u00e9mu lze objedn\u00e1vat v\u00a0r\u016fzn\u00fdch v\u00fdkonnostn\u00edch variant\u00e1ch. <strong>\u0158e\u0161en\u00ed NORD<\/strong> nav\u00edc nen\u00ed omezeno na pou\u017eit\u00ed pouze pro <strong>jednotliv\u00e9 rodinn\u00e9 domy<\/strong>, n\u00fdbr\u017e je vhodn\u00e9 i\u00a0pro instalace v\u00a0<strong>mal\u00fdch<\/strong>\u00a0<strong>bytech, bytov\u00fdch domech, \u010di dokonce men\u0161\u00edch komer\u010dn\u00edch za\u0159\u00edzen\u00edch<\/strong>.<\/p><p>Spole\u010dnost <strong>NORD HT AS<\/strong>\u00a0nab\u00edz\u00ed z\u00e1kazn\u00edk\u016fm to nejlep\u0161\u00ed ze sv\u011bta\u00a0<strong>fotovoltaiky<\/strong>,\u00a0<strong>vyt\u00e1p\u011bn\u00ed dom\u00e1cnost\u00ed<\/strong>\u00a0a\u00a0technologie pro <strong>oh\u0159ev vody<\/strong>, aby co nejv\u00edce p\u0159isp\u011bla nejen k\u00a0ekonomick\u00fdm \u00faspor\u00e1m, ale p\u0159edev\u0161\u00edm k\u00a0mo\u017enosti pod\u00edlet se na boji proti zm\u011bn\u011b klimatu a\u00a0p\u0159isp\u00edvat k\u00a0<strong>udr\u017eiteln\u011bj\u0161\u00ed budoucnosti<\/strong> pro v\u0161echny. Technici spole\u010dnosti <strong>NORD HT AS<\/strong>\u00a0sou\u010dasn\u011b kontroluj\u00ed kvalitu ka\u017ed\u00e9ho v\u00fdrobku, aby byla zaji\u0161t\u011bna jeho dlouh\u00e1 \u017eivotnost a\u00a0n\u00e1vratnost ka\u017ed\u00e9 investice.<\/p>\t\t\t\t\t\t\t\t<\/div>\n\t\t\t\t<div class=\"elementor-element elementor-element-4d8a6f1f elementor-widget elementor-widget-image\" data-id=\"4d8a6f1f\" data-element_type=\"widget\" data-widget_type=\"image.default\">\n\t\t\t\t\t\t\t\t\t\t\t\t\t\t\t<img decoding=\"async\" width=\"2000\" height=\"1000\" src=\"https:\/\/nord-solution.com\/wp-content\/uploads\/2023\/05\/NORD_Solution_Fullpackage.svg\" class=\"attachment-full size-full wp-image-4050\" alt=\"\" \/>\t\t\t\t\t\t\t\t\t\t\t\t\t\t\t<\/div>\n\t\t\t\t\t<\/div>\n\t\t<\/div>\n\t\t\t\t\t<\/div>\n\t\t<\/section>\n\t\t\t\t<\/div>\n\t\t","protected":false},"excerpt":{"rendered":"<p>Spole\u010dnost NORD HT AS slu\u010duje fotovoltaickou technologii s tepelnou technikou a oh\u0159evem TUV Spole\u010dnost NORD HT AS, jako jeden z\u00a0nov\u00fdch l\u00eddr\u016f v\u00a0oblasti fotovoltaick\u00fdch a\u00a0topn\u00fdch syst\u00e9m\u016f, p\u0159edstavuje ucelen\u00e9 \u0159e\u0161en\u00ed pro koncept ekologick\u00e9 budovy, kter\u00e9 vych\u00e1z\u00ed ze z\u00e1kladn\u00edch po\u017eadavk\u016f na fotovoltaick\u00fd syst\u00e9m. Mezi tyto po\u017eadavky pat\u0159\u00ed sob\u011bsta\u010dnost, maxim\u00e1ln\u00ed ekonomick\u00e9 \u00faspory a\u00a0ochrana \u017eivotn\u00edho prost\u0159ed\u00ed.\u00a0Celkov\u00fd syst\u00e9m NORD poskytuje u\u017eivatel\u016fm [&hellip;]<\/p>\n","protected":false},"author":1,"featured_media":0,"parent":0,"menu_order":0,"comment_status":"closed","ping_status":"closed","template":"","meta":{"om_disable_all_campaigns":false,"_monsterinsights_skip_tracking":false,"_monsterinsights_sitenote_active":false,"_monsterinsights_sitenote_note":"","_monsterinsights_sitenote_category":0,"footnotes":""},"_links":{"self":[{"href":"https:\/\/nord-solution.com\/index.php\/wp-json\/wp\/v2\/pages\/5204"}],"collection":[{"href":"https:\/\/nord-solution.com\/index.php\/wp-json\/wp\/v2\/pages"}],"about":[{"href":"https:\/\/nord-solution.com\/index.php\/wp-json\/wp\/v2\/types\/page"}],"author":[{"embeddable":true,"href":"https:\/\/nord-solution.com\/index.php\/wp-json\/wp\/v2\/users\/1"}],"replies":[{"embeddable":true,"href":"https:\/\/nord-solution.com\/index.php\/wp-json\/wp\/v2\/comments?post=5204"}],"version-history":[{"count":40,"href":"https:\/\/nord-solution.com\/index.php\/wp-json\/wp\/v2\/pages\/5204\/revisions"}],"predecessor-version":[{"id":9323,"href":"https:\/\/nord-solution.com\/index.php\/wp-json\/wp\/v2\/pages\/5204\/revisions\/9323"}],"wp:attachment":[{"href":"https:\/\/nord-solution.com\/index.php\/wp-json\/wp\/v2\/media?parent=5204"}],"curies":[{"name":"wp","href":"https:\/\/api.w.org\/{rel}","templated":true}]}}