{"id":4725,"date":"2023-07-20T15:28:41","date_gmt":"2023-07-20T13:28:41","guid":{"rendered":"https:\/\/nord-solution.com\/?page_id=4725"},"modified":"2026-04-14T14:16:44","modified_gmt":"2026-04-14T12:16:44","slug":"kontakty","status":"publish","type":"page","link":"https:\/\/nord-solution.com\/index.php\/pl\/kontakty\/","title":{"rendered":"Kontakty"},"content":{"rendered":"\t\t<div data-elementor-type=\"wp-page\" data-elementor-id=\"4725\" class=\"elementor elementor-4725\" data-elementor-post-type=\"page\">\n\t\t\t\t<div class=\"elementor-element elementor-element-4023d8d2 e-flex e-con-boxed e-con e-parent\" data-id=\"4023d8d2\" data-element_type=\"container\">\n\t\t\t\t\t<div class=\"e-con-inner\">\n\t\t<div class=\"elementor-element elementor-element-5d2bf3f4 e-con-full e-flex e-con e-child\" data-id=\"5d2bf3f4\" data-element_type=\"container\">\n\t\t\t\t<div class=\"elementor-element elementor-element-3cde3c1 elementor-widget elementor-widget-spacer\" data-id=\"3cde3c1\" data-element_type=\"widget\" data-widget_type=\"spacer.default\">\n\t\t\t\t\t\t\t<div class=\"elementor-spacer\">\n\t\t\t<div class=\"elementor-spacer-inner\"><\/div>\n\t\t<\/div>\n\t\t\t\t\t\t<\/div>\n\t\t\t\t<\/div>\n\t\t<div class=\"elementor-element elementor-element-5f27afa e-con-full e-flex e-con e-child\" data-id=\"5f27afa\" data-element_type=\"container\">\n\t\t\t\t<div class=\"elementor-element elementor-element-31e0dfa5 elementor-widget elementor-widget-text-editor\" data-id=\"31e0dfa5\" data-element_type=\"widget\" data-widget_type=\"text-editor.default\">\n\t\t\t\t\t\t\t\t\t<p><span style=\"color: #032866;\">Informacje prawne dotycz\u0105ce sp\u00f3\u0142ki<\/span><\/p>\t\t\t\t\t\t\t\t<\/div>\n\t\t\t\t<div class=\"elementor-element elementor-element-5423630c elementor-widget-divider--view-line elementor-widget elementor-widget-divider\" data-id=\"5423630c\" data-element_type=\"widget\" data-widget_type=\"divider.default\">\n\t\t\t\t\t\t\t<div class=\"elementor-divider\">\n\t\t\t<span class=\"elementor-divider-separator\">\n\t\t\t\t\t\t<\/span>\n\t\t<\/div>\n\t\t\t\t\t\t<\/div>\n\t\t\t\t<\/div>\n\t\t<div class=\"elementor-element elementor-element-498f57de e-con-full e-flex e-con e-child\" data-id=\"498f57de\" data-element_type=\"container\">\n\t\t\t\t<div class=\"elementor-element elementor-element-8c2117 elementor-view-default elementor-widget elementor-widget-icon\" data-id=\"8c2117\" data-element_type=\"widget\" data-widget_type=\"icon.default\">\n\t\t\t\t\t\t\t<div class=\"elementor-icon-wrapper\">\n\t\t\t<div class=\"elementor-icon\">\n\t\t\t<svg aria-hidden=\"true\" class=\"e-font-icon-svg e-far-envelope-open\" viewBox=\"0 0 512 512\" xmlns=\"http:\/\/www.w3.org\/2000\/svg\"><path d=\"M494.586 164.516c-4.697-3.883-111.723-89.95-135.251-108.657C337.231 38.191 299.437 0 256 0c-43.205 0-80.636 37.717-103.335 55.859-24.463 19.45-131.07 105.195-135.15 108.549A48.004 48.004 0 0 0 0 201.485V464c0 26.51 21.49 48 48 48h416c26.51 0 48-21.49 48-48V201.509a48 48 0 0 0-17.414-36.993zM464 458a6 6 0 0 1-6 6H54a6 6 0 0 1-6-6V204.347c0-1.813.816-3.526 2.226-4.665 15.87-12.814 108.793-87.554 132.364-106.293C200.755 78.88 232.398 48 256 48c23.693 0 55.857 31.369 73.41 45.389 23.573 18.741 116.503 93.493 132.366 106.316a5.99 5.99 0 0 1 2.224 4.663V458zm-31.991-187.704c4.249 5.159 3.465 12.795-1.745 16.981-28.975 23.283-59.274 47.597-70.929 56.863C336.636 362.283 299.205 400 256 400c-43.452 0-81.287-38.237-103.335-55.86-11.279-8.967-41.744-33.413-70.927-56.865-5.21-4.187-5.993-11.822-1.745-16.981l15.258-18.528c4.178-5.073 11.657-5.843 16.779-1.726 28.618 23.001 58.566 47.035 70.56 56.571C200.143 320.631 232.307 352 256 352c23.602 0 55.246-30.88 73.41-45.389 11.994-9.535 41.944-33.57 70.563-56.568 5.122-4.116 12.601-3.346 16.778 1.727l15.258 18.526z\"><\/path><\/svg>\t\t\t<\/div>\n\t\t<\/div>\n\t\t\t\t\t\t<\/div>\n\t\t\t\t<div class=\"elementor-element elementor-element-3a095009 elementor-view-default elementor-widget elementor-widget-icon\" data-id=\"3a095009\" data-element_type=\"widget\" data-widget_type=\"icon.default\">\n\t\t\t\t\t\t\t<div class=\"elementor-icon-wrapper\">\n\t\t\t<div class=\"elementor-icon\">\n\t\t\t<svg aria-hidden=\"true\" class=\"e-font-icon-svg e-fas-tools\" viewBox=\"0 0 512 512\" xmlns=\"http:\/\/www.w3.org\/2000\/svg\"><path d=\"M501.1 395.7L384 278.6c-23.1-23.1-57.6-27.6-85.4-13.9L192 158.1V96L64 0 0 64l96 128h62.1l106.6 106.6c-13.6 27.8-9.2 62.3 13.9 85.4l117.1 117.1c14.6 14.6 38.2 14.6 52.7 0l52.7-52.7c14.5-14.6 14.5-38.2 0-52.7zM331.7 225c28.3 0 54.9 11 74.9 31l19.4 19.4c15.8-6.9 30.8-16.5 43.8-29.5 37.1-37.1 49.7-89.3 37.9-136.7-2.2-9-13.5-12.1-20.1-5.5l-74.4 74.4-67.9-11.3L334 98.9l74.4-74.4c6.6-6.6 3.4-17.9-5.7-20.2-47.4-11.7-99.6.9-136.6 37.9-28.5 28.5-41.9 66.1-41.2 103.6l82.1 82.1c8.1-1.9 16.5-2.9 24.7-2.9zm-103.9 82l-56.7-56.7L18.7 402.8c-25 25-25 65.5 0 90.5s65.5 25 90.5 0l123.6-123.6c-7.6-19.9-9.9-41.6-5-62.7zM64 472c-13.2 0-24-10.8-24-24 0-13.3 10.7-24 24-24s24 10.7 24 24c0 13.2-10.7 24-24 24z\"><\/path><\/svg>\t\t\t<\/div>\n\t\t<\/div>\n\t\t\t\t\t\t<\/div>\n\t\t\t\t<\/div>\n\t\t<div class=\"elementor-element elementor-element-6442adb3 e-con-full e-flex e-con e-child\" data-id=\"6442adb3\" data-element_type=\"container\">\n\t\t\t\t<div class=\"elementor-element elementor-element-72e3c38 elementor-widget elementor-widget-text-editor\" data-id=\"72e3c38\" data-element_type=\"widget\" data-widget_type=\"text-editor.default\">\n\t\t\t\t\t\t\t\t\t<p style=\"text-align: left;\"><span style=\"color: #032866;\"><strong>sales@nord-solution.pl<\/strong><\/span><\/p>\t\t\t\t\t\t\t\t<\/div>\n\t\t\t\t<div class=\"elementor-element elementor-element-62a075c3 elementor-widget elementor-widget-text-editor\" data-id=\"62a075c3\" data-element_type=\"widget\" data-widget_type=\"text-editor.default\">\n\t\t\t\t\t\t\t\t\t<p style=\"text-align: left;\"><span style=\"color: #032866;\"><strong>support@nord-solution.pl<\/strong><\/span><\/p>\t\t\t\t\t\t\t\t<\/div>\n\t\t\t\t<\/div>\n\t\t<div class=\"elementor-element elementor-element-36df5494 e-con-full e-flex e-con e-child\" data-id=\"36df5494\" data-element_type=\"container\">\n\t\t\t\t<div class=\"elementor-element elementor-element-68386d01 elementor-widget elementor-widget-text-editor\" data-id=\"68386d01\" data-element_type=\"widget\" data-widget_type=\"text-editor.default\">\n\t\t\t\t\t\t\t\t\t<p><span style=\"color: #032866;\"><strong>Nord HT Sp. z o.o.<\/strong> <br \/><\/span><span style=\"color: #032866;\">J\u00f3zefa Wybickiego 7a<br \/>31-261 Krak\u00f3w <br \/><strong>Poland<br \/><\/strong> <br \/>KRS: 0000990973\u00a0 \u00a0 \u00a0 \u00a0 \u00a0 \u00a0 <span style=\"color: #003366;\">NIP.: PL6751770109<\/span><\/span><\/p><p><span style=\"color: #003366;\">IBAN.: PL62 1090 1838 0000 0001 5452 7123<\/span><\/p>\t\t\t\t\t\t\t\t<\/div>\n\t\t\t\t<\/div>\n\t\t<div class=\"elementor-element elementor-element-26190788 e-con-full e-flex e-con e-child\" data-id=\"26190788\" data-element_type=\"container\">\n\t\t\t\t<div class=\"elementor-element elementor-element-2df64076 elementor-widget elementor-widget-text-editor\" data-id=\"2df64076\" data-element_type=\"widget\" data-widget_type=\"text-editor.default\">\n\t\t\t\t\t\t\t\t\t<p><span style=\"color: #003366;\"><strong><br \/><br \/>CEO<\/strong> &#8211; Damian Samborski<\/span><\/p><p>\u00a0<\/p>\t\t\t\t\t\t\t\t<\/div>\n\t\t\t\t<\/div>\n\t\t\t\t\t<\/div>\n\t\t\t\t<\/div>\n\t\t<div class=\"elementor-element elementor-element-c3208b9 e-flex e-con-boxed e-con e-parent\" data-id=\"c3208b9\" data-element_type=\"container\">\n\t\t\t\t\t<div class=\"e-con-inner\">\n\t\t\t\t<div class=\"elementor-element elementor-element-619d9768 elementor-widget elementor-widget-n-accordion\" data-id=\"619d9768\" data-element_type=\"widget\" data-settings=\"{&quot;default_state&quot;:&quot;expanded&quot;,&quot;max_items_expended&quot;:&quot;one&quot;,&quot;n_accordion_animation_duration&quot;:{&quot;unit&quot;:&quot;ms&quot;,&quot;size&quot;:400,&quot;sizes&quot;:[]}}\" data-widget_type=\"nested-accordion.default\">\n\t\t\t\t\t\t\t<div class=\"e-n-accordion\" aria-label=\"Accordion. Open links with Enter or Space, close with Escape, and navigate with Arrow Keys\">\n\t\t\t\t\t\t<details id=\"e-n-accordion-item-1630\" class=\"e-n-accordion-item\" open>\n\t\t\t\t<summary class=\"e-n-accordion-item-title\" data-accordion-index=\"1\" tabindex=\"0\" aria-expanded=\"true\" aria-controls=\"e-n-accordion-item-1630\" >\n\t\t\t\t\t<span class='e-n-accordion-item-title-header'><h6 class=\"e-n-accordion-item-title-text\"> Kontakt handlowy <\/h6><\/span>\n\t\t\t\t\t\t\t<span class='e-n-accordion-item-title-icon'>\n\t\t\t<span class='e-opened' ><svg aria-hidden=\"true\" class=\"e-font-icon-svg e-fas-angle-up\" viewBox=\"0 0 320 512\" xmlns=\"http:\/\/www.w3.org\/2000\/svg\"><path d=\"M177 159.7l136 136c9.4 9.4 9.4 24.6 0 33.9l-22.6 22.6c-9.4 9.4-24.6 9.4-33.9 0L160 255.9l-96.4 96.4c-9.4 9.4-24.6 9.4-33.9 0L7 329.7c-9.4-9.4-9.4-24.6 0-33.9l136-136c9.4-9.5 24.6-9.5 34-.1z\"><\/path><\/svg><\/span>\n\t\t\t<span class='e-closed'><svg aria-hidden=\"true\" class=\"e-font-icon-svg e-fas-angle-down\" viewBox=\"0 0 320 512\" xmlns=\"http:\/\/www.w3.org\/2000\/svg\"><path d=\"M143 352.3L7 216.3c-9.4-9.4-9.4-24.6 0-33.9l22.6-22.6c9.4-9.4 24.6-9.4 33.9 0l96.4 96.4 96.4-96.4c9.4-9.4 24.6-9.4 33.9 0l22.6 22.6c9.4 9.4 9.4 24.6 0 33.9l-136 136c-9.2 9.4-24.4 9.4-33.8 0z\"><\/path><\/svg><\/span>\n\t\t<\/span>\n\n\t\t\t\t\t\t<\/summary>\n\t\t\t\t<div role=\"region\" aria-labelledby=\"e-n-accordion-item-1630\" class=\"elementor-element elementor-element-362635f9 e-con-full e-flex e-con e-child\" data-id=\"362635f9\" data-element_type=\"container\">\n\t\t<div role=\"region\" aria-labelledby=\"e-n-accordion-item-1630\" class=\"elementor-element elementor-element-5ea43e59 e-con-full e-flex e-con e-child\" data-id=\"5ea43e59\" data-element_type=\"container\">\n\t\t\t\t<div class=\"elementor-element elementor-element-498f1e5e elementor-widget elementor-widget-text-editor\" data-id=\"498f1e5e\" data-element_type=\"widget\" data-widget_type=\"text-editor.default\">\n\t\t\t\t\t\t\t\t\t<p><strong><span style=\"color: #003366;\">Oficjalny importer w UE:<\/span><\/strong><\/p><p><strong><span style=\"color: #003366;\">GBC Solino s.r.o.\u00a0<\/span><\/strong><br \/><span style=\"color: #003366;\">U Panel\u00e1rny 10\u00a0 \u00a0\u00a0<\/span><br \/><span style=\"color: #003366;\">779 00 Olomouc<\/span><br \/><strong><span style=\"color: #003366;\">Czechy<\/span><\/strong><\/p>\t\t\t\t\t\t\t\t<\/div>\n\t\t\t\t<\/div>\n\t\t<div role=\"region\" aria-labelledby=\"e-n-accordion-item-1630\" class=\"elementor-element elementor-element-2d2ec86f e-con-full e-flex e-con e-child\" data-id=\"2d2ec86f\" data-element_type=\"container\">\n\t\t\t\t<div class=\"elementor-element elementor-element-62fc3b4b elementor-widget elementor-widget-image\" data-id=\"62fc3b4b\" data-element_type=\"widget\" data-widget_type=\"image.default\">\n\t\t\t\t\t\t\t\t\t\t\t\t\t\t\t<img fetchpriority=\"high\" decoding=\"async\" width=\"300\" height=\"225\" src=\"https:\/\/nord-solution.com\/wp-content\/uploads\/2026\/04\/Artur_Czarny_300x225px.png\" class=\"attachment-medium_large size-medium_large wp-image-32335\" alt=\"\" \/>\t\t\t\t\t\t\t\t\t\t\t\t\t\t\t<\/div>\n\t\t\t\t<div class=\"elementor-element elementor-element-46d7f845 elementor-widget elementor-widget-text-editor\" data-id=\"46d7f845\" data-element_type=\"widget\" data-widget_type=\"text-editor.default\">\n\t\t\t\t\t\t\t\t\t<p style=\"text-align: center;\"><strong><span style=\"color: #003366;\">Artur Czarny\u00a0<\/span><\/strong><br \/><span style=\"color: #003366;\">Country Sales Manager<br \/><\/span><span style=\"color: #003366;\"> (+48) 788 800 408<br \/><\/span><span style=\"color: #003366;\">hurtownia@gbc-solino.cz<\/span><\/p>\t\t\t\t\t\t\t\t<\/div>\n\t\t\t\t<\/div>\n\t\t<div role=\"region\" aria-labelledby=\"e-n-accordion-item-1630\" class=\"elementor-element elementor-element-72517104 e-con-full e-flex e-con e-child\" data-id=\"72517104\" data-element_type=\"container\">\n\t\t\t\t<div class=\"elementor-element elementor-element-96b0334 elementor-widget elementor-widget-image\" data-id=\"96b0334\" data-element_type=\"widget\" data-widget_type=\"image.default\">\n\t\t\t\t\t\t\t\t\t\t\t\t\t\t\t<img decoding=\"async\" width=\"300\" height=\"225\" src=\"https:\/\/nord-solution.com\/wp-content\/uploads\/2026\/04\/Michal_Biczysko_300x225px.png\" class=\"attachment-medium_large size-medium_large wp-image-32334\" alt=\"\" \/>\t\t\t\t\t\t\t\t\t\t\t\t\t\t\t<\/div>\n\t\t\t\t<div class=\"elementor-element elementor-element-1af6cb0 elementor-widget elementor-widget-text-editor\" data-id=\"1af6cb0\" data-element_type=\"widget\" data-widget_type=\"text-editor.default\">\n\t\t\t\t\t\t\t\t\t<p style=\"text-align: center;\"><strong><span style=\"color: #003366;\">Micha\u0142 Biczysko<\/span><\/strong><span style=\"color: #003366;\"><br \/>Area Sales Manager<br \/><\/span><span style=\"color: #003366;\"> (+48) 788 800 407<br \/><\/span><span style=\"color: #003366;\">hurtownia@gbc-solino.cz<\/span><\/p>\t\t\t\t\t\t\t\t<\/div>\n\t\t\t\t<\/div>\n\t\t<div role=\"region\" aria-labelledby=\"e-n-accordion-item-1630\" class=\"elementor-element elementor-element-1e53dc5 e-con-full e-flex e-con e-child\" data-id=\"1e53dc5\" data-element_type=\"container\">\n\t\t\t\t<div class=\"elementor-element elementor-element-2b56bfc elementor-widget elementor-widget-image\" data-id=\"2b56bfc\" data-element_type=\"widget\" data-widget_type=\"image.default\">\n\t\t\t\t\t\t\t\t\t\t\t\t\t\t\t<img decoding=\"async\" width=\"300\" height=\"225\" src=\"https:\/\/nord-solution.com\/wp-content\/uploads\/2026\/04\/Piotr_300x225px.png\" class=\"attachment-medium_large size-medium_large wp-image-32333\" alt=\"\" \/>\t\t\t\t\t\t\t\t\t\t\t\t\t\t\t<\/div>\n\t\t\t\t<div class=\"elementor-element elementor-element-5b091b7 elementor-widget elementor-widget-text-editor\" data-id=\"5b091b7\" data-element_type=\"widget\" data-widget_type=\"text-editor.default\">\n\t\t\t\t\t\t\t\t\t<p style=\"text-align: center;\"><strong><span style=\"color: #003366;\">Piotr Dzi\u0105\u0107ko\u00a0<\/span><\/strong><br \/><span style=\"color: #003366;\">Area Sales Manager<br \/><\/span><span style=\"color: #003366;\"> (+48) 788 205 707<br \/><\/span><span style=\"color: #003366;\">hurtownia@gbc-solino.cz<\/span><\/p>\t\t\t\t\t\t\t\t<\/div>\n\t\t\t\t<\/div>\n\t\t\t\t<\/div>\n\t\t\t\t\t<\/details>\n\t\t\t\t\t<\/div>\n\t\t\t\t\t\t<\/div>\n\t\t\t\t\t<\/div>\n\t\t\t\t<\/div>\n\t\t<div class=\"elementor-element elementor-element-1ec3903a e-flex e-con-boxed e-con e-parent\" data-id=\"1ec3903a\" data-element_type=\"container\">\n\t\t\t\t\t<div class=\"e-con-inner\">\n\t\t\t\t<div class=\"elementor-element elementor-element-3748dd21 elementor-widget elementor-widget-text-editor\" data-id=\"3748dd21\" data-element_type=\"widget\" data-widget_type=\"text-editor.default\">\n\t\t\t\t\t\t\t\t\t<p><span style=\"color: #032866;\">Biura NORD HT na ca\u0142ym \u015bwiecie<\/span><\/p>\t\t\t\t\t\t\t\t<\/div>\n\t\t\t\t<div class=\"elementor-element elementor-element-4435b9e elementor-widget-divider--view-line elementor-widget elementor-widget-divider\" data-id=\"4435b9e\" data-element_type=\"widget\" data-widget_type=\"divider.default\">\n\t\t\t\t\t\t\t<div class=\"elementor-divider\">\n\t\t\t<span class=\"elementor-divider-separator\">\n\t\t\t\t\t\t<\/span>\n\t\t<\/div>\n\t\t\t\t\t\t<\/div>\n\t\t\t\t\t<\/div>\n\t\t\t\t<\/div>\n\t\t<div class=\"elementor-element elementor-element-323cdabe e-flex e-con-boxed e-con e-parent\" data-id=\"323cdabe\" data-element_type=\"container\">\n\t\t\t\t\t<div class=\"e-con-inner\">\n\t\t<div class=\"elementor-element elementor-element-282b8fec e-con-full e-flex e-con e-child\" data-id=\"282b8fec\" data-element_type=\"container\">\n\t\t\t\t<div class=\"elementor-element elementor-element-375f97cb elementor-widget elementor-widget-image\" data-id=\"375f97cb\" data-element_type=\"widget\" data-widget_type=\"image.default\">\n\t\t\t\t\t\t\t\t\t\t\t\t\t\t\t<img loading=\"lazy\" decoding=\"async\" width=\"300\" height=\"180\" src=\"https:\/\/nord-solution.com\/wp-content\/uploads\/2023\/05\/NO-flag-300x180.png\" class=\"attachment-medium size-medium wp-image-3461\" alt=\"\" srcset=\"https:\/\/nord-solution.com\/wp-content\/uploads\/2023\/05\/NO-flag-300x180.png 300w, https:\/\/nord-solution.com\/wp-content\/uploads\/2023\/05\/NO-flag.png 500w\" sizes=\"(max-width: 300px) 100vw, 300px\" \/>\t\t\t\t\t\t\t\t\t\t\t\t\t\t\t<\/div>\n\t\t\t\t<div class=\"elementor-element elementor-element-1e20c790 elementor-widget elementor-widget-text-editor\" data-id=\"1e20c790\" data-element_type=\"widget\" data-widget_type=\"text-editor.default\">\n\t\t\t\t\t\t\t\t\t<p><strong><span style=\"color: #032866;\">Nord HT AS<\/span><\/strong><br \/><span style=\"color: #003366;\">Plattformvegen 2<\/span><br \/><span style=\"color: #003366;\">4056 TANANGER \u00a0<\/span><br \/><strong><span style=\"color: #032866;\">Norway<\/span><\/strong><\/p><p><span style=\"color: #032866;\">ORG: 931 455 842<\/span><\/p><p><span style=\"color: #003366;\"><strong>Siedziba firmy<\/strong><\/span><\/p>\t\t\t\t\t\t\t\t<\/div>\n\t\t\t\t<\/div>\n\t\t<div class=\"elementor-element elementor-element-6b460b e-con-full e-flex e-con e-child\" data-id=\"6b460b\" data-element_type=\"container\">\n\t\t\t\t<div class=\"elementor-element elementor-element-17f1720a elementor-widget elementor-widget-image\" data-id=\"17f1720a\" data-element_type=\"widget\" data-widget_type=\"image.default\">\n\t\t\t\t\t\t\t\t\t\t\t\t\t\t\t<img loading=\"lazy\" decoding=\"async\" width=\"300\" height=\"180\" src=\"https:\/\/nord-solution.com\/wp-content\/uploads\/2024\/11\/Flag_of_Germany.svg\" class=\"attachment-medium size-medium wp-image-11852\" alt=\"\" \/>\t\t\t\t\t\t\t\t\t\t\t\t\t\t\t<\/div>\n\t\t\t\t<div class=\"elementor-element elementor-element-667b0da4 elementor-widget elementor-widget-text-editor\" data-id=\"667b0da4\" data-element_type=\"widget\" data-widget_type=\"text-editor.default\">\n\t\t\t\t\t\t\t\t\t<p><strong><span style=\"color: #032866;\">Nord HT GmbH<\/span><\/strong><br \/><span style=\"color: #003366;\">Kleines Feldlein 26<\/span><br \/><span style=\"color: #003366;\">74889 Sinsheim \u2013 D\u00fchren \u00a0\u00a0<\/span><br \/><strong><span style=\"color: #032866;\">Germany<\/span><\/strong><\/p><p><span style=\"color: #032866;\">Handelsreg.: B 751991<\/span><\/p><p><span style=\"color: #003366;\"><strong>Biuro krajowe<\/strong><\/span><\/p>\t\t\t\t\t\t\t\t<\/div>\n\t\t\t\t<\/div>\n\t\t<div class=\"elementor-element elementor-element-3e2baa32 e-con-full e-flex e-con e-child\" data-id=\"3e2baa32\" data-element_type=\"container\">\n\t\t\t\t<div class=\"elementor-element elementor-element-7a15cae9 elementor-widget elementor-widget-image\" data-id=\"7a15cae9\" data-element_type=\"widget\" data-widget_type=\"image.default\">\n\t\t\t\t\t\t\t\t\t\t\t\t\t\t\t<img loading=\"lazy\" decoding=\"async\" width=\"300\" height=\"158\" src=\"https:\/\/nord-solution.com\/wp-content\/uploads\/2024\/11\/Flag_of_the_United_States.svg\" class=\"attachment-medium size-medium wp-image-11815\" alt=\"\" \/>\t\t\t\t\t\t\t\t\t\t\t\t\t\t\t<\/div>\n\t\t\t\t<div class=\"elementor-element elementor-element-6094e52c elementor-widget elementor-widget-text-editor\" data-id=\"6094e52c\" data-element_type=\"widget\" data-widget_type=\"text-editor.default\">\n\t\t\t\t\t\t\t\t\t<p><strong><span style=\"color: #032866;\">Nord HT Florida<\/span><\/strong><br \/><span style=\"color: #003366;\">7695 Abby Brooks CIR<\/span><br \/><span style=\"color: #003366;\">Wesley Chapel, FL 33545<\/span><br \/><strong><span style=\"color: #032866;\">North America (USA)<\/span><\/strong><\/p><p><span style=\"color: #032866;\">Reg.: Nord FPA US4501<\/span><\/p><p><span style=\"color: #003366;\"><strong>Biuro krajowe<\/strong><\/span><\/p>\t\t\t\t\t\t\t\t<\/div>\n\t\t\t\t<\/div>\n\t\t\t\t\t<\/div>\n\t\t\t\t<\/div>\n\t\t\t\t<section class=\"elementor-section elementor-top-section elementor-element elementor-element-cb592af elementor-section-boxed elementor-section-height-default elementor-section-height-default\" data-id=\"cb592af\" data-element_type=\"section\" data-settings=\"{&quot;background_background&quot;:&quot;classic&quot;}\">\n\t\t\t\t\t\t<div class=\"elementor-container elementor-column-gap-default\">\n\t\t\t\t\t<div class=\"elementor-column elementor-col-100 elementor-top-column elementor-element elementor-element-3dbfe74\" data-id=\"3dbfe74\" data-element_type=\"column\">\n\t\t\t<div class=\"elementor-widget-wrap elementor-element-populated\">\n\t\t\t\t\t\t<div class=\"elementor-element elementor-element-2a26fb7c elementor-widget elementor-widget-image\" data-id=\"2a26fb7c\" data-element_type=\"widget\" data-widget_type=\"image.default\">\n\t\t\t\t\t\t\t\t\t\t\t\t\t\t\t<img loading=\"lazy\" decoding=\"async\" width=\"2584\" height=\"1361\" src=\"https:\/\/nord-solution.com\/wp-content\/uploads\/2026\/01\/mapa-nord-kontakty-nova-1.png\" class=\"attachment-full size-full wp-image-29653\" alt=\"\" srcset=\"https:\/\/nord-solution.com\/wp-content\/uploads\/2026\/01\/mapa-nord-kontakty-nova-1.png 2584w, https:\/\/nord-solution.com\/wp-content\/uploads\/2026\/01\/mapa-nord-kontakty-nova-1-300x158.png 300w, https:\/\/nord-solution.com\/wp-content\/uploads\/2026\/01\/mapa-nord-kontakty-nova-1-1024x539.png 1024w, https:\/\/nord-solution.com\/wp-content\/uploads\/2026\/01\/mapa-nord-kontakty-nova-1-768x405.png 768w, https:\/\/nord-solution.com\/wp-content\/uploads\/2026\/01\/mapa-nord-kontakty-nova-1-1536x809.png 1536w, https:\/\/nord-solution.com\/wp-content\/uploads\/2026\/01\/mapa-nord-kontakty-nova-1-2048x1079.png 2048w, https:\/\/nord-solution.com\/wp-content\/uploads\/2026\/01\/mapa-nord-kontakty-nova-1-600x316.png 600w\" sizes=\"(max-width: 2584px) 100vw, 2584px\" \/>\t\t\t\t\t\t\t\t\t\t\t\t\t\t\t<\/div>\n\t\t\t\t\t<\/div>\n\t\t<\/div>\n\t\t\t\t\t<\/div>\n\t\t<\/section>\n\t\t\t\t<\/div>\n\t\t","protected":false},"excerpt":{"rendered":"<p>Informacje prawne dotycz\u0105ce sp\u00f3\u0142ki sales@nord-solution.pl support@nord-solution.pl Nord HT Sp. z o.o. J\u00f3zefa Wybickiego 7a31-261 Krak\u00f3w Poland KRS: 0000990973\u00a0 \u00a0 \u00a0 \u00a0 \u00a0 \u00a0 NIP.: PL6751770109 IBAN.: PL62 1090 1838 0000 0001 5452 7123 CEO &#8211; Damian Samborski \u00a0 Kontakt handlowy Oficjalny importer w UE: GBC Solino s.r.o.\u00a0U Panel\u00e1rny 10\u00a0 \u00a0\u00a0779 00 OlomoucCzechy Artur Czarny\u00a0Country Sales [&hellip;]<\/p>\n","protected":false},"author":1,"featured_media":0,"parent":0,"menu_order":0,"comment_status":"closed","ping_status":"closed","template":"","meta":{"om_disable_all_campaigns":false,"_monsterinsights_skip_tracking":false,"_monsterinsights_sitenote_active":false,"_monsterinsights_sitenote_note":"","_monsterinsights_sitenote_category":0,"footnotes":""},"_links":{"self":[{"href":"https:\/\/nord-solution.com\/index.php\/wp-json\/wp\/v2\/pages\/4725"}],"collection":[{"href":"https:\/\/nord-solution.com\/index.php\/wp-json\/wp\/v2\/pages"}],"about":[{"href":"https:\/\/nord-solution.com\/index.php\/wp-json\/wp\/v2\/types\/page"}],"author":[{"embeddable":true,"href":"https:\/\/nord-solution.com\/index.php\/wp-json\/wp\/v2\/users\/1"}],"replies":[{"embeddable":true,"href":"https:\/\/nord-solution.com\/index.php\/wp-json\/wp\/v2\/comments?post=4725"}],"version-history":[{"count":10,"href":"https:\/\/nord-solution.com\/index.php\/wp-json\/wp\/v2\/pages\/4725\/revisions"}],"predecessor-version":[{"id":32338,"href":"https:\/\/nord-solution.com\/index.php\/wp-json\/wp\/v2\/pages\/4725\/revisions\/32338"}],"wp:attachment":[{"href":"https:\/\/nord-solution.com\/index.php\/wp-json\/wp\/v2\/media?parent=4725"}],"curies":[{"name":"wp","href":"https:\/\/api.w.org\/{rel}","templated":true}]}}