{"id":4674,"date":"2023-07-20T15:09:09","date_gmt":"2023-07-20T13:09:09","guid":{"rendered":"https:\/\/nord-solution.com\/?page_id=4674"},"modified":"2024-02-06T10:07:28","modified_gmt":"2024-02-06T09:07:28","slug":"mikro","status":"publish","type":"page","link":"https:\/\/nord-solution.com\/index.php\/pl\/mikro\/","title":{"rendered":"Mikro"},"content":{"rendered":"\t\t<div data-elementor-type=\"wp-page\" data-elementor-id=\"4674\" class=\"elementor elementor-4674\" data-elementor-post-type=\"page\">\n\t\t\t\t\t\t<section class=\"elementor-section elementor-top-section elementor-element elementor-element-4e73c925 elementor-section-boxed elementor-section-height-default elementor-section-height-default\" data-id=\"4e73c925\" data-element_type=\"section\" data-settings=\"{&quot;background_background&quot;:&quot;classic&quot;}\">\n\t\t\t\t\t\t<div class=\"elementor-container elementor-column-gap-default\">\n\t\t\t\t\t<div class=\"elementor-column elementor-col-100 elementor-top-column elementor-element elementor-element-7f283a49\" data-id=\"7f283a49\" data-element_type=\"column\">\n\t\t\t<div class=\"elementor-widget-wrap elementor-element-populated\">\n\t\t\t\t\t\t<div class=\"elementor-element elementor-element-3e5af20e elementor-widget elementor-widget-spacer\" data-id=\"3e5af20e\" data-element_type=\"widget\" data-widget_type=\"spacer.default\">\n\t\t\t\t\t\t\t<div class=\"elementor-spacer\">\n\t\t\t<div class=\"elementor-spacer-inner\"><\/div>\n\t\t<\/div>\n\t\t\t\t\t\t<\/div>\n\t\t\t\t<div class=\"elementor-element elementor-element-7353003c elementor-widget elementor-widget-heading\" data-id=\"7353003c\" data-element_type=\"widget\" data-widget_type=\"heading.default\">\n\t\t\t\t\t<h1 class=\"elementor-heading-title elementor-size-default\">Mikro<\/h1>\t\t\t\t<\/div>\n\t\t\t\t<div class=\"elementor-element elementor-element-342d28a0 elementor-widget elementor-widget-text-editor\" data-id=\"342d28a0\" data-element_type=\"widget\" data-widget_type=\"text-editor.default\">\n\t\t\t\t\t\t\t\t\t<p><strong>Inteligentne mikro rozwi\u0105zanie<\/strong> dla domku letniskowego lub ma\u0142ego mieszkania z zainstalowan\u0105 zazwyczaj moc\u0105 fotowoltaiczn\u0105 od<strong> 0,6 kWp do 3 kWp<\/strong> (z mikroinwerterem), wyposa\u017cone w now\u0105 generacj\u0119 mened\u017cera zielonej energii <strong>NORD Power Genius 3000<\/strong>, kt\u00f3ry steruje zasobnikem <strong>CWU<\/strong>.<\/p>\t\t\t\t\t\t\t\t<\/div>\n\t\t\t\t<div class=\"elementor-element elementor-element-28528df8 elementor-widget elementor-widget-image\" data-id=\"28528df8\" data-element_type=\"widget\" data-widget_type=\"image.default\">\n\t\t\t\t\t\t\t\t\t\t\t\t\t\t\t<img fetchpriority=\"high\" decoding=\"async\" width=\"2000\" height=\"1000\" src=\"https:\/\/nord-solution.com\/wp-content\/uploads\/2023\/05\/NORD_Micro-2.svg\" class=\"attachment-full size-full wp-image-4046\" alt=\"\" \/>\t\t\t\t\t\t\t\t\t\t\t\t\t\t\t<\/div>\n\t\t\t\t<div class=\"elementor-element elementor-element-8651fbb elementor-widget elementor-widget-text-editor\" data-id=\"8651fbb\" data-element_type=\"widget\" data-widget_type=\"text-editor.default\">\n\t\t\t\t\t\t\t\t\t<h3><strong>Konfiguracja:<\/strong><\/h3><ul><li>0,6 kWp &gt; PV &gt; 3 kWp<\/li><li><strong>Solax X1 MINI \/ Solax X1 BOOST \/ Solax X3 MIC G2<\/strong><\/li><li>Licznik inteligentny Solax Chint\/Eastron<\/li><li><strong>Kocio\u0142 CWU lub EcoBoiler<\/strong><\/li><li>NORD Power Genius 3000 z NORD SSR<\/li><\/ul>\t\t\t\t\t\t\t\t<\/div>\n\t\t\t\t<div class=\"elementor-element elementor-element-31d1ae0 elementor-widget elementor-widget-spacer\" data-id=\"31d1ae0\" data-element_type=\"widget\" data-widget_type=\"spacer.default\">\n\t\t\t\t\t\t\t<div class=\"elementor-spacer\">\n\t\t\t<div class=\"elementor-spacer-inner\"><\/div>\n\t\t<\/div>\n\t\t\t\t\t\t<\/div>\n\t\t\t\t\t<\/div>\n\t\t<\/div>\n\t\t\t\t\t<\/div>\n\t\t<\/section>\n\t\t\t\t<\/div>\n\t\t","protected":false},"excerpt":{"rendered":"<p>Mikro Inteligentne mikro rozwi\u0105zanie dla domku letniskowego lub ma\u0142ego mieszkania z zainstalowan\u0105 zazwyczaj moc\u0105 fotowoltaiczn\u0105 od 0,6 kWp do 3 kWp (z mikroinwerterem), wyposa\u017cone w now\u0105 generacj\u0119 mened\u017cera zielonej energii NORD Power Genius 3000, kt\u00f3ry steruje zasobnikem CWU. Konfiguracja: 0,6 kWp &gt; PV &gt; 3 kWp Solax X1 MINI \/ Solax X1 BOOST \/ Solax [&hellip;]<\/p>\n","protected":false},"author":1,"featured_media":0,"parent":0,"menu_order":0,"comment_status":"closed","ping_status":"closed","template":"","meta":{"om_disable_all_campaigns":false,"_monsterinsights_skip_tracking":false,"_monsterinsights_sitenote_active":false,"_monsterinsights_sitenote_note":"","_monsterinsights_sitenote_category":0,"footnotes":""},"_links":{"self":[{"href":"https:\/\/nord-solution.com\/index.php\/wp-json\/wp\/v2\/pages\/4674"}],"collection":[{"href":"https:\/\/nord-solution.com\/index.php\/wp-json\/wp\/v2\/pages"}],"about":[{"href":"https:\/\/nord-solution.com\/index.php\/wp-json\/wp\/v2\/types\/page"}],"author":[{"embeddable":true,"href":"https:\/\/nord-solution.com\/index.php\/wp-json\/wp\/v2\/users\/1"}],"replies":[{"embeddable":true,"href":"https:\/\/nord-solution.com\/index.php\/wp-json\/wp\/v2\/comments?post=4674"}],"version-history":[{"count":10,"href":"https:\/\/nord-solution.com\/index.php\/wp-json\/wp\/v2\/pages\/4674\/revisions"}],"predecessor-version":[{"id":5528,"href":"https:\/\/nord-solution.com\/index.php\/wp-json\/wp\/v2\/pages\/4674\/revisions\/5528"}],"wp:attachment":[{"href":"https:\/\/nord-solution.com\/index.php\/wp-json\/wp\/v2\/media?parent=4674"}],"curies":[{"name":"wp","href":"https:\/\/api.w.org\/{rel}","templated":true}]}}