{"id":4669,"date":"2023-07-20T15:06:57","date_gmt":"2023-07-20T13:06:57","guid":{"rendered":"https:\/\/nord-solution.com\/?page_id=4669"},"modified":"2024-06-28T10:17:53","modified_gmt":"2024-06-28T08:17:53","slug":"general","status":"publish","type":"page","link":"https:\/\/nord-solution.com\/index.php\/pl\/general\/","title":{"rendered":"Og\u00f3lne"},"content":{"rendered":"\t\t<div data-elementor-type=\"wp-page\" data-elementor-id=\"4669\" class=\"elementor elementor-4669\" data-elementor-post-type=\"page\">\n\t\t\t\t\t\t<section class=\"elementor-section elementor-top-section elementor-element elementor-element-4892154 elementor-section-boxed elementor-section-height-default elementor-section-height-default\" data-id=\"4892154\" data-element_type=\"section\" data-settings=\"{&quot;background_background&quot;:&quot;classic&quot;}\">\n\t\t\t\t\t\t<div class=\"elementor-container elementor-column-gap-default\">\n\t\t\t\t\t<div class=\"elementor-column elementor-col-100 elementor-top-column elementor-element elementor-element-776aa11\" data-id=\"776aa11\" data-element_type=\"column\">\n\t\t\t<div class=\"elementor-widget-wrap elementor-element-populated\">\n\t\t\t\t\t\t<div class=\"elementor-element elementor-element-570aaaf1 elementor-widget elementor-widget-spacer\" data-id=\"570aaaf1\" data-element_type=\"widget\" data-widget_type=\"spacer.default\">\n\t\t\t\t\t\t\t<div class=\"elementor-spacer\">\n\t\t\t<div class=\"elementor-spacer-inner\"><\/div>\n\t\t<\/div>\n\t\t\t\t\t\t<\/div>\n\t\t\t\t<div class=\"elementor-element elementor-element-28abe27c elementor-widget elementor-widget-heading\" data-id=\"28abe27c\" data-element_type=\"widget\" data-widget_type=\"heading.default\">\n\t\t\t\t\t<h1 class=\"elementor-heading-title elementor-size-default\">NORD - Fotowoltaika i technologia grzewcza w jednym<\/h1>\t\t\t\t<\/div>\n\t\t\t\t<div class=\"elementor-element elementor-element-7600c2ed elementor-widget elementor-widget-text-editor\" data-id=\"7600c2ed\" data-element_type=\"widget\" data-widget_type=\"text-editor.default\">\n\t\t\t\t\t\t\t\t\t<p><strong>NORD<\/strong> zajmuje czo\u0142ow\u0105 pozycj\u0119 w bran\u017cy fotowoltaiki oraz instalacji grzewczych, oferuj\u0105c kompleksowe rozwi\u0105zania dla ekologicznego budownictwa. Nasze innowacyjne instalacje fotowoltaiczne spe\u0142niaj\u0105 kluczowe wymagania klient\u00f3w, zapewniaj\u0105c samowystarczalno\u015b\u0107, maksymalne oszcz\u0119dno\u015bci ekonomiczne oraz ochron\u0119 \u015brodowiska.<\/p><p>Ca\u0142y system <strong>NORD<\/strong> obejmuje kompleksow\u0105 instalacj\u0119 fotowoltaiczn\u0105 &#8211; od paneli po akumulatorowe magazyny energii elektrycznej &#8211; po\u0142\u0105czon\u0105 z naszymi zaawansowanymi podzespo\u0142ami grzewczymi. Dzi\u0119ki temu, mo\u017cemy zoptymalizowa\u0107 obci\u0105\u017cenia instalacji poprzez inteligentne zarz\u0105dzanie energi\u0105, co gwarantuje niespotykane wcze\u015bniej wyniki na rynku.<\/p><p>Nasz zesp\u00f3\u0142 in\u017cynier\u00f3w opracowa\u0142 unikaln\u0105 funkcj\u0119 o nazwie <strong>EcoMode<\/strong>, kt\u00f3ra umo\u017cliwia wykorzystanie nadwy\u017cki energii z instalacji fotowoltaicznej do zasilania ogrzewania. Dzi\u0119ki tej innowacji, mo\u017cesz korzysta\u0107 z ogrzewania bez konieczno\u015bci si\u0119gania po tradycyjne \u017ar\u00f3d\u0142a energii, co przyczynia si\u0119 do oszcz\u0119dno\u015bci i zmniejszenia \u015bladu w\u0119glowego.<\/p><p><strong>NORD<\/strong> z dum\u0105 wsp\u00f3\u0142pracuje z wiod\u0105cymi producentami podzespo\u0142\u00f3w, oferuj\u0105c niezawodne urz\u0105dzenia, kt\u00f3re zosta\u0142y sprawdzone przez lata pracy na wielu obiektach. Nasza oferta obejmuje falowniki hybrydowe, akumulatory elektryczne, \u0142adowarki do pojazd\u00f3w elektrycznych, modu\u0142y fotowoltaiczne, pompy ciep\u0142a oraz zasobniki <strong>CWU<\/strong>. Dzi\u0119ki temu mamy pe\u0142en zakres produkt\u00f3w, kt\u00f3ry sprosta oczekiwaniom r\u00f3\u017cnych klient\u00f3w.<\/p><p>Wybieraj\u0105c <strong>NORD<\/strong>, inwestujesz w przysz\u0142o\u015b\u0107. Nasze zaawansowane technologie pozwalaj\u0105 cieszy\u0107 si\u0119 ekologicznymi i ekonomicznymi korzy\u015bciami na wiele lat do przodu. Zaufaj nam, by zrealizowa\u0107 Twoje marzenia o wydajnym i zr\u00f3wnowa\u017conym stylu \u017cycia<\/p>\t\t\t\t\t\t\t\t<\/div>\n\t\t\t\t<div class=\"elementor-element elementor-element-54dc24b7 elementor-widget elementor-widget-image\" data-id=\"54dc24b7\" data-element_type=\"widget\" data-widget_type=\"image.default\">\n\t\t\t\t\t\t\t\t\t\t\t\t\t\t\t<img fetchpriority=\"high\" decoding=\"async\" width=\"1500\" height=\"700\" src=\"https:\/\/nord-solution.com\/wp-content\/uploads\/2023\/05\/nord-banner-3.png\" class=\"attachment-full size-full wp-image-3442\" alt=\"\" srcset=\"https:\/\/nord-solution.com\/wp-content\/uploads\/2023\/05\/nord-banner-3.png 1500w, https:\/\/nord-solution.com\/wp-content\/uploads\/2023\/05\/nord-banner-3-600x280.png 600w, https:\/\/nord-solution.com\/wp-content\/uploads\/2023\/05\/nord-banner-3-300x140.png 300w, https:\/\/nord-solution.com\/wp-content\/uploads\/2023\/05\/nord-banner-3-1024x478.png 1024w, https:\/\/nord-solution.com\/wp-content\/uploads\/2023\/05\/nord-banner-3-768x358.png 768w\" sizes=\"(max-width: 1500px) 100vw, 1500px\" \/>\t\t\t\t\t\t\t\t\t\t\t\t\t\t\t<\/div>\n\t\t\t\t<div class=\"elementor-element elementor-element-4ff3a973 elementor-widget elementor-widget-text-editor\" data-id=\"4ff3a973\" data-element_type=\"widget\" data-widget_type=\"text-editor.default\">\n\t\t\t\t\t\t\t\t\t<h2 style=\"text-align: center;\"><strong>Kompleksowe rozwi\u0105zania NORD dla ekologicznego budownictwa<\/strong><\/h2><p>Najbardziej energoch\u0142onne urz\u0105dzenia w gospodarstwie domowym to zwykle \u017ar\u00f3d\u0142a grzewcze i do podgrzewania wody Dlatego <strong>NORD<\/strong> oferuje kompleksowe rozwi\u0105zanie \u0142\u0105cz\u0105ce system fotowoltaiczny z podgrzewaniem ciep\u0142ej wody i ogrzewaniem przy pomocy pompy ciep\u0142a, \u0142adowaniem pojazd\u00f3w EV (samochod\u00f3w elektrycznych i hybryd plug-in) i zasilaniem wielu innych odbiornik\u00f3w domowych. D\u0105\u017cymy do zapewnienia u\u017cytkownikom maksymalnych korzy\u015bci z tak z\u0142o\u017conego systemu poprzez zapewnienie pe\u0142nej kompatybilno\u015bci jego komponent\u00f3w, prost\u0105 obs\u0142ug\u0119 oraz oszcz\u0119dno\u015b\u0107. Wszystkie elementy naszego rozwi\u0105zania s\u0105 idealnie dopasowane i pracuj\u0105 pod kontrol\u0105 inteligentnego interfejsu, kt\u00f3ry umo\u017cliwia optymalne zarz\u0105dzanie wytwarzan\u0105 energi\u0105 elektryczn\u0105 i ciepln\u0105.<\/p><p>Ca\u0142y system mo\u017cna \u0142atwo dostosowa\u0107 do indywidualnych wymaga\u0144 ka\u017cdego klienta. Komponenty s\u0105 dost\u0119pne w r\u00f3\u017cnych wariantach mocy, co umo\u017cliwia szerokie zastosowanie rozwi\u0105zania NORD nie tylko <strong>w domach jednorodzinnych, ale tak\u017ce w ma\u0142ych mieszkaniach, blokach mieszkalnych i ma\u0142ych instalacjach komercyjnych<\/strong>.<\/p><p><strong>NORD<\/strong> oferuje klientom to, co najlepsze w \u015bwiecie fotowoltaiki, ogrzewania gospodarstw domowych i technologii podgrzewania <strong>CWU<\/strong>, wspieraj\u0105c oszcz\u0119dno\u015bci finansowe oraz przede wszystkim walk\u0119 ze zmianami klimatu i d\u0105\u017cenie do bardziej zr\u00f3wnowa\u017conej przysz\u0142o\u015bci dla ca\u0142ej ludzko\u015bci. Nasz zesp\u00f3\u0142 in\u017cynier\u00f3w starannie sprawdza ka\u017cdy produkt pod k\u0105tem jako\u015bci, zapewniaj\u0105c d\u0142ug\u0105 \u017cywotno\u015b\u0107 i zwrot z inwestycji. <strong>W NORD<\/strong> wierzymy, \u017ce nasze kompleksowe rozwi\u0105zania s\u0105 kluczem do budowania bardziej zr\u00f3wnowa\u017conej i ekologicznej przysz\u0142o\u015bci.<\/p>\t\t\t\t\t\t\t\t<\/div>\n\t\t\t\t<div class=\"elementor-element elementor-element-4d8a6f1f elementor-widget elementor-widget-image\" data-id=\"4d8a6f1f\" data-element_type=\"widget\" data-widget_type=\"image.default\">\n\t\t\t\t\t\t\t\t\t\t\t\t\t\t\t<img decoding=\"async\" width=\"2000\" height=\"1000\" src=\"https:\/\/nord-solution.com\/wp-content\/uploads\/2023\/05\/NORD_Solution_Fullpackage.svg\" class=\"attachment-full size-full wp-image-4050\" alt=\"\" \/>\t\t\t\t\t\t\t\t\t\t\t\t\t\t\t<\/div>\n\t\t\t\t\t<\/div>\n\t\t<\/div>\n\t\t\t\t\t<\/div>\n\t\t<\/section>\n\t\t\t\t<\/div>\n\t\t","protected":false},"excerpt":{"rendered":"<p>NORD &#8211; Fotowoltaika i technologia grzewcza w jednym NORD zajmuje czo\u0142ow\u0105 pozycj\u0119 w bran\u017cy fotowoltaiki oraz instalacji grzewczych, oferuj\u0105c kompleksowe rozwi\u0105zania dla ekologicznego budownictwa. Nasze innowacyjne instalacje fotowoltaiczne spe\u0142niaj\u0105 kluczowe wymagania klient\u00f3w, zapewniaj\u0105c samowystarczalno\u015b\u0107, maksymalne oszcz\u0119dno\u015bci ekonomiczne oraz ochron\u0119 \u015brodowiska. Ca\u0142y system NORD obejmuje kompleksow\u0105 instalacj\u0119 fotowoltaiczn\u0105 &#8211; od paneli po akumulatorowe magazyny energii elektrycznej [&hellip;]<\/p>\n","protected":false},"author":1,"featured_media":0,"parent":0,"menu_order":0,"comment_status":"closed","ping_status":"closed","template":"","meta":{"om_disable_all_campaigns":false,"_monsterinsights_skip_tracking":false,"_monsterinsights_sitenote_active":false,"_monsterinsights_sitenote_note":"","_monsterinsights_sitenote_category":0,"footnotes":""},"_links":{"self":[{"href":"https:\/\/nord-solution.com\/index.php\/wp-json\/wp\/v2\/pages\/4669"}],"collection":[{"href":"https:\/\/nord-solution.com\/index.php\/wp-json\/wp\/v2\/pages"}],"about":[{"href":"https:\/\/nord-solution.com\/index.php\/wp-json\/wp\/v2\/types\/page"}],"author":[{"embeddable":true,"href":"https:\/\/nord-solution.com\/index.php\/wp-json\/wp\/v2\/users\/1"}],"replies":[{"embeddable":true,"href":"https:\/\/nord-solution.com\/index.php\/wp-json\/wp\/v2\/comments?post=4669"}],"version-history":[{"count":28,"href":"https:\/\/nord-solution.com\/index.php\/wp-json\/wp\/v2\/pages\/4669\/revisions"}],"predecessor-version":[{"id":9392,"href":"https:\/\/nord-solution.com\/index.php\/wp-json\/wp\/v2\/pages\/4669\/revisions\/9392"}],"wp:attachment":[{"href":"https:\/\/nord-solution.com\/index.php\/wp-json\/wp\/v2\/media?parent=4669"}],"curies":[{"name":"wp","href":"https:\/\/api.w.org\/{rel}","templated":true}]}}