{"id":31320,"date":"2026-03-27T16:12:08","date_gmt":"2026-03-27T15:12:08","guid":{"rendered":"https:\/\/nord-solution.com\/?page_id=31320"},"modified":"2026-03-30T11:01:12","modified_gmt":"2026-03-30T09:01:12","slug":"firmy-instalacyjne-i-serwisowe-nord-ht","status":"publish","type":"page","link":"https:\/\/nord-solution.com\/index.php\/pl\/firmy-instalacyjne-i-serwisowe-nord-ht\/","title":{"rendered":"Firmy instalacyjne i serwisowe NORD HT"},"content":{"rendered":"\t\t<div data-elementor-type=\"wp-page\" data-elementor-id=\"31320\" class=\"elementor elementor-31320\" data-elementor-post-type=\"page\">\n\t\t\t\t<div class=\"elementor-element elementor-element-11d1478d e-con-full e-flex e-con e-parent\" data-id=\"11d1478d\" data-element_type=\"container\">\n\t\t\t\t<div class=\"elementor-element elementor-element-3d49d96 elementor-widget elementor-widget-heading\" data-id=\"3d49d96\" data-element_type=\"widget\" data-widget_type=\"heading.default\">\n\t\t\t\t\t<h2 class=\"elementor-heading-title elementor-size-default\">Firmy instalacyjne i serwisowe NORD HT<\/h2>\t\t\t\t<\/div>\n\t\t\t\t<div class=\"elementor-element elementor-element-1f8bfdc9 elementor-widget__width-inherit elementor-widget elementor-widget-html\" data-id=\"1f8bfdc9\" data-element_type=\"widget\" data-widget_type=\"html.default\">\n\t\t\t\t\t<iframe src=\"https:\/\/partner.nord-solution.com\/ServiceMapIframe?lang=pl\" width=\"1440\" height=\"1100\" style=\"border: none;\"><\/iframe>\t\t\t\t<\/div>\n\t\t\t\t<\/div>\n\t\t<div class=\"elementor-element elementor-element-0d89ba4 e-flex e-con-boxed e-con e-parent\" data-id=\"0d89ba4\" data-element_type=\"container\">\n\t\t\t\t\t<div class=\"e-con-inner\">\n\t\t\t\t<div class=\"elementor-element elementor-element-8caace8 elementor-widget elementor-widget-text-editor\" data-id=\"8caace8\" data-element_type=\"widget\" data-widget_type=\"text-editor.default\">\n\t\t\t\t\t\t\t\t\t<h2 style=\"text-align: center;\"><strong>Czy s\u0105 Pa\u0144stwo zainteresowani technologiami NORD?<\/strong><\/h2>\n<p style=\"text-align: center;\">Prosz\u0119 wybra\u0107, czy szukaj\u0105 Pa\u0144stwo firmy instalacyjnej czy serwisowej (po lewej stronie u g\u00f3ry), wybra\u0107 wojew\u00f3dztwo, w kt\u00f3rym si\u0119 Pa\u0144stwo znajduj\u0105 (po prawej stronie u g\u00f3ry),<\/p>\n<p style=\"text-align: center;\">a nast\u0119pnie klikn\u0105\u0107 w dane miejsce, aby zobaczy\u0107 najbli\u017csz\u0105 sprawdzon\u0105 firm\u0119 partnersk\u0105, kt\u00f3ra si\u0119 Pa\u0144stwem zajmie.<\/p>\n<p style=\"text-align: center;\">Wszystkie firmy partnerskie zosta\u0142y przeszkolone i posiadaj\u0105 certyfikat do obs\u0142ugi technologii <strong>NORD<\/strong>.<\/p>\n<p style=\"text-align: center;\"><\/p>\t\t\t\t\t\t\t\t<\/div>\n\t\t\t\t\t<\/div>\n\t\t\t\t<\/div>\n\t\t\t\t<section class=\"elementor-section elementor-top-section elementor-element elementor-element-4646dd79 elementor-section-height-min-height elementor-section-boxed elementor-section-height-default elementor-section-items-middle\" data-id=\"4646dd79\" data-element_type=\"section\" data-settings=\"{&quot;background_background&quot;:&quot;classic&quot;}\">\n\t\t\t\t\t\t<div class=\"elementor-container elementor-column-gap-no\">\n\t\t\t\t\t<div class=\"elementor-column elementor-col-100 elementor-top-column elementor-element elementor-element-262b6cb6\" data-id=\"262b6cb6\" data-element_type=\"column\">\n\t\t\t<div class=\"elementor-widget-wrap elementor-element-populated\">\n\t\t\t\t\t\t<div class=\"elementor-element elementor-element-2baf6368 animated-slow elementor-invisible elementor-widget elementor-widget-heading\" data-id=\"2baf6368\" data-element_type=\"widget\" data-settings=\"{&quot;_animation&quot;:&quot;fadeIn&quot;}\" data-widget_type=\"heading.default\">\n\t\t\t\t\t<h3 class=\"elementor-heading-title elementor-size-default\">Je\u015bli s\u0105 Pa\u0144stwo zainteresowani niezobowi\u0105zuj\u0105c\u0105 ofert\u0105, prosimy o bezpo\u015bredni kontakt z nami. Nasz zesp\u00f3\u0142 skontaktuje si\u0119 z Pa\u0144stwem tak szybko, jak to mo\u017cliwe.<\/h3>\t\t\t\t<\/div>\n\t\t\t\t<section class=\"elementor-section elementor-inner-section elementor-element elementor-element-5daa8bb8 elementor-section-boxed elementor-section-height-default elementor-section-height-default\" data-id=\"5daa8bb8\" data-element_type=\"section\">\n\t\t\t\t\t\t<div class=\"elementor-container elementor-column-gap-default\">\n\t\t\t\t\t<div class=\"elementor-column elementor-col-100 elementor-inner-column elementor-element elementor-element-2ae091b3\" data-id=\"2ae091b3\" data-element_type=\"column\">\n\t\t\t<div class=\"elementor-widget-wrap elementor-element-populated\">\n\t\t\t\t\t\t<div class=\"elementor-element elementor-element-951e5a4 elementor-mobile-align-justify animated-fast elementor-align-center elementor-invisible elementor-widget elementor-widget-button\" data-id=\"951e5a4\" data-element_type=\"widget\" data-settings=\"{&quot;_animation&quot;:&quot;fadeIn&quot;,&quot;_animation_delay&quot;:400}\" data-widget_type=\"button.default\">\n\t\t\t\t\t\t\t\t\t\t<a class=\"elementor-button elementor-button-link elementor-size-sm elementor-animation-grow\" href=\"https:\/\/nord-solution.com\/index.php\/pl\/chce-oferte\/\" target=\"_blank\">\n\t\t\t\t\t\t<span class=\"elementor-button-content-wrapper\">\n\t\t\t\t\t\t\t\t\t<span class=\"elementor-button-text\">Chc\u0119 otrzyma\u0107 ofert\u0119<\/span>\n\t\t\t\t\t<\/span>\n\t\t\t\t\t<\/a>\n\t\t\t\t\t\t\t\t<\/div>\n\t\t\t\t\t<\/div>\n\t\t<\/div>\n\t\t\t\t\t<\/div>\n\t\t<\/section>\n\t\t\t\t\t<\/div>\n\t\t<\/div>\n\t\t\t\t\t<\/div>\n\t\t<\/section>\n\t\t\t\t<\/div>\n\t\t","protected":false},"excerpt":{"rendered":"<p>Firmy instalacyjne i serwisowe NORD HT Czy s\u0105 Pa\u0144stwo zainteresowani technologiami NORD? Prosz\u0119 wybra\u0107, czy szukaj\u0105 Pa\u0144stwo firmy instalacyjnej czy serwisowej (po lewej stronie u g\u00f3ry), wybra\u0107 wojew\u00f3dztwo, w kt\u00f3rym si\u0119 Pa\u0144stwo znajduj\u0105 (po prawej stronie u g\u00f3ry), a nast\u0119pnie klikn\u0105\u0107 w dane miejsce, aby zobaczy\u0107 najbli\u017csz\u0105 sprawdzon\u0105 firm\u0119 partnersk\u0105, kt\u00f3ra si\u0119 Pa\u0144stwem zajmie. Wszystkie [&hellip;]<\/p>\n","protected":false},"author":1,"featured_media":0,"parent":0,"menu_order":0,"comment_status":"closed","ping_status":"closed","template":"","meta":{"om_disable_all_campaigns":false,"_monsterinsights_skip_tracking":false,"_monsterinsights_sitenote_active":false,"_monsterinsights_sitenote_note":"","_monsterinsights_sitenote_category":0,"footnotes":""},"_links":{"self":[{"href":"https:\/\/nord-solution.com\/index.php\/wp-json\/wp\/v2\/pages\/31320"}],"collection":[{"href":"https:\/\/nord-solution.com\/index.php\/wp-json\/wp\/v2\/pages"}],"about":[{"href":"https:\/\/nord-solution.com\/index.php\/wp-json\/wp\/v2\/types\/page"}],"author":[{"embeddable":true,"href":"https:\/\/nord-solution.com\/index.php\/wp-json\/wp\/v2\/users\/1"}],"replies":[{"embeddable":true,"href":"https:\/\/nord-solution.com\/index.php\/wp-json\/wp\/v2\/comments?post=31320"}],"version-history":[{"count":10,"href":"https:\/\/nord-solution.com\/index.php\/wp-json\/wp\/v2\/pages\/31320\/revisions"}],"predecessor-version":[{"id":31332,"href":"https:\/\/nord-solution.com\/index.php\/wp-json\/wp\/v2\/pages\/31320\/revisions\/31332"}],"wp:attachment":[{"href":"https:\/\/nord-solution.com\/index.php\/wp-json\/wp\/v2\/media?parent=31320"}],"curies":[{"name":"wp","href":"https:\/\/api.w.org\/{rel}","templated":true}]}}