{"id":31004,"date":"2026-03-12T12:57:47","date_gmt":"2026-03-12T11:57:47","guid":{"rendered":"https:\/\/nord-solution.com\/?page_id=31004"},"modified":"2026-03-12T13:31:55","modified_gmt":"2026-03-12T12:31:55","slug":"ecoheat-storage-duo-de","status":"publish","type":"page","link":"https:\/\/nord-solution.com\/index.php\/de\/ecoheat-storage-duo-de\/","title":{"rendered":"EcoHeat Storage Duo DE"},"content":{"rendered":"\t\t<div data-elementor-type=\"wp-page\" data-elementor-id=\"31004\" class=\"elementor elementor-31004\" data-elementor-post-type=\"page\">\n\t\t\t\t<div class=\"elementor-element elementor-element-4b98928b e-flex e-con-boxed e-con e-parent\" data-id=\"4b98928b\" data-element_type=\"container\">\n\t\t\t\t\t<div class=\"e-con-inner\">\n\t\t<div class=\"elementor-element elementor-element-2c324aae e-con-full e-flex e-con e-child\" data-id=\"2c324aae\" data-element_type=\"container\">\n\t\t\t\t<div class=\"elementor-element elementor-element-4ec575e elementor-widget elementor-widget-heading\" data-id=\"4ec575e\" data-element_type=\"widget\" data-widget_type=\"heading.default\">\n\t\t\t\t\t<h2 class=\"elementor-heading-title elementor-size-default\">NORD EcoHeat Storage Duo<\/h2>\t\t\t\t<\/div>\n\t\t\t\t<div class=\"elementor-element elementor-element-12839f59 elementor-widget elementor-widget-heading\" data-id=\"12839f59\" data-element_type=\"widget\" data-widget_type=\"heading.default\">\n\t\t\t\t\t<h2 class=\"elementor-heading-title elementor-size-default\">Kombinierter Speicher f\u00fcr effizientes Heizen und die Warmwasserbereitung bei maximaler Platzersparnis.<\/h2>\t\t\t\t<\/div>\n\t\t\t\t<div class=\"elementor-element elementor-element-4504724f elementor-widget elementor-widget-heading\" data-id=\"4504724f\" data-element_type=\"widget\" data-widget_type=\"heading.default\">\n\t\t\t\t\t<h2 class=\"elementor-heading-title elementor-size-default\">Modelle: 180-80 | 250-120<\/h2>\t\t\t\t<\/div>\n\t\t\t\t<div class=\"elementor-element elementor-element-6f43125b elementor-widget elementor-widget-text-editor\" data-id=\"6f43125b\" data-element_type=\"widget\" data-widget_type=\"text-editor.default\">\n\t\t\t\t\t\t\t\t\tVergessen Sie die komplizierte Verbindung zweier separater Speicher. <strong>NORD EcoHeat Storage Duo<\/strong> integriert einen Pufferspeicher f\u00fcr das Heizsystem und einen Warmwasserspeicher in einer kompakten Einheit. <strong>Dank der intelligenten Anordnung von zwei Speichern<\/strong> \u00fcbereinander wird maximale Platzersparnis erreicht, ohne die hohe Leistung beider Systeme zu beeintr\u00e4chtigen. <strong>Diese L\u00f6sung ist ideal f\u00fcr NORD EcoHeat W\u00e4rmepumpen<\/strong> und Installationen, bei denen jeder Quadratzentimeter z\u00e4hlt.\t\t\t\t\t\t\t\t<\/div>\n\t\t\t\t<\/div>\n\t\t<div class=\"elementor-element elementor-element-6741da5 e-con-full e-flex e-con e-child\" data-id=\"6741da5\" data-element_type=\"container\">\n\t\t\t\t<div class=\"elementor-element elementor-element-13496367 elementor-widget elementor-widget-image\" data-id=\"13496367\" data-element_type=\"widget\" data-widget_type=\"image.default\">\n\t\t\t\t\t\t\t\t\t\t\t\t\t\t\t<img fetchpriority=\"high\" decoding=\"async\" width=\"800\" height=\"800\" src=\"https:\/\/nord-solution.com\/wp-content\/uploads\/2026\/03\/NOVA-produkova-fotka-ecoheat-energy-duo-1024x1024.png\" class=\"attachment-large size-large wp-image-30951\" alt=\"\" srcset=\"https:\/\/nord-solution.com\/wp-content\/uploads\/2026\/03\/NOVA-produkova-fotka-ecoheat-energy-duo-1024x1024.png 1024w, https:\/\/nord-solution.com\/wp-content\/uploads\/2026\/03\/NOVA-produkova-fotka-ecoheat-energy-duo-300x300.png 300w, https:\/\/nord-solution.com\/wp-content\/uploads\/2026\/03\/NOVA-produkova-fotka-ecoheat-energy-duo-150x150.png 150w, https:\/\/nord-solution.com\/wp-content\/uploads\/2026\/03\/NOVA-produkova-fotka-ecoheat-energy-duo-768x768.png 768w, https:\/\/nord-solution.com\/wp-content\/uploads\/2026\/03\/NOVA-produkova-fotka-ecoheat-energy-duo-600x600.png 600w, https:\/\/nord-solution.com\/wp-content\/uploads\/2026\/03\/NOVA-produkova-fotka-ecoheat-energy-duo-100x100.png 100w, https:\/\/nord-solution.com\/wp-content\/uploads\/2026\/03\/NOVA-produkova-fotka-ecoheat-energy-duo.png 1500w\" sizes=\"(max-width: 800px) 100vw, 800px\" \/>\t\t\t\t\t\t\t\t\t\t\t\t\t\t\t<\/div>\n\t\t\t\t<\/div>\n\t\t\t\t\t<\/div>\n\t\t\t\t<\/div>\n\t\t\t\t<section class=\"elementor-section elementor-top-section elementor-element elementor-element-2df6f972 elementor-section-boxed elementor-section-height-default elementor-section-height-default\" data-id=\"2df6f972\" data-element_type=\"section\" data-settings=\"{&quot;background_background&quot;:&quot;classic&quot;}\">\n\t\t\t\t\t\t<div class=\"elementor-container elementor-column-gap-default\">\n\t\t\t\t\t<div class=\"elementor-column elementor-col-50 elementor-top-column elementor-element elementor-element-5bef559b\" data-id=\"5bef559b\" data-element_type=\"column\">\n\t\t\t<div class=\"elementor-widget-wrap elementor-element-populated\">\n\t\t\t\t\t\t<div class=\"elementor-element elementor-element-36595013 elementor-widget elementor-widget-image\" data-id=\"36595013\" data-element_type=\"widget\" data-widget_type=\"image.default\">\n\t\t\t\t\t\t\t\t\t\t\t\t\t\t\t<img decoding=\"async\" width=\"300\" height=\"300\" src=\"https:\/\/nord-solution.com\/wp-content\/uploads\/2026\/03\/ikona_2v1-300x300.jpg\" class=\"attachment-medium size-medium wp-image-30932\" alt=\"\" srcset=\"https:\/\/nord-solution.com\/wp-content\/uploads\/2026\/03\/ikona_2v1-300x300.jpg 300w, https:\/\/nord-solution.com\/wp-content\/uploads\/2026\/03\/ikona_2v1-150x150.jpg 150w, https:\/\/nord-solution.com\/wp-content\/uploads\/2026\/03\/ikona_2v1-100x100.jpg 100w, https:\/\/nord-solution.com\/wp-content\/uploads\/2026\/03\/ikona_2v1.jpg 500w\" sizes=\"(max-width: 300px) 100vw, 300px\" \/>\t\t\t\t\t\t\t\t\t\t\t\t\t\t\t<\/div>\n\t\t\t\t\t<\/div>\n\t\t<\/div>\n\t\t\t\t<div class=\"elementor-column elementor-col-50 elementor-top-column elementor-element elementor-element-24c0b5fa\" data-id=\"24c0b5fa\" data-element_type=\"column\">\n\t\t\t<div class=\"elementor-widget-wrap elementor-element-populated\">\n\t\t\t\t\t\t<div class=\"elementor-element elementor-element-6435c688 animated-slow elementor-widget__width-inherit elementor-invisible elementor-widget elementor-widget-heading\" data-id=\"6435c688\" data-element_type=\"widget\" data-settings=\"{&quot;_animation&quot;:&quot;fadeInRight&quot;,&quot;_animation_delay&quot;:500}\" data-widget_type=\"heading.default\">\n\t\t\t\t\t<h6 class=\"elementor-heading-title elementor-size-default\">2-IN-1-KONZEPT<\/h6>\t\t\t\t<\/div>\n\t\t\t\t<div class=\"elementor-element elementor-element-6043bcb4 elementor-widget elementor-widget-text-editor\" data-id=\"6043bcb4\" data-element_type=\"widget\" data-widget_type=\"text-editor.default\">\n\t\t\t\t\t\t\t\t\t<strong>Intelligente Kombination<\/strong> aus Pufferspeicher f\u00fcr das Heizsystem und emailliertem Warmwasserspeicher in einer Konstruktion <strong>spart bis zu 50 % Installationsfl\u00e4che.<\/strong>\t\t\t\t\t\t\t\t<\/div>\n\t\t\t\t\t<\/div>\n\t\t<\/div>\n\t\t\t\t\t<\/div>\n\t\t<\/section>\n\t\t\t\t<section class=\"elementor-section elementor-top-section elementor-element elementor-element-cd892f3 elementor-section-boxed elementor-section-height-default elementor-section-height-default\" data-id=\"cd892f3\" data-element_type=\"section\">\n\t\t\t\t\t\t<div class=\"elementor-container elementor-column-gap-default\">\n\t\t\t\t\t<div class=\"elementor-column elementor-col-100 elementor-top-column elementor-element elementor-element-765b7463\" data-id=\"765b7463\" data-element_type=\"column\">\n\t\t\t<div class=\"elementor-widget-wrap elementor-element-populated\">\n\t\t\t\t\t\t<div class=\"elementor-element elementor-element-70f0beb0 elementor-widget-divider--view-line elementor-widget elementor-widget-divider\" data-id=\"70f0beb0\" data-element_type=\"widget\" data-widget_type=\"divider.default\">\n\t\t\t\t\t\t\t<div class=\"elementor-divider\">\n\t\t\t<span class=\"elementor-divider-separator\">\n\t\t\t\t\t\t<\/span>\n\t\t<\/div>\n\t\t\t\t\t\t<\/div>\n\t\t\t\t\t<\/div>\n\t\t<\/div>\n\t\t\t\t\t<\/div>\n\t\t<\/section>\n\t\t\t\t<section class=\"elementor-section elementor-top-section elementor-element elementor-element-4bca4d28 elementor-section-boxed elementor-section-height-default elementor-section-height-default\" data-id=\"4bca4d28\" data-element_type=\"section\">\n\t\t\t\t\t\t<div class=\"elementor-container elementor-column-gap-default\">\n\t\t\t\t\t<div class=\"elementor-column elementor-col-50 elementor-top-column elementor-element elementor-element-46dbc67f\" data-id=\"46dbc67f\" data-element_type=\"column\">\n\t\t\t<div class=\"elementor-widget-wrap elementor-element-populated\">\n\t\t\t\t\t\t<div class=\"elementor-element elementor-element-3fdf9b06 animated-slow elementor-widget__width-inherit elementor-invisible elementor-widget elementor-widget-heading\" data-id=\"3fdf9b06\" data-element_type=\"widget\" data-settings=\"{&quot;_animation&quot;:&quot;fadeInLeft&quot;,&quot;_animation_delay&quot;:500}\" data-widget_type=\"heading.default\">\n\t\t\t\t\t<h6 class=\"elementor-heading-title elementor-size-default\">KOMPATIBILIT\u00c4T MIT PHOTOVOLTAIKANLAGEN (PV READY)<\/h6>\t\t\t\t<\/div>\n\t\t\t\t<div class=\"elementor-element elementor-element-5de3675b elementor-widget elementor-widget-text-editor\" data-id=\"5de3675b\" data-element_type=\"widget\" data-widget_type=\"text-editor.default\">\n\t\t\t\t\t\t\t\t\t<p style=\"text-align: center;\"><strong>M\u00f6glichkeit zur Installation der elektrischen Heizpatrone NORD ECoil<\/strong>\nzur direkten Speicherung von Photovoltaik-\u00dcberschussenergie im Wasser.<\/p>\t\t\t\t\t\t\t\t<\/div>\n\t\t\t\t\t<\/div>\n\t\t<\/div>\n\t\t\t\t<div class=\"elementor-column elementor-col-50 elementor-top-column elementor-element elementor-element-1991525c\" data-id=\"1991525c\" data-element_type=\"column\">\n\t\t\t<div class=\"elementor-widget-wrap elementor-element-populated\">\n\t\t\t\t\t\t<div class=\"elementor-element elementor-element-333b8e7c elementor-widget elementor-widget-image\" data-id=\"333b8e7c\" data-element_type=\"widget\" data-widget_type=\"image.default\">\n\t\t\t\t\t\t\t\t\t\t\t\t\t\t\t<img decoding=\"async\" width=\"300\" height=\"300\" src=\"https:\/\/nord-solution.com\/wp-content\/uploads\/2026\/03\/pv-ready-300x300.jpg\" class=\"attachment-medium size-medium wp-image-30955\" alt=\"\" srcset=\"https:\/\/nord-solution.com\/wp-content\/uploads\/2026\/03\/pv-ready-300x300.jpg 300w, https:\/\/nord-solution.com\/wp-content\/uploads\/2026\/03\/pv-ready-150x150.jpg 150w, https:\/\/nord-solution.com\/wp-content\/uploads\/2026\/03\/pv-ready-100x100.jpg 100w, https:\/\/nord-solution.com\/wp-content\/uploads\/2026\/03\/pv-ready.jpg 500w\" sizes=\"(max-width: 300px) 100vw, 300px\" \/>\t\t\t\t\t\t\t\t\t\t\t\t\t\t\t<\/div>\n\t\t\t\t\t<\/div>\n\t\t<\/div>\n\t\t\t\t\t<\/div>\n\t\t<\/section>\n\t\t\t\t<section class=\"elementor-section elementor-top-section elementor-element elementor-element-75f5db6a elementor-section-boxed elementor-section-height-default elementor-section-height-default\" data-id=\"75f5db6a\" data-element_type=\"section\">\n\t\t\t\t\t\t<div class=\"elementor-container elementor-column-gap-default\">\n\t\t\t\t\t<div class=\"elementor-column elementor-col-100 elementor-top-column elementor-element elementor-element-6881a0e2\" data-id=\"6881a0e2\" data-element_type=\"column\">\n\t\t\t<div class=\"elementor-widget-wrap elementor-element-populated\">\n\t\t\t\t\t\t<div class=\"elementor-element elementor-element-76fba2d8 elementor-widget-divider--view-line elementor-widget elementor-widget-divider\" data-id=\"76fba2d8\" data-element_type=\"widget\" data-widget_type=\"divider.default\">\n\t\t\t\t\t\t\t<div class=\"elementor-divider\">\n\t\t\t<span class=\"elementor-divider-separator\">\n\t\t\t\t\t\t<\/span>\n\t\t<\/div>\n\t\t\t\t\t\t<\/div>\n\t\t\t\t\t<\/div>\n\t\t<\/div>\n\t\t\t\t\t<\/div>\n\t\t<\/section>\n\t\t\t\t<section class=\"elementor-section elementor-top-section elementor-element elementor-element-784998fc elementor-section-boxed elementor-section-height-default elementor-section-height-default\" data-id=\"784998fc\" data-element_type=\"section\">\n\t\t\t\t\t\t<div class=\"elementor-container elementor-column-gap-default\">\n\t\t\t\t\t<div class=\"elementor-column elementor-col-50 elementor-top-column elementor-element elementor-element-6766a830\" data-id=\"6766a830\" data-element_type=\"column\">\n\t\t\t<div class=\"elementor-widget-wrap elementor-element-populated\">\n\t\t\t\t\t\t<div class=\"elementor-element elementor-element-7c70fd2b elementor-widget elementor-widget-image\" data-id=\"7c70fd2b\" data-element_type=\"widget\" data-widget_type=\"image.default\">\n\t\t\t\t\t\t\t\t\t\t\t\t\t\t\t<img loading=\"lazy\" decoding=\"async\" width=\"300\" height=\"300\" src=\"https:\/\/nord-solution.com\/wp-content\/uploads\/2026\/03\/ikona_ecoboiler-hybrid-spiral-elipsa-prurez.svg\" class=\"attachment-medium size-medium wp-image-30923\" alt=\"\" \/>\t\t\t\t\t\t\t\t\t\t\t\t\t\t\t<\/div>\n\t\t\t\t\t<\/div>\n\t\t<\/div>\n\t\t\t\t<div class=\"elementor-column elementor-col-50 elementor-top-column elementor-element elementor-element-868f565\" data-id=\"868f565\" data-element_type=\"column\">\n\t\t\t<div class=\"elementor-widget-wrap elementor-element-populated\">\n\t\t\t\t\t\t<div class=\"elementor-element elementor-element-4b4929c0 animated-slow elementor-widget__width-inherit elementor-invisible elementor-widget elementor-widget-heading\" data-id=\"4b4929c0\" data-element_type=\"widget\" data-settings=\"{&quot;_animation&quot;:&quot;fadeInRight&quot;,&quot;_animation_delay&quot;:500}\" data-widget_type=\"heading.default\">\n\t\t\t\t\t<h6 class=\"elementor-heading-title elementor-size-default\">HOHE ERW\u00c4RMUNGSLEISTUNG<\/h6>\t\t\t\t<\/div>\n\t\t\t\t<div class=\"elementor-element elementor-element-24a17734 elementor-widget elementor-widget-text-editor\" data-id=\"24a17734\" data-element_type=\"widget\" data-widget_type=\"text-editor.default\">\n\t\t\t\t\t\t\t\t\t<p style=\"text-align: center;\"><strong>Speziell entwickelte gro\u00dffl\u00e4chige W\u00e4rmetauscherspirale<\/strong> mit elliptischem Querschnitt sorgt f\u00fcr <strong>schnelle W\u00e4rme\u00fcbertragung <\/strong>\n<strong>und deutlich effizientere Wassererw\u00e4rmung<\/strong> im Vergleich zu herk\u00f6mmlichen Speichern.<\/p>\t\t\t\t\t\t\t\t<\/div>\n\t\t\t\t\t<\/div>\n\t\t<\/div>\n\t\t\t\t\t<\/div>\n\t\t<\/section>\n\t\t\t\t<section class=\"elementor-section elementor-top-section elementor-element elementor-element-3db25929 elementor-section-boxed elementor-section-height-default elementor-section-height-default\" data-id=\"3db25929\" data-element_type=\"section\">\n\t\t\t\t\t\t<div class=\"elementor-container elementor-column-gap-default\">\n\t\t\t\t\t<div class=\"elementor-column elementor-col-100 elementor-top-column elementor-element elementor-element-9ff21fd\" data-id=\"9ff21fd\" data-element_type=\"column\">\n\t\t\t<div class=\"elementor-widget-wrap elementor-element-populated\">\n\t\t\t\t\t\t<div class=\"elementor-element elementor-element-ee04e55 elementor-widget-divider--view-line elementor-widget elementor-widget-divider\" data-id=\"ee04e55\" data-element_type=\"widget\" data-widget_type=\"divider.default\">\n\t\t\t\t\t\t\t<div class=\"elementor-divider\">\n\t\t\t<span class=\"elementor-divider-separator\">\n\t\t\t\t\t\t<\/span>\n\t\t<\/div>\n\t\t\t\t\t\t<\/div>\n\t\t\t\t\t<\/div>\n\t\t<\/div>\n\t\t\t\t\t<\/div>\n\t\t<\/section>\n\t\t\t\t<section class=\"elementor-section elementor-top-section elementor-element elementor-element-2202d771 elementor-section-boxed elementor-section-height-default elementor-section-height-default\" data-id=\"2202d771\" data-element_type=\"section\">\n\t\t\t\t\t\t<div class=\"elementor-container elementor-column-gap-default\">\n\t\t\t\t\t<div class=\"elementor-column elementor-col-50 elementor-top-column elementor-element elementor-element-6c99d1ff\" data-id=\"6c99d1ff\" data-element_type=\"column\">\n\t\t\t<div class=\"elementor-widget-wrap elementor-element-populated\">\n\t\t\t\t\t\t<div class=\"elementor-element elementor-element-48e2dafa animated-slow elementor-widget__width-inherit elementor-invisible elementor-widget elementor-widget-heading\" data-id=\"48e2dafa\" data-element_type=\"widget\" data-settings=\"{&quot;_animation&quot;:&quot;fadeInRight&quot;,&quot;_animation_delay&quot;:500}\" data-widget_type=\"heading.default\">\n\t\t\t\t\t<h6 class=\"elementor-heading-title elementor-size-default\">10 JAHRE GARANTIE<\/h6>\t\t\t\t<\/div>\n\t\t\t\t<div class=\"elementor-element elementor-element-2b532a9e elementor-widget elementor-widget-text-editor\" data-id=\"2b532a9e\" data-element_type=\"widget\" data-widget_type=\"text-editor.default\">\n\t\t\t\t\t\t\t\t\t<p style=\"text-align: center;\"><strong>Dank pr\u00e4ziser Emaillebeschichtung,<\/strong> massiver Isolierung und einer Magnesiumanode\ngew\u00e4hren wir <strong>eine erweiterte 10-j\u00e4hrige Garantie auf die Dichtheit des Speichers.<\/strong><\/p>\t\t\t\t\t\t\t\t<\/div>\n\t\t\t\t\t<\/div>\n\t\t<\/div>\n\t\t\t\t<div class=\"elementor-column elementor-col-50 elementor-top-column elementor-element elementor-element-34f5fb37\" data-id=\"34f5fb37\" data-element_type=\"column\">\n\t\t\t<div class=\"elementor-widget-wrap elementor-element-populated\">\n\t\t\t\t\t\t<div class=\"elementor-element elementor-element-2b5c4a2 elementor-widget elementor-widget-image\" data-id=\"2b5c4a2\" data-element_type=\"widget\" data-widget_type=\"image.default\">\n\t\t\t\t\t\t\t\t\t\t\t\t\t\t\t<img loading=\"lazy\" decoding=\"async\" width=\"300\" height=\"300\" src=\"https:\/\/nord-solution.com\/wp-content\/uploads\/2026\/03\/10-warranty-300x300.jpg\" class=\"attachment-medium size-medium wp-image-30928\" alt=\"\" srcset=\"https:\/\/nord-solution.com\/wp-content\/uploads\/2026\/03\/10-warranty-300x300.jpg 300w, https:\/\/nord-solution.com\/wp-content\/uploads\/2026\/03\/10-warranty-150x150.jpg 150w, https:\/\/nord-solution.com\/wp-content\/uploads\/2026\/03\/10-warranty-100x100.jpg 100w, https:\/\/nord-solution.com\/wp-content\/uploads\/2026\/03\/10-warranty.jpg 500w\" sizes=\"(max-width: 300px) 100vw, 300px\" \/>\t\t\t\t\t\t\t\t\t\t\t\t\t\t\t<\/div>\n\t\t\t\t\t<\/div>\n\t\t<\/div>\n\t\t\t\t\t<\/div>\n\t\t<\/section>\n\t\t<div class=\"elementor-element elementor-element-3dda6ffe e-flex e-con-boxed e-con e-parent\" data-id=\"3dda6ffe\" data-element_type=\"container\">\n\t\t\t\t\t<div class=\"e-con-inner\">\n\t\t\t\t<div class=\"elementor-element elementor-element-97db157 elementor-arrows-position-inside elementor-pagination-position-outside elementor-widget elementor-widget-image-carousel\" data-id=\"97db157\" data-element_type=\"widget\" data-settings=\"{&quot;slides_to_show&quot;:&quot;1&quot;,&quot;navigation&quot;:&quot;both&quot;,&quot;autoplay&quot;:&quot;yes&quot;,&quot;pause_on_hover&quot;:&quot;yes&quot;,&quot;pause_on_interaction&quot;:&quot;yes&quot;,&quot;autoplay_speed&quot;:5000,&quot;infinite&quot;:&quot;yes&quot;,&quot;effect&quot;:&quot;slide&quot;,&quot;speed&quot;:500}\" data-widget_type=\"image-carousel.default\">\n\t\t\t\t\t\t\t<div class=\"elementor-image-carousel-wrapper swiper\" role=\"region\" aria-roledescription=\"carousel\" aria-label=\"Obr\u00e1zkov\u00fd koloto\u010d\" dir=\"ltr\">\n\t\t\t<div class=\"elementor-image-carousel swiper-wrapper\" aria-live=\"off\">\n\t\t\t\t\t\t\t\t<div class=\"swiper-slide\" role=\"group\" aria-roledescription=\"slide\" aria-label=\"1 von 1\"><figure class=\"swiper-slide-inner\"><img decoding=\"async\" class=\"swiper-slide-image\" src=\"https:\/\/nord-solution.com\/wp-content\/uploads\/2026\/03\/EcoHeat-Storage-web-banner.png\" alt=\"EcoHeat-Storage-web-banner\" \/><\/figure><\/div>\t\t\t<\/div>\n\t\t\t\t\t<\/div>\n\t\t\t\t\t\t<\/div>\n\t\t\t\t\t<\/div>\n\t\t\t\t<\/div>\n\t\t\t\t<section class=\"elementor-section elementor-top-section elementor-element elementor-element-1bfc84ee elementor-section-boxed elementor-section-height-default elementor-section-height-default\" data-id=\"1bfc84ee\" data-element_type=\"section\" data-settings=\"{&quot;background_background&quot;:&quot;classic&quot;}\">\n\t\t\t\t\t\t<div class=\"elementor-container elementor-column-gap-no\">\n\t\t\t\t\t<div class=\"elementor-column elementor-col-100 elementor-top-column elementor-element elementor-element-5f35b602\" data-id=\"5f35b602\" data-element_type=\"column\">\n\t\t\t<div class=\"elementor-widget-wrap elementor-element-populated\">\n\t\t\t\t\t\t<div class=\"elementor-element elementor-element-543ec5a animated-slow elementor-invisible elementor-widget elementor-widget-heading\" data-id=\"543ec5a\" data-element_type=\"widget\" data-settings=\"{&quot;_animation&quot;:&quot;fadeIn&quot;}\" data-widget_type=\"heading.default\">\n\t\t\t\t\t<h2 class=\"elementor-heading-title elementor-size-default\">Sind Sie bereit f\u00fcr die Zukunft? Erhalten Sie jetzt mehr Informationen!<\/h2>\t\t\t\t<\/div>\n\t\t\t\t<section class=\"elementor-section elementor-inner-section elementor-element elementor-element-1e80edf1 elementor-section-boxed elementor-section-height-default elementor-section-height-default\" data-id=\"1e80edf1\" data-element_type=\"section\">\n\t\t\t\t\t\t<div class=\"elementor-container elementor-column-gap-default\">\n\t\t\t\t\t<div class=\"elementor-column elementor-col-50 elementor-inner-column elementor-element elementor-element-c3aa0b2\" data-id=\"c3aa0b2\" data-element_type=\"column\">\n\t\t\t<div class=\"elementor-widget-wrap elementor-element-populated\">\n\t\t\t\t\t\t<div class=\"elementor-element elementor-element-7d29b447 elementor-invisible elementor-widget elementor-widget-text-editor\" data-id=\"7d29b447\" data-element_type=\"widget\" data-settings=\"{&quot;_animation&quot;:&quot;fadeIn&quot;,&quot;_animation_delay&quot;:200}\" data-widget_type=\"text-editor.default\">\n\t\t\t\t\t\t\t\t\t<p>Entdecken Sie die EcoHeat Storage Duo Speicher zur Speicherung \u00fcbersch\u00fcssiger gr\u00fcner Energie in Ihrem Zuhause.<\/p>\t\t\t\t\t\t\t\t<\/div>\n\t\t\t\t<div class=\"elementor-element elementor-element-3b581262 elementor-mobile-align-justify animated-fast elementor-align-center elementor-invisible elementor-widget elementor-widget-button\" data-id=\"3b581262\" data-element_type=\"widget\" data-settings=\"{&quot;_animation&quot;:&quot;fadeIn&quot;,&quot;_animation_delay&quot;:400}\" data-widget_type=\"button.default\">\n\t\t\t\t\t\t\t\t\t\t<a class=\"elementor-button elementor-button-link elementor-size-sm elementor-animation-float\" href=\"https:\/\/nord-solution.com\/DownloadCenter\/api.php?lang=DE&#038;name=DS_NORD_EcoHeat%20Storage%20Duo\" target=\"_blank\">\n\t\t\t\t\t\t<span class=\"elementor-button-content-wrapper\">\n\t\t\t\t\t\t\t\t\t<span class=\"elementor-button-text\">Technisches Datenblatt herunterladen<\/span>\n\t\t\t\t\t<\/span>\n\t\t\t\t\t<\/a>\n\t\t\t\t\t\t\t\t<\/div>\n\t\t\t\t\t<\/div>\n\t\t<\/div>\n\t\t\t\t<div class=\"elementor-column elementor-col-50 elementor-inner-column elementor-element elementor-element-29b86117\" data-id=\"29b86117\" data-element_type=\"column\">\n\t\t\t<div class=\"elementor-widget-wrap elementor-element-populated\">\n\t\t\t\t\t\t<div class=\"elementor-element elementor-element-4052eb93 elementor-invisible elementor-widget elementor-widget-text-editor\" data-id=\"4052eb93\" data-element_type=\"widget\" data-settings=\"{&quot;_animation&quot;:&quot;fadeIn&quot;,&quot;_animation_delay&quot;:200}\" data-widget_type=\"text-editor.default\">\n\t\t\t\t\t\t\t\t\t<p>Wenn Sie an einer unverbindlichen Anfrage interessiert sind, z\u00f6gern Sie nicht, uns direkt zu kontaktieren.<\/p>\t\t\t\t\t\t\t\t<\/div>\n\t\t\t\t<div class=\"elementor-element elementor-element-25e5c72a elementor-mobile-align-justify animated-fast elementor-align-center elementor-invisible elementor-widget elementor-widget-button\" data-id=\"25e5c72a\" data-element_type=\"widget\" data-settings=\"{&quot;_animation&quot;:&quot;fadeIn&quot;,&quot;_animation_delay&quot;:400}\" data-widget_type=\"button.default\">\n\t\t\t\t\t\t\t\t\t\t<a class=\"elementor-button elementor-button-link elementor-size-sm elementor-animation-float\" href=\"https:\/\/nord-solution.com\/index.php\/de\/haben-sie-interesse-am-nord-system\/\" target=\"_blank\">\n\t\t\t\t\t\t<span class=\"elementor-button-content-wrapper\">\n\t\t\t\t\t\t\t\t\t<span class=\"elementor-button-text\">Kontaktieren Sie uns<\/span>\n\t\t\t\t\t<\/span>\n\t\t\t\t\t<\/a>\n\t\t\t\t\t\t\t\t<\/div>\n\t\t\t\t\t<\/div>\n\t\t<\/div>\n\t\t\t\t\t<\/div>\n\t\t<\/section>\n\t\t\t\t\t<\/div>\n\t\t<\/div>\n\t\t\t\t\t<\/div>\n\t\t<\/section>\n\t\t\t\t<\/div>\n\t\t","protected":false},"excerpt":{"rendered":"<p>NORD EcoHeat Storage Duo Kombinierter Speicher f\u00fcr effizientes Heizen und die Warmwasserbereitung bei maximaler Platzersparnis. Modelle: 180-80 | 250-120 Vergessen Sie die komplizierte Verbindung zweier separater Speicher. NORD EcoHeat Storage Duo integriert einen Pufferspeicher f\u00fcr das Heizsystem und einen Warmwasserspeicher in einer kompakten Einheit. Dank der intelligenten Anordnung von zwei Speichern \u00fcbereinander wird maximale Platzersparnis [&hellip;]<\/p>\n","protected":false},"author":1,"featured_media":0,"parent":0,"menu_order":0,"comment_status":"closed","ping_status":"closed","template":"","meta":{"om_disable_all_campaigns":false,"_monsterinsights_skip_tracking":false,"_monsterinsights_sitenote_active":false,"_monsterinsights_sitenote_note":"","_monsterinsights_sitenote_category":0,"footnotes":""},"_links":{"self":[{"href":"https:\/\/nord-solution.com\/index.php\/wp-json\/wp\/v2\/pages\/31004"}],"collection":[{"href":"https:\/\/nord-solution.com\/index.php\/wp-json\/wp\/v2\/pages"}],"about":[{"href":"https:\/\/nord-solution.com\/index.php\/wp-json\/wp\/v2\/types\/page"}],"author":[{"embeddable":true,"href":"https:\/\/nord-solution.com\/index.php\/wp-json\/wp\/v2\/users\/1"}],"replies":[{"embeddable":true,"href":"https:\/\/nord-solution.com\/index.php\/wp-json\/wp\/v2\/comments?post=31004"}],"version-history":[{"count":10,"href":"https:\/\/nord-solution.com\/index.php\/wp-json\/wp\/v2\/pages\/31004\/revisions"}],"predecessor-version":[{"id":31018,"href":"https:\/\/nord-solution.com\/index.php\/wp-json\/wp\/v2\/pages\/31004\/revisions\/31018"}],"wp:attachment":[{"href":"https:\/\/nord-solution.com\/index.php\/wp-json\/wp\/v2\/media?parent=31004"}],"curies":[{"name":"wp","href":"https:\/\/api.w.org\/{rel}","templated":true}]}}