{"id":30899,"date":"2026-03-02T11:50:46","date_gmt":"2026-03-02T10:50:46","guid":{"rendered":"https:\/\/nord-solution.com\/?page_id=30899"},"modified":"2026-03-12T13:38:48","modified_gmt":"2026-03-12T12:38:48","slug":"ecoheat-storage-duo","status":"publish","type":"page","link":"https:\/\/nord-solution.com\/index.php\/cs\/ecoheat-storage-duo\/","title":{"rendered":"EcoHeat Storage Duo"},"content":{"rendered":"\t\t<div data-elementor-type=\"wp-page\" data-elementor-id=\"30899\" class=\"elementor elementor-30899\" data-elementor-post-type=\"page\">\n\t\t\t\t<div class=\"elementor-element elementor-element-4b98928b e-flex e-con-boxed e-con e-parent\" data-id=\"4b98928b\" data-element_type=\"container\">\n\t\t\t\t\t<div class=\"e-con-inner\">\n\t\t<div class=\"elementor-element elementor-element-2c324aae e-con-full e-flex e-con e-child\" data-id=\"2c324aae\" data-element_type=\"container\">\n\t\t\t\t<div class=\"elementor-element elementor-element-4ec575e elementor-widget elementor-widget-heading\" data-id=\"4ec575e\" data-element_type=\"widget\" data-widget_type=\"heading.default\">\n\t\t\t\t\t<h2 class=\"elementor-heading-title elementor-size-default\">NORD EcoHeat Storage Duo<\/h2>\t\t\t\t<\/div>\n\t\t\t\t<div class=\"elementor-element elementor-element-12839f59 elementor-widget elementor-widget-heading\" data-id=\"12839f59\" data-element_type=\"widget\" data-widget_type=\"heading.default\">\n\t\t\t\t\t<h2 class=\"elementor-heading-title elementor-size-default\">Kombinovan\u00e1 akumula\u010dn\u00ed n\u00e1dr\u017e pro efektivn\u00ed\nvyt\u00e1p\u011bn\u00ed a p\u0159\u00edpravu tepl\u00e9 vody s maxim\u00e1ln\u00ed\n\u00fasporou m\u00edsta.<\/h2>\t\t\t\t<\/div>\n\t\t\t\t<div class=\"elementor-element elementor-element-4504724f elementor-widget elementor-widget-heading\" data-id=\"4504724f\" data-element_type=\"widget\" data-widget_type=\"heading.default\">\n\t\t\t\t\t<h2 class=\"elementor-heading-title elementor-size-default\">Modely: 180-80 | 250-120<\/h2>\t\t\t\t<\/div>\n\t\t\t\t<div class=\"elementor-element elementor-element-6f43125b elementor-widget elementor-widget-text-editor\" data-id=\"6f43125b\" data-element_type=\"widget\" data-widget_type=\"text-editor.default\">\n\t\t\t\t\t\t\t\t\t<p>Zapome\u0148te na slo\u017eit\u00e9 propojov\u00e1n\u00ed dvou samostatn\u00fdch n\u00e1dob. <strong>NORD EcoHeat Storage Duo<\/strong> integruje akumula\u010dn\u00ed n\u00e1dr\u017e pro topn\u00fd syst\u00e9m a z\u00e1sobn\u00edk tepl\u00e9 vody do jednoho kompaktn\u00edho celku. <strong>D\u00edky chytr\u00e9mu uspo\u0159\u00e1d\u00e1n\u00ed dvou n\u00e1dob<\/strong> nad sebou doch\u00e1z\u00ed k maxim\u00e1ln\u00ed \u00faspo\u0159e m\u00edsta p\u0159i zachov\u00e1n\u00ed vysok\u00e9ho v\u00fdkonu obou syst\u00e9m\u016f. <strong>Toto \u0159e\u0161en\u00ed je ide\u00e1ln\u00ed pro tepeln\u00e1 \u010derpadla NORD EcoHeat<\/strong> a instalace, kde hraje roli ka\u017ed\u00fd centimetr \u010dtvere\u010dn\u00ed.<\/p>\t\t\t\t\t\t\t\t<\/div>\n\t\t\t\t<\/div>\n\t\t<div class=\"elementor-element elementor-element-6741da5 e-con-full e-flex e-con e-child\" data-id=\"6741da5\" data-element_type=\"container\">\n\t\t\t\t<div class=\"elementor-element elementor-element-13496367 elementor-widget elementor-widget-image\" data-id=\"13496367\" data-element_type=\"widget\" data-widget_type=\"image.default\">\n\t\t\t\t\t\t\t\t\t\t\t\t\t\t\t<img fetchpriority=\"high\" decoding=\"async\" width=\"800\" height=\"800\" src=\"https:\/\/nord-solution.com\/wp-content\/uploads\/2026\/03\/NOVA-produkova-fotka-ecoheat-energy-duo-1024x1024.png\" class=\"attachment-large size-large wp-image-30951\" alt=\"\" srcset=\"https:\/\/nord-solution.com\/wp-content\/uploads\/2026\/03\/NOVA-produkova-fotka-ecoheat-energy-duo-1024x1024.png 1024w, https:\/\/nord-solution.com\/wp-content\/uploads\/2026\/03\/NOVA-produkova-fotka-ecoheat-energy-duo-300x300.png 300w, https:\/\/nord-solution.com\/wp-content\/uploads\/2026\/03\/NOVA-produkova-fotka-ecoheat-energy-duo-150x150.png 150w, https:\/\/nord-solution.com\/wp-content\/uploads\/2026\/03\/NOVA-produkova-fotka-ecoheat-energy-duo-768x768.png 768w, https:\/\/nord-solution.com\/wp-content\/uploads\/2026\/03\/NOVA-produkova-fotka-ecoheat-energy-duo-600x600.png 600w, https:\/\/nord-solution.com\/wp-content\/uploads\/2026\/03\/NOVA-produkova-fotka-ecoheat-energy-duo-100x100.png 100w, https:\/\/nord-solution.com\/wp-content\/uploads\/2026\/03\/NOVA-produkova-fotka-ecoheat-energy-duo.png 1500w\" sizes=\"(max-width: 800px) 100vw, 800px\" \/>\t\t\t\t\t\t\t\t\t\t\t\t\t\t\t<\/div>\n\t\t\t\t<\/div>\n\t\t\t\t\t<\/div>\n\t\t\t\t<\/div>\n\t\t\t\t<section class=\"elementor-section elementor-top-section elementor-element elementor-element-2df6f972 elementor-section-boxed elementor-section-height-default elementor-section-height-default\" data-id=\"2df6f972\" data-element_type=\"section\" data-settings=\"{&quot;background_background&quot;:&quot;classic&quot;}\">\n\t\t\t\t\t\t<div class=\"elementor-container elementor-column-gap-default\">\n\t\t\t\t\t<div class=\"elementor-column elementor-col-50 elementor-top-column elementor-element elementor-element-5bef559b\" data-id=\"5bef559b\" data-element_type=\"column\">\n\t\t\t<div class=\"elementor-widget-wrap elementor-element-populated\">\n\t\t\t\t\t\t<div class=\"elementor-element elementor-element-36595013 elementor-widget elementor-widget-image\" data-id=\"36595013\" data-element_type=\"widget\" data-widget_type=\"image.default\">\n\t\t\t\t\t\t\t\t\t\t\t\t\t\t\t<img decoding=\"async\" width=\"300\" height=\"300\" src=\"https:\/\/nord-solution.com\/wp-content\/uploads\/2026\/03\/ikona_2v1-300x300.jpg\" class=\"attachment-medium size-medium wp-image-30932\" alt=\"\" srcset=\"https:\/\/nord-solution.com\/wp-content\/uploads\/2026\/03\/ikona_2v1-300x300.jpg 300w, https:\/\/nord-solution.com\/wp-content\/uploads\/2026\/03\/ikona_2v1-150x150.jpg 150w, https:\/\/nord-solution.com\/wp-content\/uploads\/2026\/03\/ikona_2v1-100x100.jpg 100w, https:\/\/nord-solution.com\/wp-content\/uploads\/2026\/03\/ikona_2v1.jpg 500w\" sizes=\"(max-width: 300px) 100vw, 300px\" \/>\t\t\t\t\t\t\t\t\t\t\t\t\t\t\t<\/div>\n\t\t\t\t\t<\/div>\n\t\t<\/div>\n\t\t\t\t<div class=\"elementor-column elementor-col-50 elementor-top-column elementor-element elementor-element-24c0b5fa\" data-id=\"24c0b5fa\" data-element_type=\"column\">\n\t\t\t<div class=\"elementor-widget-wrap elementor-element-populated\">\n\t\t\t\t\t\t<div class=\"elementor-element elementor-element-6435c688 animated-slow elementor-widget__width-inherit elementor-invisible elementor-widget elementor-widget-heading\" data-id=\"6435c688\" data-element_type=\"widget\" data-settings=\"{&quot;_animation&quot;:&quot;fadeInRight&quot;,&quot;_animation_delay&quot;:500}\" data-widget_type=\"heading.default\">\n\t\t\t\t\t<h6 class=\"elementor-heading-title elementor-size-default\">KONCEPT 2V1<\/h6>\t\t\t\t<\/div>\n\t\t\t\t<div class=\"elementor-element elementor-element-6043bcb4 elementor-widget elementor-widget-text-editor\" data-id=\"6043bcb4\" data-element_type=\"widget\" data-widget_type=\"text-editor.default\">\n\t\t\t\t\t\t\t\t\t<p><strong>Inteligentn\u00ed spojen\u00ed<\/strong> vyrovn\u00e1vac\u00ed n\u00e1dr\u017ee pro topen\u00ed a smaltovan\u00e9ho z\u00e1sobn\u00edku TUV <br \/>v jedn\u00e9 konstrukci <strong>\u0161et\u0159\u00ed a\u017e 50 % instala\u010dn\u00edho prostoru.<\/strong><\/p>\t\t\t\t\t\t\t\t<\/div>\n\t\t\t\t\t<\/div>\n\t\t<\/div>\n\t\t\t\t\t<\/div>\n\t\t<\/section>\n\t\t\t\t<section class=\"elementor-section elementor-top-section elementor-element elementor-element-cd892f3 elementor-section-boxed elementor-section-height-default elementor-section-height-default\" data-id=\"cd892f3\" data-element_type=\"section\">\n\t\t\t\t\t\t<div class=\"elementor-container elementor-column-gap-default\">\n\t\t\t\t\t<div class=\"elementor-column elementor-col-100 elementor-top-column elementor-element elementor-element-765b7463\" data-id=\"765b7463\" data-element_type=\"column\">\n\t\t\t<div class=\"elementor-widget-wrap elementor-element-populated\">\n\t\t\t\t\t\t<div class=\"elementor-element elementor-element-70f0beb0 elementor-widget-divider--view-line elementor-widget elementor-widget-divider\" data-id=\"70f0beb0\" data-element_type=\"widget\" data-widget_type=\"divider.default\">\n\t\t\t\t\t\t\t<div class=\"elementor-divider\">\n\t\t\t<span class=\"elementor-divider-separator\">\n\t\t\t\t\t\t<\/span>\n\t\t<\/div>\n\t\t\t\t\t\t<\/div>\n\t\t\t\t\t<\/div>\n\t\t<\/div>\n\t\t\t\t\t<\/div>\n\t\t<\/section>\n\t\t\t\t<section class=\"elementor-section elementor-top-section elementor-element elementor-element-4bca4d28 elementor-section-boxed elementor-section-height-default elementor-section-height-default\" data-id=\"4bca4d28\" data-element_type=\"section\">\n\t\t\t\t\t\t<div class=\"elementor-container elementor-column-gap-default\">\n\t\t\t\t\t<div class=\"elementor-column elementor-col-50 elementor-top-column elementor-element elementor-element-46dbc67f\" data-id=\"46dbc67f\" data-element_type=\"column\">\n\t\t\t<div class=\"elementor-widget-wrap elementor-element-populated\">\n\t\t\t\t\t\t<div class=\"elementor-element elementor-element-3fdf9b06 animated-slow elementor-widget__width-inherit elementor-invisible elementor-widget elementor-widget-heading\" data-id=\"3fdf9b06\" data-element_type=\"widget\" data-settings=\"{&quot;_animation&quot;:&quot;fadeInLeft&quot;,&quot;_animation_delay&quot;:500}\" data-widget_type=\"heading.default\">\n\t\t\t\t\t<h6 class=\"elementor-heading-title elementor-size-default\">KOMPATIBILITA S FVE (PV READY)<\/h6>\t\t\t\t<\/div>\n\t\t\t\t<div class=\"elementor-element elementor-element-5de3675b elementor-widget elementor-widget-text-editor\" data-id=\"5de3675b\" data-element_type=\"widget\" data-widget_type=\"text-editor.default\">\n\t\t\t\t\t\t\t\t\t<p style=\"text-align: center;\"><strong>Mo\u017enost instalace elektrick\u00e9 topn\u00e9 spir\u00e1ly NORD ECoil<\/strong> <br \/>pro p\u0159\u00edm\u00e9 ukl\u00e1d\u00e1n\u00ed p\u0159ebytk\u016f z fotovoltaiky do vody.<\/p>\t\t\t\t\t\t\t\t<\/div>\n\t\t\t\t\t<\/div>\n\t\t<\/div>\n\t\t\t\t<div class=\"elementor-column elementor-col-50 elementor-top-column elementor-element elementor-element-1991525c\" data-id=\"1991525c\" data-element_type=\"column\">\n\t\t\t<div class=\"elementor-widget-wrap elementor-element-populated\">\n\t\t\t\t\t\t<div class=\"elementor-element elementor-element-333b8e7c elementor-widget elementor-widget-image\" data-id=\"333b8e7c\" data-element_type=\"widget\" data-widget_type=\"image.default\">\n\t\t\t\t\t\t\t\t\t\t\t\t\t\t\t<img decoding=\"async\" width=\"300\" height=\"300\" src=\"https:\/\/nord-solution.com\/wp-content\/uploads\/2026\/03\/pv-ready-300x300.jpg\" class=\"attachment-medium size-medium wp-image-30955\" alt=\"\" srcset=\"https:\/\/nord-solution.com\/wp-content\/uploads\/2026\/03\/pv-ready-300x300.jpg 300w, https:\/\/nord-solution.com\/wp-content\/uploads\/2026\/03\/pv-ready-150x150.jpg 150w, https:\/\/nord-solution.com\/wp-content\/uploads\/2026\/03\/pv-ready-100x100.jpg 100w, https:\/\/nord-solution.com\/wp-content\/uploads\/2026\/03\/pv-ready.jpg 500w\" sizes=\"(max-width: 300px) 100vw, 300px\" \/>\t\t\t\t\t\t\t\t\t\t\t\t\t\t\t<\/div>\n\t\t\t\t\t<\/div>\n\t\t<\/div>\n\t\t\t\t\t<\/div>\n\t\t<\/section>\n\t\t\t\t<section class=\"elementor-section elementor-top-section elementor-element elementor-element-75f5db6a elementor-section-boxed elementor-section-height-default elementor-section-height-default\" data-id=\"75f5db6a\" data-element_type=\"section\">\n\t\t\t\t\t\t<div class=\"elementor-container elementor-column-gap-default\">\n\t\t\t\t\t<div class=\"elementor-column elementor-col-100 elementor-top-column elementor-element elementor-element-6881a0e2\" data-id=\"6881a0e2\" data-element_type=\"column\">\n\t\t\t<div class=\"elementor-widget-wrap elementor-element-populated\">\n\t\t\t\t\t\t<div class=\"elementor-element elementor-element-76fba2d8 elementor-widget-divider--view-line elementor-widget elementor-widget-divider\" data-id=\"76fba2d8\" data-element_type=\"widget\" data-widget_type=\"divider.default\">\n\t\t\t\t\t\t\t<div class=\"elementor-divider\">\n\t\t\t<span class=\"elementor-divider-separator\">\n\t\t\t\t\t\t<\/span>\n\t\t<\/div>\n\t\t\t\t\t\t<\/div>\n\t\t\t\t\t<\/div>\n\t\t<\/div>\n\t\t\t\t\t<\/div>\n\t\t<\/section>\n\t\t\t\t<section class=\"elementor-section elementor-top-section elementor-element elementor-element-784998fc elementor-section-boxed elementor-section-height-default elementor-section-height-default\" data-id=\"784998fc\" data-element_type=\"section\">\n\t\t\t\t\t\t<div class=\"elementor-container elementor-column-gap-default\">\n\t\t\t\t\t<div class=\"elementor-column elementor-col-50 elementor-top-column elementor-element elementor-element-6766a830\" data-id=\"6766a830\" data-element_type=\"column\">\n\t\t\t<div class=\"elementor-widget-wrap elementor-element-populated\">\n\t\t\t\t\t\t<div class=\"elementor-element elementor-element-7c70fd2b elementor-widget elementor-widget-image\" data-id=\"7c70fd2b\" data-element_type=\"widget\" data-widget_type=\"image.default\">\n\t\t\t\t\t\t\t\t\t\t\t\t\t\t\t<img loading=\"lazy\" decoding=\"async\" width=\"300\" height=\"300\" src=\"https:\/\/nord-solution.com\/wp-content\/uploads\/2026\/03\/ikona_ecoboiler-hybrid-spiral-elipsa-prurez.svg\" class=\"attachment-medium size-medium wp-image-30923\" alt=\"\" \/>\t\t\t\t\t\t\t\t\t\t\t\t\t\t\t<\/div>\n\t\t\t\t\t<\/div>\n\t\t<\/div>\n\t\t\t\t<div class=\"elementor-column elementor-col-50 elementor-top-column elementor-element elementor-element-868f565\" data-id=\"868f565\" data-element_type=\"column\">\n\t\t\t<div class=\"elementor-widget-wrap elementor-element-populated\">\n\t\t\t\t\t\t<div class=\"elementor-element elementor-element-4b4929c0 animated-slow elementor-widget__width-inherit elementor-invisible elementor-widget elementor-widget-heading\" data-id=\"4b4929c0\" data-element_type=\"widget\" data-settings=\"{&quot;_animation&quot;:&quot;fadeInRight&quot;,&quot;_animation_delay&quot;:500}\" data-widget_type=\"heading.default\">\n\t\t\t\t\t<h6 class=\"elementor-heading-title elementor-size-default\">VYSOK\u00dd V\u00ddKON OH\u0158EVU<\/h6>\t\t\t\t<\/div>\n\t\t\t\t<div class=\"elementor-element elementor-element-24a17734 elementor-widget elementor-widget-text-editor\" data-id=\"24a17734\" data-element_type=\"widget\" data-widget_type=\"text-editor.default\">\n\t\t\t\t\t\t\t\t\t<p style=\"text-align: center;\"><strong>Speci\u00e1ln\u011b navr\u017een\u00e1 velkoplo\u0161n\u00e1 spir\u00e1la<\/strong> s eliptick\u00fdm pr\u016f\u0159ezem zaji\u0161\u0165uje <strong>bleskov\u00fd p\u0159enos tepla <\/strong><br \/><strong>a v\u00fdrazn\u011b efektivn\u011bj\u0161\u00ed oh\u0159ev vody<\/strong> ve srovn\u00e1n\u00ed s b\u011b\u017en\u00fdmi z\u00e1sobn\u00edky.<\/p>\t\t\t\t\t\t\t\t<\/div>\n\t\t\t\t\t<\/div>\n\t\t<\/div>\n\t\t\t\t\t<\/div>\n\t\t<\/section>\n\t\t\t\t<section class=\"elementor-section elementor-top-section elementor-element elementor-element-3db25929 elementor-section-boxed elementor-section-height-default elementor-section-height-default\" data-id=\"3db25929\" data-element_type=\"section\">\n\t\t\t\t\t\t<div class=\"elementor-container elementor-column-gap-default\">\n\t\t\t\t\t<div class=\"elementor-column elementor-col-100 elementor-top-column elementor-element elementor-element-9ff21fd\" data-id=\"9ff21fd\" data-element_type=\"column\">\n\t\t\t<div class=\"elementor-widget-wrap elementor-element-populated\">\n\t\t\t\t\t\t<div class=\"elementor-element elementor-element-ee04e55 elementor-widget-divider--view-line elementor-widget elementor-widget-divider\" data-id=\"ee04e55\" data-element_type=\"widget\" data-widget_type=\"divider.default\">\n\t\t\t\t\t\t\t<div class=\"elementor-divider\">\n\t\t\t<span class=\"elementor-divider-separator\">\n\t\t\t\t\t\t<\/span>\n\t\t<\/div>\n\t\t\t\t\t\t<\/div>\n\t\t\t\t\t<\/div>\n\t\t<\/div>\n\t\t\t\t\t<\/div>\n\t\t<\/section>\n\t\t\t\t<section class=\"elementor-section elementor-top-section elementor-element elementor-element-2202d771 elementor-section-boxed elementor-section-height-default elementor-section-height-default\" data-id=\"2202d771\" data-element_type=\"section\">\n\t\t\t\t\t\t<div class=\"elementor-container elementor-column-gap-default\">\n\t\t\t\t\t<div class=\"elementor-column elementor-col-50 elementor-top-column elementor-element elementor-element-6c99d1ff\" data-id=\"6c99d1ff\" data-element_type=\"column\">\n\t\t\t<div class=\"elementor-widget-wrap elementor-element-populated\">\n\t\t\t\t\t\t<div class=\"elementor-element elementor-element-48e2dafa animated-slow elementor-widget__width-inherit elementor-invisible elementor-widget elementor-widget-heading\" data-id=\"48e2dafa\" data-element_type=\"widget\" data-settings=\"{&quot;_animation&quot;:&quot;fadeInRight&quot;,&quot;_animation_delay&quot;:500}\" data-widget_type=\"heading.default\">\n\t\t\t\t\t<h6 class=\"elementor-heading-title elementor-size-default\">Z\u00c1RUKA 10 LET<\/h6>\t\t\t\t<\/div>\n\t\t\t\t<div class=\"elementor-element elementor-element-2b532a9e elementor-widget elementor-widget-text-editor\" data-id=\"2b532a9e\" data-element_type=\"widget\" data-widget_type=\"text-editor.default\">\n\t\t\t\t\t\t\t\t\t<p style=\"text-align: center;\"><strong>D\u00edky precizn\u00edmu smaltov\u00e1n\u00ed,<\/strong> masivn\u00ed izolaci a ho\u0159\u010d\u00edkov\u00e9 anod\u011b<br \/>poskytujeme <strong>na t\u011bsnost n\u00e1dr\u017ee nadstandardn\u00ed z\u00e1ruku 10 let.<\/strong><\/p>\t\t\t\t\t\t\t\t<\/div>\n\t\t\t\t\t<\/div>\n\t\t<\/div>\n\t\t\t\t<div class=\"elementor-column elementor-col-50 elementor-top-column elementor-element elementor-element-34f5fb37\" data-id=\"34f5fb37\" data-element_type=\"column\">\n\t\t\t<div class=\"elementor-widget-wrap elementor-element-populated\">\n\t\t\t\t\t\t<div class=\"elementor-element elementor-element-2b5c4a2 elementor-widget elementor-widget-image\" data-id=\"2b5c4a2\" data-element_type=\"widget\" data-widget_type=\"image.default\">\n\t\t\t\t\t\t\t\t\t\t\t\t\t\t\t<img loading=\"lazy\" decoding=\"async\" width=\"300\" height=\"300\" src=\"https:\/\/nord-solution.com\/wp-content\/uploads\/2026\/03\/10-warranty-300x300.jpg\" class=\"attachment-medium size-medium wp-image-30928\" alt=\"\" srcset=\"https:\/\/nord-solution.com\/wp-content\/uploads\/2026\/03\/10-warranty-300x300.jpg 300w, https:\/\/nord-solution.com\/wp-content\/uploads\/2026\/03\/10-warranty-150x150.jpg 150w, https:\/\/nord-solution.com\/wp-content\/uploads\/2026\/03\/10-warranty-100x100.jpg 100w, https:\/\/nord-solution.com\/wp-content\/uploads\/2026\/03\/10-warranty.jpg 500w\" sizes=\"(max-width: 300px) 100vw, 300px\" \/>\t\t\t\t\t\t\t\t\t\t\t\t\t\t\t<\/div>\n\t\t\t\t\t<\/div>\n\t\t<\/div>\n\t\t\t\t\t<\/div>\n\t\t<\/section>\n\t\t<div class=\"elementor-element elementor-element-3dda6ffe e-flex e-con-boxed e-con e-parent\" data-id=\"3dda6ffe\" data-element_type=\"container\">\n\t\t\t\t\t<div class=\"e-con-inner\">\n\t\t\t\t<div class=\"elementor-element elementor-element-97db157 elementor-arrows-position-inside elementor-pagination-position-outside elementor-widget elementor-widget-image-carousel\" data-id=\"97db157\" data-element_type=\"widget\" data-settings=\"{&quot;slides_to_show&quot;:&quot;1&quot;,&quot;navigation&quot;:&quot;both&quot;,&quot;autoplay&quot;:&quot;yes&quot;,&quot;pause_on_hover&quot;:&quot;yes&quot;,&quot;pause_on_interaction&quot;:&quot;yes&quot;,&quot;autoplay_speed&quot;:5000,&quot;infinite&quot;:&quot;yes&quot;,&quot;effect&quot;:&quot;slide&quot;,&quot;speed&quot;:500}\" data-widget_type=\"image-carousel.default\">\n\t\t\t\t\t\t\t<div class=\"elementor-image-carousel-wrapper swiper\" role=\"region\" aria-roledescription=\"carousel\" aria-label=\"Obr\u00e1zkov\u00fd koloto\u010d\" dir=\"ltr\">\n\t\t\t<div class=\"elementor-image-carousel swiper-wrapper\" aria-live=\"off\">\n\t\t\t\t\t\t\t\t<div class=\"swiper-slide\" role=\"group\" aria-roledescription=\"slide\" aria-label=\"1 z 1\"><figure class=\"swiper-slide-inner\"><img decoding=\"async\" class=\"swiper-slide-image\" src=\"https:\/\/nord-solution.com\/wp-content\/uploads\/2026\/03\/EcoHeat-Storage-web-banner.png\" alt=\"EcoHeat-Storage-web-banner\" \/><\/figure><\/div>\t\t\t<\/div>\n\t\t\t\t\t<\/div>\n\t\t\t\t\t\t<\/div>\n\t\t\t\t\t<\/div>\n\t\t\t\t<\/div>\n\t\t\t\t<section class=\"elementor-section elementor-top-section elementor-element elementor-element-1bfc84ee elementor-section-boxed elementor-section-height-default elementor-section-height-default\" data-id=\"1bfc84ee\" data-element_type=\"section\" data-settings=\"{&quot;background_background&quot;:&quot;classic&quot;}\">\n\t\t\t\t\t\t<div class=\"elementor-container elementor-column-gap-no\">\n\t\t\t\t\t<div class=\"elementor-column elementor-col-100 elementor-top-column elementor-element elementor-element-5f35b602\" data-id=\"5f35b602\" data-element_type=\"column\">\n\t\t\t<div class=\"elementor-widget-wrap elementor-element-populated\">\n\t\t\t\t\t\t<div class=\"elementor-element elementor-element-543ec5a animated-slow elementor-invisible elementor-widget elementor-widget-heading\" data-id=\"543ec5a\" data-element_type=\"widget\" data-settings=\"{&quot;_animation&quot;:&quot;fadeIn&quot;}\" data-widget_type=\"heading.default\">\n\t\t\t\t\t<h2 class=\"elementor-heading-title elementor-size-default\">Jste p\u0159ipraveni na budoucnost? Z\u00edskejte v\u00edce informac\u00ed pr\u00e1v\u011b te\u010f!<\/h2>\t\t\t\t<\/div>\n\t\t\t\t<section class=\"elementor-section elementor-inner-section elementor-element elementor-element-1e80edf1 elementor-section-boxed elementor-section-height-default elementor-section-height-default\" data-id=\"1e80edf1\" data-element_type=\"section\">\n\t\t\t\t\t\t<div class=\"elementor-container elementor-column-gap-default\">\n\t\t\t\t\t<div class=\"elementor-column elementor-col-50 elementor-inner-column elementor-element elementor-element-c3aa0b2\" data-id=\"c3aa0b2\" data-element_type=\"column\">\n\t\t\t<div class=\"elementor-widget-wrap elementor-element-populated\">\n\t\t\t\t\t\t<div class=\"elementor-element elementor-element-7d29b447 elementor-invisible elementor-widget elementor-widget-text-editor\" data-id=\"7d29b447\" data-element_type=\"widget\" data-settings=\"{&quot;_animation&quot;:&quot;fadeIn&quot;,&quot;_animation_delay&quot;:200}\" data-widget_type=\"text-editor.default\">\n\t\t\t\t\t\t\t\t\t<p>Objevte akumula\u010dn\u00ed n\u00e1dr\u017ee EcoHeat Storage Duo pro akumulaci<\/p><p>p\u0159ebyte\u010dn\u00e9 zelen\u00e9 energie ve va\u0161\u00ed dom\u00e1cnosti.<\/p>\t\t\t\t\t\t\t\t<\/div>\n\t\t\t\t<div class=\"elementor-element elementor-element-3b581262 elementor-mobile-align-justify animated-fast elementor-align-center elementor-invisible elementor-widget elementor-widget-button\" data-id=\"3b581262\" data-element_type=\"widget\" data-settings=\"{&quot;_animation&quot;:&quot;fadeIn&quot;,&quot;_animation_delay&quot;:400}\" data-widget_type=\"button.default\">\n\t\t\t\t\t\t\t\t\t\t<a class=\"elementor-button elementor-button-link elementor-size-sm elementor-animation-float\" href=\"https:\/\/nord-solution.com\/DownloadCenter\/api.php?lang=DE&#038;name=DS_NORD_EcoHeat%20Storage%20Duo\" target=\"_blank\">\n\t\t\t\t\t\t<span class=\"elementor-button-content-wrapper\">\n\t\t\t\t\t\t\t\t\t<span class=\"elementor-button-text\">St\u00e1hnout technick\u00fd list<\/span>\n\t\t\t\t\t<\/span>\n\t\t\t\t\t<\/a>\n\t\t\t\t\t\t\t\t<\/div>\n\t\t\t\t\t<\/div>\n\t\t<\/div>\n\t\t\t\t<div class=\"elementor-column elementor-col-50 elementor-inner-column elementor-element elementor-element-29b86117\" data-id=\"29b86117\" data-element_type=\"column\">\n\t\t\t<div class=\"elementor-widget-wrap elementor-element-populated\">\n\t\t\t\t\t\t<div class=\"elementor-element elementor-element-4052eb93 elementor-invisible elementor-widget elementor-widget-text-editor\" data-id=\"4052eb93\" data-element_type=\"widget\" data-settings=\"{&quot;_animation&quot;:&quot;fadeIn&quot;,&quot;_animation_delay&quot;:200}\" data-widget_type=\"text-editor.default\">\n\t\t\t\t\t\t\t\t\t<p>M\u00e1te-li z\u00e1jem o nez\u00e1vaznou popt\u00e1vku,<\/p><p>nev\u00e1hejte n\u00e1s kontaktovat p\u0159\u00edmo.<\/p>\t\t\t\t\t\t\t\t<\/div>\n\t\t\t\t<div class=\"elementor-element elementor-element-25e5c72a elementor-mobile-align-justify animated-fast elementor-align-center elementor-invisible elementor-widget elementor-widget-button\" data-id=\"25e5c72a\" data-element_type=\"widget\" data-settings=\"{&quot;_animation&quot;:&quot;fadeIn&quot;,&quot;_animation_delay&quot;:400}\" data-widget_type=\"button.default\">\n\t\t\t\t\t\t\t\t\t\t<a class=\"elementor-button elementor-button-link elementor-size-sm elementor-animation-float\" href=\"https:\/\/nord-solution.com\/index.php\/cs\/poptavkovy-formular\/\" target=\"_blank\">\n\t\t\t\t\t\t<span class=\"elementor-button-content-wrapper\">\n\t\t\t\t\t\t\t\t\t<span class=\"elementor-button-text\">Popt\u00e1vkov\u00fd formul\u00e1\u0159<\/span>\n\t\t\t\t\t<\/span>\n\t\t\t\t\t<\/a>\n\t\t\t\t\t\t\t\t<\/div>\n\t\t\t\t\t<\/div>\n\t\t<\/div>\n\t\t\t\t\t<\/div>\n\t\t<\/section>\n\t\t\t\t\t<\/div>\n\t\t<\/div>\n\t\t\t\t\t<\/div>\n\t\t<\/section>\n\t\t\t\t<\/div>\n\t\t","protected":false},"excerpt":{"rendered":"<p>NORD EcoHeat Storage Duo Kombinovan\u00e1 akumula\u010dn\u00ed n\u00e1dr\u017e pro efektivn\u00ed vyt\u00e1p\u011bn\u00ed a p\u0159\u00edpravu tepl\u00e9 vody s maxim\u00e1ln\u00ed \u00fasporou m\u00edsta. Modely: 180-80 | 250-120 Zapome\u0148te na slo\u017eit\u00e9 propojov\u00e1n\u00ed dvou samostatn\u00fdch n\u00e1dob. NORD EcoHeat Storage Duo integruje akumula\u010dn\u00ed n\u00e1dr\u017e pro topn\u00fd syst\u00e9m a z\u00e1sobn\u00edk tepl\u00e9 vody do jednoho kompaktn\u00edho celku. D\u00edky chytr\u00e9mu uspo\u0159\u00e1d\u00e1n\u00ed dvou n\u00e1dob nad sebou doch\u00e1z\u00ed [&hellip;]<\/p>\n","protected":false},"author":1,"featured_media":0,"parent":0,"menu_order":0,"comment_status":"closed","ping_status":"closed","template":"","meta":{"om_disable_all_campaigns":false,"_monsterinsights_skip_tracking":false,"_monsterinsights_sitenote_active":false,"_monsterinsights_sitenote_note":"","_monsterinsights_sitenote_category":0,"footnotes":""},"_links":{"self":[{"href":"https:\/\/nord-solution.com\/index.php\/wp-json\/wp\/v2\/pages\/30899"}],"collection":[{"href":"https:\/\/nord-solution.com\/index.php\/wp-json\/wp\/v2\/pages"}],"about":[{"href":"https:\/\/nord-solution.com\/index.php\/wp-json\/wp\/v2\/types\/page"}],"author":[{"embeddable":true,"href":"https:\/\/nord-solution.com\/index.php\/wp-json\/wp\/v2\/users\/1"}],"replies":[{"embeddable":true,"href":"https:\/\/nord-solution.com\/index.php\/wp-json\/wp\/v2\/comments?post=30899"}],"version-history":[{"count":10,"href":"https:\/\/nord-solution.com\/index.php\/wp-json\/wp\/v2\/pages\/30899\/revisions"}],"predecessor-version":[{"id":31024,"href":"https:\/\/nord-solution.com\/index.php\/wp-json\/wp\/v2\/pages\/30899\/revisions\/31024"}],"wp:attachment":[{"href":"https:\/\/nord-solution.com\/index.php\/wp-json\/wp\/v2\/media?parent=30899"}],"curies":[{"name":"wp","href":"https:\/\/api.w.org\/{rel}","templated":true}]}}