{"id":30487,"date":"2026-02-03T11:03:03","date_gmt":"2026-02-03T10:03:03","guid":{"rendered":"https:\/\/nord-solution.com\/?page_id=30487"},"modified":"2026-02-03T11:06:19","modified_gmt":"2026-02-03T10:06:19","slug":"faq-hr","status":"publish","type":"page","link":"https:\/\/nord-solution.com\/index.php\/hr\/faq-hr\/","title":{"rendered":"FAQ HR"},"content":{"rendered":"\t\t<div data-elementor-type=\"wp-page\" data-elementor-id=\"30487\" class=\"elementor elementor-30487\" data-elementor-post-type=\"page\">\n\t\t\t\t\t\t<section class=\"elementor-section elementor-top-section elementor-element elementor-element-638611cb elementor-section-boxed elementor-section-height-default elementor-section-height-default\" data-id=\"638611cb\" data-element_type=\"section\" data-settings=\"{&quot;background_background&quot;:&quot;classic&quot;}\">\n\t\t\t\t\t\t<div class=\"elementor-container elementor-column-gap-default\">\n\t\t\t\t\t<div class=\"elementor-column elementor-col-100 elementor-top-column elementor-element elementor-element-1d5d935a\" data-id=\"1d5d935a\" data-element_type=\"column\">\n\t\t\t<div class=\"elementor-widget-wrap elementor-element-populated\">\n\t\t\t\t\t\t<div class=\"elementor-element elementor-element-4f25a272 elementor-widget elementor-widget-spacer\" data-id=\"4f25a272\" data-element_type=\"widget\" data-widget_type=\"spacer.default\">\n\t\t\t\t\t\t\t<div class=\"elementor-spacer\">\n\t\t\t<div class=\"elementor-spacer-inner\"><\/div>\n\t\t<\/div>\n\t\t\t\t\t\t<\/div>\n\t\t\t\t<div class=\"elementor-element elementor-element-70406aa2 elementor-widget elementor-widget-heading\" data-id=\"70406aa2\" data-element_type=\"widget\" data-widget_type=\"heading.default\">\n\t\t\t\t\t<h4 class=\"elementor-heading-title elementor-size-default\">\u010cesto postavljana pitanja (FAQ)<\/h4>\t\t\t\t<\/div>\n\t\t\t\t<div class=\"elementor-element elementor-element-bcac759 elementor-widget elementor-widget-spacer\" data-id=\"bcac759\" data-element_type=\"widget\" data-widget_type=\"spacer.default\">\n\t\t\t\t\t\t\t<div class=\"elementor-spacer\">\n\t\t\t<div class=\"elementor-spacer-inner\"><\/div>\n\t\t<\/div>\n\t\t\t\t\t\t<\/div>\n\t\t\t\t<div class=\"elementor-element elementor-element-ccc1008 elementor-widget elementor-widget-heading\" data-id=\"ccc1008\" data-element_type=\"widget\" data-widget_type=\"heading.default\">\n\t\t\t\t\t<h4 class=\"elementor-heading-title elementor-size-default\">Moram li imati sve komponente sustava kako bih imao koristi od NORD zna\u010dajki?<\/h4>\t\t\t\t<\/div>\n\t\t\t\t<div class=\"elementor-element elementor-element-4fb5257 elementor-widget elementor-widget-text-editor\" data-id=\"4fb5257\" data-element_type=\"widget\" data-widget_type=\"text-editor.default\">\n\t\t\t\t\t\t\t\t\t<p>Ne, mnogi <strong data-start=\"10\" data-end=\"18\">NORD<\/strong> proizvodi mogu se koristiti samostalno ili se mogu kombinirati s postoje\u0107im sustavima. Na primjer, <strong data-start=\"118\" data-end=\"136\">NORD EcoBoiler<\/strong> ili <strong data-start=\"141\" data-end=\"162\">Power Genius 3000<\/strong> mogu raditi neovisno kako bi maksimalno pove\u0107ali u\u0161tede u sklopu va\u0161e ve\u0107 postoje\u0107e instalacije.<\/p>\t\t\t\t\t\t\t\t<\/div>\n\t\t\t\t<div class=\"elementor-element elementor-element-fae2715 elementor-widget-divider--view-line elementor-widget elementor-widget-divider\" data-id=\"fae2715\" data-element_type=\"widget\" data-widget_type=\"divider.default\">\n\t\t\t\t\t\t\t<div class=\"elementor-divider\">\n\t\t\t<span class=\"elementor-divider-separator\">\n\t\t\t\t\t\t<\/span>\n\t\t<\/div>\n\t\t\t\t\t\t<\/div>\n\t\t\t\t<div class=\"elementor-element elementor-element-f84201c elementor-widget elementor-widget-heading\" data-id=\"f84201c\" data-element_type=\"widget\" data-widget_type=\"heading.default\">\n\t\t\t\t\t<h5 class=\"elementor-heading-title elementor-size-default\">\u0160to zna\u010di EcoMode?<\/h5>\t\t\t\t<\/div>\n\t\t\t\t<div class=\"elementor-element elementor-element-a1db952 elementor-widget elementor-widget-text-editor\" data-id=\"a1db952\" data-element_type=\"widget\" data-widget_type=\"text-editor.default\">\n\t\t\t\t\t\t\t\t\t<p><strong data-start=\"0\" data-end=\"16\" data-is-only-node=\"\">NORD EcoMode<\/strong> posebno je razvijen na\u010din rada osmi\u0161ljen za povezivanje proizvodnje iz fotonaponskog sustava s potro\u0161njom dizalice topline. Od sada mo\u017eete iskoristiti svaku sun\u010devu zraku koja padne na va\u0161 krov.<\/p>\t\t\t\t\t\t\t\t<\/div>\n\t\t\t\t<div class=\"elementor-element elementor-element-f319b7b elementor-widget-divider--view-line elementor-widget elementor-widget-divider\" data-id=\"f319b7b\" data-element_type=\"widget\" data-widget_type=\"divider.default\">\n\t\t\t\t\t\t\t<div class=\"elementor-divider\">\n\t\t\t<span class=\"elementor-divider-separator\">\n\t\t\t\t\t\t<\/span>\n\t\t<\/div>\n\t\t\t\t\t\t<\/div>\n\t\t\t\t<div class=\"elementor-element elementor-element-a8a4813 elementor-widget elementor-widget-heading\" data-id=\"a8a4813\" data-element_type=\"widget\" data-widget_type=\"heading.default\">\n\t\t\t\t\t<h5 class=\"elementor-heading-title elementor-size-default\">Kako mogu koristiti NORD EcoMode?<\/h5>\t\t\t\t<\/div>\n\t\t\t\t<div class=\"elementor-element elementor-element-98ce3bc elementor-widget elementor-widget-text-editor\" data-id=\"98ce3bc\" data-element_type=\"widget\" data-widget_type=\"text-editor.default\">\n\t\t\t\t\t\t\t\t\t<div class=\"text-base my-auto mx-auto pb-10 [--thread-content-margin:--spacing(4)] @w-sm\/main:[--thread-content-margin:--spacing(6)] @w-lg\/main:[--thread-content-margin:--spacing(16)] px-(--thread-content-margin)\"><div class=\"[--thread-content-max-width:40rem] @w-lg\/main:[--thread-content-max-width:48rem] mx-auto max-w-(--thread-content-max-width) flex-1 group\/turn-messages focus-visible:outline-hidden relative flex w-full min-w-0 flex-col agent-turn\" tabindex=\"-1\"><div class=\"flex max-w-full flex-col grow\"><div class=\"min-h-8 text-message relative flex w-full flex-col items-end gap-2 text-start break-words whitespace-normal [.text-message+&amp;]:mt-1\" dir=\"auto\" data-message-author-role=\"assistant\" data-message-id=\"e47b3695-b8a2-46d8-8f70-6d50baf9cab2\" data-message-model-slug=\"gpt-5-2\"><div class=\"flex w-full flex-col gap-1 empty:hidden first:pt-[1px]\"><div class=\"markdown prose dark:prose-invert w-full wrap-break-word dark markdown-new-styling\"><p data-start=\"0\" data-end=\"205\" data-is-last-node=\"\" data-is-only-node=\"\">Kako biste maksimalno iskoristili posebno razvijeni <strong data-start=\"52\" data-end=\"68\">NORD EcoMode<\/strong>, potrebno je instalirati <strong data-start=\"94\" data-end=\"113\">NORD EcoControl<\/strong> zajedno s dizalicom topline <strong data-start=\"142\" data-end=\"158\">NORD EcoHeat<\/strong> te fotonaponski sustav s <strong data-start=\"184\" data-end=\"204\">NORD EcoMasterom<\/strong>.<\/p><\/div><\/div><\/div><\/div><\/div><\/div>\t\t\t\t\t\t\t\t<\/div>\n\t\t\t\t<div class=\"elementor-element elementor-element-8fb44a8 elementor-widget-divider--view-line elementor-widget elementor-widget-divider\" data-id=\"8fb44a8\" data-element_type=\"widget\" data-widget_type=\"divider.default\">\n\t\t\t\t\t\t\t<div class=\"elementor-divider\">\n\t\t\t<span class=\"elementor-divider-separator\">\n\t\t\t\t\t\t<\/span>\n\t\t<\/div>\n\t\t\t\t\t\t<\/div>\n\t\t\t\t<div class=\"elementor-element elementor-element-65472e6 elementor-widget elementor-widget-heading\" data-id=\"65472e6\" data-element_type=\"widget\" data-widget_type=\"heading.default\">\n\t\t\t\t\t<h5 class=\"elementor-heading-title elementor-size-default\">Gdje mogu kupiti NORD proizvode?<\/h5>\t\t\t\t<\/div>\n\t\t\t\t<div class=\"elementor-element elementor-element-60e42cd elementor-widget elementor-widget-text-editor\" data-id=\"60e42cd\" data-element_type=\"widget\" data-widget_type=\"text-editor.default\">\n\t\t\t\t\t\t\t\t\t<p><strong data-start=\"0\" data-end=\"8\" data-is-only-node=\"\">NORD<\/strong> sura\u0111uje s odabranim distribucijskim partnerima u brojnim zemljama. Posjetite na\u0161u web-stranicu ili nas kontaktirajte kako biste prona\u0161li najbli\u017eeg ovla\u0161tenog partnera.<\/p>\t\t\t\t\t\t\t\t<\/div>\n\t\t\t\t<div class=\"elementor-element elementor-element-a920a62 elementor-widget-divider--view-line elementor-widget elementor-widget-divider\" data-id=\"a920a62\" data-element_type=\"widget\" data-widget_type=\"divider.default\">\n\t\t\t\t\t\t\t<div class=\"elementor-divider\">\n\t\t\t<span class=\"elementor-divider-separator\">\n\t\t\t\t\t\t<\/span>\n\t\t<\/div>\n\t\t\t\t\t\t<\/div>\n\t\t\t\t<div class=\"elementor-element elementor-element-ab7a833 elementor-widget elementor-widget-heading\" data-id=\"ab7a833\" data-element_type=\"widget\" data-widget_type=\"heading.default\">\n\t\t\t\t\t<h5 class=\"elementor-heading-title elementor-size-default\">Ve\u0107 imam instaliran fotonaponski sustav. Mogu li koristiti NORD proizvode, poput EcoControla ili dizalice topline EcoHeat, s postoje\u0107im PV sustavom?<\/h5>\t\t\t\t<\/div>\n\t\t\t\t<div class=\"elementor-element elementor-element-dcc9f79 elementor-widget elementor-widget-text-editor\" data-id=\"dcc9f79\" data-element_type=\"widget\" data-widget_type=\"text-editor.default\">\n\t\t\t\t\t\t\t\t\t<p><strong data-start=\"0\" data-end=\"8\" data-is-only-node=\"\">NORD<\/strong> proizvodi kompatibilni su s ve\u0107inom ure\u0111aja proizvo\u0111a\u010da <strong data-start=\"65\" data-end=\"74\">Solax<\/strong>, renomiranog proizvo\u0111a\u010da vrhunskih fotonaponskih rje\u0161enja. Kako biste provjerili kompatibilnost s va\u0161im sustavom, zatra\u017eite popis kompatibilnosti od svog lokalnog distributera.<\/p>\t\t\t\t\t\t\t\t<\/div>\n\t\t\t\t<div class=\"elementor-element elementor-element-6c0618a elementor-widget-divider--view-line elementor-widget elementor-widget-divider\" data-id=\"6c0618a\" data-element_type=\"widget\" data-widget_type=\"divider.default\">\n\t\t\t\t\t\t\t<div class=\"elementor-divider\">\n\t\t\t<span class=\"elementor-divider-separator\">\n\t\t\t\t\t\t<\/span>\n\t\t<\/div>\n\t\t\t\t\t\t<\/div>\n\t\t\t\t\t<\/div>\n\t\t<\/div>\n\t\t\t\t\t<\/div>\n\t\t<\/section>\n\t\t\t\t<\/div>\n\t\t","protected":false},"excerpt":{"rendered":"<p>\u010cesto postavljana pitanja (FAQ) Moram li imati sve komponente sustava kako bih imao koristi od NORD zna\u010dajki? Ne, mnogi NORD proizvodi mogu se koristiti samostalno ili se mogu kombinirati s postoje\u0107im sustavima. Na primjer, NORD EcoBoiler ili Power Genius 3000 mogu raditi neovisno kako bi maksimalno pove\u0107ali u\u0161tede u sklopu va\u0161e ve\u0107 postoje\u0107e instalacije. \u0160to [&hellip;]<\/p>\n","protected":false},"author":1,"featured_media":0,"parent":0,"menu_order":0,"comment_status":"closed","ping_status":"closed","template":"","meta":{"om_disable_all_campaigns":false,"_monsterinsights_skip_tracking":false,"_monsterinsights_sitenote_active":false,"_monsterinsights_sitenote_note":"","_monsterinsights_sitenote_category":0,"footnotes":""},"_links":{"self":[{"href":"https:\/\/nord-solution.com\/index.php\/wp-json\/wp\/v2\/pages\/30487"}],"collection":[{"href":"https:\/\/nord-solution.com\/index.php\/wp-json\/wp\/v2\/pages"}],"about":[{"href":"https:\/\/nord-solution.com\/index.php\/wp-json\/wp\/v2\/types\/page"}],"author":[{"embeddable":true,"href":"https:\/\/nord-solution.com\/index.php\/wp-json\/wp\/v2\/users\/1"}],"replies":[{"embeddable":true,"href":"https:\/\/nord-solution.com\/index.php\/wp-json\/wp\/v2\/comments?post=30487"}],"version-history":[{"count":7,"href":"https:\/\/nord-solution.com\/index.php\/wp-json\/wp\/v2\/pages\/30487\/revisions"}],"predecessor-version":[{"id":30494,"href":"https:\/\/nord-solution.com\/index.php\/wp-json\/wp\/v2\/pages\/30487\/revisions\/30494"}],"wp:attachment":[{"href":"https:\/\/nord-solution.com\/index.php\/wp-json\/wp\/v2\/media?parent=30487"}],"curies":[{"name":"wp","href":"https:\/\/api.w.org\/{rel}","templated":true}]}}