{"id":30464,"date":"2026-02-03T10:38:51","date_gmt":"2026-02-03T09:38:51","guid":{"rendered":"https:\/\/nord-solution.com\/?page_id=30464"},"modified":"2026-02-03T10:40:37","modified_gmt":"2026-02-03T09:40:37","slug":"zasto-mi","status":"publish","type":"page","link":"https:\/\/nord-solution.com\/index.php\/hr\/zasto-mi\/","title":{"rendered":"Za\u0161to mi"},"content":{"rendered":"\t\t<div data-elementor-type=\"wp-page\" data-elementor-id=\"30464\" class=\"elementor elementor-30464\" data-elementor-post-type=\"page\">\n\t\t\t\t\t\t<section class=\"elementor-section elementor-top-section elementor-element elementor-element-32f4662d elementor-section-boxed elementor-section-height-default elementor-section-height-default\" data-id=\"32f4662d\" data-element_type=\"section\" data-settings=\"{&quot;background_background&quot;:&quot;classic&quot;}\">\n\t\t\t\t\t\t<div class=\"elementor-container elementor-column-gap-default\">\n\t\t\t\t\t<div class=\"elementor-column elementor-col-100 elementor-top-column elementor-element elementor-element-49aaf360\" data-id=\"49aaf360\" data-element_type=\"column\">\n\t\t\t<div class=\"elementor-widget-wrap elementor-element-populated\">\n\t\t\t\t\t\t<div class=\"elementor-element elementor-element-656dba22 elementor-widget elementor-widget-spacer\" data-id=\"656dba22\" data-element_type=\"widget\" data-widget_type=\"spacer.default\">\n\t\t\t\t\t\t\t<div class=\"elementor-spacer\">\n\t\t\t<div class=\"elementor-spacer-inner\"><\/div>\n\t\t<\/div>\n\t\t\t\t\t\t<\/div>\n\t\t\t\t<div class=\"elementor-element elementor-element-174f31be elementor-widget elementor-widget-heading\" data-id=\"174f31be\" data-element_type=\"widget\" data-widget_type=\"heading.default\">\n\t\t\t\t\t<h4 class=\"elementor-heading-title elementor-size-default\">Za\u0161to mi?<\/h4>\t\t\t\t<\/div>\n\t\t\t\t<div class=\"elementor-element elementor-element-0d30fe0 elementor-widget elementor-widget-spacer\" data-id=\"0d30fe0\" data-element_type=\"widget\" data-widget_type=\"spacer.default\">\n\t\t\t\t\t\t\t<div class=\"elementor-spacer\">\n\t\t\t<div class=\"elementor-spacer-inner\"><\/div>\n\t\t<\/div>\n\t\t\t\t\t\t<\/div>\n\t\t\t\t<div class=\"elementor-element elementor-element-8e98f91 elementor-widget elementor-widget-text-editor\" data-id=\"8e98f91\" data-element_type=\"widget\" data-widget_type=\"text-editor.default\">\n\t\t\t\t\t\t\t\t\t\u010clanovi <strong>NORD<\/strong> tima djeluju u sektoru obnovljivih izvora energije ve\u0107 gotovo <strong>20 godina<\/strong> te vrlo dobro razumiju potrebe svojih klijenata i dana\u0161nje te\u017enje prema neovisnom na\u010dinu \u017eivota. Predstavljanje <strong>NORD<\/strong> proizvoda s patentiranim zna\u010dajkama pribli\u017eit \u0107e vam vi\u0161e nego ikad mogu\u0107nost da svoj \u017eivotni prostor u\u010dinite pametnim i u\u010dinkovitijim nego ikada prije.\n\nNiska potro\u0161nja <strong>NORD<\/strong> proizvoda i novorazvijeni pametni na\u010din rada <strong>NORD EcoMode<\/strong> omogu\u0107uju maksimalno iskori\u0161tavanje vlastite proizvodnje energije, \u010dime se osiguravaju najni\u017ei mogu\u0107i tro\u0161kovi energije. <strong>NORD<\/strong> je pravi izbor za desetlje\u0107a koja dolaze.\t\t\t\t\t\t\t\t<\/div>\n\t\t\t\t<div class=\"elementor-element elementor-element-0f319a3 elementor-widget elementor-widget-image\" data-id=\"0f319a3\" data-element_type=\"widget\" data-widget_type=\"image.default\">\n\t\t\t\t\t\t\t\t\t\t\t\t\t\t\t<img fetchpriority=\"high\" decoding=\"async\" width=\"1500\" height=\"700\" src=\"https:\/\/nord-solution.com\/wp-content\/uploads\/2023\/05\/nord-banner-3.png\" class=\"attachment-full size-full wp-image-3442\" alt=\"\" srcset=\"https:\/\/nord-solution.com\/wp-content\/uploads\/2023\/05\/nord-banner-3.png 1500w, https:\/\/nord-solution.com\/wp-content\/uploads\/2023\/05\/nord-banner-3-600x280.png 600w, https:\/\/nord-solution.com\/wp-content\/uploads\/2023\/05\/nord-banner-3-300x140.png 300w, https:\/\/nord-solution.com\/wp-content\/uploads\/2023\/05\/nord-banner-3-1024x478.png 1024w, https:\/\/nord-solution.com\/wp-content\/uploads\/2023\/05\/nord-banner-3-768x358.png 768w\" sizes=\"(max-width: 1500px) 100vw, 1500px\" \/>\t\t\t\t\t\t\t\t\t\t\t\t\t\t\t<\/div>\n\t\t\t\t\t<\/div>\n\t\t<\/div>\n\t\t\t\t\t<\/div>\n\t\t<\/section>\n\t\t\t\t<section class=\"elementor-section elementor-top-section elementor-element elementor-element-2363b7c elementor-section-boxed elementor-section-height-default elementor-section-height-default\" data-id=\"2363b7c\" data-element_type=\"section\">\n\t\t\t\t\t\t<div class=\"elementor-container elementor-column-gap-default\">\n\t\t\t\t\t<div class=\"elementor-column elementor-col-100 elementor-top-column elementor-element elementor-element-d4ee9fb\" data-id=\"d4ee9fb\" data-element_type=\"column\">\n\t\t\t<div class=\"elementor-widget-wrap elementor-element-populated\">\n\t\t\t\t\t\t<div class=\"elementor-element elementor-element-b34fe3a elementor-widget elementor-widget-spacer\" data-id=\"b34fe3a\" data-element_type=\"widget\" data-widget_type=\"spacer.default\">\n\t\t\t\t\t\t\t<div class=\"elementor-spacer\">\n\t\t\t<div class=\"elementor-spacer-inner\"><\/div>\n\t\t<\/div>\n\t\t\t\t\t\t<\/div>\n\t\t\t\t\t<\/div>\n\t\t<\/div>\n\t\t\t\t\t<\/div>\n\t\t<\/section>\n\t\t\t\t<\/div>\n\t\t","protected":false},"excerpt":{"rendered":"<p>Za\u0161to mi? \u010clanovi NORD tima djeluju u sektoru obnovljivih izvora energije ve\u0107 gotovo 20 godina te vrlo dobro razumiju potrebe svojih klijenata i dana\u0161nje te\u017enje prema neovisnom na\u010dinu \u017eivota. Predstavljanje NORD proizvoda s patentiranim zna\u010dajkama pribli\u017eit \u0107e vam vi\u0161e nego ikad mogu\u0107nost da svoj \u017eivotni prostor u\u010dinite pametnim i u\u010dinkovitijim nego ikada prije. Niska potro\u0161nja [&hellip;]<\/p>\n","protected":false},"author":1,"featured_media":0,"parent":0,"menu_order":0,"comment_status":"closed","ping_status":"closed","template":"","meta":{"om_disable_all_campaigns":false,"_monsterinsights_skip_tracking":false,"_monsterinsights_sitenote_active":false,"_monsterinsights_sitenote_note":"","_monsterinsights_sitenote_category":0,"footnotes":""},"_links":{"self":[{"href":"https:\/\/nord-solution.com\/index.php\/wp-json\/wp\/v2\/pages\/30464"}],"collection":[{"href":"https:\/\/nord-solution.com\/index.php\/wp-json\/wp\/v2\/pages"}],"about":[{"href":"https:\/\/nord-solution.com\/index.php\/wp-json\/wp\/v2\/types\/page"}],"author":[{"embeddable":true,"href":"https:\/\/nord-solution.com\/index.php\/wp-json\/wp\/v2\/users\/1"}],"replies":[{"embeddable":true,"href":"https:\/\/nord-solution.com\/index.php\/wp-json\/wp\/v2\/comments?post=30464"}],"version-history":[{"count":4,"href":"https:\/\/nord-solution.com\/index.php\/wp-json\/wp\/v2\/pages\/30464\/revisions"}],"predecessor-version":[{"id":30468,"href":"https:\/\/nord-solution.com\/index.php\/wp-json\/wp\/v2\/pages\/30464\/revisions\/30468"}],"wp:attachment":[{"href":"https:\/\/nord-solution.com\/index.php\/wp-json\/wp\/v2\/media?parent=30464"}],"curies":[{"name":"wp","href":"https:\/\/api.w.org\/{rel}","templated":true}]}}