{"id":29861,"date":"2026-01-19T16:33:19","date_gmt":"2026-01-19T15:33:19","guid":{"rendered":"https:\/\/nord-solution.com\/?page_id=29861"},"modified":"2026-01-23T13:29:59","modified_gmt":"2026-01-23T12:29:59","slug":"prodejni-mista","status":"publish","type":"page","link":"https:\/\/nord-solution.com\/index.php\/cs\/prodejni-mista\/","title":{"rendered":"Prodejn\u00ed m\u00edsta"},"content":{"rendered":"\t\t<div data-elementor-type=\"wp-page\" data-elementor-id=\"29861\" class=\"elementor elementor-29861\" data-elementor-post-type=\"page\">\n\t\t\t\t<div class=\"elementor-element elementor-element-3172d9aa e-con-full e-flex e-con e-parent\" data-id=\"3172d9aa\" data-element_type=\"container\">\n\t\t\t\t<div class=\"elementor-element elementor-element-2bf9897e elementor-widget elementor-widget-heading\" data-id=\"2bf9897e\" data-element_type=\"widget\" data-widget_type=\"heading.default\">\n\t\t\t\t\t<h2 class=\"elementor-heading-title elementor-size-default\">Prodejn\u00ed m\u00edsta NORD HT<\/h2>\t\t\t\t<\/div>\n\t\t\t\t<div class=\"elementor-element elementor-element-244ae532 elementor-widget__width-initial elementor-widget elementor-widget-html\" data-id=\"244ae532\" data-element_type=\"widget\" data-widget_type=\"html.default\">\n\t\t\t\t\t<iframe src=\"https:\/\/partner.nord-solution.com\/ServiceMapIframe?lang=cs\" width=\"1440\" height=\"1500\" style=\"border: none;\"><\/iframe>\t\t\t\t<\/div>\n\t\t\t\t<\/div>\n\t\t<div class=\"elementor-element elementor-element-600484b e-flex e-con-boxed e-con e-parent\" data-id=\"600484b\" data-element_type=\"container\">\n\t\t\t\t\t<div class=\"e-con-inner\">\n\t\t\t\t<div class=\"elementor-element elementor-element-2b3552f4 elementor-widget elementor-widget-text-editor\" data-id=\"2b3552f4\" data-element_type=\"widget\" data-widget_type=\"text-editor.default\">\n\t\t\t\t\t\t\t\t\t<h2 style=\"text-align: center;\"><strong>M\u00e1te z\u00e1jem o technologie NORD?<\/strong><\/h2><p style=\"text-align: center;\">Vyfiltrujte si, zda hled\u00e1te prodejn\u00ed m\u00edsto, instala\u010dn\u00ed nebo servisn\u00ed firmu (vlevo naho\u0159e), a pomoc\u00ed kliknut\u00ed na dan\u00e9 m\u00edsto se v\u00e1m uk\u00e1\u017ee nejbli\u017e\u0161\u00ed ov\u011b\u0159en\u00e1 partnersk\u00e1 firma, kter\u00e1 se o v\u00e1s postar\u00e1.\u00a0<\/p><p style=\"text-align: center;\">V\u0161echny partnersk\u00e9 firmy byly pro\u0161koleny a maj\u00ed certifik\u00e1t k \u0159e\u0161en\u00ed technologi\u00ed <strong>NORD<\/strong>.<\/p>\t\t\t\t\t\t\t\t<\/div>\n\t\t\t\t\t<\/div>\n\t\t\t\t<\/div>\n\t\t\t\t<section class=\"elementor-section elementor-top-section elementor-element elementor-element-285c5f45 elementor-section-height-min-height elementor-section-boxed elementor-section-height-default elementor-section-items-middle\" data-id=\"285c5f45\" data-element_type=\"section\" data-settings=\"{&quot;background_background&quot;:&quot;classic&quot;}\">\n\t\t\t\t\t\t<div class=\"elementor-container elementor-column-gap-no\">\n\t\t\t\t\t<div class=\"elementor-column elementor-col-100 elementor-top-column elementor-element elementor-element-513b669b\" data-id=\"513b669b\" data-element_type=\"column\">\n\t\t\t<div class=\"elementor-widget-wrap elementor-element-populated\">\n\t\t\t\t\t\t<div class=\"elementor-element elementor-element-ff42264 animated-slow elementor-invisible elementor-widget elementor-widget-heading\" data-id=\"ff42264\" data-element_type=\"widget\" data-settings=\"{&quot;_animation&quot;:&quot;fadeIn&quot;}\" data-widget_type=\"heading.default\">\n\t\t\t\t\t<h3 class=\"elementor-heading-title elementor-size-default\">M\u00e1te-li z\u00e1jem o nez\u00e1vaznou nab\u00eddku, nev\u00e1hejte n\u00e1s kontaktovat p\u0159\u00edmo. N\u00e1\u0161 t\u00fdm se v\u00e1m ozve co nejd\u0159\u00edve.<\/h3>\t\t\t\t<\/div>\n\t\t\t\t<section class=\"elementor-section elementor-inner-section elementor-element elementor-element-14cb9254 elementor-section-boxed elementor-section-height-default elementor-section-height-default\" data-id=\"14cb9254\" data-element_type=\"section\">\n\t\t\t\t\t\t<div class=\"elementor-container elementor-column-gap-default\">\n\t\t\t\t\t<div class=\"elementor-column elementor-col-100 elementor-inner-column elementor-element elementor-element-226ca5eb\" data-id=\"226ca5eb\" data-element_type=\"column\">\n\t\t\t<div class=\"elementor-widget-wrap elementor-element-populated\">\n\t\t\t\t\t\t<div class=\"elementor-element elementor-element-307adfb4 elementor-mobile-align-justify animated-fast elementor-align-center elementor-invisible elementor-widget elementor-widget-button\" data-id=\"307adfb4\" data-element_type=\"widget\" data-settings=\"{&quot;_animation&quot;:&quot;fadeIn&quot;,&quot;_animation_delay&quot;:400}\" data-widget_type=\"button.default\">\n\t\t\t\t\t\t\t\t\t\t<a class=\"elementor-button elementor-button-link elementor-size-sm elementor-animation-grow\" href=\"https:\/\/nord-solution.com\/index.php\/cs\/chci-nabidku\/\" target=\"_blank\">\n\t\t\t\t\t\t<span class=\"elementor-button-content-wrapper\">\n\t\t\t\t\t\t\t\t\t<span class=\"elementor-button-text\">Chci nab\u00eddku<\/span>\n\t\t\t\t\t<\/span>\n\t\t\t\t\t<\/a>\n\t\t\t\t\t\t\t\t<\/div>\n\t\t\t\t\t<\/div>\n\t\t<\/div>\n\t\t\t\t\t<\/div>\n\t\t<\/section>\n\t\t\t\t\t<\/div>\n\t\t<\/div>\n\t\t\t\t\t<\/div>\n\t\t<\/section>\n\t\t\t\t<\/div>\n\t\t","protected":false},"excerpt":{"rendered":"<p>Prodejn\u00ed m\u00edsta NORD HT M\u00e1te z\u00e1jem o technologie NORD? Vyfiltrujte si, zda hled\u00e1te prodejn\u00ed m\u00edsto, instala\u010dn\u00ed nebo servisn\u00ed firmu (vlevo naho\u0159e), a pomoc\u00ed kliknut\u00ed na dan\u00e9 m\u00edsto se v\u00e1m uk\u00e1\u017ee nejbli\u017e\u0161\u00ed ov\u011b\u0159en\u00e1 partnersk\u00e1 firma, kter\u00e1 se o v\u00e1s postar\u00e1.\u00a0 V\u0161echny partnersk\u00e9 firmy byly pro\u0161koleny a maj\u00ed certifik\u00e1t k \u0159e\u0161en\u00ed technologi\u00ed NORD. M\u00e1te-li z\u00e1jem o nez\u00e1vaznou [&hellip;]<\/p>\n","protected":false},"author":1,"featured_media":0,"parent":0,"menu_order":0,"comment_status":"closed","ping_status":"closed","template":"","meta":{"om_disable_all_campaigns":false,"_monsterinsights_skip_tracking":false,"_monsterinsights_sitenote_active":false,"_monsterinsights_sitenote_note":"","_monsterinsights_sitenote_category":0,"footnotes":""},"_links":{"self":[{"href":"https:\/\/nord-solution.com\/index.php\/wp-json\/wp\/v2\/pages\/29861"}],"collection":[{"href":"https:\/\/nord-solution.com\/index.php\/wp-json\/wp\/v2\/pages"}],"about":[{"href":"https:\/\/nord-solution.com\/index.php\/wp-json\/wp\/v2\/types\/page"}],"author":[{"embeddable":true,"href":"https:\/\/nord-solution.com\/index.php\/wp-json\/wp\/v2\/users\/1"}],"replies":[{"embeddable":true,"href":"https:\/\/nord-solution.com\/index.php\/wp-json\/wp\/v2\/comments?post=29861"}],"version-history":[{"count":10,"href":"https:\/\/nord-solution.com\/index.php\/wp-json\/wp\/v2\/pages\/29861\/revisions"}],"predecessor-version":[{"id":30180,"href":"https:\/\/nord-solution.com\/index.php\/wp-json\/wp\/v2\/pages\/29861\/revisions\/30180"}],"wp:attachment":[{"href":"https:\/\/nord-solution.com\/index.php\/wp-json\/wp\/v2\/media?parent=29861"}],"curies":[{"name":"wp","href":"https:\/\/api.w.org\/{rel}","templated":true}]}}