{"id":29424,"date":"2026-01-06T10:11:10","date_gmt":"2026-01-06T09:11:10","guid":{"rendered":"https:\/\/nord-solution.com\/?page_id=29424"},"modified":"2026-01-08T08:46:33","modified_gmt":"2026-01-08T07:46:33","slug":"skoleni","status":"publish","type":"page","link":"https:\/\/nord-solution.com\/index.php\/cs\/skoleni\/","title":{"rendered":"\u0160kolen\u00ed"},"content":{"rendered":"\t\t<div data-elementor-type=\"wp-page\" data-elementor-id=\"29424\" class=\"elementor elementor-29424\" data-elementor-post-type=\"page\">\n\t\t\t\t<div class=\"elementor-element elementor-element-4e13cc53 e-flex e-con-boxed e-con e-parent\" data-id=\"4e13cc53\" data-element_type=\"container\">\n\t\t\t\t\t<div class=\"e-con-inner\">\n\t\t\t\t<div class=\"elementor-element elementor-element-5fe0229a elementor-widget elementor-widget-text-editor\" data-id=\"5fe0229a\" data-element_type=\"widget\" data-widget_type=\"text-editor.default\">\n\t\t\t\t\t\t\t\t\t<p style=\"text-align: center;\">Nab\u00eddka odborn\u00fdch \u0161kolen\u00ed NORD<\/p>\t\t\t\t\t\t\t\t<\/div>\n\t\t\t\t\t<\/div>\n\t\t\t\t<\/div>\n\t\t<div class=\"elementor-element elementor-element-187326f e-flex e-con-boxed e-con e-parent\" data-id=\"187326f\" data-element_type=\"container\">\n\t\t\t\t\t<div class=\"e-con-inner\">\n\t\t\t\t<div class=\"elementor-element elementor-element-b5c256a elementor-widget elementor-widget-html\" data-id=\"b5c256a\" data-element_type=\"widget\" data-widget_type=\"html.default\">\n\t\t\t\t\t<!-- START: IFRAME -->\r\n<div class=\"responsive-iframe\" style=\"position: relative; width: 100%;\"><iframe id=\"opsIframe\" style=\"width: 100%; height: 100%;\" src=\"https:\/\/ops.gbc-solino.cz\/skoleni\/?s=NORD&lang=cs&country=cz\" width=\"100%\" frameborder=\"0\" scrolling=\"no\"><\/iframe><\/div>\r\n<!-- END: IFRAME -->\r\n\t\t\t\t<\/div>\n\t\t\t\t\t<\/div>\n\t\t\t\t<\/div>\n\t\t<div class=\"elementor-element elementor-element-f7ad9d0 e-flex e-con-boxed e-con e-parent\" data-id=\"f7ad9d0\" data-element_type=\"container\">\n\t\t\t\t\t<div class=\"e-con-inner\">\n\t\t\t\t<div class=\"elementor-element elementor-element-1f4c835 elementor-widget elementor-widget-spacer\" data-id=\"1f4c835\" data-element_type=\"widget\" data-widget_type=\"spacer.default\">\n\t\t\t\t\t\t\t<div class=\"elementor-spacer\">\n\t\t\t<div class=\"elementor-spacer-inner\"><\/div>\n\t\t<\/div>\n\t\t\t\t\t\t<\/div>\n\t\t\t\t\t<\/div>\n\t\t\t\t<\/div>\n\t\t\t\t<\/div>\n\t\t","protected":false},"excerpt":{"rendered":"<p>Nab\u00eddka odborn\u00fdch \u0161kolen\u00ed NORD<\/p>\n","protected":false},"author":1,"featured_media":0,"parent":0,"menu_order":0,"comment_status":"closed","ping_status":"closed","template":"","meta":{"om_disable_all_campaigns":false,"_monsterinsights_skip_tracking":false,"_monsterinsights_sitenote_active":false,"_monsterinsights_sitenote_note":"","_monsterinsights_sitenote_category":0,"footnotes":""},"_links":{"self":[{"href":"https:\/\/nord-solution.com\/index.php\/wp-json\/wp\/v2\/pages\/29424"}],"collection":[{"href":"https:\/\/nord-solution.com\/index.php\/wp-json\/wp\/v2\/pages"}],"about":[{"href":"https:\/\/nord-solution.com\/index.php\/wp-json\/wp\/v2\/types\/page"}],"author":[{"embeddable":true,"href":"https:\/\/nord-solution.com\/index.php\/wp-json\/wp\/v2\/users\/1"}],"replies":[{"embeddable":true,"href":"https:\/\/nord-solution.com\/index.php\/wp-json\/wp\/v2\/comments?post=29424"}],"version-history":[{"count":10,"href":"https:\/\/nord-solution.com\/index.php\/wp-json\/wp\/v2\/pages\/29424\/revisions"}],"predecessor-version":[{"id":29480,"href":"https:\/\/nord-solution.com\/index.php\/wp-json\/wp\/v2\/pages\/29424\/revisions\/29480"}],"wp:attachment":[{"href":"https:\/\/nord-solution.com\/index.php\/wp-json\/wp\/v2\/media?parent=29424"}],"curies":[{"name":"wp","href":"https:\/\/api.w.org\/{rel}","templated":true}]}}