{"id":28485,"date":"2025-11-21T12:45:16","date_gmt":"2025-11-21T11:45:16","guid":{"rendered":"https:\/\/nord-solution.com\/?page_id=28485"},"modified":"2025-11-24T13:41:29","modified_gmt":"2025-11-24T12:41:29","slug":"impressum","status":"publish","type":"page","link":"https:\/\/nord-solution.com\/index.php\/de\/impressum\/","title":{"rendered":"Impressum"},"content":{"rendered":"\t\t<div data-elementor-type=\"wp-page\" data-elementor-id=\"28485\" class=\"elementor elementor-28485\" data-elementor-post-type=\"page\">\n\t\t\t\t\t\t<section class=\"elementor-section elementor-top-section elementor-element elementor-element-3d9233bb elementor-section-boxed elementor-section-height-default elementor-section-height-default\" data-id=\"3d9233bb\" data-element_type=\"section\" data-settings=\"{&quot;background_background&quot;:&quot;classic&quot;}\">\n\t\t\t\t\t\t<div class=\"elementor-container elementor-column-gap-default\">\n\t\t\t\t\t<div class=\"elementor-column elementor-col-100 elementor-top-column elementor-element elementor-element-d66ca62\" data-id=\"d66ca62\" data-element_type=\"column\">\n\t\t\t<div class=\"elementor-widget-wrap elementor-element-populated\">\n\t\t\t\t\t\t<div class=\"elementor-element elementor-element-737ffda9 elementor-widget elementor-widget-spacer\" data-id=\"737ffda9\" data-element_type=\"widget\" data-widget_type=\"spacer.default\">\n\t\t\t\t\t\t\t<div class=\"elementor-spacer\">\n\t\t\t<div class=\"elementor-spacer-inner\"><\/div>\n\t\t<\/div>\n\t\t\t\t\t\t<\/div>\n\t\t\t\t<div class=\"elementor-element elementor-element-59efa59 elementor-widget elementor-widget-heading\" data-id=\"59efa59\" data-element_type=\"widget\" data-widget_type=\"heading.default\">\n\t\t\t\t\t<h1 class=\"elementor-heading-title elementor-size-default\">Impressum<\/h1>\t\t\t\t<\/div>\n\t\t\t\t<div class=\"elementor-element elementor-element-28684860 elementor-widget elementor-widget-text-editor\" data-id=\"28684860\" data-element_type=\"widget\" data-widget_type=\"text-editor.default\">\n\t\t\t\t\t\t\t\t\t<p><strong>LEGAL<\/strong><\/p><p>NORD HT GmbH<br \/>Kleines Feldlein 26<br \/>74886 Sinsheim<br \/>Deutschland<\/p><p><strong>Vertreten durch den Gesch\u00e4ftsf\u00fchrer:<\/strong> Gabor H\u00fcbler<\/p><p><strong>Telefon:<\/strong> +49 155 60340111<br \/><strong>E-Mail:<\/strong> <a href=\"mailto:kontakt@nordht.de\">kontakt@nordht.de<\/a><\/p><p><strong>Handelsregister:<\/strong> HRB 751991<br \/><strong>Registergericht:<\/strong> Amtsgericht Mannheim<\/p><p><strong>Umsatzsteuer-ID:<\/strong> DE311076813<\/p><p><strong>Inhaltlich verantwortlich gem\u00e4\u00df \u00a7 18 Abs. 2 MStV:<br \/><\/strong><strong><br \/>Gabor H\u00fcbler<br \/><\/strong>NORD HT GmbH<br \/>Kleines Feldlein 26<br \/>74886 Sinsheim<\/p>\t\t\t\t\t\t\t\t<\/div>\n\t\t\t\t<div class=\"elementor-element elementor-element-54d01655 elementor-widget elementor-widget-spacer\" data-id=\"54d01655\" data-element_type=\"widget\" data-widget_type=\"spacer.default\">\n\t\t\t\t\t\t\t<div class=\"elementor-spacer\">\n\t\t\t<div class=\"elementor-spacer-inner\"><\/div>\n\t\t<\/div>\n\t\t\t\t\t\t<\/div>\n\t\t\t\t<div class=\"elementor-element elementor-element-177d18de elementor-widget elementor-widget-spacer\" data-id=\"177d18de\" data-element_type=\"widget\" data-widget_type=\"spacer.default\">\n\t\t\t\t\t\t\t<div class=\"elementor-spacer\">\n\t\t\t<div class=\"elementor-spacer-inner\"><\/div>\n\t\t<\/div>\n\t\t\t\t\t\t<\/div>\n\t\t\t\t<div class=\"elementor-element elementor-element-6d0b6c16 elementor-widget elementor-widget-spacer\" data-id=\"6d0b6c16\" data-element_type=\"widget\" data-widget_type=\"spacer.default\">\n\t\t\t\t\t\t\t<div class=\"elementor-spacer\">\n\t\t\t<div class=\"elementor-spacer-inner\"><\/div>\n\t\t<\/div>\n\t\t\t\t\t\t<\/div>\n\t\t\t\t\t<\/div>\n\t\t<\/div>\n\t\t\t\t\t<\/div>\n\t\t<\/section>\n\t\t\t\t<\/div>\n\t\t","protected":false},"excerpt":{"rendered":"<p>Impressum LEGAL NORD HT GmbHKleines Feldlein 2674886 SinsheimDeutschland Vertreten durch den Gesch\u00e4ftsf\u00fchrer: Gabor H\u00fcbler Telefon: +49 155 60340111E-Mail: kontakt@nordht.de Handelsregister: HRB 751991Registergericht: Amtsgericht Mannheim Umsatzsteuer-ID: DE311076813 Inhaltlich verantwortlich gem\u00e4\u00df \u00a7 18 Abs. 2 MStV:Gabor H\u00fcblerNORD HT GmbHKleines Feldlein 2674886 Sinsheim<\/p>\n","protected":false},"author":1,"featured_media":0,"parent":0,"menu_order":0,"comment_status":"closed","ping_status":"closed","template":"","meta":{"om_disable_all_campaigns":false,"_monsterinsights_skip_tracking":false,"_monsterinsights_sitenote_active":false,"_monsterinsights_sitenote_note":"","_monsterinsights_sitenote_category":0,"footnotes":""},"_links":{"self":[{"href":"https:\/\/nord-solution.com\/index.php\/wp-json\/wp\/v2\/pages\/28485"}],"collection":[{"href":"https:\/\/nord-solution.com\/index.php\/wp-json\/wp\/v2\/pages"}],"about":[{"href":"https:\/\/nord-solution.com\/index.php\/wp-json\/wp\/v2\/types\/page"}],"author":[{"embeddable":true,"href":"https:\/\/nord-solution.com\/index.php\/wp-json\/wp\/v2\/users\/1"}],"replies":[{"embeddable":true,"href":"https:\/\/nord-solution.com\/index.php\/wp-json\/wp\/v2\/comments?post=28485"}],"version-history":[{"count":10,"href":"https:\/\/nord-solution.com\/index.php\/wp-json\/wp\/v2\/pages\/28485\/revisions"}],"predecessor-version":[{"id":28540,"href":"https:\/\/nord-solution.com\/index.php\/wp-json\/wp\/v2\/pages\/28485\/revisions\/28540"}],"wp:attachment":[{"href":"https:\/\/nord-solution.com\/index.php\/wp-json\/wp\/v2\/media?parent=28485"}],"curies":[{"name":"wp","href":"https:\/\/api.w.org\/{rel}","templated":true}]}}