{"id":277,"date":"2023-02-06T09:32:18","date_gmt":"2023-02-06T08:32:18","guid":{"rendered":"https:\/\/nord-solution.com\/?page_id=277"},"modified":"2026-03-30T15:51:55","modified_gmt":"2026-03-30T13:51:55","slug":"about","status":"publish","type":"page","link":"https:\/\/nord-solution.com\/index.php\/about\/","title":{"rendered":"About"},"content":{"rendered":"\t\t<div data-elementor-type=\"wp-page\" data-elementor-id=\"277\" class=\"elementor elementor-277\" data-elementor-post-type=\"page\">\n\t\t\t\t<div class=\"elementor-element elementor-element-79e64fb3 e-flex e-con-boxed e-con e-parent\" data-id=\"79e64fb3\" data-element_type=\"container\">\n\t\t\t\t\t<div class=\"e-con-inner\">\n\t\t<div class=\"elementor-element elementor-element-7b56f9aa e-con-full animated-slow e-transform e-flex elementor-invisible e-con e-child\" data-id=\"7b56f9aa\" data-element_type=\"container\" data-settings=\"{&quot;animation&quot;:&quot;fadeIn&quot;,&quot;_transform_scale_effect_hover&quot;:{&quot;unit&quot;:&quot;px&quot;,&quot;size&quot;:1.05,&quot;sizes&quot;:[]},&quot;_transform_scale_effect_hover_tablet&quot;:{&quot;unit&quot;:&quot;px&quot;,&quot;size&quot;:&quot;&quot;,&quot;sizes&quot;:[]},&quot;_transform_scale_effect_hover_mobile&quot;:{&quot;unit&quot;:&quot;px&quot;,&quot;size&quot;:&quot;&quot;,&quot;sizes&quot;:[]}}\">\n\t\t\t\t<div class=\"elementor-element elementor-element-ac32e20 elementor-position-top elementor-widget elementor-widget-image-box\" data-id=\"ac32e20\" data-element_type=\"widget\" data-widget_type=\"image-box.default\">\n\t\t\t\t\t<div class=\"elementor-image-box-wrapper\"><figure class=\"elementor-image-box-img\"><a href=\"https:\/\/nord-solution.com\/index.php\/nord-intelligent-home\/\" tabindex=\"-1\"><img fetchpriority=\"high\" decoding=\"async\" width=\"1440\" height=\"900\" src=\"https:\/\/nord-solution.com\/wp-content\/uploads\/2025\/02\/NORWAY-FLAG-NORD-HEADPAGE.jpg\" class=\"attachment-full size-full wp-image-15884\" alt=\"\" srcset=\"https:\/\/nord-solution.com\/wp-content\/uploads\/2025\/02\/NORWAY-FLAG-NORD-HEADPAGE.jpg 1440w, https:\/\/nord-solution.com\/wp-content\/uploads\/2025\/02\/NORWAY-FLAG-NORD-HEADPAGE-600x375.jpg 600w, https:\/\/nord-solution.com\/wp-content\/uploads\/2025\/02\/NORWAY-FLAG-NORD-HEADPAGE-300x188.jpg 300w, https:\/\/nord-solution.com\/wp-content\/uploads\/2025\/02\/NORWAY-FLAG-NORD-HEADPAGE-1024x640.jpg 1024w, https:\/\/nord-solution.com\/wp-content\/uploads\/2025\/02\/NORWAY-FLAG-NORD-HEADPAGE-768x480.jpg 768w, https:\/\/nord-solution.com\/wp-content\/uploads\/2025\/02\/NORWAY-FLAG-NORD-HEADPAGE-500x313.jpg 500w, https:\/\/nord-solution.com\/wp-content\/uploads\/2025\/02\/NORWAY-FLAG-NORD-HEADPAGE-800x500.jpg 800w\" sizes=\"(max-width: 1440px) 100vw, 1440px\" \/><\/a><\/figure><div class=\"elementor-image-box-content\"><h5 class=\"elementor-image-box-title\"><a href=\"https:\/\/nord-solution.com\/index.php\/nord-intelligent-home\/\">NORD Story \u2013 Innovation from Norway<\/a><\/h5><p class=\"elementor-image-box-description\">Since 2014, the NORD HT team has been developing advanced energy solutions  with support from Norwegian funds and top European universities. Our system <strong>seamlessly integrates photovoltaics, heating, energy storage, and electromobility<\/strong>, ensuring <strong>maximum efficiency and sustainability<\/strong> for modern homes.<\/p><\/div><\/div>\t\t\t\t<\/div>\n\t\t\t\t<\/div>\n\t\t<div class=\"elementor-element elementor-element-4a929e06 e-con-full animated-slow e-transform e-flex elementor-invisible e-con e-child\" data-id=\"4a929e06\" data-element_type=\"container\" data-settings=\"{&quot;animation&quot;:&quot;fadeIn&quot;,&quot;animation_delay&quot;:500,&quot;_transform_scale_effect_hover&quot;:{&quot;unit&quot;:&quot;px&quot;,&quot;size&quot;:1.05,&quot;sizes&quot;:[]},&quot;_transform_scale_effect_hover_tablet&quot;:{&quot;unit&quot;:&quot;px&quot;,&quot;size&quot;:&quot;&quot;,&quot;sizes&quot;:[]},&quot;_transform_scale_effect_hover_mobile&quot;:{&quot;unit&quot;:&quot;px&quot;,&quot;size&quot;:&quot;&quot;,&quot;sizes&quot;:[]}}\">\n\t\t\t\t<div class=\"elementor-element elementor-element-db29beb elementor-position-top elementor-widget elementor-widget-image-box\" data-id=\"db29beb\" data-element_type=\"widget\" data-widget_type=\"image-box.default\">\n\t\t\t\t\t<div class=\"elementor-image-box-wrapper\"><figure class=\"elementor-image-box-img\"><a href=\"https:\/\/nord-solution.com\/index.php\/nord-intelligent-home\/\" tabindex=\"-1\"><img decoding=\"async\" width=\"1440\" height=\"900\" src=\"https:\/\/nord-solution.com\/wp-content\/uploads\/2025\/02\/EU-headpage.jpg\" class=\"attachment-full size-full wp-image-15886\" alt=\"\" srcset=\"https:\/\/nord-solution.com\/wp-content\/uploads\/2025\/02\/EU-headpage.jpg 1440w, https:\/\/nord-solution.com\/wp-content\/uploads\/2025\/02\/EU-headpage-600x375.jpg 600w, https:\/\/nord-solution.com\/wp-content\/uploads\/2025\/02\/EU-headpage-300x188.jpg 300w, https:\/\/nord-solution.com\/wp-content\/uploads\/2025\/02\/EU-headpage-1024x640.jpg 1024w, https:\/\/nord-solution.com\/wp-content\/uploads\/2025\/02\/EU-headpage-768x480.jpg 768w, https:\/\/nord-solution.com\/wp-content\/uploads\/2025\/02\/EU-headpage-500x313.jpg 500w, https:\/\/nord-solution.com\/wp-content\/uploads\/2025\/02\/EU-headpage-800x500.jpg 800w\" sizes=\"(max-width: 1440px) 100vw, 1440px\" \/><\/a><\/figure><div class=\"elementor-image-box-content\"><h5 class=\"elementor-image-box-title\"><a href=\"https:\/\/nord-solution.com\/index.php\/nord-intelligent-home\/\">European Quality &amp; Local Commitment<\/a><\/h5><p class=\"elementor-image-box-description\"><strong>Made in the EU<\/strong>, ensuring top-quality standards, durability and sustainability. NORD HT EU production bases secure 68% of NORD HT product range. We actively support <strong>local sub-suppliers<\/strong>, reinforcing our commitment to innovation, reliability, and responsible production <strong>with a reduced environmental impact<\/strong>.<\/p><\/div><\/div>\t\t\t\t<\/div>\n\t\t\t\t<\/div>\n\t\t<div class=\"elementor-element elementor-element-4d92c991 e-con-full animated-slow e-transform e-flex elementor-invisible e-con e-child\" data-id=\"4d92c991\" data-element_type=\"container\" data-settings=\"{&quot;animation&quot;:&quot;fadeIn&quot;,&quot;animation_delay&quot;:1000,&quot;_transform_scale_effect_hover&quot;:{&quot;unit&quot;:&quot;px&quot;,&quot;size&quot;:1.05,&quot;sizes&quot;:[]},&quot;_transform_scale_effect_hover_tablet&quot;:{&quot;unit&quot;:&quot;px&quot;,&quot;size&quot;:&quot;&quot;,&quot;sizes&quot;:[]},&quot;_transform_scale_effect_hover_mobile&quot;:{&quot;unit&quot;:&quot;px&quot;,&quot;size&quot;:&quot;&quot;,&quot;sizes&quot;:[]}}\">\n\t\t\t\t<div class=\"elementor-element elementor-element-4b210be elementor-position-top elementor-widget elementor-widget-image-box\" data-id=\"4b210be\" data-element_type=\"widget\" data-widget_type=\"image-box.default\">\n\t\t\t\t\t<div class=\"elementor-image-box-wrapper\"><figure class=\"elementor-image-box-img\"><a href=\"https:\/\/nord-solution.com\/index.php\/nord-intelligent-home\/\" tabindex=\"-1\"><img decoding=\"async\" width=\"1440\" height=\"900\" src=\"https:\/\/nord-solution.com\/wp-content\/uploads\/2025\/02\/NORD-security-HEAD-2.jpg\" class=\"attachment-full size-full wp-image-15980\" alt=\"\" srcset=\"https:\/\/nord-solution.com\/wp-content\/uploads\/2025\/02\/NORD-security-HEAD-2.jpg 1440w, https:\/\/nord-solution.com\/wp-content\/uploads\/2025\/02\/NORD-security-HEAD-2-600x375.jpg 600w, https:\/\/nord-solution.com\/wp-content\/uploads\/2025\/02\/NORD-security-HEAD-2-300x188.jpg 300w, https:\/\/nord-solution.com\/wp-content\/uploads\/2025\/02\/NORD-security-HEAD-2-1024x640.jpg 1024w, https:\/\/nord-solution.com\/wp-content\/uploads\/2025\/02\/NORD-security-HEAD-2-768x480.jpg 768w, https:\/\/nord-solution.com\/wp-content\/uploads\/2025\/02\/NORD-security-HEAD-2-500x313.jpg 500w, https:\/\/nord-solution.com\/wp-content\/uploads\/2025\/02\/NORD-security-HEAD-2-800x500.jpg 800w\" sizes=\"(max-width: 1440px) 100vw, 1440px\" \/><\/a><\/figure><div class=\"elementor-image-box-content\"><h5 class=\"elementor-image-box-title\"><a href=\"https:\/\/nord-solution.com\/index.php\/nord-intelligent-home\/\">Secure & Smart Energy Management<\/a><\/h5><p class=\"elementor-image-box-description\">NORD HT IT infrastructure and development are based in Europe, ensuring <strong>secure and reliable<\/strong> operation of EcoCloud on EU-based data servers hosted by <strong>Amazon<\/strong>. Cybersecurity is a top priority, protecting clients from threats while ensuring <strong>safe, efficient, and intelligent energy management<\/strong>.<\/p><\/div><\/div>\t\t\t\t<\/div>\n\t\t\t\t<\/div>\n\t\t<div class=\"elementor-element elementor-element-154af229 e-con-full animated-slow e-transform e-flex elementor-invisible e-con e-child\" data-id=\"154af229\" data-element_type=\"container\" data-settings=\"{&quot;animation&quot;:&quot;fadeIn&quot;,&quot;animation_delay&quot;:1500,&quot;_transform_scale_effect_hover&quot;:{&quot;unit&quot;:&quot;px&quot;,&quot;size&quot;:1.05,&quot;sizes&quot;:[]},&quot;_transform_scale_effect_hover_tablet&quot;:{&quot;unit&quot;:&quot;px&quot;,&quot;size&quot;:&quot;&quot;,&quot;sizes&quot;:[]},&quot;_transform_scale_effect_hover_mobile&quot;:{&quot;unit&quot;:&quot;px&quot;,&quot;size&quot;:&quot;&quot;,&quot;sizes&quot;:[]}}\">\n\t\t\t\t<div class=\"elementor-element elementor-element-18d537fd elementor-position-top elementor-widget elementor-widget-image-box\" data-id=\"18d537fd\" data-element_type=\"widget\" data-widget_type=\"image-box.default\">\n\t\t\t\t\t<div class=\"elementor-image-box-wrapper\"><figure class=\"elementor-image-box-img\"><a href=\"https:\/\/nord-solution.com\/index.php\/products\/ecoheat\/\" tabindex=\"-1\"><img loading=\"lazy\" decoding=\"async\" width=\"1440\" height=\"900\" src=\"https:\/\/nord-solution.com\/wp-content\/uploads\/2025\/02\/NORD-effecicenty-HEADPAGE.jpg\" class=\"attachment-full size-full wp-image-15887\" alt=\"\" srcset=\"https:\/\/nord-solution.com\/wp-content\/uploads\/2025\/02\/NORD-effecicenty-HEADPAGE.jpg 1440w, https:\/\/nord-solution.com\/wp-content\/uploads\/2025\/02\/NORD-effecicenty-HEADPAGE-600x375.jpg 600w, https:\/\/nord-solution.com\/wp-content\/uploads\/2025\/02\/NORD-effecicenty-HEADPAGE-300x188.jpg 300w, https:\/\/nord-solution.com\/wp-content\/uploads\/2025\/02\/NORD-effecicenty-HEADPAGE-1024x640.jpg 1024w, https:\/\/nord-solution.com\/wp-content\/uploads\/2025\/02\/NORD-effecicenty-HEADPAGE-768x480.jpg 768w, https:\/\/nord-solution.com\/wp-content\/uploads\/2025\/02\/NORD-effecicenty-HEADPAGE-500x313.jpg 500w, https:\/\/nord-solution.com\/wp-content\/uploads\/2025\/02\/NORD-effecicenty-HEADPAGE-800x500.jpg 800w\" sizes=\"(max-width: 1440px) 100vw, 1440px\" \/><\/a><\/figure><div class=\"elementor-image-box-content\"><h5 class=\"elementor-image-box-title\"><a href=\"https:\/\/nord-solution.com\/index.php\/products\/ecoheat\/\">Innovative Solutions for Maximum Efficiency<\/a><\/h5><p class=\"elementor-image-box-description\">NORD HT delivers cutting-edge energy solutions, including the <strong>patented EcoBoiler<\/strong> and <strong>unique OptiMode and EcoMode<\/strong>, among many other features, ensuring outstanding energy efficiency, <strong>optimized consumption, and smarter energy management <\/strong>for modern homes and businesses.<\/p><\/div><\/div>\t\t\t\t<\/div>\n\t\t\t\t<\/div>\n\t\t\t\t\t<\/div>\n\t\t\t\t<\/div>\n\t\t<div class=\"elementor-element elementor-element-f398c81 e-flex e-con-boxed e-con e-parent\" data-id=\"f398c81\" data-element_type=\"container\">\n\t\t\t\t\t<div class=\"e-con-inner\">\n\t\t\t\t<div class=\"elementor-element elementor-element-cbc19f1 elementor-widget elementor-widget-text-editor\" data-id=\"cbc19f1\" data-element_type=\"widget\" data-widget_type=\"text-editor.default\">\n\t\t\t\t\t\t\t\t\t<p style=\"text-align: center;\"><span style=\"color: #ffffff;\"><strong>NORD HT<\/strong> brings a new generation of energy solutions for the homes of the future. We don\u2019t manufacture another heat pump, photovoltaic panel, or<\/span><span style=\"color: #ffffff;\">battery \u2013 we create a connected system that integrates and optimizes all these technologies to achieve maximum energy efficiency.<br \/><\/span><br \/><span style=\"color: #ffffff;\"><strong>Our goal is to make energy work for you \u2013 smartly, efficiently, and sustainably.<\/strong><br \/><\/span><br \/><span style=\"color: #ffffff;\">We are part of Nordic Edge, a prestigious innovation network that includes companies such as Microsoft, Google, and Amazon, and we cooperate<\/span><br \/><span style=\"color: #ffffff;\">with the Norwegian University of Stavanger and the Polish Academy of Sciences. Together with these institutions and within our own R&amp;D<\/span><br \/><span style=\"color: #ffffff;\">laboratories, we continuously develop and enhance the NORD control software to expand its capabilities, improve efficiency, and maintain our<\/span><br \/><span style=\"color: #ffffff;\">technological leadership. Through this, we combine science, innovation, and technology into solutions that help homes use energy intelligently,<\/span><br \/><span style=\"color: #ffffff;\">efficiently, and with respect for the future.<\/span><\/p>\t\t\t\t\t\t\t\t<\/div>\n\t\t\t\t\t<\/div>\n\t\t\t\t<\/div>\n\t\t\t\t<section class=\"elementor-section elementor-top-section elementor-element elementor-element-6e3bf809 elementor-section-boxed elementor-section-height-default elementor-section-height-default\" data-id=\"6e3bf809\" data-element_type=\"section\" data-settings=\"{&quot;background_background&quot;:&quot;classic&quot;}\">\n\t\t\t\t\t\t<div class=\"elementor-container elementor-column-gap-default\">\n\t\t\t\t\t<div class=\"elementor-column elementor-col-100 elementor-top-column elementor-element elementor-element-261e1ca8\" data-id=\"261e1ca8\" data-element_type=\"column\">\n\t\t\t<div class=\"elementor-widget-wrap elementor-element-populated\">\n\t\t\t\t\t\t<div class=\"elementor-element elementor-element-9712208 elementor-widget elementor-widget-spacer\" data-id=\"9712208\" data-element_type=\"widget\" data-widget_type=\"spacer.default\">\n\t\t\t\t\t\t\t<div class=\"elementor-spacer\">\n\t\t\t<div class=\"elementor-spacer-inner\"><\/div>\n\t\t<\/div>\n\t\t\t\t\t\t<\/div>\n\t\t\t\t<div class=\"elementor-element elementor-element-3e63aa9b elementor-widget elementor-widget-spacer\" data-id=\"3e63aa9b\" data-element_type=\"widget\" data-widget_type=\"spacer.default\">\n\t\t\t\t\t\t\t<div class=\"elementor-spacer\">\n\t\t\t<div class=\"elementor-spacer-inner\"><\/div>\n\t\t<\/div>\n\t\t\t\t\t\t<\/div>\n\t\t\t\t<div class=\"elementor-element elementor-element-77495255 elementor-widget elementor-widget-heading\" data-id=\"77495255\" data-element_type=\"widget\" data-widget_type=\"heading.default\">\n\t\t\t\t\t<h2 class=\"elementor-heading-title elementor-size-default\">International Collaboration and Development<\/h2>\t\t\t\t<\/div>\n\t\t\t\t<div class=\"elementor-element elementor-element-5f36702 elementor-widget elementor-widget-text-editor\" data-id=\"5f36702\" data-element_type=\"widget\" data-widget_type=\"text-editor.default\">\n\t\t\t\t\t\t\t\t\t<p style=\"text-align: center;\">NORD HT AS operates within an international research and development cluster, where, together with European institutions and global technology leaders, we help shape the future of renewable energy. Our goal is to develop the most advanced technologies that deliver energy independence and a sustainable future.<\/p>\t\t\t\t\t\t\t\t<\/div>\n\t\t\t\t<div class=\"elementor-element elementor-element-2b4c4131 elementor-widget elementor-widget-image\" data-id=\"2b4c4131\" data-element_type=\"widget\" data-widget_type=\"image.default\">\n\t\t\t\t\t\t\t\t\t\t\t\t\t\t\t<img loading=\"lazy\" decoding=\"async\" width=\"1755\" height=\"1170\" src=\"https:\/\/nord-solution.com\/wp-content\/uploads\/2023\/05\/nordic_edge.png\" class=\"attachment-full size-full wp-image-2990\" alt=\"\" srcset=\"https:\/\/nord-solution.com\/wp-content\/uploads\/2023\/05\/nordic_edge.png 1755w, https:\/\/nord-solution.com\/wp-content\/uploads\/2023\/05\/nordic_edge-600x400.png 600w, https:\/\/nord-solution.com\/wp-content\/uploads\/2023\/05\/nordic_edge-300x200.png 300w, https:\/\/nord-solution.com\/wp-content\/uploads\/2023\/05\/nordic_edge-1024x683.png 1024w, https:\/\/nord-solution.com\/wp-content\/uploads\/2023\/05\/nordic_edge-768x512.png 768w, https:\/\/nord-solution.com\/wp-content\/uploads\/2023\/05\/nordic_edge-1536x1024.png 1536w\" sizes=\"(max-width: 1755px) 100vw, 1755px\" \/>\t\t\t\t\t\t\t\t\t\t\t\t\t\t\t<\/div>\n\t\t\t\t<div class=\"elementor-element elementor-element-fcb93fe elementor-widget elementor-widget-heading\" data-id=\"fcb93fe\" data-element_type=\"widget\" data-widget_type=\"heading.default\">\n\t\t\t\t\t<h3 class=\"elementor-heading-title elementor-size-default\">Meet our partners<\/h3>\t\t\t\t<\/div>\n\t\t\t\t<div class=\"elementor-element elementor-element-469e86d8 elementor-widget elementor-widget-spacer\" data-id=\"469e86d8\" data-element_type=\"widget\" data-widget_type=\"spacer.default\">\n\t\t\t\t\t\t\t<div class=\"elementor-spacer\">\n\t\t\t<div class=\"elementor-spacer-inner\"><\/div>\n\t\t<\/div>\n\t\t\t\t\t\t<\/div>\n\t\t\t\t<div class=\"elementor-element elementor-element-54bf8fb9 elementor-widget elementor-widget-image-carousel\" data-id=\"54bf8fb9\" data-element_type=\"widget\" data-settings=\"{&quot;slides_to_show&quot;:&quot;4&quot;,&quot;slides_to_show_tablet&quot;:&quot;1&quot;,&quot;slides_to_scroll&quot;:&quot;1&quot;,&quot;navigation&quot;:&quot;none&quot;,&quot;pause_on_hover&quot;:&quot;no&quot;,&quot;autoplay_speed&quot;:3000,&quot;image_spacing_custom&quot;:{&quot;unit&quot;:&quot;px&quot;,&quot;size&quot;:0,&quot;sizes&quot;:[]},&quot;autoplay&quot;:&quot;yes&quot;,&quot;pause_on_interaction&quot;:&quot;yes&quot;,&quot;infinite&quot;:&quot;yes&quot;,&quot;speed&quot;:500}\" data-widget_type=\"image-carousel.default\">\n\t\t\t\t\t\t\t<div class=\"elementor-image-carousel-wrapper swiper\" role=\"region\" aria-roledescription=\"carousel\" aria-label=\"Obr\u00e1zkov\u00fd koloto\u010d\" dir=\"ltr\">\n\t\t\t<div class=\"elementor-image-carousel swiper-wrapper\" aria-live=\"off\">\n\t\t\t\t\t\t\t\t<div class=\"swiper-slide\" role=\"group\" aria-roledescription=\"slide\" aria-label=\"1 of 5\"><figure class=\"swiper-slide-inner\"><img decoding=\"async\" class=\"swiper-slide-image\" src=\"https:\/\/nord-solution.com\/wp-content\/uploads\/2023\/05\/GBC.png\" alt=\"GBC\" \/><\/figure><\/div><div class=\"swiper-slide\" role=\"group\" aria-roledescription=\"slide\" aria-label=\"2 of 5\"><figure class=\"swiper-slide-inner\"><img decoding=\"async\" class=\"swiper-slide-image\" src=\"https:\/\/nord-solution.com\/wp-content\/uploads\/2023\/05\/nordic-edge.png\" alt=\"nordic-edge\" \/><\/figure><\/div><div class=\"swiper-slide\" role=\"group\" aria-roledescription=\"slide\" aria-label=\"3 of 5\"><figure class=\"swiper-slide-inner\"><img decoding=\"async\" class=\"swiper-slide-image\" src=\"https:\/\/nord-solution.com\/wp-content\/uploads\/2023\/05\/polish-academy.png\" alt=\"polish-academy\" \/><\/figure><\/div><div class=\"swiper-slide\" role=\"group\" aria-roledescription=\"slide\" aria-label=\"4 of 5\"><figure class=\"swiper-slide-inner\"><img decoding=\"async\" class=\"swiper-slide-image\" src=\"https:\/\/nord-solution.com\/wp-content\/uploads\/2026\/03\/aws-logo-web.png\" alt=\"aws-logo-web\" \/><\/figure><\/div><div class=\"swiper-slide\" role=\"group\" aria-roledescription=\"slide\" aria-label=\"5 of 5\"><figure class=\"swiper-slide-inner\"><img decoding=\"async\" class=\"swiper-slide-image\" src=\"https:\/\/nord-solution.com\/wp-content\/uploads\/2026\/03\/stavanger-logo-web.png\" alt=\"stavanger-logo-web\" \/><\/figure><\/div>\t\t\t<\/div>\n\t\t\t\t\t\t\t\n\t\t\t\t\t\t\t\t\t<\/div>\n\t\t\t\t\t\t<\/div>\n\t\t\t\t<div class=\"elementor-element elementor-element-25a23696 elementor-widget elementor-widget-spacer\" data-id=\"25a23696\" data-element_type=\"widget\" data-widget_type=\"spacer.default\">\n\t\t\t\t\t\t\t<div class=\"elementor-spacer\">\n\t\t\t<div class=\"elementor-spacer-inner\"><\/div>\n\t\t<\/div>\n\t\t\t\t\t\t<\/div>\n\t\t\t\t\t<\/div>\n\t\t<\/div>\n\t\t\t\t\t<\/div>\n\t\t<\/section>\n\t\t<div class=\"elementor-element elementor-element-635a09c e-flex e-con-boxed e-con e-parent\" data-id=\"635a09c\" data-element_type=\"container\">\n\t\t\t\t\t<div class=\"e-con-inner\">\n\t\t\t\t<div class=\"elementor-element elementor-element-f66eb5 elementor-widget elementor-widget-spacer\" data-id=\"f66eb5\" data-element_type=\"widget\" data-widget_type=\"spacer.default\">\n\t\t\t\t\t\t\t<div class=\"elementor-spacer\">\n\t\t\t<div class=\"elementor-spacer-inner\"><\/div>\n\t\t<\/div>\n\t\t\t\t\t\t<\/div>\n\t\t\t\t\t<\/div>\n\t\t\t\t<\/div>\n\t\t\t\t<section class=\"elementor-section elementor-top-section elementor-element elementor-element-6d8691f4 elementor-section-boxed elementor-section-height-default elementor-section-height-default\" data-id=\"6d8691f4\" data-element_type=\"section\" data-settings=\"{&quot;background_background&quot;:&quot;classic&quot;}\">\n\t\t\t\t\t\t<div class=\"elementor-container elementor-column-gap-no\">\n\t\t\t\t\t<div class=\"elementor-column elementor-col-100 elementor-top-column elementor-element elementor-element-2309781a\" data-id=\"2309781a\" data-element_type=\"column\">\n\t\t\t<div class=\"elementor-widget-wrap elementor-element-populated\">\n\t\t\t\t\t\t<div class=\"elementor-element elementor-element-6ffb927f animated-slow elementor-invisible elementor-widget elementor-widget-heading\" data-id=\"6ffb927f\" data-element_type=\"widget\" data-settings=\"{&quot;_animation&quot;:&quot;fadeIn&quot;}\" data-widget_type=\"heading.default\">\n\t\t\t\t\t<h2 class=\"elementor-heading-title elementor-size-default\">Ready for the future? <\/h2>\t\t\t\t<\/div>\n\t\t\t\t<div class=\"elementor-element elementor-element-5dbb4687 animated-slow elementor-invisible elementor-widget elementor-widget-heading\" data-id=\"5dbb4687\" data-element_type=\"widget\" data-settings=\"{&quot;_animation&quot;:&quot;fadeIn&quot;}\" data-widget_type=\"heading.default\">\n\t\t\t\t\t<h2 class=\"elementor-heading-title elementor-size-default\">\nGet more information now!<\/h2>\t\t\t\t<\/div>\n\t\t\t\t<section class=\"elementor-section elementor-inner-section elementor-element elementor-element-27cfc1f2 elementor-section-boxed elementor-section-height-default elementor-section-height-default\" data-id=\"27cfc1f2\" data-element_type=\"section\">\n\t\t\t\t\t\t<div class=\"elementor-container elementor-column-gap-default\">\n\t\t\t\t\t<div class=\"elementor-column elementor-col-33 elementor-inner-column elementor-element elementor-element-4119ed43\" data-id=\"4119ed43\" data-element_type=\"column\">\n\t\t\t<div class=\"elementor-widget-wrap elementor-element-populated\">\n\t\t\t\t\t\t<div class=\"elementor-element elementor-element-4d4d6119 elementor-mobile-align-justify animated-fast elementor-align-center elementor-invisible elementor-widget elementor-widget-button\" data-id=\"4d4d6119\" data-element_type=\"widget\" data-settings=\"{&quot;_animation&quot;:&quot;fadeIn&quot;,&quot;_animation_delay&quot;:400}\" data-widget_type=\"button.default\">\n\t\t\t\t\t\t\t\t\t\t<a class=\"elementor-button elementor-button-link elementor-size-sm elementor-animation-float\" href=\"https:\/\/nord-solution.com\/index.php\/nord-intelligent-home\/\">\n\t\t\t\t\t\t<span class=\"elementor-button-content-wrapper\">\n\t\t\t\t\t\t\t\t\t<span class=\"elementor-button-text\">Read more<\/span>\n\t\t\t\t\t<\/span>\n\t\t\t\t\t<\/a>\n\t\t\t\t\t\t\t\t<\/div>\n\t\t\t\t\t<\/div>\n\t\t<\/div>\n\t\t\t\t<div class=\"elementor-column elementor-col-33 elementor-inner-column elementor-element elementor-element-50c6115e\" data-id=\"50c6115e\" data-element_type=\"column\">\n\t\t\t<div class=\"elementor-widget-wrap elementor-element-populated\">\n\t\t\t\t\t\t<div class=\"elementor-element elementor-element-53eebf7e elementor-mobile-align-justify animated-fast elementor-align-center elementor-invisible elementor-widget elementor-widget-button\" data-id=\"53eebf7e\" data-element_type=\"widget\" data-settings=\"{&quot;_animation&quot;:&quot;fadeIn&quot;,&quot;_animation_delay&quot;:400}\" data-widget_type=\"button.default\">\n\t\t\t\t\t\t\t\t\t\t<a class=\"elementor-button elementor-button-link elementor-size-sm elementor-animation-float\" href=\"https:\/\/nord-solution.com\/DownloadCenter\/api.php?lang=EN&#038;name=BRC_NORD_Product\" target=\"_blank\">\n\t\t\t\t\t\t<span class=\"elementor-button-content-wrapper\">\n\t\t\t\t\t\t\t\t\t<span class=\"elementor-button-text\">Download brochure<\/span>\n\t\t\t\t\t<\/span>\n\t\t\t\t\t<\/a>\n\t\t\t\t\t\t\t\t<\/div>\n\t\t\t\t\t<\/div>\n\t\t<\/div>\n\t\t\t\t<div class=\"elementor-column elementor-col-33 elementor-inner-column elementor-element elementor-element-5139818\" data-id=\"5139818\" data-element_type=\"column\">\n\t\t\t<div class=\"elementor-widget-wrap elementor-element-populated\">\n\t\t\t\t\t\t<div class=\"elementor-element elementor-element-19c0ade elementor-mobile-align-justify animated-fast elementor-align-center elementor-invisible elementor-widget elementor-widget-button\" data-id=\"19c0ade\" data-element_type=\"widget\" data-settings=\"{&quot;_animation&quot;:&quot;fadeIn&quot;,&quot;_animation_delay&quot;:400}\" data-widget_type=\"button.default\">\n\t\t\t\t\t\t\t\t\t\t<a class=\"elementor-button elementor-button-link elementor-size-sm elementor-animation-float\" href=\"https:\/\/nord-solution.com\/index.php\/i-would-like-an-offer\/\">\n\t\t\t\t\t\t<span class=\"elementor-button-content-wrapper\">\n\t\t\t\t\t\t\t\t\t<span class=\"elementor-button-text\">Get a quote<\/span>\n\t\t\t\t\t<\/span>\n\t\t\t\t\t<\/a>\n\t\t\t\t\t\t\t\t<\/div>\n\t\t\t\t\t<\/div>\n\t\t<\/div>\n\t\t\t\t\t<\/div>\n\t\t<\/section>\n\t\t\t\t\t<\/div>\n\t\t<\/div>\n\t\t\t\t\t<\/div>\n\t\t<\/section>\n\t\t\t\t<\/div>\n\t\t","protected":false},"excerpt":{"rendered":"<p>NORD Story \u2013 Innovation from Norway Since 2014, the NORD HT team has been developing advanced energy solutions with support from Norwegian funds and top European universities. Our system seamlessly integrates photovoltaics, heating, energy storage, and electromobility, ensuring maximum efficiency and sustainability for modern homes. European Quality &amp; Local Commitment Made in the EU, ensuring [&hellip;]<\/p>\n","protected":false},"author":1,"featured_media":0,"parent":0,"menu_order":0,"comment_status":"closed","ping_status":"closed","template":"","meta":{"om_disable_all_campaigns":false,"_monsterinsights_skip_tracking":false,"_monsterinsights_sitenote_active":false,"_monsterinsights_sitenote_note":"","_monsterinsights_sitenote_category":0,"footnotes":""},"_links":{"self":[{"href":"https:\/\/nord-solution.com\/index.php\/wp-json\/wp\/v2\/pages\/277"}],"collection":[{"href":"https:\/\/nord-solution.com\/index.php\/wp-json\/wp\/v2\/pages"}],"about":[{"href":"https:\/\/nord-solution.com\/index.php\/wp-json\/wp\/v2\/types\/page"}],"author":[{"embeddable":true,"href":"https:\/\/nord-solution.com\/index.php\/wp-json\/wp\/v2\/users\/1"}],"replies":[{"embeddable":true,"href":"https:\/\/nord-solution.com\/index.php\/wp-json\/wp\/v2\/comments?post=277"}],"version-history":[{"count":10,"href":"https:\/\/nord-solution.com\/index.php\/wp-json\/wp\/v2\/pages\/277\/revisions"}],"predecessor-version":[{"id":31429,"href":"https:\/\/nord-solution.com\/index.php\/wp-json\/wp\/v2\/pages\/277\/revisions\/31429"}],"wp:attachment":[{"href":"https:\/\/nord-solution.com\/index.php\/wp-json\/wp\/v2\/media?parent=277"}],"curies":[{"name":"wp","href":"https:\/\/api.w.org\/{rel}","templated":true}]}}