{"id":22823,"date":"2025-06-12T09:55:57","date_gmt":"2025-06-12T07:55:57","guid":{"rendered":"https:\/\/nord-solution.com\/?page_id=22823"},"modified":"2025-06-16T17:19:57","modified_gmt":"2025-06-16T15:19:57","slug":"vertrieb-service","status":"publish","type":"page","link":"https:\/\/nord-solution.com\/index.php\/de\/vertrieb-service\/","title":{"rendered":"Vertrieb &amp; Service"},"content":{"rendered":"\t\t<div data-elementor-type=\"wp-page\" data-elementor-id=\"22823\" class=\"elementor elementor-22823\" data-elementor-post-type=\"page\">\n\t\t\t\t<div class=\"elementor-element elementor-element-4c0e489e e-con-full e-flex e-con e-parent\" data-id=\"4c0e489e\" data-element_type=\"container\">\n\t\t\t\t<div class=\"elementor-element elementor-element-453f9839 elementor-widget elementor-widget-heading\" data-id=\"453f9839\" data-element_type=\"widget\" data-widget_type=\"heading.default\">\n\t\t\t\t\t<h2 class=\"elementor-heading-title elementor-size-default\">Vertrieb &amp; Service<\/h2>\t\t\t\t<\/div>\n\t\t\t\t<div class=\"elementor-element elementor-element-1cad7b8c elementor-widget__width-inherit elementor-widget elementor-widget-html\" data-id=\"1cad7b8c\" data-element_type=\"widget\" data-widget_type=\"html.default\">\n\t\t\t\t\t<iframe src=\"https:\/\/nord-solution.com\/partner-section\/map.php?lang=de\" width=\"1440\" height=\"1150\" style=\"border: none;\"><\/iframe>\t\t\t\t<\/div>\n\t\t\t\t<\/div>\n\t\t<div class=\"elementor-element elementor-element-24a557d e-flex e-con-boxed e-con e-parent\" data-id=\"24a557d\" data-element_type=\"container\">\n\t\t\t\t\t<div class=\"e-con-inner\">\n\t\t\t\t<div class=\"elementor-element elementor-element-521e273a elementor-widget elementor-widget-text-editor\" data-id=\"521e273a\" data-element_type=\"widget\" data-widget_type=\"text-editor.default\">\n\t\t\t\t\t\t\t\t\t<h2 style=\"text-align: center;\"><strong>Sie interessieren sich f\u00fcr NORD-Technologien?<\/strong><\/h2><p style=\"text-align: center;\">W\u00e4hlen Sie die Region aus, in der Sie sich befinden (oben rechts),<\/p><p style=\"text-align: center;\">und durch einen Klick auf den Standort wird Ihnen das n\u00e4chstgelegene gepr\u00fcfte Partnerunternehmen angezeigt, das Sie betreut.<\/p><p style=\"text-align: center;\">Alle Partnerunternehmen sind f\u00fcr den Einsatz der <strong>NORD<\/strong>-Technologiel\u00f6sungen geschult und zertifiziert.<\/p>\t\t\t\t\t\t\t\t<\/div>\n\t\t\t\t\t<\/div>\n\t\t\t\t<\/div>\n\t\t\t\t<section class=\"elementor-section elementor-top-section elementor-element elementor-element-6b4390a3 elementor-section-height-min-height elementor-section-boxed elementor-section-height-default elementor-section-items-middle\" data-id=\"6b4390a3\" data-element_type=\"section\" data-settings=\"{&quot;background_background&quot;:&quot;classic&quot;}\">\n\t\t\t\t\t\t<div class=\"elementor-container elementor-column-gap-no\">\n\t\t\t\t\t<div class=\"elementor-column elementor-col-100 elementor-top-column elementor-element elementor-element-67101a1d\" data-id=\"67101a1d\" data-element_type=\"column\">\n\t\t\t<div class=\"elementor-widget-wrap elementor-element-populated\">\n\t\t\t\t\t\t<div class=\"elementor-element elementor-element-10e670df animated-slow elementor-invisible elementor-widget elementor-widget-heading\" data-id=\"10e670df\" data-element_type=\"widget\" data-settings=\"{&quot;_animation&quot;:&quot;fadeIn&quot;}\" data-widget_type=\"heading.default\">\n\t\t\t\t\t<h3 class=\"elementor-heading-title elementor-size-default\">Bei Interesse an einer unverbindlichen Anfrage k\u00f6nnen Sie gerne direkt Kontakt mit uns aufnehmen. Unser Team wird Sie so schnell wie m\u00f6glich kontaktieren.<\/h3>\t\t\t\t<\/div>\n\t\t\t\t<section class=\"elementor-section elementor-inner-section elementor-element elementor-element-5d75d055 elementor-section-boxed elementor-section-height-default elementor-section-height-default\" data-id=\"5d75d055\" data-element_type=\"section\">\n\t\t\t\t\t\t<div class=\"elementor-container elementor-column-gap-default\">\n\t\t\t\t\t<div class=\"elementor-column elementor-col-100 elementor-inner-column elementor-element elementor-element-187c7bd4\" data-id=\"187c7bd4\" data-element_type=\"column\">\n\t\t\t<div class=\"elementor-widget-wrap elementor-element-populated\">\n\t\t\t\t\t\t<div class=\"elementor-element elementor-element-8ffc942 elementor-mobile-align-justify animated-fast elementor-align-center elementor-invisible elementor-widget elementor-widget-button\" data-id=\"8ffc942\" data-element_type=\"widget\" data-settings=\"{&quot;_animation&quot;:&quot;fadeIn&quot;,&quot;_animation_delay&quot;:400}\" data-widget_type=\"button.default\">\n\t\t\t\t\t\t\t\t\t\t<a class=\"elementor-button elementor-button-link elementor-size-sm elementor-animation-grow\" href=\"https:\/\/nord-solution.com\/index.php\/de\/anfrageformular\/\" target=\"_blank\">\n\t\t\t\t\t\t<span class=\"elementor-button-content-wrapper\">\n\t\t\t\t\t\t\t\t\t<span class=\"elementor-button-text\">Anfrageformular<\/span>\n\t\t\t\t\t<\/span>\n\t\t\t\t\t<\/a>\n\t\t\t\t\t\t\t\t<\/div>\n\t\t\t\t\t<\/div>\n\t\t<\/div>\n\t\t\t\t\t<\/div>\n\t\t<\/section>\n\t\t\t\t\t<\/div>\n\t\t<\/div>\n\t\t\t\t\t<\/div>\n\t\t<\/section>\n\t\t\t\t<\/div>\n\t\t","protected":false},"excerpt":{"rendered":"<p>Vertrieb &#038; Service Sie interessieren sich f\u00fcr NORD-Technologien? W\u00e4hlen Sie die Region aus, in der Sie sich befinden (oben rechts), und durch einen Klick auf den Standort wird Ihnen das n\u00e4chstgelegene gepr\u00fcfte Partnerunternehmen angezeigt, das Sie betreut. Alle Partnerunternehmen sind f\u00fcr den Einsatz der NORD-Technologiel\u00f6sungen geschult und zertifiziert. Bei Interesse an einer unverbindlichen Anfrage k\u00f6nnen [&hellip;]<\/p>\n","protected":false},"author":1,"featured_media":0,"parent":0,"menu_order":0,"comment_status":"closed","ping_status":"closed","template":"","meta":{"om_disable_all_campaigns":false,"_monsterinsights_skip_tracking":false,"_monsterinsights_sitenote_active":false,"_monsterinsights_sitenote_note":"","_monsterinsights_sitenote_category":0,"footnotes":""},"_links":{"self":[{"href":"https:\/\/nord-solution.com\/index.php\/wp-json\/wp\/v2\/pages\/22823"}],"collection":[{"href":"https:\/\/nord-solution.com\/index.php\/wp-json\/wp\/v2\/pages"}],"about":[{"href":"https:\/\/nord-solution.com\/index.php\/wp-json\/wp\/v2\/types\/page"}],"author":[{"embeddable":true,"href":"https:\/\/nord-solution.com\/index.php\/wp-json\/wp\/v2\/users\/1"}],"replies":[{"embeddable":true,"href":"https:\/\/nord-solution.com\/index.php\/wp-json\/wp\/v2\/comments?post=22823"}],"version-history":[{"count":10,"href":"https:\/\/nord-solution.com\/index.php\/wp-json\/wp\/v2\/pages\/22823\/revisions"}],"predecessor-version":[{"id":22848,"href":"https:\/\/nord-solution.com\/index.php\/wp-json\/wp\/v2\/pages\/22823\/revisions\/22848"}],"wp:attachment":[{"href":"https:\/\/nord-solution.com\/index.php\/wp-json\/wp\/v2\/media?parent=22823"}],"curies":[{"name":"wp","href":"https:\/\/api.w.org\/{rel}","templated":true}]}}