{"id":18909,"date":"2025-04-09T11:04:55","date_gmt":"2025-04-09T09:04:55","guid":{"rendered":"https:\/\/nord-solution.com\/?page_id=18909"},"modified":"2025-04-09T11:06:58","modified_gmt":"2025-04-09T09:06:58","slug":"ecoairflow-cz-novy-koncept","status":"publish","type":"page","link":"https:\/\/nord-solution.com\/index.php\/cs\/ecoairflow-cz-novy-koncept\/","title":{"rendered":"EcoAirFlow cz novy koncept"},"content":{"rendered":"\t\t<div data-elementor-type=\"wp-page\" data-elementor-id=\"18909\" class=\"elementor elementor-18909\" data-elementor-post-type=\"page\">\n\t\t\t\t<div class=\"elementor-element elementor-element-30f8137 e-flex e-con-boxed e-con e-parent\" data-id=\"30f8137\" data-element_type=\"container\">\n\t\t\t\t\t<div class=\"e-con-inner\">\n\t\t<div class=\"elementor-element elementor-element-104798b0 e-con-full e-flex e-con e-child\" data-id=\"104798b0\" data-element_type=\"container\">\n\t\t\t\t<div class=\"elementor-element elementor-element-28af1cc5 elementor-widget elementor-widget-heading\" data-id=\"28af1cc5\" data-element_type=\"widget\" data-widget_type=\"heading.default\">\n\t\t\t\t\t<h2 class=\"elementor-heading-title elementor-size-default\">NORD EcoAirFlow<\/h2>\t\t\t\t<\/div>\n\t\t\t\t<div class=\"elementor-element elementor-element-3983b2ab elementor-widget elementor-widget-heading\" data-id=\"3983b2ab\" data-element_type=\"widget\" data-widget_type=\"heading.default\">\n\t\t\t\t\t<h2 class=\"elementor-heading-title elementor-size-default\">Chytr\u00e1 rekupera\u010dn\u00ed jednotka pro zdrav\u00fd domov<\/h2>\t\t\t\t<\/div>\n\t\t\t\t<div class=\"elementor-element elementor-element-176c3804 elementor-widget elementor-widget-heading\" data-id=\"176c3804\" data-element_type=\"widget\" data-widget_type=\"heading.default\">\n\t\t\t\t\t<h2 class=\"elementor-heading-title elementor-size-default\">MB 5.0 F | MB 7.0 F |\nMB 9.0 F | MB 12.0 F | MB 16.0 F  |MB 18.0 F | 22.0 F<\/h2>\t\t\t\t<\/div>\n\t\t\t\t<div class=\"elementor-element elementor-element-1c4e07e2 elementor-widget elementor-widget-text-editor\" data-id=\"1c4e07e2\" data-element_type=\"widget\" data-widget_type=\"text-editor.default\">\n\t\t\t\t\t\t\t\t\t<p style=\"text-align: center;\"><strong>EcoAirFlow<\/strong> je modern\u00ed rekupera\u010dn\u00ed jednotka navr\u017een\u00e1 pro efektivn\u00ed v\u00fdm\u011bnu vzduchu a maxim\u00e1ln\u00ed \u00fasporu energie. D\u00edky vysoce \u00fa\u010dinn\u00e9mu v\u00fdm\u011bn\u00edku tepla a optimalizovan\u00e9 teplosm\u011bnn\u00e9 plo\u0161e dosahuje \u00fa\u010dinnost rekuperace a\u017e <strong>92 %<\/strong>. Vestav\u011bn\u00fd ioniz\u00e1tor \u010dist\u00ed vzduch, odstra\u0148uje z\u00e1pachy a podporuje zdrav\u00e9 prost\u0159ed\u00ed, ide\u00e1ln\u00ed pro osoby s alergiemi nebo astmatem. <strong>Filtr G4 zachyt\u00ed a\u017e 98 % \u010d\u00e1stic<\/strong>, jako je prach, pyl nebo bakterie, a zaji\u0161\u0165uje tak neust\u00e1le \u010dist\u00fd vzduch.<\/p>\t\t\t\t\t\t\t\t<\/div>\n\t\t\t\t<\/div>\n\t\t<div class=\"elementor-element elementor-element-614243af e-con-full e-flex e-con e-child\" data-id=\"614243af\" data-element_type=\"container\">\n\t\t\t\t<div class=\"elementor-element elementor-element-e897d73 elementor-widget elementor-widget-image\" data-id=\"e897d73\" data-element_type=\"widget\" data-widget_type=\"image.default\">\n\t\t\t\t\t\t\t\t\t\t\t\t\t\t\t<img fetchpriority=\"high\" decoding=\"async\" width=\"800\" height=\"800\" src=\"https:\/\/nord-solution.com\/wp-content\/uploads\/2025\/03\/EcoAirFlow-1024x1024.jpg\" class=\"attachment-large size-large wp-image-17650\" alt=\"\" srcset=\"https:\/\/nord-solution.com\/wp-content\/uploads\/2025\/03\/EcoAirFlow-1024x1024.jpg 1024w, https:\/\/nord-solution.com\/wp-content\/uploads\/2025\/03\/EcoAirFlow-300x300.jpg 300w, https:\/\/nord-solution.com\/wp-content\/uploads\/2025\/03\/EcoAirFlow-100x100.jpg 100w, https:\/\/nord-solution.com\/wp-content\/uploads\/2025\/03\/EcoAirFlow-600x600.jpg 600w, https:\/\/nord-solution.com\/wp-content\/uploads\/2025\/03\/EcoAirFlow-150x150.jpg 150w, https:\/\/nord-solution.com\/wp-content\/uploads\/2025\/03\/EcoAirFlow-768x768.jpg 768w, https:\/\/nord-solution.com\/wp-content\/uploads\/2025\/03\/EcoAirFlow-700x700.jpg 700w, https:\/\/nord-solution.com\/wp-content\/uploads\/2025\/03\/EcoAirFlow-500x500.jpg 500w, https:\/\/nord-solution.com\/wp-content\/uploads\/2025\/03\/EcoAirFlow-800x800.jpg 800w, https:\/\/nord-solution.com\/wp-content\/uploads\/2025\/03\/EcoAirFlow.jpg 1500w\" sizes=\"(max-width: 800px) 100vw, 800px\" \/>\t\t\t\t\t\t\t\t\t\t\t\t\t\t\t<\/div>\n\t\t\t\t<\/div>\n\t\t\t\t\t<\/div>\n\t\t\t\t<\/div>\n\t\t\t\t<section class=\"elementor-section elementor-top-section elementor-element elementor-element-d4f7685 elementor-section-boxed elementor-section-height-default elementor-section-height-default\" data-id=\"d4f7685\" data-element_type=\"section\">\n\t\t\t\t\t\t<div class=\"elementor-container elementor-column-gap-default\">\n\t\t\t\t\t<div class=\"elementor-column elementor-col-100 elementor-top-column elementor-element elementor-element-5d07dce4\" data-id=\"5d07dce4\" data-element_type=\"column\">\n\t\t\t<div class=\"elementor-widget-wrap elementor-element-populated\">\n\t\t\t\t\t\t<div class=\"elementor-element elementor-element-15b9d50b elementor-widget elementor-widget-text-editor\" data-id=\"15b9d50b\" data-element_type=\"widget\" data-widget_type=\"text-editor.default\">\n\t\t\t\t\t\t\t\t\t<p style=\"text-align: center;\">P\u0159ipravujeme podrobn\u011bj\u0161\u00ed popis a technick\u00e9 specifikace.<\/p>\t\t\t\t\t\t\t\t<\/div>\n\t\t\t\t\t<\/div>\n\t\t<\/div>\n\t\t\t\t\t<\/div>\n\t\t<\/section>\n\t\t<div class=\"elementor-element elementor-element-4cee5a5f e-flex e-con-boxed e-con e-parent\" data-id=\"4cee5a5f\" data-element_type=\"container\">\n\t\t\t\t\t<div class=\"e-con-inner\">\n\t\t\t\t<div class=\"elementor-element elementor-element-7ec09592 elementor-skin-carousel elementor-arrows-yes elementor-pagination-type-bullets elementor-pagination-position-outside elementor-widget elementor-widget-media-carousel\" data-id=\"7ec09592\" data-element_type=\"widget\" data-settings=\"{&quot;slides_per_view&quot;:&quot;1&quot;,&quot;skin&quot;:&quot;carousel&quot;,&quot;effect&quot;:&quot;slide&quot;,&quot;show_arrows&quot;:&quot;yes&quot;,&quot;pagination&quot;:&quot;bullets&quot;,&quot;speed&quot;:500,&quot;autoplay&quot;:&quot;yes&quot;,&quot;autoplay_speed&quot;:5000,&quot;loop&quot;:&quot;yes&quot;,&quot;pause_on_hover&quot;:&quot;yes&quot;,&quot;pause_on_interaction&quot;:&quot;yes&quot;,&quot;space_between&quot;:{&quot;unit&quot;:&quot;px&quot;,&quot;size&quot;:10,&quot;sizes&quot;:[]},&quot;space_between_tablet&quot;:{&quot;unit&quot;:&quot;px&quot;,&quot;size&quot;:10,&quot;sizes&quot;:[]},&quot;space_between_mobile&quot;:{&quot;unit&quot;:&quot;px&quot;,&quot;size&quot;:10,&quot;sizes&quot;:[]}}\" data-widget_type=\"media-carousel.default\">\n\t\t\t\t\t\t\t\t\t\t<div class=\"elementor-main-swiper swiper\" role=\"region\" aria-roledescription=\"carousel\" aria-label=\"Slides\">\n\t\t\t\t<div class=\"swiper-wrapper\">\n\t\t\t\t\t\t\t\t\t\t\t<div class=\"swiper-slide\" role=\"group\" aria-roledescription=\"slide\">\n\t\t\t\t\t\t\t\t\t<div class=\"elementor-carousel-image\" role=\"img\" aria-label=\"EcoAirFlow\" style=\"background-image: url(&#039;https:\/\/nord-solution.com\/wp-content\/uploads\/2025\/03\/EcoAirFlow-1.jpg&#039;)\">\n\n\t\t\t\n\t\t\t\t\t<\/div>\n\t\t\t\t\t\t\t\t<\/div>\n\t\t\t\t\t\t\t\t\t<\/div>\n\t\t\t\t\t\t\t<\/div>\n\t\t\t\t\t\t\t\t<\/div>\n\t\t\t\t\t<\/div>\n\t\t\t\t<\/div>\n\t\t\t\t<section class=\"elementor-section elementor-top-section elementor-element elementor-element-5c5c91a8 elementor-section-boxed elementor-section-height-default elementor-section-height-default\" data-id=\"5c5c91a8\" data-element_type=\"section\" data-settings=\"{&quot;background_background&quot;:&quot;classic&quot;}\">\n\t\t\t\t\t\t<div class=\"elementor-container elementor-column-gap-no\">\n\t\t\t\t\t<div class=\"elementor-column elementor-col-100 elementor-top-column elementor-element elementor-element-7c02c3ed\" data-id=\"7c02c3ed\" data-element_type=\"column\">\n\t\t\t<div class=\"elementor-widget-wrap elementor-element-populated\">\n\t\t\t\t\t\t<div class=\"elementor-element elementor-element-1fda5bb animated-slow elementor-invisible elementor-widget elementor-widget-heading\" data-id=\"1fda5bb\" data-element_type=\"widget\" data-settings=\"{&quot;_animation&quot;:&quot;fadeIn&quot;}\" data-widget_type=\"heading.default\">\n\t\t\t\t\t<h2 class=\"elementor-heading-title elementor-size-default\">Jste p\u0159ipraveni na budoucnost? Z\u00edskejte v\u00edce informac\u00ed pr\u00e1v\u011b te\u010f!<\/h2>\t\t\t\t<\/div>\n\t\t\t\t<section class=\"elementor-section elementor-inner-section elementor-element elementor-element-2d756912 elementor-section-boxed elementor-section-height-default elementor-section-height-default\" data-id=\"2d756912\" data-element_type=\"section\">\n\t\t\t\t\t\t<div class=\"elementor-container elementor-column-gap-default\">\n\t\t\t\t\t<div class=\"elementor-column elementor-col-100 elementor-inner-column elementor-element elementor-element-2893cc55\" data-id=\"2893cc55\" data-element_type=\"column\">\n\t\t\t<div class=\"elementor-widget-wrap elementor-element-populated\">\n\t\t\t\t\t\t<div class=\"elementor-element elementor-element-752ba7c7 elementor-invisible elementor-widget elementor-widget-text-editor\" data-id=\"752ba7c7\" data-element_type=\"widget\" data-settings=\"{&quot;_animation&quot;:&quot;fadeIn&quot;,&quot;_animation_delay&quot;:200}\" data-widget_type=\"text-editor.default\">\n\t\t\t\t\t\t\t\t\t<p>Pro nez\u00e1vaznou popt\u00e1vku n\u00e1s nev\u00e1hejte kontaktovat p\u0159\u00edmo.<\/p>\t\t\t\t\t\t\t\t<\/div>\n\t\t\t\t<div class=\"elementor-element elementor-element-7c516b59 elementor-mobile-align-justify animated-fast elementor-align-center elementor-invisible elementor-widget elementor-widget-button\" data-id=\"7c516b59\" data-element_type=\"widget\" data-settings=\"{&quot;_animation&quot;:&quot;fadeIn&quot;,&quot;_animation_delay&quot;:400}\" data-widget_type=\"button.default\">\n\t\t\t\t\t\t\t\t\t\t<a class=\"elementor-button elementor-button-link elementor-size-sm elementor-animation-float\" href=\"https:\/\/nord-solution.com\/index.php\/cs\/poptavkovy-formular\/\" target=\"_blank\">\n\t\t\t\t\t\t<span class=\"elementor-button-content-wrapper\">\n\t\t\t\t\t\t\t\t\t<span class=\"elementor-button-text\">Popt\u00e1vkov\u00fd formul\u00e1\u0159<\/span>\n\t\t\t\t\t<\/span>\n\t\t\t\t\t<\/a>\n\t\t\t\t\t\t\t\t<\/div>\n\t\t\t\t\t<\/div>\n\t\t<\/div>\n\t\t\t\t\t<\/div>\n\t\t<\/section>\n\t\t\t\t\t<\/div>\n\t\t<\/div>\n\t\t\t\t\t<\/div>\n\t\t<\/section>\n\t\t\t\t<\/div>\n\t\t","protected":false},"excerpt":{"rendered":"<p>NORD EcoAirFlow Chytr\u00e1 rekupera\u010dn\u00ed jednotka pro zdrav\u00fd domov MB 5.0 F | MB 7.0 F | MB 9.0 F | MB 12.0 F | MB 16.0 F |MB 18.0 F | 22.0 F EcoAirFlow je modern\u00ed rekupera\u010dn\u00ed jednotka navr\u017een\u00e1 pro efektivn\u00ed v\u00fdm\u011bnu vzduchu a maxim\u00e1ln\u00ed \u00fasporu energie. D\u00edky vysoce \u00fa\u010dinn\u00e9mu v\u00fdm\u011bn\u00edku tepla a optimalizovan\u00e9 teplosm\u011bnn\u00e9 [&hellip;]<\/p>\n","protected":false},"author":1,"featured_media":0,"parent":0,"menu_order":0,"comment_status":"closed","ping_status":"closed","template":"","meta":{"om_disable_all_campaigns":false,"_monsterinsights_skip_tracking":false,"_monsterinsights_sitenote_active":false,"_monsterinsights_sitenote_note":"","_monsterinsights_sitenote_category":0,"footnotes":""},"_links":{"self":[{"href":"https:\/\/nord-solution.com\/index.php\/wp-json\/wp\/v2\/pages\/18909"}],"collection":[{"href":"https:\/\/nord-solution.com\/index.php\/wp-json\/wp\/v2\/pages"}],"about":[{"href":"https:\/\/nord-solution.com\/index.php\/wp-json\/wp\/v2\/types\/page"}],"author":[{"embeddable":true,"href":"https:\/\/nord-solution.com\/index.php\/wp-json\/wp\/v2\/users\/1"}],"replies":[{"embeddable":true,"href":"https:\/\/nord-solution.com\/index.php\/wp-json\/wp\/v2\/comments?post=18909"}],"version-history":[{"count":4,"href":"https:\/\/nord-solution.com\/index.php\/wp-json\/wp\/v2\/pages\/18909\/revisions"}],"predecessor-version":[{"id":18913,"href":"https:\/\/nord-solution.com\/index.php\/wp-json\/wp\/v2\/pages\/18909\/revisions\/18913"}],"wp:attachment":[{"href":"https:\/\/nord-solution.com\/index.php\/wp-json\/wp\/v2\/media?parent=18909"}],"curies":[{"name":"wp","href":"https:\/\/api.w.org\/{rel}","templated":true}]}}