{"id":18292,"date":"2025-04-03T16:43:59","date_gmt":"2025-04-03T14:43:59","guid":{"rendered":"https:\/\/nord-solution.com\/?page_id=18292"},"modified":"2025-04-24T09:23:24","modified_gmt":"2025-04-24T07:23:24","slug":"skoleni-instalace-tepelnych-cerpadel-ecoheat","status":"publish","type":"page","link":"https:\/\/nord-solution.com\/index.php\/cs\/skoleni-instalace-tepelnych-cerpadel-ecoheat\/","title":{"rendered":"\u0161kolen\u00ed instalace tepeln\u00fdch \u010derpadel EcoHeat"},"content":{"rendered":"\t\t<div data-elementor-type=\"wp-page\" data-elementor-id=\"18292\" class=\"elementor elementor-18292\" data-elementor-post-type=\"page\">\n\t\t\t\t<div class=\"elementor-element elementor-element-6f08c50 e-flex e-con-boxed e-con e-parent\" data-id=\"6f08c50\" data-element_type=\"container\">\n\t\t\t\t\t<div class=\"e-con-inner\">\n\t\t\t\t<div class=\"elementor-element elementor-element-bffe778 elementor-widget elementor-widget-html\" data-id=\"bffe778\" data-element_type=\"widget\" data-widget_type=\"html.default\">\n\t\t\t\t\t<!-- START: IFRAME -->\r\n<div class=\"responsive-iframe\" style=\"position: relative; width: 100%;\"><iframe id=\"opsIframe\" style=\"width: 100%; height: 100%;\" src=\"https:\/\/ops.gbc-solino.cz\/skoleni\/nord-instalace-tepelnych-cerpadel\/?lang=cs&style=nord\" width=\"100%\" frameborder=\"0\" scrolling=\"no\"><\/iframe><\/div>\r\n<!-- END: IFRAME -->\r\n\t\t\t\t<\/div>\n\t\t\t\t\t<\/div>\n\t\t\t\t<\/div>\n\t\t\t\t<\/div>\n\t\t","protected":false},"excerpt":{"rendered":"","protected":false},"author":1,"featured_media":0,"parent":0,"menu_order":0,"comment_status":"closed","ping_status":"closed","template":"","meta":{"om_disable_all_campaigns":false,"_monsterinsights_skip_tracking":false,"_monsterinsights_sitenote_active":false,"_monsterinsights_sitenote_note":"","_monsterinsights_sitenote_category":0,"footnotes":""},"_links":{"self":[{"href":"https:\/\/nord-solution.com\/index.php\/wp-json\/wp\/v2\/pages\/18292"}],"collection":[{"href":"https:\/\/nord-solution.com\/index.php\/wp-json\/wp\/v2\/pages"}],"about":[{"href":"https:\/\/nord-solution.com\/index.php\/wp-json\/wp\/v2\/types\/page"}],"author":[{"embeddable":true,"href":"https:\/\/nord-solution.com\/index.php\/wp-json\/wp\/v2\/users\/1"}],"replies":[{"embeddable":true,"href":"https:\/\/nord-solution.com\/index.php\/wp-json\/wp\/v2\/comments?post=18292"}],"version-history":[{"count":10,"href":"https:\/\/nord-solution.com\/index.php\/wp-json\/wp\/v2\/pages\/18292\/revisions"}],"predecessor-version":[{"id":21695,"href":"https:\/\/nord-solution.com\/index.php\/wp-json\/wp\/v2\/pages\/18292\/revisions\/21695"}],"wp:attachment":[{"href":"https:\/\/nord-solution.com\/index.php\/wp-json\/wp\/v2\/media?parent=18292"}],"curies":[{"name":"wp","href":"https:\/\/api.w.org\/{rel}","templated":true}]}}