{"id":18177,"date":"2025-03-21T14:49:07","date_gmt":"2025-03-21T13:49:07","guid":{"rendered":"https:\/\/nord-solution.com\/?page_id=18177"},"modified":"2025-03-21T14:51:53","modified_gmt":"2025-03-21T13:51:53","slug":"ecoil-direct-pl-novy-koncept","status":"publish","type":"page","link":"https:\/\/nord-solution.com\/index.php\/pl\/ecoil-direct-pl-novy-koncept\/","title":{"rendered":"Ecoil Direct PL novy koncept"},"content":{"rendered":"\t\t<div data-elementor-type=\"wp-page\" data-elementor-id=\"18177\" class=\"elementor elementor-18177\" data-elementor-post-type=\"page\">\n\t\t\t\t<div class=\"elementor-element elementor-element-32754548 e-flex e-con-boxed e-con e-parent\" data-id=\"32754548\" data-element_type=\"container\">\n\t\t\t\t\t<div class=\"e-con-inner\">\n\t\t<div class=\"elementor-element elementor-element-53282207 e-con-full e-flex e-con e-child\" data-id=\"53282207\" data-element_type=\"container\">\n\t\t\t\t<div class=\"elementor-element elementor-element-591ff48c elementor-widget elementor-widget-heading\" data-id=\"591ff48c\" data-element_type=\"widget\" data-widget_type=\"heading.default\">\n\t\t\t\t\t<h2 class=\"elementor-heading-title elementor-size-default\">NORD ECoil Direct<\/h2>\t\t\t\t<\/div>\n\t\t\t\t<div class=\"elementor-element elementor-element-77aaa787 elementor-widget elementor-widget-heading\" data-id=\"77aaa787\" data-element_type=\"widget\" data-widget_type=\"heading.default\">\n\t\t\t\t\t<h2 class=\"elementor-heading-title elementor-size-default\">Wydajna elektryczna jednostka grzewcza dla maksymalnego wykorzystania energii<\/h2>\t\t\t\t<\/div>\n\t\t\t\t<div class=\"elementor-element elementor-element-10759309 elementor-widget elementor-widget-heading\" data-id=\"10759309\" data-element_type=\"widget\" data-widget_type=\"heading.default\">\n\t\t\t\t\t<h2 class=\"elementor-heading-title elementor-size-default\">Modele: 1.15 | 1.20 | 3.45 | 3.60 R\/C | 3.90 R\/C<\/h2>\t\t\t\t<\/div>\n\t\t\t\t<div class=\"elementor-element elementor-element-35081b13 elementor-widget elementor-widget-text-editor\" data-id=\"35081b13\" data-element_type=\"widget\" data-widget_type=\"text-editor.default\">\n\t\t\t\t\t\t\t\t\t<p>NORD ECoil Direct efektywnie wykorzystuje nadmiar energii s\u0142onecznej do podgrzewania wody. W po\u0142\u0105czeniu z magazynem ciep\u0142a NORD EcoHeat Storage i mened\u017cerem energii Power Genius maksymalizuje wykorzystanie energii s\u0142onecznej i zwi\u0119ksza samowystarczalno\u015b\u0107. Mo\u017ce r\u00f3wnie\u017c s\u0142u\u017cy\u0107 jako \u017ar\u00f3d\u0142o bivalentne lub awaryjne dla pomp ciep\u0142a, zapewniaj\u0105c niezawodne podgrzewanie wody przy wi\u0119kszym zapotrzebowaniu na energi\u0119 ciepln\u0105.<\/p>\t\t\t\t\t\t\t\t<\/div>\n\t\t\t\t<\/div>\n\t\t<div class=\"elementor-element elementor-element-3fac692d e-con-full e-flex e-con e-child\" data-id=\"3fac692d\" data-element_type=\"container\">\n\t\t\t\t<div class=\"elementor-element elementor-element-1fb9aa7 elementor-widget elementor-widget-image\" data-id=\"1fb9aa7\" data-element_type=\"widget\" data-widget_type=\"image.default\">\n\t\t\t\t\t\t\t\t\t\t\t\t\t\t\t<img fetchpriority=\"high\" decoding=\"async\" width=\"800\" height=\"800\" src=\"https:\/\/nord-solution.com\/wp-content\/uploads\/2025\/03\/ECoil-1024x1024.jpg\" class=\"attachment-large size-large wp-image-17658\" alt=\"\" srcset=\"https:\/\/nord-solution.com\/wp-content\/uploads\/2025\/03\/ECoil-1024x1024.jpg 1024w, https:\/\/nord-solution.com\/wp-content\/uploads\/2025\/03\/ECoil-300x300.jpg 300w, https:\/\/nord-solution.com\/wp-content\/uploads\/2025\/03\/ECoil-100x100.jpg 100w, https:\/\/nord-solution.com\/wp-content\/uploads\/2025\/03\/ECoil-600x600.jpg 600w, https:\/\/nord-solution.com\/wp-content\/uploads\/2025\/03\/ECoil-150x150.jpg 150w, https:\/\/nord-solution.com\/wp-content\/uploads\/2025\/03\/ECoil-768x768.jpg 768w, https:\/\/nord-solution.com\/wp-content\/uploads\/2025\/03\/ECoil-700x700.jpg 700w, https:\/\/nord-solution.com\/wp-content\/uploads\/2025\/03\/ECoil-500x500.jpg 500w, https:\/\/nord-solution.com\/wp-content\/uploads\/2025\/03\/ECoil-800x800.jpg 800w, https:\/\/nord-solution.com\/wp-content\/uploads\/2025\/03\/ECoil.jpg 1500w\" sizes=\"(max-width: 800px) 100vw, 800px\" \/>\t\t\t\t\t\t\t\t\t\t\t\t\t\t\t<\/div>\n\t\t\t\t<\/div>\n\t\t\t\t\t<\/div>\n\t\t\t\t<\/div>\n\t\t\t\t<section class=\"elementor-section elementor-top-section elementor-element elementor-element-7af19b25 elementor-section-boxed elementor-section-height-default elementor-section-height-default\" data-id=\"7af19b25\" data-element_type=\"section\">\n\t\t\t\t\t\t<div class=\"elementor-container elementor-column-gap-default\">\n\t\t\t\t\t<div class=\"elementor-column elementor-col-50 elementor-top-column elementor-element elementor-element-4b03f062\" data-id=\"4b03f062\" data-element_type=\"column\">\n\t\t\t<div class=\"elementor-widget-wrap elementor-element-populated\">\n\t\t\t\t\t\t<div class=\"elementor-element elementor-element-2bf9b0ff elementor-widget elementor-widget-image\" data-id=\"2bf9b0ff\" data-element_type=\"widget\" data-widget_type=\"image.default\">\n\t\t\t\t\t\t\t\t\t\t\t\t\t\t\t<img decoding=\"async\" width=\"150\" height=\"150\" src=\"https:\/\/nord-solution.com\/wp-content\/uploads\/2023\/04\/ikona_effeciency-150x150.png\" class=\"attachment-thumbnail size-thumbnail wp-image-1941\" alt=\"\" srcset=\"https:\/\/nord-solution.com\/wp-content\/uploads\/2023\/04\/ikona_effeciency-150x150.png 150w, https:\/\/nord-solution.com\/wp-content\/uploads\/2023\/04\/ikona_effeciency-300x300.png 300w, https:\/\/nord-solution.com\/wp-content\/uploads\/2023\/04\/ikona_effeciency-100x100.png 100w, https:\/\/nord-solution.com\/wp-content\/uploads\/2023\/04\/ikona_effeciency.png 260w\" sizes=\"(max-width: 150px) 100vw, 150px\" \/>\t\t\t\t\t\t\t\t\t\t\t\t\t\t\t<\/div>\n\t\t\t\t\t<\/div>\n\t\t<\/div>\n\t\t\t\t<div class=\"elementor-column elementor-col-50 elementor-top-column elementor-element elementor-element-539225c2\" data-id=\"539225c2\" data-element_type=\"column\">\n\t\t\t<div class=\"elementor-widget-wrap elementor-element-populated\">\n\t\t\t\t\t\t<div class=\"elementor-element elementor-element-23ea94c0 animated-slow elementor-widget__width-inherit elementor-invisible elementor-widget elementor-widget-heading\" data-id=\"23ea94c0\" data-element_type=\"widget\" data-settings=\"{&quot;_animation&quot;:&quot;fadeInLeft&quot;,&quot;_animation_delay&quot;:800}\" data-widget_type=\"heading.default\">\n\t\t\t\t\t<h6 class=\"elementor-heading-title elementor-size-default\">MAKSYMALNE WYKORZYSTANIE NADWY\u017bEK ENERGII Z PV<\/h6>\t\t\t\t<\/div>\n\t\t\t\t<div class=\"elementor-element elementor-element-6e1c5374 elementor-widget elementor-widget-text-editor\" data-id=\"6e1c5374\" data-element_type=\"widget\" data-widget_type=\"text-editor.default\">\n\t\t\t\t\t\t\t\t\t<p style=\"text-align: center;\">Po\u0142\u0105czenie system\u00f3w NORD EcoHeat Storage, NORD ECoil i NORD Power Genius pozwala maksymalnie wykorzysta\u0107 nadmiar energii s\u0142onecznej.<\/p>\t\t\t\t\t\t\t\t<\/div>\n\t\t\t\t\t<\/div>\n\t\t<\/div>\n\t\t\t\t\t<\/div>\n\t\t<\/section>\n\t\t\t\t<section class=\"elementor-section elementor-top-section elementor-element elementor-element-3ecd5cc7 elementor-section-boxed elementor-section-height-default elementor-section-height-default\" data-id=\"3ecd5cc7\" data-element_type=\"section\">\n\t\t\t\t\t\t<div class=\"elementor-container elementor-column-gap-default\">\n\t\t\t\t\t<div class=\"elementor-column elementor-col-100 elementor-top-column elementor-element elementor-element-18ff8192\" data-id=\"18ff8192\" data-element_type=\"column\">\n\t\t\t<div class=\"elementor-widget-wrap elementor-element-populated\">\n\t\t\t\t\t\t<div class=\"elementor-element elementor-element-29bfaad elementor-widget-divider--view-line elementor-widget elementor-widget-divider\" data-id=\"29bfaad\" data-element_type=\"widget\" data-widget_type=\"divider.default\">\n\t\t\t\t\t\t\t<div class=\"elementor-divider\">\n\t\t\t<span class=\"elementor-divider-separator\">\n\t\t\t\t\t\t<\/span>\n\t\t<\/div>\n\t\t\t\t\t\t<\/div>\n\t\t\t\t\t<\/div>\n\t\t<\/div>\n\t\t\t\t\t<\/div>\n\t\t<\/section>\n\t\t\t\t<section class=\"elementor-section elementor-top-section elementor-element elementor-element-71884ab elementor-section-boxed elementor-section-height-default elementor-section-height-default\" data-id=\"71884ab\" data-element_type=\"section\">\n\t\t\t\t\t\t<div class=\"elementor-container elementor-column-gap-default\">\n\t\t\t\t\t<div class=\"elementor-column elementor-col-50 elementor-top-column elementor-element elementor-element-5632bd3c\" data-id=\"5632bd3c\" data-element_type=\"column\">\n\t\t\t<div class=\"elementor-widget-wrap elementor-element-populated\">\n\t\t\t\t\t\t<div class=\"elementor-element elementor-element-eff40cd animated-slow elementor-widget__width-inherit elementor-invisible elementor-widget elementor-widget-heading\" data-id=\"eff40cd\" data-element_type=\"widget\" data-settings=\"{&quot;_animation&quot;:&quot;fadeInLeft&quot;,&quot;_animation_delay&quot;:500}\" data-widget_type=\"heading.default\">\n\t\t\t\t\t<h6 class=\"elementor-heading-title elementor-size-default\">AWARYJNE \u0179R\u00d3D\u0141O DLA POMPY CIEP\u0141A<\/h6>\t\t\t\t<\/div>\n\t\t\t\t<div class=\"elementor-element elementor-element-3ef52d42 elementor-widget elementor-widget-text-editor\" data-id=\"3ef52d42\" data-element_type=\"widget\" data-widget_type=\"text-editor.default\">\n\t\t\t\t\t\t\t\t\t<p style=\"text-align: center;\">Po\u0142\u0105czenie NORD EcoHeat Storage z NORD ECoil tworzy bivalentne i awaryjne \u017ar\u00f3d\u0142o ciep\u0142a dla Twojej pompy ciep\u0142a.<\/p>\t\t\t\t\t\t\t\t<\/div>\n\t\t\t\t\t<\/div>\n\t\t<\/div>\n\t\t\t\t<div class=\"elementor-column elementor-col-50 elementor-top-column elementor-element elementor-element-7d26a0ef\" data-id=\"7d26a0ef\" data-element_type=\"column\">\n\t\t\t<div class=\"elementor-widget-wrap elementor-element-populated\">\n\t\t\t\t\t\t<div class=\"elementor-element elementor-element-60be2f98 elementor-widget elementor-widget-image\" data-id=\"60be2f98\" data-element_type=\"widget\" data-widget_type=\"image.default\">\n\t\t\t\t\t\t\t\t\t\t\t\t\t\t\t<img decoding=\"async\" width=\"150\" height=\"150\" src=\"https:\/\/nord-solution.com\/wp-content\/uploads\/2023\/04\/ikona_hot_water-150x150.png\" class=\"attachment-thumbnail size-thumbnail wp-image-1989\" alt=\"\" srcset=\"https:\/\/nord-solution.com\/wp-content\/uploads\/2023\/04\/ikona_hot_water-150x150.png 150w, https:\/\/nord-solution.com\/wp-content\/uploads\/2023\/04\/ikona_hot_water-300x300.png 300w, https:\/\/nord-solution.com\/wp-content\/uploads\/2023\/04\/ikona_hot_water-100x100.png 100w, https:\/\/nord-solution.com\/wp-content\/uploads\/2023\/04\/ikona_hot_water.png 260w\" sizes=\"(max-width: 150px) 100vw, 150px\" \/>\t\t\t\t\t\t\t\t\t\t\t\t\t\t\t<\/div>\n\t\t\t\t\t<\/div>\n\t\t<\/div>\n\t\t\t\t\t<\/div>\n\t\t<\/section>\n\t\t\t\t<section class=\"elementor-section elementor-top-section elementor-element elementor-element-171c525a elementor-section-boxed elementor-section-height-default elementor-section-height-default\" data-id=\"171c525a\" data-element_type=\"section\">\n\t\t\t\t\t\t<div class=\"elementor-container elementor-column-gap-default\">\n\t\t\t\t\t<div class=\"elementor-column elementor-col-100 elementor-top-column elementor-element elementor-element-4d07cd50\" data-id=\"4d07cd50\" data-element_type=\"column\">\n\t\t\t<div class=\"elementor-widget-wrap elementor-element-populated\">\n\t\t\t\t\t\t<div class=\"elementor-element elementor-element-64004da4 elementor-widget-divider--view-line elementor-widget elementor-widget-divider\" data-id=\"64004da4\" data-element_type=\"widget\" data-widget_type=\"divider.default\">\n\t\t\t\t\t\t\t<div class=\"elementor-divider\">\n\t\t\t<span class=\"elementor-divider-separator\">\n\t\t\t\t\t\t<\/span>\n\t\t<\/div>\n\t\t\t\t\t\t<\/div>\n\t\t\t\t\t<\/div>\n\t\t<\/div>\n\t\t\t\t\t<\/div>\n\t\t<\/section>\n\t\t<div class=\"elementor-element elementor-element-3dbef4ff e-flex e-con-boxed e-con e-parent\" data-id=\"3dbef4ff\" data-element_type=\"container\">\n\t\t\t\t\t<div class=\"e-con-inner\">\n\t\t\t\t<div class=\"elementor-element elementor-element-6738c339 elementor-skin-carousel elementor-arrows-yes elementor-pagination-type-bullets elementor-pagination-position-outside elementor-widget elementor-widget-media-carousel\" data-id=\"6738c339\" data-element_type=\"widget\" data-settings=\"{&quot;slides_per_view&quot;:&quot;1&quot;,&quot;skin&quot;:&quot;carousel&quot;,&quot;effect&quot;:&quot;slide&quot;,&quot;show_arrows&quot;:&quot;yes&quot;,&quot;pagination&quot;:&quot;bullets&quot;,&quot;speed&quot;:500,&quot;autoplay&quot;:&quot;yes&quot;,&quot;autoplay_speed&quot;:5000,&quot;loop&quot;:&quot;yes&quot;,&quot;pause_on_hover&quot;:&quot;yes&quot;,&quot;pause_on_interaction&quot;:&quot;yes&quot;,&quot;space_between&quot;:{&quot;unit&quot;:&quot;px&quot;,&quot;size&quot;:10,&quot;sizes&quot;:[]},&quot;space_between_tablet&quot;:{&quot;unit&quot;:&quot;px&quot;,&quot;size&quot;:10,&quot;sizes&quot;:[]},&quot;space_between_mobile&quot;:{&quot;unit&quot;:&quot;px&quot;,&quot;size&quot;:10,&quot;sizes&quot;:[]}}\" data-widget_type=\"media-carousel.default\">\n\t\t\t\t\t\t\t\t\t\t<div class=\"elementor-main-swiper swiper\" role=\"region\" aria-roledescription=\"carousel\" aria-label=\"Slajdy\">\n\t\t\t\t<div class=\"swiper-wrapper\">\n\t\t\t\t\t\t\t\t\t\t\t<div class=\"swiper-slide\" role=\"group\" aria-roledescription=\"slide\">\n\t\t\t\t\t\t\t\t\t<div class=\"elementor-carousel-image\" role=\"img\" aria-label=\"martonx007_submerged_hto_blade_electric_heater_to_water_wallpap_40c607b4-58c1-4e09-896e-50ddc20465f3[1]\" style=\"background-image: url(&#039;https:\/\/nord-solution.com\/wp-content\/uploads\/2025\/03\/martonx007_submerged_hto_blade_electric_heater_to_water_wallpap_40c607b4-58c1-4e09-896e-50ddc20465f31.png&#039;)\">\n\n\t\t\t\n\t\t\t\t\t<\/div>\n\t\t\t\t\t\t\t\t<\/div>\n\t\t\t\t\t\t\t\t\t<\/div>\n\t\t\t\t\t\t\t<\/div>\n\t\t\t\t\t\t\t\t<\/div>\n\t\t\t\t\t<\/div>\n\t\t\t\t<\/div>\n\t\t\t\t<section class=\"elementor-section elementor-top-section elementor-element elementor-element-2a4dbd9d elementor-section-boxed elementor-section-height-default elementor-section-height-default\" data-id=\"2a4dbd9d\" data-element_type=\"section\" data-settings=\"{&quot;background_background&quot;:&quot;classic&quot;}\">\n\t\t\t\t\t\t<div class=\"elementor-container elementor-column-gap-no\">\n\t\t\t\t\t<div class=\"elementor-column elementor-col-100 elementor-top-column elementor-element elementor-element-1748f9b3\" data-id=\"1748f9b3\" data-element_type=\"column\">\n\t\t\t<div class=\"elementor-widget-wrap elementor-element-populated\">\n\t\t\t\t\t\t<div class=\"elementor-element elementor-element-2ec09251 animated-slow elementor-invisible elementor-widget elementor-widget-heading\" data-id=\"2ec09251\" data-element_type=\"widget\" data-settings=\"{&quot;_animation&quot;:&quot;fadeIn&quot;}\" data-widget_type=\"heading.default\">\n\t\t\t\t\t<h2 class=\"elementor-heading-title elementor-size-default\">Czy jeste\u015b gotowy na przysz\u0142o\u015b\u0107? Uzyskaj wi\u0119cej informacji ju\u017c teraz!<\/h2>\t\t\t\t<\/div>\n\t\t\t\t<section class=\"elementor-section elementor-inner-section elementor-element elementor-element-5196446f elementor-section-boxed elementor-section-height-default elementor-section-height-default\" data-id=\"5196446f\" data-element_type=\"section\">\n\t\t\t\t\t\t<div class=\"elementor-container elementor-column-gap-default\">\n\t\t\t\t\t<div class=\"elementor-column elementor-col-50 elementor-inner-column elementor-element elementor-element-237f13c1\" data-id=\"237f13c1\" data-element_type=\"column\">\n\t\t\t<div class=\"elementor-widget-wrap elementor-element-populated\">\n\t\t\t\t\t\t<div class=\"elementor-element elementor-element-3f3abbeb elementor-invisible elementor-widget elementor-widget-text-editor\" data-id=\"3f3abbeb\" data-element_type=\"widget\" data-settings=\"{&quot;_animation&quot;:&quot;fadeIn&quot;,&quot;_animation_delay&quot;:200}\" data-widget_type=\"text-editor.default\">\n\t\t\t\t\t\t\t\t\t<p>Odkryj nast\u0119pn\u0105 generacj\u0119 zielonej energii<\/p><p>podgrzewacze wody w Twoim domu.<\/p>\t\t\t\t\t\t\t\t<\/div>\n\t\t\t\t<div class=\"elementor-element elementor-element-2bac5e35 elementor-mobile-align-justify animated-fast elementor-align-center elementor-invisible elementor-widget elementor-widget-button\" data-id=\"2bac5e35\" data-element_type=\"widget\" data-settings=\"{&quot;_animation&quot;:&quot;fadeIn&quot;,&quot;_animation_delay&quot;:400}\" data-widget_type=\"button.default\">\n\t\t\t\t\t\t\t\t\t\t<a class=\"elementor-button elementor-button-link elementor-size-sm elementor-animation-float\" href=\"https:\/\/nord-solution.com\/wp-content\/uploads\/2024\/11\/NORD_Ecoil-Direct-PL.pdf\" target=\"_blank\">\n\t\t\t\t\t\t<span class=\"elementor-button-content-wrapper\">\n\t\t\t\t\t\t\t\t\t<span class=\"elementor-button-text\">Pobierz kart\u0119 techniczn\u0105<\/span>\n\t\t\t\t\t<\/span>\n\t\t\t\t\t<\/a>\n\t\t\t\t\t\t\t\t<\/div>\n\t\t\t\t\t<\/div>\n\t\t<\/div>\n\t\t\t\t<div class=\"elementor-column elementor-col-50 elementor-inner-column elementor-element elementor-element-3cc0f0f\" data-id=\"3cc0f0f\" data-element_type=\"column\">\n\t\t\t<div class=\"elementor-widget-wrap elementor-element-populated\">\n\t\t\t\t\t\t<div class=\"elementor-element elementor-element-55e5b9d4 elementor-invisible elementor-widget elementor-widget-text-editor\" data-id=\"55e5b9d4\" data-element_type=\"widget\" data-settings=\"{&quot;_animation&quot;:&quot;fadeIn&quot;,&quot;_animation_delay&quot;:200}\" data-widget_type=\"text-editor.default\">\n\t\t\t\t\t\t\t\t\t<p>Je\u015bli s\u0105 Pa\u0144stwo zainteresowani niewi\u0105\u017c\u0105cym zapytaniem,<\/p><p>zapraszamy do bezpo\u015bredniego kontaktu z nami.<\/p>\t\t\t\t\t\t\t\t<\/div>\n\t\t\t\t<div class=\"elementor-element elementor-element-25d42fcf elementor-mobile-align-justify animated-fast elementor-align-center elementor-invisible elementor-widget elementor-widget-button\" data-id=\"25d42fcf\" data-element_type=\"widget\" data-settings=\"{&quot;_animation&quot;:&quot;fadeIn&quot;,&quot;_animation_delay&quot;:400}\" data-widget_type=\"button.default\">\n\t\t\t\t\t\t\t\t\t\t<a class=\"elementor-button elementor-button-link elementor-size-sm elementor-animation-float\" href=\"https:\/\/nord-solution.com\/index.php\/pl\/formularz-zapytania\/\" target=\"_blank\">\n\t\t\t\t\t\t<span class=\"elementor-button-content-wrapper\">\n\t\t\t\t\t\t\t\t\t<span class=\"elementor-button-text\">Formularz zapytania<\/span>\n\t\t\t\t\t<\/span>\n\t\t\t\t\t<\/a>\n\t\t\t\t\t\t\t\t<\/div>\n\t\t\t\t\t<\/div>\n\t\t<\/div>\n\t\t\t\t\t<\/div>\n\t\t<\/section>\n\t\t\t\t\t<\/div>\n\t\t<\/div>\n\t\t\t\t\t<\/div>\n\t\t<\/section>\n\t\t\t\t<\/div>\n\t\t","protected":false},"excerpt":{"rendered":"<p>NORD ECoil Direct Wydajna elektryczna jednostka grzewcza dla maksymalnego wykorzystania energii Modele: 1.15 | 1.20 | 3.45 | 3.60 R\/C | 3.90 R\/C NORD ECoil Direct efektywnie wykorzystuje nadmiar energii s\u0142onecznej do podgrzewania wody. W po\u0142\u0105czeniu z magazynem ciep\u0142a NORD EcoHeat Storage i mened\u017cerem energii Power Genius maksymalizuje wykorzystanie energii s\u0142onecznej i zwi\u0119ksza samowystarczalno\u015b\u0107. Mo\u017ce [&hellip;]<\/p>\n","protected":false},"author":1,"featured_media":0,"parent":0,"menu_order":0,"comment_status":"closed","ping_status":"closed","template":"","meta":{"om_disable_all_campaigns":false,"_monsterinsights_skip_tracking":false,"_monsterinsights_sitenote_active":false,"_monsterinsights_sitenote_note":"","_monsterinsights_sitenote_category":0,"footnotes":""},"_links":{"self":[{"href":"https:\/\/nord-solution.com\/index.php\/wp-json\/wp\/v2\/pages\/18177"}],"collection":[{"href":"https:\/\/nord-solution.com\/index.php\/wp-json\/wp\/v2\/pages"}],"about":[{"href":"https:\/\/nord-solution.com\/index.php\/wp-json\/wp\/v2\/types\/page"}],"author":[{"embeddable":true,"href":"https:\/\/nord-solution.com\/index.php\/wp-json\/wp\/v2\/users\/1"}],"replies":[{"embeddable":true,"href":"https:\/\/nord-solution.com\/index.php\/wp-json\/wp\/v2\/comments?post=18177"}],"version-history":[{"count":7,"href":"https:\/\/nord-solution.com\/index.php\/wp-json\/wp\/v2\/pages\/18177\/revisions"}],"predecessor-version":[{"id":18185,"href":"https:\/\/nord-solution.com\/index.php\/wp-json\/wp\/v2\/pages\/18177\/revisions\/18185"}],"wp:attachment":[{"href":"https:\/\/nord-solution.com\/index.php\/wp-json\/wp\/v2\/media?parent=18177"}],"curies":[{"name":"wp","href":"https:\/\/api.w.org\/{rel}","templated":true}]}}