{"id":18024,"date":"2025-03-21T10:26:12","date_gmt":"2025-03-21T09:26:12","guid":{"rendered":"https:\/\/nord-solution.com\/?page_id=18024"},"modified":"2025-03-21T12:46:26","modified_gmt":"2025-03-21T11:46:26","slug":"nord-info-day-pl","status":"publish","type":"page","link":"https:\/\/nord-solution.com\/index.php\/pl\/nord-info-day-pl\/","title":{"rendered":"NORD INFO DAY PL"},"content":{"rendered":"\t\t<div data-elementor-type=\"wp-page\" data-elementor-id=\"18024\" class=\"elementor elementor-18024\" data-elementor-post-type=\"page\">\n\t\t\t\t\t\t<section class=\"elementor-section elementor-top-section elementor-element elementor-element-b9247d elementor-section-boxed elementor-section-height-default elementor-section-height-default\" data-id=\"b9247d\" data-element_type=\"section\" data-settings=\"{&quot;background_background&quot;:&quot;classic&quot;}\">\n\t\t\t\t\t\t<div class=\"elementor-container elementor-column-gap-default\">\n\t\t\t\t\t<div class=\"elementor-column elementor-col-100 elementor-top-column elementor-element elementor-element-11befe34\" data-id=\"11befe34\" data-element_type=\"column\">\n\t\t\t<div class=\"elementor-widget-wrap elementor-element-populated\">\n\t\t\t\t\t\t<section class=\"elementor-section elementor-inner-section elementor-element elementor-element-2310f456 elementor-section-boxed elementor-section-height-default elementor-section-height-default\" data-id=\"2310f456\" data-element_type=\"section\">\n\t\t\t\t\t\t<div class=\"elementor-container elementor-column-gap-default\">\n\t\t\t\t\t<div class=\"elementor-column elementor-col-100 elementor-inner-column elementor-element elementor-element-1496c65f\" data-id=\"1496c65f\" data-element_type=\"column\">\n\t\t\t<div class=\"elementor-widget-wrap elementor-element-populated\">\n\t\t\t\t\t\t<div class=\"elementor-element elementor-element-27f57569 elementor-widget elementor-widget-image\" data-id=\"27f57569\" data-element_type=\"widget\" data-widget_type=\"image.default\">\n\t\t\t\t\t\t\t\t\t\t\t\t\t\t\t<img fetchpriority=\"high\" decoding=\"async\" width=\"2560\" height=\"896\" src=\"https:\/\/nord-solution.com\/wp-content\/uploads\/2025\/03\/Email_banner_skoleniPL_NORD_2025b-scaled.jpg\" class=\"attachment-full size-full wp-image-18048\" alt=\"\" srcset=\"https:\/\/nord-solution.com\/wp-content\/uploads\/2025\/03\/Email_banner_skoleniPL_NORD_2025b-scaled.jpg 2560w, https:\/\/nord-solution.com\/wp-content\/uploads\/2025\/03\/Email_banner_skoleniPL_NORD_2025b-scaled-600x210.jpg 600w, https:\/\/nord-solution.com\/wp-content\/uploads\/2025\/03\/Email_banner_skoleniPL_NORD_2025b-300x105.jpg 300w, https:\/\/nord-solution.com\/wp-content\/uploads\/2025\/03\/Email_banner_skoleniPL_NORD_2025b-1024x358.jpg 1024w, https:\/\/nord-solution.com\/wp-content\/uploads\/2025\/03\/Email_banner_skoleniPL_NORD_2025b-768x269.jpg 768w, https:\/\/nord-solution.com\/wp-content\/uploads\/2025\/03\/Email_banner_skoleniPL_NORD_2025b-1536x538.jpg 1536w, https:\/\/nord-solution.com\/wp-content\/uploads\/2025\/03\/Email_banner_skoleniPL_NORD_2025b-2048x717.jpg 2048w, https:\/\/nord-solution.com\/wp-content\/uploads\/2025\/03\/Email_banner_skoleniPL_NORD_2025b-500x175.jpg 500w\" sizes=\"(max-width: 2560px) 100vw, 2560px\" \/>\t\t\t\t\t\t\t\t\t\t\t\t\t\t\t<\/div>\n\t\t\t\t<div class=\"elementor-element elementor-element-366a123 elementor-widget elementor-widget-text-editor\" data-id=\"366a123\" data-element_type=\"widget\" data-widget_type=\"text-editor.default\">\n\t\t\t\t\t\t\t\t\t<h3 style=\"text-align: center;\"><span style=\"color: #012766;\"><strong>Rejestracja na Przedstawienie NORD HT<\/strong>echnology<\/span><\/h3>\t\t\t\t\t\t\t\t<\/div>\n\t\t\t\t<div class=\"elementor-element elementor-element-4209ab9c elementor-widget elementor-widget-text-editor\" data-id=\"4209ab9c\" data-element_type=\"widget\" data-widget_type=\"text-editor.default\">\n\t\t\t\t\t\t\t\t\t<p style=\"text-align: center;\"><strong>Serdecznie zapraszamy na NORD DAY\u00a0<\/strong><strong>w ramach kt\u00f3rego odb\u0119dzie si\u0119 przedstawienie oraz szkolenie NORD<\/strong><\/p>\t\t\t\t\t\t\t\t<\/div>\n\t\t\t\t\t<\/div>\n\t\t<\/div>\n\t\t\t\t\t<\/div>\n\t\t<\/section>\n\t\t\t\t<section class=\"elementor-section elementor-inner-section elementor-element elementor-element-b09462b elementor-section-boxed elementor-section-height-default elementor-section-height-default\" data-id=\"b09462b\" data-element_type=\"section\">\n\t\t\t\t\t\t<div class=\"elementor-container elementor-column-gap-default\">\n\t\t\t\t\t<div class=\"elementor-column elementor-col-100 elementor-inner-column elementor-element elementor-element-1f33122e\" data-id=\"1f33122e\" data-element_type=\"column\">\n\t\t\t<div class=\"elementor-widget-wrap elementor-element-populated\">\n\t\t\t\t\t\t<div class=\"elementor-element elementor-element-6fc949c8 elementor-widget elementor-widget-text-editor\" data-id=\"6fc949c8\" data-element_type=\"widget\" data-widget_type=\"text-editor.default\">\n\t\t\t\t\t\t\t\t\t<p><strong>Program szkolenia:<\/strong><\/p><ul><li><span class=\"elementor-icon-list-text\">Przedstawienie firmy i rozwi\u0105za\u0144 NORD<\/span><\/li><li><span class=\"elementor-icon-list-text\">Wprowadzenie produkt\u00f3w NORD<\/span><\/li><li><span class=\"elementor-icon-list-text\">Wprowadzenie EcoMode NORD<\/span><\/li><li><span class=\"elementor-icon-list-text\">Przedstawienie EcoCloud firmy NORD dla \u0142atwego monitorowania, parametryzacji i serwisowania urz\u0105dze\u0144<\/span><\/li><li><span class=\"elementor-icon-list-text\">Wprowadzenie modelu sprzeda\u017cy NORD<\/span><\/li><li><span class=\"elementor-icon-list-text\">Serwis, gwarancja i wsparcie NORD<\/span><\/li><li><span class=\"elementor-icon-list-text\">Praktyczna demonstracja wdro\u017cenia rozwi\u0105zania NORD<\/span><\/li><li><span class=\"elementor-icon-list-text\">Zako\u0144czenie pysznym lunchem<\/span><\/li><\/ul><p data-pm-slice=\"1 1 []\"><span style=\"color: #000080;\"><strong>\u00a0<\/strong><\/span><\/p><p data-pm-slice=\"1 1 []\"><strong>Wi\u0119cej informacji:<\/strong><\/p><ul><li><span class=\"elementor-icon-list-text\"><b>Ca\u0142e wydarzenie jest BEZP\u0141ATNE<\/b><\/span><\/li><li><span class=\"elementor-icon-list-text\">Zapewniony pocz\u0119stunek i dobra kawa<\/span><\/li><li><span class=\"elementor-icon-list-text\">W ramach szkolenia uczestnicy maj\u0105 zapewniony obiad<br \/><br \/><\/span><\/li><\/ul><p><strong>Data i miejsce wydarzenia:<\/strong><\/p><p>Wybierz konkretn\u0105 dat\u0119 w formularzu poni\u017cej. Przybli\u017cony czas informacji NORD w godzinach 10:00-16:00<\/p><p><strong>NORD INFO DAY<\/strong> odb\u0119dzie si\u0119 w centrum testowym GBC Solino, U Panel\u00e1rny 551\/10, 779 00 Olomouc 9 (mapa <a href=\"https:\/\/maps.app.goo.gl\/9FC7KZDhgzCwZtYZ7\">tutaj<\/a>).<\/p>\t\t\t\t\t\t\t\t<\/div>\n\t\t\t\t<div class=\"elementor-element elementor-element-52c5c41b elementor-widget elementor-widget-html\" data-id=\"52c5c41b\" data-element_type=\"widget\" data-widget_type=\"html.default\">\n\t\t\t\t\t<iframe src=\"https:\/\/www.google.com\/maps\/embed?pb=!1m14!1m8!1m3!1d973.0193491848202!2d17.2887093!3d49.6026523!3m2!1i1024!2i768!4f13.1!3m3!1m2!1s0x47124e9e2695eb35%3A0x654f054f16884441!2sGBC%20Solino%20s.r.o.%20-%20Olomouc%20-%20Odborn%C3%BD%20velkoobchod%20fotovoltaick%C3%BDch%20produkt%C5%AF!5e1!3m2!1scs!2scz!4v1736340247851!5m2!1scs!2scz\" width=\"600\" height=\"450\" style=\"border:0;\" allowfullscreen=\"\" loading=\"lazy\" referrerpolicy=\"no-referrer-when-downgrade\"><\/iframe>\t\t\t\t<\/div>\n\t\t\t\t\t<\/div>\n\t\t<\/div>\n\t\t\t\t\t<\/div>\n\t\t<\/section>\n\t\t\t\t<section class=\"elementor-section elementor-inner-section elementor-element elementor-element-1aaf8d2a elementor-section-boxed elementor-section-height-default elementor-section-height-default\" data-id=\"1aaf8d2a\" data-element_type=\"section\">\n\t\t\t\t\t\t<div class=\"elementor-container elementor-column-gap-default\">\n\t\t\t\t\t<div class=\"elementor-column elementor-col-100 elementor-inner-column elementor-element elementor-element-6264a34a\" data-id=\"6264a34a\" data-element_type=\"column\">\n\t\t\t<div class=\"elementor-widget-wrap elementor-element-populated\">\n\t\t\t\t\t\t<div class=\"elementor-element elementor-element-566e4b51 elementor-button-align-center elementor-widget__width-inherit elementor-widget elementor-widget-form\" data-id=\"566e4b51\" data-element_type=\"widget\" data-settings=\"{&quot;step_next_label&quot;:&quot;Next&quot;,&quot;step_previous_label&quot;:&quot;Previous&quot;,&quot;step_type&quot;:&quot;none&quot;,&quot;step_icon_shape&quot;:&quot;none&quot;,&quot;button_width&quot;:&quot;100&quot;}\" data-widget_type=\"form.default\">\n\t\t\t\t\t\t\t<form class=\"elementor-form\" method=\"post\" name=\"Dotaz\" aria-label=\"Dotaz\">\n\t\t\t<input type=\"hidden\" name=\"post_id\" value=\"18024\"\/>\n\t\t\t<input type=\"hidden\" name=\"form_id\" value=\"566e4b51\"\/>\n\t\t\t<input type=\"hidden\" name=\"referer_title\" value=\"NORD INFO DAY PL\" \/>\n\n\t\t\t\t\t\t\t<input type=\"hidden\" name=\"queried_id\" value=\"18024\"\/>\n\t\t\t\n\t\t\t<div class=\"elementor-form-fields-wrapper elementor-labels-above\">\n\t\t\t\t\t\t\t\t<div class=\"elementor-field-type-text elementor-field-group elementor-column elementor-field-group-name elementor-col-50 elementor-field-required elementor-mark-required\">\n\t\t\t\t\t\t\t\t\t\t\t\t<label for=\"form-field-name\" class=\"elementor-field-label\">\n\t\t\t\t\t\t\t\tImi\u0119 i nazwisko uczestnika (1 osoba = 1 rejestracja) \t\t\t\t\t\t\t<\/label>\n\t\t\t\t\t\t\t\t\t\t\t\t\t\t<input size=\"1\" type=\"text\" name=\"form_fields[name]\" id=\"form-field-name\" class=\"elementor-field elementor-size-xs  elementor-field-textual\" required=\"required\">\n\t\t\t\t\t\t\t\t\t\t\t<\/div>\n\t\t\t\t\t\t\t\t<div class=\"elementor-field-type-email elementor-field-group elementor-column elementor-field-group-email elementor-col-50 elementor-field-required elementor-mark-required\">\n\t\t\t\t\t\t\t\t\t\t\t\t<label for=\"form-field-email\" class=\"elementor-field-label\">\n\t\t\t\t\t\t\t\tE-mail\t\t\t\t\t\t\t<\/label>\n\t\t\t\t\t\t\t\t\t\t\t\t\t\t<input size=\"1\" type=\"email\" name=\"form_fields[email]\" id=\"form-field-email\" class=\"elementor-field elementor-size-xs  elementor-field-textual\" required=\"required\">\n\t\t\t\t\t\t\t\t\t\t\t<\/div>\n\t\t\t\t\t\t\t\t<div class=\"elementor-field-type-text elementor-field-group elementor-column elementor-field-group-field_d8c3a93 elementor-col-50 elementor-field-required elementor-mark-required\">\n\t\t\t\t\t\t\t\t\t\t\t\t<label for=\"form-field-field_d8c3a93\" class=\"elementor-field-label\">\n\t\t\t\t\t\t\t\tFirma\t\t\t\t\t\t\t<\/label>\n\t\t\t\t\t\t\t\t\t\t\t\t\t\t<input size=\"1\" type=\"text\" name=\"form_fields[field_d8c3a93]\" id=\"form-field-field_d8c3a93\" class=\"elementor-field elementor-size-xs  elementor-field-textual\" required=\"required\">\n\t\t\t\t\t\t\t\t\t\t\t<\/div>\n\t\t\t\t\t\t\t\t<div class=\"elementor-field-type-tel elementor-field-group elementor-column elementor-field-group-tel elementor-col-50 elementor-field-required elementor-mark-required\">\n\t\t\t\t\t\t\t\t\t\t\t\t<label for=\"form-field-tel\" class=\"elementor-field-label\">\n\t\t\t\t\t\t\t\tTelefon\t\t\t\t\t\t\t<\/label>\n\t\t\t\t\t\t\t\t<input size=\"1\" type=\"tel\" name=\"form_fields[tel]\" id=\"form-field-tel\" class=\"elementor-field elementor-size-xs  elementor-field-textual\" required=\"required\" pattern=\"[0-9()#&amp;+*-=.]+\" title=\"Akceptowane s\u0105 jedynie cyfry i znaki telefoniczne (#,-,*).\">\n\n\t\t\t\t\t\t<\/div>\n\t\t\t\t\t\t\t\t<div class=\"elementor-field-type-text elementor-field-group elementor-column elementor-field-group-field_c423850 elementor-col-50 elementor-field-required elementor-mark-required\">\n\t\t\t\t\t\t\t\t\t\t\t\t<label for=\"form-field-field_c423850\" class=\"elementor-field-label\">\n\t\t\t\t\t\t\t\tVAT \t\t\t\t\t\t\t<\/label>\n\t\t\t\t\t\t\t\t\t\t\t\t\t\t<input size=\"1\" type=\"text\" name=\"form_fields[field_c423850]\" id=\"form-field-field_c423850\" class=\"elementor-field elementor-size-xs  elementor-field-textual\" required=\"required\">\n\t\t\t\t\t\t\t\t\t\t\t<\/div>\n\t\t\t\t\t\t\t\t<div class=\"elementor-field-type-select elementor-field-group elementor-column elementor-field-group-field_cdf38a8 elementor-col-50 elementor-field-required elementor-mark-required\">\n\t\t\t\t\t\t\t\t\t\t\t\t<label for=\"form-field-field_cdf38a8\" class=\"elementor-field-label\">\n\t\t\t\t\t\t\t\tTermin\t\t\t\t\t\t\t<\/label>\n\t\t\t\t\t\t\t\t<div class=\"elementor-field elementor-select-wrapper remove-before \">\n\t\t\t<div class=\"select-caret-down-wrapper\">\n\t\t\t\t<svg aria-hidden=\"true\" class=\"e-font-icon-svg e-eicon-caret-down\" viewBox=\"0 0 571.4 571.4\" xmlns=\"http:\/\/www.w3.org\/2000\/svg\"><path d=\"M571 393Q571 407 561 418L311 668Q300 679 286 679T261 668L11 418Q0 407 0 393T11 368 36 357H536Q550 357 561 368T571 393Z\"><\/path><\/svg>\t\t\t<\/div>\n\t\t\t<select name=\"form_fields[field_cdf38a8]\" id=\"form-field-field_cdf38a8\" class=\"elementor-field-textual elementor-size-xs\" required=\"required\">\n\t\t\t\t\t\t\t\t\t<option value=\"15.05.2025\">15.05.2025<\/option>\n\t\t\t\t\t\t\t\t\t<option value=\"05.06. 2025\">05.06. 2025<\/option>\n\t\t\t\t\t\t\t<\/select>\n\t\t<\/div>\n\t\t\t\t\t\t<\/div>\n\t\t\t\t\t\t\t\t<div class=\"elementor-field-type-checkbox elementor-field-group elementor-column elementor-field-group-field_af6a918 elementor-col-100\">\n\t\t\t\t\t<div class=\"elementor-field-subgroup  \"><span class=\"elementor-field-option\"><input type=\"checkbox\" value=\"Potwierdzam sw\u00f3j udzia\u0142 w powy\u017cszym szkoleniu\" id=\"form-field-field_af6a918-0\" name=\"form_fields[field_af6a918]\"> <label for=\"form-field-field_af6a918-0\">Potwierdzam sw\u00f3j udzia\u0142 w powy\u017cszym szkoleniu<\/label><\/span><\/div>\t\t\t\t<\/div>\n\t\t\t\t\t\t\t\t<div class=\"elementor-field-type-recaptcha elementor-field-group elementor-column elementor-field-group-field_cfb253d elementor-col-100\">\n\t\t\t\t\t<div class=\"elementor-field\" id=\"form-field-field_cfb253d\"><div class=\"elementor-g-recaptcha\" data-sitekey=\"6LeVepcqAAAAAJg748rrIZVh4MF6Zb_MxHgJUGrC\" data-type=\"v2_checkbox\" data-theme=\"light\" data-size=\"normal\"><\/div><\/div>\t\t\t\t<\/div>\n\t\t\t\t\t\t\t\t<div class=\"elementor-field-group elementor-column elementor-field-type-submit elementor-col-100 e-form__buttons\">\n\t\t\t\t\t<button class=\"elementor-button elementor-size-sm elementor-animation-grow\" type=\"submit\">\n\t\t\t\t\t\t<span class=\"elementor-button-content-wrapper\">\n\t\t\t\t\t\t\t\t\t\t\t\t\t\t\t\t\t\t\t\t\t\t<span class=\"elementor-button-text\">Zarejestruj si\u0119<\/span>\n\t\t\t\t\t\t\t\t\t\t\t\t\t<\/span>\n\t\t\t\t\t<\/button>\n\t\t\t\t<\/div>\n\t\t\t<\/div>\n\t\t<\/form>\n\t\t\t\t\t\t<\/div>\n\t\t\t\t\t<\/div>\n\t\t<\/div>\n\t\t\t\t\t<\/div>\n\t\t<\/section>\n\t\t\t\t\t<\/div>\n\t\t<\/div>\n\t\t\t\t\t<\/div>\n\t\t<\/section>\n\t\t\t\t<section class=\"elementor-section elementor-top-section elementor-element elementor-element-5ab6cd4b elementor-section-boxed elementor-section-height-default elementor-section-height-default\" data-id=\"5ab6cd4b\" data-element_type=\"section\">\n\t\t\t\t\t\t<div class=\"elementor-container elementor-column-gap-default\">\n\t\t\t\t\t<div class=\"elementor-column elementor-col-100 elementor-top-column elementor-element elementor-element-2eac44b6\" data-id=\"2eac44b6\" data-element_type=\"column\">\n\t\t\t<div class=\"elementor-widget-wrap elementor-element-populated\">\n\t\t\t\t\t\t<div class=\"elementor-element elementor-element-2227dfe8 elementor-widget elementor-widget-spacer\" data-id=\"2227dfe8\" data-element_type=\"widget\" data-widget_type=\"spacer.default\">\n\t\t\t\t\t\t\t<div class=\"elementor-spacer\">\n\t\t\t<div class=\"elementor-spacer-inner\"><\/div>\n\t\t<\/div>\n\t\t\t\t\t\t<\/div>\n\t\t\t\t\t<\/div>\n\t\t<\/div>\n\t\t\t\t\t<\/div>\n\t\t<\/section>\n\t\t\t\t<\/div>\n\t\t","protected":false},"excerpt":{"rendered":"<p>Rejestracja na Przedstawienie NORD HTechnology Serdecznie zapraszamy na NORD DAY\u00a0w ramach kt\u00f3rego odb\u0119dzie si\u0119 przedstawienie oraz szkolenie NORD Program szkolenia: Przedstawienie firmy i rozwi\u0105za\u0144 NORD Wprowadzenie produkt\u00f3w NORD Wprowadzenie EcoMode NORD Przedstawienie EcoCloud firmy NORD dla \u0142atwego monitorowania, parametryzacji i serwisowania urz\u0105dze\u0144 Wprowadzenie modelu sprzeda\u017cy NORD Serwis, gwarancja i wsparcie NORD Praktyczna demonstracja wdro\u017cenia rozwi\u0105zania [&hellip;]<\/p>\n","protected":false},"author":1,"featured_media":0,"parent":0,"menu_order":0,"comment_status":"closed","ping_status":"closed","template":"","meta":{"om_disable_all_campaigns":false,"_monsterinsights_skip_tracking":false,"_monsterinsights_sitenote_active":false,"_monsterinsights_sitenote_note":"","_monsterinsights_sitenote_category":0,"footnotes":""},"_links":{"self":[{"href":"https:\/\/nord-solution.com\/index.php\/wp-json\/wp\/v2\/pages\/18024"}],"collection":[{"href":"https:\/\/nord-solution.com\/index.php\/wp-json\/wp\/v2\/pages"}],"about":[{"href":"https:\/\/nord-solution.com\/index.php\/wp-json\/wp\/v2\/types\/page"}],"author":[{"embeddable":true,"href":"https:\/\/nord-solution.com\/index.php\/wp-json\/wp\/v2\/users\/1"}],"replies":[{"embeddable":true,"href":"https:\/\/nord-solution.com\/index.php\/wp-json\/wp\/v2\/comments?post=18024"}],"version-history":[{"count":10,"href":"https:\/\/nord-solution.com\/index.php\/wp-json\/wp\/v2\/pages\/18024\/revisions"}],"predecessor-version":[{"id":18051,"href":"https:\/\/nord-solution.com\/index.php\/wp-json\/wp\/v2\/pages\/18024\/revisions\/18051"}],"wp:attachment":[{"href":"https:\/\/nord-solution.com\/index.php\/wp-json\/wp\/v2\/media?parent=18024"}],"curies":[{"name":"wp","href":"https:\/\/api.w.org\/{rel}","templated":true}]}}