{"id":16507,"date":"2025-02-26T16:04:45","date_gmt":"2025-02-26T15:04:45","guid":{"rendered":"https:\/\/nord-solution.com\/?page_id=16507"},"modified":"2026-01-12T14:49:08","modified_gmt":"2026-01-12T13:49:08","slug":"poptavkovy-formular-ua","status":"publish","type":"page","link":"https:\/\/nord-solution.com\/index.php\/ua\/poptavkovy-formular-ua\/","title":{"rendered":"\u0444\u043e\u0440\u043c\u0430 \u0437\u0430\u043f\u0438\u0442\u0443"},"content":{"rendered":"\t\t<div data-elementor-type=\"wp-page\" data-elementor-id=\"16507\" class=\"elementor elementor-16507\" data-elementor-post-type=\"page\">\n\t\t\t\t\t\t<section class=\"elementor-section elementor-inner-section elementor-element elementor-element-b42e39f elementor-section-content-middle elementor-section-boxed elementor-section-height-default elementor-section-height-default\" data-id=\"b42e39f\" data-element_type=\"section\">\n\t\t\t\t\t\t<div class=\"elementor-container elementor-column-gap-no\">\n\t\t\t\t\t<div class=\"elementor-column elementor-col-100 elementor-inner-column elementor-element elementor-element-757459d1\" data-id=\"757459d1\" data-element_type=\"column\">\n\t\t\t<div class=\"elementor-widget-wrap elementor-element-populated\">\n\t\t\t\t\t\t<div class=\"elementor-element elementor-element-6b35a3b6 elementor-widget elementor-widget-image\" data-id=\"6b35a3b6\" data-element_type=\"widget\" data-widget_type=\"image.default\">\n\t\t\t\t\t\t\t\t\t\t\t\t\t\t\t\t<a href=\"#formular\">\n\t\t\t\t\t\t\t<img fetchpriority=\"high\" decoding=\"async\" width=\"1240\" height=\"620\" src=\"https:\/\/nord-solution.com\/wp-content\/uploads\/2026\/01\/NORD-POPTAVKOVY-FORMULAR-UA.jpg\" class=\"attachment-full size-full wp-image-29682\" alt=\"\" srcset=\"https:\/\/nord-solution.com\/wp-content\/uploads\/2026\/01\/NORD-POPTAVKOVY-FORMULAR-UA.jpg 1240w, https:\/\/nord-solution.com\/wp-content\/uploads\/2026\/01\/NORD-POPTAVKOVY-FORMULAR-UA-300x150.jpg 300w, https:\/\/nord-solution.com\/wp-content\/uploads\/2026\/01\/NORD-POPTAVKOVY-FORMULAR-UA-1024x512.jpg 1024w, https:\/\/nord-solution.com\/wp-content\/uploads\/2026\/01\/NORD-POPTAVKOVY-FORMULAR-UA-768x384.jpg 768w, https:\/\/nord-solution.com\/wp-content\/uploads\/2026\/01\/NORD-POPTAVKOVY-FORMULAR-UA-600x300.jpg 600w\" sizes=\"(max-width: 1240px) 100vw, 1240px\" \/>\t\t\t\t\t\t\t\t<\/a>\n\t\t\t\t\t\t\t\t\t\t\t\t\t\t\t<\/div>\n\t\t\t\t<div class=\"elementor-element elementor-element-69ebc9c9 elementor-widget elementor-widget-text-editor\" data-id=\"69ebc9c9\" data-element_type=\"widget\" id=\"formular\" data-widget_type=\"text-editor.default\">\n\t\t\t\t\t\t\t\t\t<p data-start=\"53\" data-end=\"171\"><strong>\u0412\u0456\u0434\u043a\u0440\u0438\u0439\u0442\u0435 \u0443\u043d\u0456\u043a\u0430\u043b\u044c\u043d\u0443 \u0441\u0438\u0441\u0442\u0435\u043c\u0443 NORD HT, \u044f\u043a\u0430 \u0434\u043e\u043f\u043e\u043c\u043e\u0436\u0435 \u0432\u0430\u043c \u043c\u0430\u043a\u0441\u0438\u043c\u0456\u0437\u0443\u0432\u0430\u0442\u0438 \u0437\u0430\u043e\u0449\u0430\u0434\u0436\u0435\u043d\u043d\u044f \u0442\u0430 \u043f\u0456\u0434\u0432\u0438\u0449\u0438\u0442\u0438 \u0435\u0444\u0435\u043a\u0442\u0438\u0432\u043d\u0456\u0441\u0442\u044c \u0432\u0430\u0448\u043e\u0433\u043e \u0434\u043e\u043c\u0443.<\/strong><\/p><p data-start=\"173\" data-end=\"295\">\u041f\u043e\u0434\u0456\u043b\u0456\u0442\u044c\u0441\u044f \u0437 \u043d\u0430\u043c\u0438 \u0441\u0432\u043e\u0457\u043c\u0438 \u043f\u043b\u0430\u043d\u0430\u043c\u0438 \u0442\u0430 \u043f\u043e\u0442\u0440\u0435\u0431\u0430\u043c\u0438, \u0456 \u043c\u0438 \u043f\u0456\u0434\u0433\u043e\u0442\u0443\u0454\u043c\u043e \u0456\u043d\u0434\u0438\u0432\u0456\u0434\u0443\u0430\u043b\u044c\u043d\u0435 \u0440\u0456\u0448\u0435\u043d\u043d\u044f, \u044f\u043a\u0435 \u0432\u0456\u0434\u043f\u043e\u0432\u0456\u0434\u0430\u0442\u0438\u043c\u0435 \u0432\u0430\u0448\u0438\u043c \u043e\u0447\u0456\u043a\u0443\u0432\u0430\u043d\u043d\u044f\u043c.<\/p><p data-start=\"297\" data-end=\"466\" data-is-last-node=\"\" data-is-only-node=\"\">\u041c\u0438 \u043f\u0435\u0440\u0435\u0434\u0430\u043c\u043e \u0432\u0430\u0448\u0456 \u043a\u043e\u043d\u0442\u0430\u043a\u0442\u043d\u0456 \u0434\u0430\u043d\u0456 \u043d\u0430\u0448\u043e\u043c\u0443 \u043d\u0430\u0439\u0431\u043b\u0438\u0436\u0447\u043e\u043c\u0443 \u0435\u043a\u0441\u043f\u0435\u0440\u0442\u043d\u043e\u043c\u0443 \u043f\u0430\u0440\u0442\u043d\u0435\u0440\u0443 <strong>NORD HT<\/strong>, \u044f\u043a\u0438\u0439 \u043d\u0430\u0434\u0430\u0441\u0442\u044c \u043f\u0440\u043e\u0444\u0435\u0441\u0456\u0439\u043d\u0443 \u043a\u043e\u043d\u0441\u0443\u043b\u044c\u0442\u0430\u0446\u0456\u044e \u0442\u0430 \u0437\u0430\u0431\u0435\u0437\u043f\u0435\u0447\u0438\u0442\u044c \u0440\u0435\u0430\u043b\u0456\u0437\u0430\u0446\u0456\u044e \u043f\u0440\u043e\u0435\u043a\u0442\u0443 \u0443 \u0432\u0430\u0448\u043e\u043c\u0443 \u0440\u0435\u0433\u0456\u043e\u043d\u0456.<\/p>\t\t\t\t\t\t\t\t<\/div>\n\t\t\t\t\t<\/div>\n\t\t<\/div>\n\t\t\t\t\t<\/div>\n\t\t<\/section>\n\t\t<div class=\"elementor-element elementor-element-72a1c754 e-flex e-con-boxed e-con e-parent\" data-id=\"72a1c754\" data-element_type=\"container\">\n\t\t\t\t\t<div class=\"e-con-inner\">\n\t\t\t\t<div class=\"elementor-element elementor-element-6225e88e elementor-button-align-center elementor-widget elementor-widget-form\" data-id=\"6225e88e\" data-element_type=\"widget\" data-settings=\"{&quot;step_next_label&quot;:&quot;Next&quot;,&quot;step_previous_label&quot;:&quot;Previous&quot;,&quot;button_width&quot;:&quot;100&quot;,&quot;step_type&quot;:&quot;number_text&quot;,&quot;step_icon_shape&quot;:&quot;circle&quot;}\" data-widget_type=\"form.default\">\n\t\t\t\t\t\t\t<form class=\"elementor-form\" method=\"post\" name=\"New Form\" aria-label=\"New Form\">\n\t\t\t<input type=\"hidden\" name=\"post_id\" value=\"16507\"\/>\n\t\t\t<input type=\"hidden\" name=\"form_id\" value=\"6225e88e\"\/>\n\t\t\t<input type=\"hidden\" name=\"referer_title\" value=\"\" \/>\n\n\t\t\t\n\t\t\t<div class=\"elementor-form-fields-wrapper elementor-labels-\">\n\t\t\t\t\t\t\t\t<div class=\"elementor-field-type-html elementor-field-group elementor-column elementor-field-group-field_02e6a77 elementor-col-100\">\n\t\t\t\t\t\u0422\u0438\u043f \u0456 \u0445\u0430\u0440\u0430\u043a\u0442\u0435\u0440 \u0431\u0443\u0434\u0456\u0432\u043b\u0456:\t\t\t\t<\/div>\n\t\t\t\t\t\t\t\t<div class=\"elementor-field-type-select elementor-field-group elementor-column elementor-field-group-field_300b326 elementor-col-50\">\n\t\t\t\t\t\t\t\t\t\t\t\t<label for=\"form-field-field_300b326\" class=\"elementor-field-label elementor-screen-only\">\n\t\t\t\t\t\t\t\tBuilding type:\t\t\t\t\t\t\t<\/label>\n\t\t\t\t\t\t\t\t<div class=\"elementor-field elementor-select-wrapper remove-before \">\n\t\t\t<div class=\"select-caret-down-wrapper\">\n\t\t\t\t<svg aria-hidden=\"true\" class=\"e-font-icon-svg e-eicon-caret-down\" viewBox=\"0 0 571.4 571.4\" xmlns=\"http:\/\/www.w3.org\/2000\/svg\"><path d=\"M571 393Q571 407 561 418L311 668Q300 679 286 679T261 668L11 418Q0 407 0 393T11 368 36 357H536Q550 357 561 368T571 393Z\"><\/path><\/svg>\t\t\t<\/div>\n\t\t\t<select name=\"form_fields[field_300b326]\" id=\"form-field-field_300b326\" class=\"elementor-field-textual elementor-size-xs\">\n\t\t\t\t\t\t\t\t\t<option value=\"\u041e\u0434\u043d\u043e\u0441\u0456\u043c\u0435\u0439\u043d\u0438\u0439 \u0431\u0443\u0434\u0438\u043d\u043e\u043a\">\u041e\u0434\u043d\u043e\u0441\u0456\u043c\u0435\u0439\u043d\u0438\u0439 \u0431\u0443\u0434\u0438\u043d\u043e\u043a<\/option>\n\t\t\t\t\t\t\t\t\t<option value=\"\u041a\u0432\u0430\u0440\u0442\u0438\u0440\u0430\">\u041a\u0432\u0430\u0440\u0442\u0438\u0440\u0430<\/option>\n\t\t\t\t\t\t\t\t\t<option value=\"\u0411\u0430\u0433\u0430\u0442\u043e\u043a\u0432\u0430\u0440\u0442\u0438\u0440\u043d\u0438\u0439 \u0431\u0443\u0434\u0438\u043d\u043e\u043a\">\u0411\u0430\u0433\u0430\u0442\u043e\u043a\u0432\u0430\u0440\u0442\u0438\u0440\u043d\u0438\u0439 \u0431\u0443\u0434\u0438\u043d\u043e\u043a<\/option>\n\t\t\t\t\t\t\t<\/select>\n\t\t<\/div>\n\t\t\t\t\t\t<\/div>\n\t\t\t\t\t\t\t\t<div class=\"elementor-field-type-select elementor-field-group elementor-column elementor-field-group-field_c74b891 elementor-col-50\">\n\t\t\t\t\t\t\t\t\t\t\t\t<label for=\"form-field-field_c74b891\" class=\"elementor-field-label elementor-screen-only\">\n\t\t\t\t\t\t\t\tBuilding character:\t\t\t\t\t\t\t<\/label>\n\t\t\t\t\t\t\t\t<div class=\"elementor-field elementor-select-wrapper remove-before \">\n\t\t\t<div class=\"select-caret-down-wrapper\">\n\t\t\t\t<svg aria-hidden=\"true\" class=\"e-font-icon-svg e-eicon-caret-down\" viewBox=\"0 0 571.4 571.4\" xmlns=\"http:\/\/www.w3.org\/2000\/svg\"><path d=\"M571 393Q571 407 561 418L311 668Q300 679 286 679T261 668L11 418Q0 407 0 393T11 368 36 357H536Q550 357 561 368T571 393Z\"><\/path><\/svg>\t\t\t<\/div>\n\t\t\t<select name=\"form_fields[field_c74b891]\" id=\"form-field-field_c74b891\" class=\"elementor-field-textual elementor-size-xs\">\n\t\t\t\t\t\t\t\t\t<option value=\"\u041d\u043e\u0432\u0435 \u0431\u0443\u0434\u0456\u0432\u043d\u0438\u0446\u0442\u0432\u043e\">\u041d\u043e\u0432\u0435 \u0431\u0443\u0434\u0456\u0432\u043d\u0438\u0446\u0442\u0432\u043e<\/option>\n\t\t\t\t\t\t\t\t\t<option value=\"\u0420\u0435\u043c\u043e\u043d\u0442\">\u0420\u0435\u043c\u043e\u043d\u0442<\/option>\n\t\t\t\t\t\t\t<\/select>\n\t\t<\/div>\n\t\t\t\t\t\t<\/div>\n\t\t\t\t\t\t\t\t<div class=\"elementor-field-type-html elementor-field-group elementor-column elementor-field-group-field_a44e062 elementor-col-100\">\n\t\t\t\t\t\u0414\u043e\u0434\u0430\u0442\u043a\u043e\u0432\u0430 \u0456\u043d\u0444\u043e\u0440\u043c\u0430\u0446\u0456\u044f (\u043d\u0435\u043e\u0431\u043e\u0432'\u044f\u0437\u043a\u043e\u0432\u043e):\t\t\t\t<\/div>\n\t\t\t\t\t\t\t\t<div class=\"elementor-field-type-text elementor-field-group elementor-column elementor-field-group-name elementor-col-50\">\n\t\t\t\t\t\t\t\t\t\t\t\t<label for=\"form-field-name\" class=\"elementor-field-label elementor-screen-only\">\n\t\t\t\t\t\t\t\t\u041f\u043b\u043e\u0449\u0430 \u043e\u0431'\u0454\u043a\u0442\u0430 [\u043c\u00b2]\t\t\t\t\t\t\t<\/label>\n\t\t\t\t\t\t\t\t\t\t\t\t\t\t<input size=\"1\" type=\"text\" name=\"form_fields[name]\" id=\"form-field-name\" class=\"elementor-field elementor-size-xs  elementor-field-textual\" placeholder=\"\u041e\u043f\u0430\u043b\u044e\u0432\u0430\u043d\u0430 \u043f\u043b\u043e\u0449\u0430 \u0431\u0443\u0434\u0456\u0432\u043b\u0456 [\u043c\u00b2]\">\n\t\t\t\t\t\t\t\t\t\t\t<\/div>\n\t\t\t\t\t\t\t\t<div class=\"elementor-field-type-text elementor-field-group elementor-column elementor-field-group-field_4cbd34f elementor-col-50\">\n\t\t\t\t\t\t\t\t\t\t\t\t<label for=\"form-field-field_4cbd34f\" class=\"elementor-field-label elementor-screen-only\">\n\t\t\t\t\t\t\t\tPo\u010det m\u00edstnostn\u00ed v dom\u011b\t\t\t\t\t\t\t<\/label>\n\t\t\t\t\t\t\t\t\t\t\t\t\t\t<input size=\"1\" type=\"text\" name=\"form_fields[field_4cbd34f]\" id=\"form-field-field_4cbd34f\" class=\"elementor-field elementor-size-xs  elementor-field-textual\" placeholder=\"\u041a\u0456\u043b\u044c\u043a\u0456\u0441\u0442\u044c \u043a\u0456\u043c\u043d\u0430\u0442 \u0432 \u0431\u0443\u0434\u0438\u043d\u043a\u0443\">\n\t\t\t\t\t\t\t\t\t\t\t<\/div>\n\t\t\t\t\t\t\t\t<div class=\"elementor-field-type-text elementor-field-group elementor-column elementor-field-group-field_a56775b elementor-col-50\">\n\t\t\t\t\t\t\t\t\t\t\t\t<label for=\"form-field-field_a56775b\" class=\"elementor-field-label elementor-screen-only\">\n\t\t\t\t\t\t\t\tPo\u010det podla\u017e\u00ed\t\t\t\t\t\t\t<\/label>\n\t\t\t\t\t\t\t\t\t\t\t\t\t\t<input size=\"1\" type=\"text\" name=\"form_fields[field_a56775b]\" id=\"form-field-field_a56775b\" class=\"elementor-field elementor-size-xs  elementor-field-textual\" placeholder=\"\u041a\u0456\u043b\u044c\u043a\u0456\u0441\u0442\u044c \u043f\u043e\u0432\u0435\u0440\u0445\u0456\u0432\">\n\t\t\t\t\t\t\t\t\t\t\t<\/div>\n\t\t\t\t\t\t\t\t<div class=\"elementor-field-type-text elementor-field-group elementor-column elementor-field-group-field_902e49d elementor-col-50\">\n\t\t\t\t\t\t\t\t\t\t\t\t<label for=\"form-field-field_902e49d\" class=\"elementor-field-label elementor-screen-only\">\n\t\t\t\t\t\t\t\tPro bytov\u00e9 domy - po\u010det byt\u016f (nepovinn\u00fd \u00fadaj)\t\t\t\t\t\t\t<\/label>\n\t\t\t\t\t\t\t\t\t\t\t\t\t\t<input size=\"1\" type=\"text\" name=\"form_fields[field_902e49d]\" id=\"form-field-field_902e49d\" class=\"elementor-field elementor-size-xs  elementor-field-textual\" placeholder=\"\u0414\u043b\u044f \u0431\u0430\u0433\u0430\u0442\u043e\u043a\u0432\u0430\u0440\u0442\u0438\u0440\u043d\u0438\u0445 \u0431\u0443\u0434\u0438\u043d\u043a\u0456\u0432 - \u043a\u0456\u043b\u044c\u043a\u0456\u0441\u0442\u044c \u043a\u0432\u0430\u0440\u0442\u0438\u0440\">\n\t\t\t\t\t\t\t\t\t\t\t<\/div>\n\t\t\t\t\t\t\t\t<div class=\"elementor-field-type-text elementor-field-group elementor-column elementor-field-group-field_a0459ef elementor-col-100\">\n\t\t\t\t\t\t\t\t\t\t\t\t<label for=\"form-field-field_a0459ef\" class=\"elementor-field-label elementor-screen-only\">\n\t\t\t\t\t\t\t\tPro rekonstrukce - typ vyt\u00e1p\u011bn\u00ed (radi\u00e1tory, podlahov\u00e9 vyt\u00e1p\u011bn\u00ed, jin\u00e9)\t\t\t\t\t\t\t<\/label>\n\t\t\t\t\t\t\t\t\t\t\t\t\t\t<input size=\"1\" type=\"text\" name=\"form_fields[field_a0459ef]\" id=\"form-field-field_a0459ef\" class=\"elementor-field elementor-size-xs  elementor-field-textual\" placeholder=\"\u041f\u0456\u0434 \u0440\u0435\u043c\u043e\u043d\u0442 - \u0442\u0438\u043f \u043e\u043f\u0430\u043b\u0435\u043d\u043d\u044f (\u0440\u0430\u0434\u0456\u0430\u0442\u043e\u0440\u0438, \u0442\u0435\u043f\u043b\u0430 \u043f\u0456\u0434\u043b\u043e\u0433\u0430, \u0456\u043d\u0448\u0435)\">\n\t\t\t\t\t\t\t\t\t\t\t<\/div>\n\t\t\t\t\t\t\t\t<div class=\"elementor-field-type-html elementor-field-group elementor-column elementor-field-group-field_3d9023c elementor-col-100\">\n\t\t\t\t\tI am interested in:\t\t\t\t<\/div>\n\t\t\t\t\t\t\t\t<div class=\"elementor-field-type-checkbox elementor-field-group elementor-column elementor-field-group-field_6c71883 elementor-col-100\">\n\t\t\t\t\t<div class=\"elementor-field-subgroup  elementor-subgroup-inline\"><span class=\"elementor-field-option\"><input type=\"checkbox\" value=\"\u041f\u043e\u0432\u043d\u0435 \u0440\u0456\u0448\u0435\u043d\u043d\u044f\" id=\"form-field-field_6c71883-0\" name=\"form_fields[field_6c71883][]\"> <label for=\"form-field-field_6c71883-0\">\u041f\u043e\u0432\u043d\u0435 \u0440\u0456\u0448\u0435\u043d\u043d\u044f<\/label><\/span><span class=\"elementor-field-option\"><input type=\"checkbox\" value=\"\u0424\u043e\u0442\u043e\u0432\u043e\u043b\u044c\u0442\u0430\u0457\u043a\u0430\" id=\"form-field-field_6c71883-1\" name=\"form_fields[field_6c71883][]\"> <label for=\"form-field-field_6c71883-1\">\u0424\u043e\u0442\u043e\u0432\u043e\u043b\u044c\u0442\u0430\u0457\u043a\u0430<\/label><\/span><span class=\"elementor-field-option\"><input type=\"checkbox\" value=\"\u041e\u043f\u0430\u043b\u0435\u043d\u043d\u044f\" id=\"form-field-field_6c71883-2\" name=\"form_fields[field_6c71883][]\"> <label for=\"form-field-field_6c71883-2\">\u041e\u043f\u0430\u043b\u0435\u043d\u043d\u044f<\/label><\/span><span class=\"elementor-field-option\"><input type=\"checkbox\" value=\"\u041f\u0456\u0434\u0456\u0433\u0440\u0456\u0432 \u0432\u043e\u0434\u0438\" id=\"form-field-field_6c71883-3\" name=\"form_fields[field_6c71883][]\"> <label for=\"form-field-field_6c71883-3\">\u041f\u0456\u0434\u0456\u0433\u0440\u0456\u0432 \u0432\u043e\u0434\u0438<\/label><\/span><span class=\"elementor-field-option\"><input type=\"checkbox\" value=\"\u0415\u043b\u0435\u043a\u0442\u0440\u043e\u043c\u043e\u0431\u0456\u043b\u044c\u043d\u0456\u0441\u0442\u044c\" id=\"form-field-field_6c71883-4\" name=\"form_fields[field_6c71883][]\"> <label for=\"form-field-field_6c71883-4\">\u0415\u043b\u0435\u043a\u0442\u0440\u043e\u043c\u043e\u0431\u0456\u043b\u044c\u043d\u0456\u0441\u0442\u044c<\/label><\/span><span class=\"elementor-field-option\"><input type=\"checkbox\" value=\"\u0412\u0435\u043d\u0442\u0438\u043b\u044f\u0446\u0456\u044f \u0442\u0430 \u0440\u0435\u043a\u0443\u043f\u0435\u0440\u0430\u0446\u0456\u044f \u0442\u0435\u043f\u043b\u0430\" id=\"form-field-field_6c71883-5\" name=\"form_fields[field_6c71883][]\"> <label for=\"form-field-field_6c71883-5\">\u0412\u0435\u043d\u0442\u0438\u043b\u044f\u0446\u0456\u044f \u0442\u0430 \u0440\u0435\u043a\u0443\u043f\u0435\u0440\u0430\u0446\u0456\u044f \u0442\u0435\u043f\u043b\u0430<\/label><\/span><\/div>\t\t\t\t<\/div>\n\t\t\t\t\t\t\t\t<div class=\"elementor-field-type-html elementor-field-group elementor-column elementor-field-group-field_ff4999f elementor-col-100\">\n\t\t\t\t\t\u041a\u043e\u043d\u0442\u0430\u043a\u0442\u043d\u0456 \u0434\u0430\u043d\u0456:\t\t\t\t<\/div>\n\t\t\t\t\t\t\t\t<div class=\"elementor-field-type-text elementor-field-group elementor-column elementor-field-group-field_dd5c1a3 elementor-col-50\">\n\t\t\t\t\t\t\t\t\t\t\t\t<label for=\"form-field-field_dd5c1a3\" class=\"elementor-field-label elementor-screen-only\">\n\t\t\t\t\t\t\t\tJm\u00e9no:\t\t\t\t\t\t\t<\/label>\n\t\t\t\t\t\t\t\t\t\t\t\t\t\t<input size=\"1\" type=\"text\" name=\"form_fields[field_dd5c1a3]\" id=\"form-field-field_dd5c1a3\" class=\"elementor-field elementor-size-xs  elementor-field-textual\" placeholder=\"\u0406\u043c&#039;\u044f*\">\n\t\t\t\t\t\t\t\t\t\t\t<\/div>\n\t\t\t\t\t\t\t\t<div class=\"elementor-field-type-text elementor-field-group elementor-column elementor-field-group-field_220866f elementor-col-50\">\n\t\t\t\t\t\t\t\t\t\t\t\t<label for=\"form-field-field_220866f\" class=\"elementor-field-label elementor-screen-only\">\n\t\t\t\t\t\t\t\tP\u0159\u00edjmen\u00ed:\t\t\t\t\t\t\t<\/label>\n\t\t\t\t\t\t\t\t\t\t\t\t\t\t<input size=\"1\" type=\"text\" name=\"form_fields[field_220866f]\" id=\"form-field-field_220866f\" class=\"elementor-field elementor-size-xs  elementor-field-textual\" placeholder=\"\u041f\u0440\u0456\u0437\u0432\u0438\u0449\u0435*\">\n\t\t\t\t\t\t\t\t\t\t\t<\/div>\n\t\t\t\t\t\t\t\t<div class=\"elementor-field-type-text elementor-field-group elementor-column elementor-field-group-field_bef59ec elementor-col-50\">\n\t\t\t\t\t\t\t\t\t\t\t\t<label for=\"form-field-field_bef59ec\" class=\"elementor-field-label elementor-screen-only\">\n\t\t\t\t\t\t\t\tPS\u010c:\t\t\t\t\t\t\t<\/label>\n\t\t\t\t\t\t\t\t\t\t\t\t\t\t<input size=\"1\" type=\"text\" name=\"form_fields[field_bef59ec]\" id=\"form-field-field_bef59ec\" class=\"elementor-field elementor-size-xs  elementor-field-textual\" placeholder=\"\u041f\u043e\u0448\u0442\u043e\u0432\u0438\u0439 \u0456\u043d\u0434\u0435\u043a\u0441*\">\n\t\t\t\t\t\t\t\t\t\t\t<\/div>\n\t\t\t\t\t\t\t\t<div class=\"elementor-field-type-text elementor-field-group elementor-column elementor-field-group-field_4776b1b elementor-col-50\">\n\t\t\t\t\t\t\t\t\t\t\t\t<label for=\"form-field-field_4776b1b\" class=\"elementor-field-label elementor-screen-only\">\n\t\t\t\t\t\t\t\tM\u011bsto:\t\t\t\t\t\t\t<\/label>\n\t\t\t\t\t\t\t\t\t\t\t\t\t\t<input size=\"1\" type=\"text\" name=\"form_fields[field_4776b1b]\" id=\"form-field-field_4776b1b\" class=\"elementor-field elementor-size-xs  elementor-field-textual\" placeholder=\"\u041c\u0456\u0441\u0442\u043e*\">\n\t\t\t\t\t\t\t\t\t\t\t<\/div>\n\t\t\t\t\t\t\t\t<div class=\"elementor-field-type-tel elementor-field-group elementor-column elementor-field-group-field_69d2e52 elementor-col-50\">\n\t\t\t\t\t\t\t\t\t\t\t\t<label for=\"form-field-field_69d2e52\" class=\"elementor-field-label elementor-screen-only\">\n\t\t\t\t\t\t\t\tTelefon:\t\t\t\t\t\t\t<\/label>\n\t\t\t\t\t\t\t\t<input size=\"1\" type=\"tel\" name=\"form_fields[field_69d2e52]\" id=\"form-field-field_69d2e52\" class=\"elementor-field elementor-size-xs  elementor-field-textual\" placeholder=\"\u0422\u0435\u043b*\" pattern=\"[0-9()#&amp;+*-=.]+\" title=\"Only numbers and phone characters (#, -, *, etc) are accepted.\">\n\n\t\t\t\t\t\t<\/div>\n\t\t\t\t\t\t\t\t<div class=\"elementor-field-type-email elementor-field-group elementor-column elementor-field-group-email elementor-col-50 elementor-field-required\">\n\t\t\t\t\t\t\t\t\t\t\t\t<label for=\"form-field-email\" class=\"elementor-field-label elementor-screen-only\">\n\t\t\t\t\t\t\t\tEmail\t\t\t\t\t\t\t<\/label>\n\t\t\t\t\t\t\t\t\t\t\t\t\t\t<input size=\"1\" type=\"email\" name=\"form_fields[email]\" id=\"form-field-email\" class=\"elementor-field elementor-size-xs  elementor-field-textual\" placeholder=\"\u0415\u043b\u0435\u043a\u0442\u0440\u043e\u043d\u043d\u0430 \u043f\u043e\u0448\u0442\u0430*\" required=\"required\">\n\t\t\t\t\t\t\t\t\t\t\t<\/div>\n\t\t\t\t\t\t\t\t<div class=\"elementor-field-type-textarea elementor-field-group elementor-column elementor-field-group-message elementor-col-100\">\n\t\t\t\t\t\t\t\t\t\t\t\t<label for=\"form-field-message\" class=\"elementor-field-label elementor-screen-only\">\n\t\t\t\t\t\t\t\tPozn\u00e1mka\t\t\t\t\t\t\t<\/label>\n\t\t\t\t\t\t<textarea class=\"elementor-field-textual elementor-field  elementor-size-xs\" name=\"form_fields[message]\" id=\"form-field-message\" rows=\"4\" placeholder=\"\u041f\u0440\u0438\u043c\u0456\u0442\u043a\u0430\"><\/textarea>\t\t\t\t<\/div>\n\t\t\t\t\t\t\t\t<div class=\"elementor-field-type-recaptcha elementor-field-group elementor-column elementor-field-group-field_51b4094 elementor-col-100\">\n\t\t\t\t\t<div class=\"elementor-field\" id=\"form-field-field_51b4094\"><div class=\"elementor-g-recaptcha\" data-sitekey=\"6LeVepcqAAAAAJg748rrIZVh4MF6Zb_MxHgJUGrC\" data-type=\"v2_checkbox\" data-theme=\"light\" data-size=\"normal\"><\/div><\/div>\t\t\t\t<\/div>\n\t\t\t\t\t\t\t\t<div class=\"elementor-field-group elementor-column elementor-field-type-submit elementor-col-100 e-form__buttons\">\n\t\t\t\t\t<button class=\"elementor-button elementor-size-sm elementor-animation-grow\" type=\"submit\">\n\t\t\t\t\t\t<span class=\"elementor-button-content-wrapper\">\n\t\t\t\t\t\t\t\t\t\t\t\t\t\t\t\t\t\t\t\t\t\t<span class=\"elementor-button-text\">\u041d\u0430\u0434\u0456\u0441\u043b\u0430\u0442\u0438 \u043f\u043e\u0432\u0456\u0434\u043e\u043c\u043b\u0435\u043d\u043d\u044f<\/span>\n\t\t\t\t\t\t\t\t\t\t\t\t\t<\/span>\n\t\t\t\t\t<\/button>\n\t\t\t\t<\/div>\n\t\t\t<\/div>\n\t\t<\/form>\n\t\t\t\t\t\t<\/div>\n\t\t\t\t\t<\/div>\n\t\t\t\t<\/div>\n\t\t<div class=\"elementor-element elementor-element-497fb0a9 e-flex e-con-boxed e-con e-parent\" data-id=\"497fb0a9\" data-element_type=\"container\">\n\t\t\t\t\t<div class=\"e-con-inner\">\n\t\t\t\t<div class=\"elementor-element elementor-element-38e1cc3a elementor-widget elementor-widget-spacer\" data-id=\"38e1cc3a\" data-element_type=\"widget\" data-widget_type=\"spacer.default\">\n\t\t\t\t\t\t\t<div class=\"elementor-spacer\">\n\t\t\t<div class=\"elementor-spacer-inner\"><\/div>\n\t\t<\/div>\n\t\t\t\t\t\t<\/div>\n\t\t\t\t\t<\/div>\n\t\t\t\t<\/div>\n\t\t\t\t<\/div>\n\t\t","protected":false},"excerpt":{"rendered":"<p>\u0412\u0456\u0434\u043a\u0440\u0438\u0439\u0442\u0435 \u0443\u043d\u0456\u043a\u0430\u043b\u044c\u043d\u0443 \u0441\u0438\u0441\u0442\u0435\u043c\u0443 NORD HT, \u044f\u043a\u0430 \u0434\u043e\u043f\u043e\u043c\u043e\u0436\u0435 \u0432\u0430\u043c \u043c\u0430\u043a\u0441\u0438\u043c\u0456\u0437\u0443\u0432\u0430\u0442\u0438 \u0437\u0430\u043e\u0449\u0430\u0434\u0436\u0435\u043d\u043d\u044f \u0442\u0430 \u043f\u0456\u0434\u0432\u0438\u0449\u0438\u0442\u0438 \u0435\u0444\u0435\u043a\u0442\u0438\u0432\u043d\u0456\u0441\u0442\u044c \u0432\u0430\u0448\u043e\u0433\u043e \u0434\u043e\u043c\u0443. \u041f\u043e\u0434\u0456\u043b\u0456\u0442\u044c\u0441\u044f \u0437 \u043d\u0430\u043c\u0438 \u0441\u0432\u043e\u0457\u043c\u0438 \u043f\u043b\u0430\u043d\u0430\u043c\u0438 \u0442\u0430 \u043f\u043e\u0442\u0440\u0435\u0431\u0430\u043c\u0438, \u0456 \u043c\u0438 \u043f\u0456\u0434\u0433\u043e\u0442\u0443\u0454\u043c\u043e \u0456\u043d\u0434\u0438\u0432\u0456\u0434\u0443\u0430\u043b\u044c\u043d\u0435 \u0440\u0456\u0448\u0435\u043d\u043d\u044f, \u044f\u043a\u0435 \u0432\u0456\u0434\u043f\u043e\u0432\u0456\u0434\u0430\u0442\u0438\u043c\u0435 \u0432\u0430\u0448\u0438\u043c \u043e\u0447\u0456\u043a\u0443\u0432\u0430\u043d\u043d\u044f\u043c. \u041c\u0438 \u043f\u0435\u0440\u0435\u0434\u0430\u043c\u043e \u0432\u0430\u0448\u0456 \u043a\u043e\u043d\u0442\u0430\u043a\u0442\u043d\u0456 \u0434\u0430\u043d\u0456 \u043d\u0430\u0448\u043e\u043c\u0443 \u043d\u0430\u0439\u0431\u043b\u0438\u0436\u0447\u043e\u043c\u0443 \u0435\u043a\u0441\u043f\u0435\u0440\u0442\u043d\u043e\u043c\u0443 \u043f\u0430\u0440\u0442\u043d\u0435\u0440\u0443 NORD HT, \u044f\u043a\u0438\u0439 \u043d\u0430\u0434\u0430\u0441\u0442\u044c \u043f\u0440\u043e\u0444\u0435\u0441\u0456\u0439\u043d\u0443 \u043a\u043e\u043d\u0441\u0443\u043b\u044c\u0442\u0430\u0446\u0456\u044e \u0442\u0430 \u0437\u0430\u0431\u0435\u0437\u043f\u0435\u0447\u0438\u0442\u044c \u0440\u0435\u0430\u043b\u0456\u0437\u0430\u0446\u0456\u044e \u043f\u0440\u043e\u0435\u043a\u0442\u0443 \u0443 \u0432\u0430\u0448\u043e\u043c\u0443 \u0440\u0435\u0433\u0456\u043e\u043d\u0456.<\/p>\n","protected":false},"author":1,"featured_media":0,"parent":0,"menu_order":0,"comment_status":"closed","ping_status":"closed","template":"","meta":{"om_disable_all_campaigns":false,"_monsterinsights_skip_tracking":false,"_monsterinsights_sitenote_active":false,"_monsterinsights_sitenote_note":"","_monsterinsights_sitenote_category":0,"footnotes":""},"_links":{"self":[{"href":"https:\/\/nord-solution.com\/index.php\/wp-json\/wp\/v2\/pages\/16507"}],"collection":[{"href":"https:\/\/nord-solution.com\/index.php\/wp-json\/wp\/v2\/pages"}],"about":[{"href":"https:\/\/nord-solution.com\/index.php\/wp-json\/wp\/v2\/types\/page"}],"author":[{"embeddable":true,"href":"https:\/\/nord-solution.com\/index.php\/wp-json\/wp\/v2\/users\/1"}],"replies":[{"embeddable":true,"href":"https:\/\/nord-solution.com\/index.php\/wp-json\/wp\/v2\/comments?post=16507"}],"version-history":[{"count":10,"href":"https:\/\/nord-solution.com\/index.php\/wp-json\/wp\/v2\/pages\/16507\/revisions"}],"predecessor-version":[{"id":29685,"href":"https:\/\/nord-solution.com\/index.php\/wp-json\/wp\/v2\/pages\/16507\/revisions\/29685"}],"wp:attachment":[{"href":"https:\/\/nord-solution.com\/index.php\/wp-json\/wp\/v2\/media?parent=16507"}],"curies":[{"name":"wp","href":"https:\/\/api.w.org\/{rel}","templated":true}]}}