{"id":16495,"date":"2025-02-26T16:00:29","date_gmt":"2025-02-26T15:00:29","guid":{"rendered":"https:\/\/nord-solution.com\/?page_id=16495"},"modified":"2026-04-01T14:58:21","modified_gmt":"2026-04-01T12:58:21","slug":"foresporselsskjema","status":"publish","type":"page","link":"https:\/\/nord-solution.com\/index.php\/nb\/foresporselsskjema\/","title":{"rendered":"Foresp\u00f8rselsskjema"},"content":{"rendered":"\t\t<div data-elementor-type=\"wp-page\" data-elementor-id=\"16495\" class=\"elementor elementor-16495\" data-elementor-post-type=\"page\">\n\t\t\t\t\t\t<section class=\"elementor-section elementor-inner-section elementor-element elementor-element-b42e39f elementor-section-content-middle elementor-section-boxed elementor-section-height-default elementor-section-height-default\" data-id=\"b42e39f\" data-element_type=\"section\">\n\t\t\t\t\t\t<div class=\"elementor-container elementor-column-gap-no\">\n\t\t\t\t\t<div class=\"elementor-column elementor-col-100 elementor-inner-column elementor-element elementor-element-757459d1\" data-id=\"757459d1\" data-element_type=\"column\">\n\t\t\t<div class=\"elementor-widget-wrap elementor-element-populated\">\n\t\t\t\t\t\t<div class=\"elementor-element elementor-element-6b35a3b6 elementor-widget elementor-widget-image\" data-id=\"6b35a3b6\" data-element_type=\"widget\" data-widget_type=\"image.default\">\n\t\t\t\t\t\t\t\t\t\t\t\t\t\t\t\t<a href=\"#formular\">\n\t\t\t\t\t\t\t<img fetchpriority=\"high\" decoding=\"async\" width=\"1240\" height=\"620\" src=\"https:\/\/nord-solution.com\/wp-content\/uploads\/2026\/01\/NORD-POPTAVKOVY-FORMULAR-NO.jpg\" class=\"attachment-full size-full wp-image-29678\" alt=\"\" srcset=\"https:\/\/nord-solution.com\/wp-content\/uploads\/2026\/01\/NORD-POPTAVKOVY-FORMULAR-NO.jpg 1240w, https:\/\/nord-solution.com\/wp-content\/uploads\/2026\/01\/NORD-POPTAVKOVY-FORMULAR-NO-300x150.jpg 300w, https:\/\/nord-solution.com\/wp-content\/uploads\/2026\/01\/NORD-POPTAVKOVY-FORMULAR-NO-1024x512.jpg 1024w, https:\/\/nord-solution.com\/wp-content\/uploads\/2026\/01\/NORD-POPTAVKOVY-FORMULAR-NO-768x384.jpg 768w, https:\/\/nord-solution.com\/wp-content\/uploads\/2026\/01\/NORD-POPTAVKOVY-FORMULAR-NO-600x300.jpg 600w\" sizes=\"(max-width: 1240px) 100vw, 1240px\" \/>\t\t\t\t\t\t\t\t<\/a>\n\t\t\t\t\t\t\t\t\t\t\t\t\t\t\t<\/div>\n\t\t\t\t<div class=\"elementor-element elementor-element-69ebc9c9 elementor-widget elementor-widget-text-editor\" data-id=\"69ebc9c9\" data-element_type=\"widget\" id=\"formular\" data-widget_type=\"text-editor.default\">\n\t\t\t\t\t\t\t\t\t<strong>Oppdag det unike NORD HT-systemet som vil hjelpe deg med \u00e5 maksimere besparelsene og \u00f8ke effektiviteten i hjemmet ditt.<\/strong>\n\nDel dine planer og behov med oss, og vi vil forberede en skreddersydd l\u00f8sning som m\u00f8ter dine forventninger.\n\nVi vil videreformidle dine kontaktdetaljer til v\u00e5r n\u00e6rmeste ekspertpartner <strong>NORD HT<\/strong>, som vil gi profesjonell r\u00e5dgivning og sikre gjennomf\u00f8ringen av prosjektet i ditt omr\u00e5de.\t\t\t\t\t\t\t\t<\/div>\n\t\t\t\t\t<\/div>\n\t\t<\/div>\n\t\t\t\t\t<\/div>\n\t\t<\/section>\n\t\t<div class=\"elementor-element elementor-element-72a1c754 e-flex e-con-boxed e-con e-parent\" data-id=\"72a1c754\" data-element_type=\"container\">\n\t\t\t\t\t<div class=\"e-con-inner\">\n\t\t\t\t<div class=\"elementor-element elementor-element-6225e88e elementor-button-align-center elementor-widget elementor-widget-form\" data-id=\"6225e88e\" data-element_type=\"widget\" data-settings=\"{&quot;step_next_label&quot;:&quot;Next&quot;,&quot;step_previous_label&quot;:&quot;Previous&quot;,&quot;button_width&quot;:&quot;100&quot;,&quot;step_type&quot;:&quot;number_text&quot;,&quot;step_icon_shape&quot;:&quot;circle&quot;}\" data-widget_type=\"form.default\">\n\t\t\t\t\t\t\t<form class=\"elementor-form\" method=\"post\" name=\"New Form\" aria-label=\"New Form\">\n\t\t\t<input type=\"hidden\" name=\"post_id\" value=\"16495\"\/>\n\t\t\t<input type=\"hidden\" name=\"form_id\" value=\"6225e88e\"\/>\n\t\t\t<input type=\"hidden\" name=\"referer_title\" value=\"Foresp\u00f8rselsskjema\" \/>\n\n\t\t\t\t\t\t\t<input type=\"hidden\" name=\"queried_id\" value=\"16495\"\/>\n\t\t\t\n\t\t\t<div class=\"elementor-form-fields-wrapper elementor-labels-\">\n\t\t\t\t\t\t\t\t<div class=\"elementor-field-type-html elementor-field-group elementor-column elementor-field-group-field_02e6a77 elementor-col-100\">\n\t\t\t\t\tType og karakter av bygningen:\t\t\t\t<\/div>\n\t\t\t\t\t\t\t\t<div class=\"elementor-field-type-select elementor-field-group elementor-column elementor-field-group-field_300b326 elementor-col-50\">\n\t\t\t\t\t\t\t\t\t\t\t\t<label for=\"form-field-field_300b326\" class=\"elementor-field-label elementor-screen-only\">\n\t\t\t\t\t\t\t\tBuilding type:\t\t\t\t\t\t\t<\/label>\n\t\t\t\t\t\t\t\t<div class=\"elementor-field elementor-select-wrapper remove-before \">\n\t\t\t<div class=\"select-caret-down-wrapper\">\n\t\t\t\t<svg aria-hidden=\"true\" class=\"e-font-icon-svg e-eicon-caret-down\" viewBox=\"0 0 571.4 571.4\" xmlns=\"http:\/\/www.w3.org\/2000\/svg\"><path d=\"M571 393Q571 407 561 418L311 668Q300 679 286 679T261 668L11 418Q0 407 0 393T11 368 36 357H536Q550 357 561 368T571 393Z\"><\/path><\/svg>\t\t\t<\/div>\n\t\t\t<select name=\"form_fields[field_300b326]\" id=\"form-field-field_300b326\" class=\"elementor-field-textual elementor-size-xs\">\n\t\t\t\t\t\t\t\t\t<option value=\"Enebolig\">Enebolig<\/option>\n\t\t\t\t\t\t\t\t\t<option value=\"Leilighet\">Leilighet<\/option>\n\t\t\t\t\t\t\t\t\t<option value=\"Leilighetsbygg\">Leilighetsbygg<\/option>\n\t\t\t\t\t\t\t<\/select>\n\t\t<\/div>\n\t\t\t\t\t\t<\/div>\n\t\t\t\t\t\t\t\t<div class=\"elementor-field-type-select elementor-field-group elementor-column elementor-field-group-field_c74b891 elementor-col-50\">\n\t\t\t\t\t\t\t\t\t\t\t\t<label for=\"form-field-field_c74b891\" class=\"elementor-field-label elementor-screen-only\">\n\t\t\t\t\t\t\t\tBuilding character:\t\t\t\t\t\t\t<\/label>\n\t\t\t\t\t\t\t\t<div class=\"elementor-field elementor-select-wrapper remove-before \">\n\t\t\t<div class=\"select-caret-down-wrapper\">\n\t\t\t\t<svg aria-hidden=\"true\" class=\"e-font-icon-svg e-eicon-caret-down\" viewBox=\"0 0 571.4 571.4\" xmlns=\"http:\/\/www.w3.org\/2000\/svg\"><path d=\"M571 393Q571 407 561 418L311 668Q300 679 286 679T261 668L11 418Q0 407 0 393T11 368 36 357H536Q550 357 561 368T571 393Z\"><\/path><\/svg>\t\t\t<\/div>\n\t\t\t<select name=\"form_fields[field_c74b891]\" id=\"form-field-field_c74b891\" class=\"elementor-field-textual elementor-size-xs\">\n\t\t\t\t\t\t\t\t\t<option value=\"Nybygg\">Nybygg<\/option>\n\t\t\t\t\t\t\t\t\t<option value=\"Renovering\">Renovering<\/option>\n\t\t\t\t\t\t\t<\/select>\n\t\t<\/div>\n\t\t\t\t\t\t<\/div>\n\t\t\t\t\t\t\t\t<div class=\"elementor-field-type-html elementor-field-group elementor-column elementor-field-group-field_a44e062 elementor-col-100\">\n\t\t\t\t\tYtterligere informasjon (valgfritt):\t\t\t\t<\/div>\n\t\t\t\t\t\t\t\t<div class=\"elementor-field-type-text elementor-field-group elementor-column elementor-field-group-name elementor-col-50\">\n\t\t\t\t\t\t\t\t\t\t\t\t<label for=\"form-field-name\" class=\"elementor-field-label elementor-screen-only\">\n\t\t\t\t\t\t\t\tPlocha objektu [m\u00b2]\t\t\t\t\t\t\t<\/label>\n\t\t\t\t\t\t\t\t\t\t\t\t\t\t<input size=\"1\" type=\"text\" name=\"form_fields[name]\" id=\"form-field-name\" class=\"elementor-field elementor-size-xs  elementor-field-textual\" placeholder=\"Oppvarmet omr\u00e5de av bygningen [m\u00b2]\">\n\t\t\t\t\t\t\t\t\t\t\t<\/div>\n\t\t\t\t\t\t\t\t<div class=\"elementor-field-type-text elementor-field-group elementor-column elementor-field-group-field_4cbd34f elementor-col-50\">\n\t\t\t\t\t\t\t\t\t\t\t\t<label for=\"form-field-field_4cbd34f\" class=\"elementor-field-label elementor-screen-only\">\n\t\t\t\t\t\t\t\tPo\u010det m\u00edstnostn\u00ed v dom\u011b\t\t\t\t\t\t\t<\/label>\n\t\t\t\t\t\t\t\t\t\t\t\t\t\t<input size=\"1\" type=\"text\" name=\"form_fields[field_4cbd34f]\" id=\"form-field-field_4cbd34f\" class=\"elementor-field elementor-size-xs  elementor-field-textual\" placeholder=\"Antall rom i huset\">\n\t\t\t\t\t\t\t\t\t\t\t<\/div>\n\t\t\t\t\t\t\t\t<div class=\"elementor-field-type-text elementor-field-group elementor-column elementor-field-group-field_a56775b elementor-col-50\">\n\t\t\t\t\t\t\t\t\t\t\t\t<label for=\"form-field-field_a56775b\" class=\"elementor-field-label elementor-screen-only\">\n\t\t\t\t\t\t\t\tPo\u010det podla\u017e\u00ed\t\t\t\t\t\t\t<\/label>\n\t\t\t\t\t\t\t\t\t\t\t\t\t\t<input size=\"1\" type=\"text\" name=\"form_fields[field_a56775b]\" id=\"form-field-field_a56775b\" class=\"elementor-field elementor-size-xs  elementor-field-textual\" placeholder=\"Antall etasjer\">\n\t\t\t\t\t\t\t\t\t\t\t<\/div>\n\t\t\t\t\t\t\t\t<div class=\"elementor-field-type-text elementor-field-group elementor-column elementor-field-group-field_902e49d elementor-col-50\">\n\t\t\t\t\t\t\t\t\t\t\t\t<label for=\"form-field-field_902e49d\" class=\"elementor-field-label elementor-screen-only\">\n\t\t\t\t\t\t\t\tPro bytov\u00e9 domy - po\u010det byt\u016f (nepovinn\u00fd \u00fadaj)\t\t\t\t\t\t\t<\/label>\n\t\t\t\t\t\t\t\t\t\t\t\t\t\t<input size=\"1\" type=\"text\" name=\"form_fields[field_902e49d]\" id=\"form-field-field_902e49d\" class=\"elementor-field elementor-size-xs  elementor-field-textual\" placeholder=\"For byg\u00e5rder - antall leiligheter\">\n\t\t\t\t\t\t\t\t\t\t\t<\/div>\n\t\t\t\t\t\t\t\t<div class=\"elementor-field-type-text elementor-field-group elementor-column elementor-field-group-field_a0459ef elementor-col-100\">\n\t\t\t\t\t\t\t\t\t\t\t\t<label for=\"form-field-field_a0459ef\" class=\"elementor-field-label elementor-screen-only\">\n\t\t\t\t\t\t\t\tPro rekonstrukce - typ vyt\u00e1p\u011bn\u00ed (radi\u00e1tory, podlahov\u00e9 vyt\u00e1p\u011bn\u00ed, jin\u00e9)\t\t\t\t\t\t\t<\/label>\n\t\t\t\t\t\t\t\t\t\t\t\t\t\t<input size=\"1\" type=\"text\" name=\"form_fields[field_a0459ef]\" id=\"form-field-field_a0459ef\" class=\"elementor-field elementor-size-xs  elementor-field-textual\" placeholder=\"For renoveringer - type oppvarming (radiatorer, gulvvarme, annet)\">\n\t\t\t\t\t\t\t\t\t\t\t<\/div>\n\t\t\t\t\t\t\t\t<div class=\"elementor-field-type-html elementor-field-group elementor-column elementor-field-group-field_3d9023c elementor-col-100\">\n\t\t\t\t\tJeg er interessert i:\t\t\t\t<\/div>\n\t\t\t\t\t\t\t\t<div class=\"elementor-field-type-checkbox elementor-field-group elementor-column elementor-field-group-field_6c71883 elementor-col-100\">\n\t\t\t\t\t<div class=\"elementor-field-subgroup  elementor-subgroup-inline\"><span class=\"elementor-field-option\"><input type=\"checkbox\" value=\"Komplett l\u00f8sning\" id=\"form-field-field_6c71883-0\" name=\"form_fields[field_6c71883][]\"> <label for=\"form-field-field_6c71883-0\">Komplett l\u00f8sning<\/label><\/span><span class=\"elementor-field-option\"><input type=\"checkbox\" value=\"Solceller\" id=\"form-field-field_6c71883-1\" name=\"form_fields[field_6c71883][]\"> <label for=\"form-field-field_6c71883-1\">Solceller<\/label><\/span><span class=\"elementor-field-option\"><input type=\"checkbox\" value=\" Oppvarming\" id=\"form-field-field_6c71883-2\" name=\"form_fields[field_6c71883][]\"> <label for=\"form-field-field_6c71883-2\"> Oppvarming<\/label><\/span><span class=\"elementor-field-option\"><input type=\"checkbox\" value=\"Vannoppvarming\" id=\"form-field-field_6c71883-3\" name=\"form_fields[field_6c71883][]\"> <label for=\"form-field-field_6c71883-3\">Vannoppvarming<\/label><\/span><span class=\"elementor-field-option\"><input type=\"checkbox\" value=\"Elektromobilitet\" id=\"form-field-field_6c71883-4\" name=\"form_fields[field_6c71883][]\"> <label for=\"form-field-field_6c71883-4\">Elektromobilitet<\/label><\/span><span class=\"elementor-field-option\"><input type=\"checkbox\" value=\"Ventilasjon og varmegjenvinning\" id=\"form-field-field_6c71883-5\" name=\"form_fields[field_6c71883][]\"> <label for=\"form-field-field_6c71883-5\">Ventilasjon og varmegjenvinning<\/label><\/span><\/div>\t\t\t\t<\/div>\n\t\t\t\t\t\t\t\t<div class=\"elementor-field-type-html elementor-field-group elementor-column elementor-field-group-field_ff4999f elementor-col-100\">\n\t\t\t\t\tKontaktinformasjon:\t\t\t\t<\/div>\n\t\t\t\t\t\t\t\t<div class=\"elementor-field-type-text elementor-field-group elementor-column elementor-field-group-field_dd5c1a3 elementor-col-50\">\n\t\t\t\t\t\t\t\t\t\t\t\t<label for=\"form-field-field_dd5c1a3\" class=\"elementor-field-label elementor-screen-only\">\n\t\t\t\t\t\t\t\tJm\u00e9no:\t\t\t\t\t\t\t<\/label>\n\t\t\t\t\t\t\t\t\t\t\t\t\t\t<input size=\"1\" type=\"text\" name=\"form_fields[field_dd5c1a3]\" id=\"form-field-field_dd5c1a3\" class=\"elementor-field elementor-size-xs  elementor-field-textual\" placeholder=\"Navn*\">\n\t\t\t\t\t\t\t\t\t\t\t<\/div>\n\t\t\t\t\t\t\t\t<div class=\"elementor-field-type-text elementor-field-group elementor-column elementor-field-group-field_220866f elementor-col-50\">\n\t\t\t\t\t\t\t\t\t\t\t\t<label for=\"form-field-field_220866f\" class=\"elementor-field-label elementor-screen-only\">\n\t\t\t\t\t\t\t\tP\u0159\u00edjmen\u00ed:\t\t\t\t\t\t\t<\/label>\n\t\t\t\t\t\t\t\t\t\t\t\t\t\t<input size=\"1\" type=\"text\" name=\"form_fields[field_220866f]\" id=\"form-field-field_220866f\" class=\"elementor-field elementor-size-xs  elementor-field-textual\" placeholder=\"Etternavn*\">\n\t\t\t\t\t\t\t\t\t\t\t<\/div>\n\t\t\t\t\t\t\t\t<div class=\"elementor-field-type-text elementor-field-group elementor-column elementor-field-group-field_bef59ec elementor-col-50\">\n\t\t\t\t\t\t\t\t\t\t\t\t<label for=\"form-field-field_bef59ec\" class=\"elementor-field-label elementor-screen-only\">\n\t\t\t\t\t\t\t\tPS\u010c:\t\t\t\t\t\t\t<\/label>\n\t\t\t\t\t\t\t\t\t\t\t\t\t\t<input size=\"1\" type=\"text\" name=\"form_fields[field_bef59ec]\" id=\"form-field-field_bef59ec\" class=\"elementor-field elementor-size-xs  elementor-field-textual\" placeholder=\"Postnummer*\">\n\t\t\t\t\t\t\t\t\t\t\t<\/div>\n\t\t\t\t\t\t\t\t<div class=\"elementor-field-type-text elementor-field-group elementor-column elementor-field-group-field_4776b1b elementor-col-50\">\n\t\t\t\t\t\t\t\t\t\t\t\t<label for=\"form-field-field_4776b1b\" class=\"elementor-field-label elementor-screen-only\">\n\t\t\t\t\t\t\t\tM\u011bsto:\t\t\t\t\t\t\t<\/label>\n\t\t\t\t\t\t\t\t\t\t\t\t\t\t<input size=\"1\" type=\"text\" name=\"form_fields[field_4776b1b]\" id=\"form-field-field_4776b1b\" class=\"elementor-field elementor-size-xs  elementor-field-textual\" placeholder=\"By*\">\n\t\t\t\t\t\t\t\t\t\t\t<\/div>\n\t\t\t\t\t\t\t\t<div class=\"elementor-field-type-tel elementor-field-group elementor-column elementor-field-group-field_69d2e52 elementor-col-50\">\n\t\t\t\t\t\t\t\t\t\t\t\t<label for=\"form-field-field_69d2e52\" class=\"elementor-field-label elementor-screen-only\">\n\t\t\t\t\t\t\t\tTelefon:\t\t\t\t\t\t\t<\/label>\n\t\t\t\t\t\t\t\t<input size=\"1\" type=\"tel\" name=\"form_fields[field_69d2e52]\" id=\"form-field-field_69d2e52\" class=\"elementor-field elementor-size-xs  elementor-field-textual\" placeholder=\"Tlf*\" pattern=\"[0-9()#&amp;+*-=.]+\" title=\"Only numbers and phone characters (#, -, *, etc) are accepted.\">\n\n\t\t\t\t\t\t<\/div>\n\t\t\t\t\t\t\t\t<div class=\"elementor-field-type-email elementor-field-group elementor-column elementor-field-group-email elementor-col-50 elementor-field-required\">\n\t\t\t\t\t\t\t\t\t\t\t\t<label for=\"form-field-email\" class=\"elementor-field-label elementor-screen-only\">\n\t\t\t\t\t\t\t\tEmail\t\t\t\t\t\t\t<\/label>\n\t\t\t\t\t\t\t\t\t\t\t\t\t\t<input size=\"1\" type=\"email\" name=\"form_fields[email]\" id=\"form-field-email\" class=\"elementor-field elementor-size-xs  elementor-field-textual\" placeholder=\"E-post*\" required=\"required\">\n\t\t\t\t\t\t\t\t\t\t\t<\/div>\n\t\t\t\t\t\t\t\t<div class=\"elementor-field-type-textarea elementor-field-group elementor-column elementor-field-group-message elementor-col-100\">\n\t\t\t\t\t\t\t\t\t\t\t\t<label for=\"form-field-message\" class=\"elementor-field-label elementor-screen-only\">\n\t\t\t\t\t\t\t\tPozn\u00e1mka\t\t\t\t\t\t\t<\/label>\n\t\t\t\t\t\t<textarea class=\"elementor-field-textual elementor-field  elementor-size-xs\" name=\"form_fields[message]\" id=\"form-field-message\" rows=\"4\" placeholder=\"Note\"><\/textarea>\t\t\t\t<\/div>\n\t\t\t\t\t\t\t\t<div class=\"elementor-field-type-recaptcha elementor-field-group elementor-column elementor-field-group-field_51b4094 elementor-col-100\">\n\t\t\t\t\t<div class=\"elementor-field\" id=\"form-field-field_51b4094\"><div class=\"elementor-g-recaptcha\" data-sitekey=\"6LeVepcqAAAAAJg748rrIZVh4MF6Zb_MxHgJUGrC\" data-type=\"v2_checkbox\" data-theme=\"light\" data-size=\"normal\"><\/div><\/div>\t\t\t\t<\/div>\n\t\t\t\t\t\t\t\t<div class=\"elementor-field-group elementor-column elementor-field-type-submit elementor-col-100 e-form__buttons\">\n\t\t\t\t\t<button class=\"elementor-button elementor-size-sm elementor-animation-grow\" type=\"submit\">\n\t\t\t\t\t\t<span class=\"elementor-button-content-wrapper\">\n\t\t\t\t\t\t\t\t\t\t\t\t\t\t\t\t\t\t\t\t\t\t<span class=\"elementor-button-text\">Send melding<\/span>\n\t\t\t\t\t\t\t\t\t\t\t\t\t<\/span>\n\t\t\t\t\t<\/button>\n\t\t\t\t<\/div>\n\t\t\t<\/div>\n\t\t<\/form>\n\t\t\t\t\t\t<\/div>\n\t\t\t\t\t<\/div>\n\t\t\t\t<\/div>\n\t\t<div class=\"elementor-element elementor-element-497fb0a9 e-flex e-con-boxed e-con e-parent\" data-id=\"497fb0a9\" data-element_type=\"container\">\n\t\t\t\t\t<div class=\"e-con-inner\">\n\t\t\t\t<div class=\"elementor-element elementor-element-38e1cc3a elementor-widget elementor-widget-spacer\" data-id=\"38e1cc3a\" data-element_type=\"widget\" data-widget_type=\"spacer.default\">\n\t\t\t\t\t\t\t<div class=\"elementor-spacer\">\n\t\t\t<div class=\"elementor-spacer-inner\"><\/div>\n\t\t<\/div>\n\t\t\t\t\t\t<\/div>\n\t\t\t\t\t<\/div>\n\t\t\t\t<\/div>\n\t\t\t\t<\/div>\n\t\t","protected":false},"excerpt":{"rendered":"<p>Oppdag det unike NORD HT-systemet som vil hjelpe deg med \u00e5 maksimere besparelsene og \u00f8ke effektiviteten i hjemmet ditt. Del dine planer og behov med oss, og vi vil forberede en skreddersydd l\u00f8sning som m\u00f8ter dine forventninger. Vi vil videreformidle dine kontaktdetaljer til v\u00e5r n\u00e6rmeste ekspertpartner NORD HT, som vil gi profesjonell r\u00e5dgivning og sikre [&hellip;]<\/p>\n","protected":false},"author":1,"featured_media":0,"parent":0,"menu_order":0,"comment_status":"closed","ping_status":"closed","template":"","meta":{"om_disable_all_campaigns":false,"_monsterinsights_skip_tracking":false,"_monsterinsights_sitenote_active":false,"_monsterinsights_sitenote_note":"","_monsterinsights_sitenote_category":0,"footnotes":""},"_links":{"self":[{"href":"https:\/\/nord-solution.com\/index.php\/wp-json\/wp\/v2\/pages\/16495"}],"collection":[{"href":"https:\/\/nord-solution.com\/index.php\/wp-json\/wp\/v2\/pages"}],"about":[{"href":"https:\/\/nord-solution.com\/index.php\/wp-json\/wp\/v2\/types\/page"}],"author":[{"embeddable":true,"href":"https:\/\/nord-solution.com\/index.php\/wp-json\/wp\/v2\/users\/1"}],"replies":[{"embeddable":true,"href":"https:\/\/nord-solution.com\/index.php\/wp-json\/wp\/v2\/comments?post=16495"}],"version-history":[{"count":10,"href":"https:\/\/nord-solution.com\/index.php\/wp-json\/wp\/v2\/pages\/16495\/revisions"}],"predecessor-version":[{"id":31558,"href":"https:\/\/nord-solution.com\/index.php\/wp-json\/wp\/v2\/pages\/16495\/revisions\/31558"}],"wp:attachment":[{"href":"https:\/\/nord-solution.com\/index.php\/wp-json\/wp\/v2\/media?parent=16495"}],"curies":[{"name":"wp","href":"https:\/\/api.w.org\/{rel}","templated":true}]}}