{"id":16017,"date":"2025-02-24T15:07:59","date_gmt":"2025-02-24T14:07:59","guid":{"rendered":"https:\/\/nord-solution.com\/?page_id=16017"},"modified":"2025-02-26T11:11:35","modified_gmt":"2025-02-26T10:11:35","slug":"headpage-new-v2","status":"publish","type":"page","link":"https:\/\/nord-solution.com\/index.php\/de\/headpage-new-v2\/","title":{"rendered":"headpage new v2"},"content":{"rendered":"\t\t<div data-elementor-type=\"wp-page\" data-elementor-id=\"16017\" class=\"elementor elementor-16017\" data-elementor-post-type=\"page\">\n\t\t\t\t<div class=\"elementor-element elementor-element-db5c884 e-flex e-con-boxed e-con e-parent\" data-id=\"db5c884\" data-element_type=\"container\">\n\t\t\t\t\t<div class=\"e-con-inner\">\n\t\t\t\t<div class=\"elementor-element elementor-element-0d98643 elementor-widget elementor-widget-spacer\" data-id=\"0d98643\" data-element_type=\"widget\" data-widget_type=\"spacer.default\">\n\t\t\t\t\t\t\t<div class=\"elementor-spacer\">\n\t\t\t<div class=\"elementor-spacer-inner\"><\/div>\n\t\t<\/div>\n\t\t\t\t\t\t<\/div>\n\t\t\t\t<div class=\"elementor-element elementor-element-598e717 elementor-widget elementor-widget-heading\" data-id=\"598e717\" data-element_type=\"widget\" data-widget_type=\"heading.default\">\n\t\t\t\t\t<h1 class=\"elementor-heading-title elementor-size-default\">We have the solution<\/h1>\t\t\t\t<\/div>\n\t\t\t\t<div class=\"elementor-element elementor-element-36ba2b2 elementor-widget elementor-widget-heading\" data-id=\"36ba2b2\" data-element_type=\"widget\" data-widget_type=\"heading.default\">\n\t\t\t\t\t<h2 class=\"elementor-heading-title elementor-size-default\">Die beste Kopplung von Fotovoltaik mit Heizungstechnik<\/h2>\t\t\t\t<\/div>\n\t\t\t\t<div class=\"elementor-element elementor-element-1a6ee15 elementor-widget elementor-widget-spacer\" data-id=\"1a6ee15\" data-element_type=\"widget\" data-widget_type=\"spacer.default\">\n\t\t\t\t\t\t\t<div class=\"elementor-spacer\">\n\t\t\t<div class=\"elementor-spacer-inner\"><\/div>\n\t\t<\/div>\n\t\t\t\t\t\t<\/div>\n\t\t\t\t\t<\/div>\n\t\t\t\t<\/div>\n\t\t<div class=\"elementor-element elementor-element-ef1d8e2 e-flex e-con-boxed e-con e-parent\" data-id=\"ef1d8e2\" data-element_type=\"container\">\n\t\t\t\t\t<div class=\"e-con-inner\">\n\t\t<div class=\"elementor-element elementor-element-f0b4579 e-con-full animated-slow e-transform e-flex elementor-invisible e-con e-child\" data-id=\"f0b4579\" data-element_type=\"container\" data-settings=\"{&quot;animation&quot;:&quot;fadeIn&quot;,&quot;_transform_scale_effect_hover&quot;:{&quot;unit&quot;:&quot;px&quot;,&quot;size&quot;:1.05,&quot;sizes&quot;:[]},&quot;_transform_scale_effect_hover_tablet&quot;:{&quot;unit&quot;:&quot;px&quot;,&quot;size&quot;:&quot;&quot;,&quot;sizes&quot;:[]},&quot;_transform_scale_effect_hover_mobile&quot;:{&quot;unit&quot;:&quot;px&quot;,&quot;size&quot;:&quot;&quot;,&quot;sizes&quot;:[]}}\">\n\t\t\t\t<div class=\"elementor-element elementor-element-091ffb6 elementor-position-top elementor-widget elementor-widget-image-box\" data-id=\"091ffb6\" data-element_type=\"widget\" data-widget_type=\"image-box.default\">\n\t\t\t\t\t<div class=\"elementor-image-box-wrapper\"><figure class=\"elementor-image-box-img\"><a href=\"https:\/\/nord-solution.com\/index.php\/nord-intelligent-home\/\" tabindex=\"-1\"><img fetchpriority=\"high\" decoding=\"async\" width=\"1440\" height=\"900\" src=\"https:\/\/nord-solution.com\/wp-content\/uploads\/2025\/02\/NORWAY-FLAG-NORD-HEADPAGE.jpg\" class=\"attachment-full size-full wp-image-15884\" alt=\"\" srcset=\"https:\/\/nord-solution.com\/wp-content\/uploads\/2025\/02\/NORWAY-FLAG-NORD-HEADPAGE.jpg 1440w, https:\/\/nord-solution.com\/wp-content\/uploads\/2025\/02\/NORWAY-FLAG-NORD-HEADPAGE-600x375.jpg 600w, https:\/\/nord-solution.com\/wp-content\/uploads\/2025\/02\/NORWAY-FLAG-NORD-HEADPAGE-300x188.jpg 300w, https:\/\/nord-solution.com\/wp-content\/uploads\/2025\/02\/NORWAY-FLAG-NORD-HEADPAGE-1024x640.jpg 1024w, https:\/\/nord-solution.com\/wp-content\/uploads\/2025\/02\/NORWAY-FLAG-NORD-HEADPAGE-768x480.jpg 768w, https:\/\/nord-solution.com\/wp-content\/uploads\/2025\/02\/NORWAY-FLAG-NORD-HEADPAGE-500x313.jpg 500w, https:\/\/nord-solution.com\/wp-content\/uploads\/2025\/02\/NORWAY-FLAG-NORD-HEADPAGE-800x500.jpg 800w\" sizes=\"(max-width: 1440px) 100vw, 1440px\" \/><\/a><\/figure><div class=\"elementor-image-box-content\"><h5 class=\"elementor-image-box-title\"><a href=\"https:\/\/nord-solution.com\/index.php\/nord-intelligent-home\/\">NORD Story \u2013 Innovation aus Norwegen<\/a><\/h5><p class=\"elementor-image-box-description\"><strong>Seit 2014<\/strong> entwickeln die NORD HT Gr\u00fcnder mit Unterst\u00fctzung norwegischer Fonds und f\u00fchrender Universit\u00e4ten der EU <strong>fortschrittliche Energiel\u00f6sungen<\/strong>. NORD HT integriert nahtlos Photovoltaik, Speicher, Heiztechnik und Elektromobilit\u00e4t und sorgt f\u00fcr maximale Energieeffizienz moderner Haushalte.<\/p><\/div><\/div>\t\t\t\t<\/div>\n\t\t\t\t<\/div>\n\t\t<div class=\"elementor-element elementor-element-e46dcff e-con-full animated-slow e-transform e-flex elementor-invisible e-con e-child\" data-id=\"e46dcff\" data-element_type=\"container\" data-settings=\"{&quot;animation&quot;:&quot;fadeIn&quot;,&quot;animation_delay&quot;:500,&quot;_transform_scale_effect_hover&quot;:{&quot;unit&quot;:&quot;px&quot;,&quot;size&quot;:1.05,&quot;sizes&quot;:[]},&quot;_transform_scale_effect_hover_tablet&quot;:{&quot;unit&quot;:&quot;px&quot;,&quot;size&quot;:&quot;&quot;,&quot;sizes&quot;:[]},&quot;_transform_scale_effect_hover_mobile&quot;:{&quot;unit&quot;:&quot;px&quot;,&quot;size&quot;:&quot;&quot;,&quot;sizes&quot;:[]}}\">\n\t\t\t\t<div class=\"elementor-element elementor-element-a8ae358 elementor-position-top elementor-widget elementor-widget-image-box\" data-id=\"a8ae358\" data-element_type=\"widget\" data-widget_type=\"image-box.default\">\n\t\t\t\t\t<div class=\"elementor-image-box-wrapper\"><figure class=\"elementor-image-box-img\"><a href=\"https:\/\/nord-solution.com\/index.php\/nord-intelligent-home\/\" tabindex=\"-1\"><img decoding=\"async\" width=\"1440\" height=\"900\" src=\"https:\/\/nord-solution.com\/wp-content\/uploads\/2025\/02\/EU-headpage.jpg\" class=\"attachment-full size-full wp-image-15886\" alt=\"\" srcset=\"https:\/\/nord-solution.com\/wp-content\/uploads\/2025\/02\/EU-headpage.jpg 1440w, https:\/\/nord-solution.com\/wp-content\/uploads\/2025\/02\/EU-headpage-600x375.jpg 600w, https:\/\/nord-solution.com\/wp-content\/uploads\/2025\/02\/EU-headpage-300x188.jpg 300w, https:\/\/nord-solution.com\/wp-content\/uploads\/2025\/02\/EU-headpage-1024x640.jpg 1024w, https:\/\/nord-solution.com\/wp-content\/uploads\/2025\/02\/EU-headpage-768x480.jpg 768w, https:\/\/nord-solution.com\/wp-content\/uploads\/2025\/02\/EU-headpage-500x313.jpg 500w, https:\/\/nord-solution.com\/wp-content\/uploads\/2025\/02\/EU-headpage-800x500.jpg 800w\" sizes=\"(max-width: 1440px) 100vw, 1440px\" \/><\/a><\/figure><div class=\"elementor-image-box-content\"><h5 class=\"elementor-image-box-title\"><a href=\"https:\/\/nord-solution.com\/index.php\/nord-intelligent-home\/\">Europ\u00e4ische Qualit\u00e4t und Wertsch\u00f6pfung<\/a><\/h5><p class=\"elementor-image-box-description\"><strong>Made in EU<\/strong> hat h\u00f6chste Priorit\u00e4t, gew\u00e4hrleistet h\u00f6chste Qualit\u00e4tsstandards und Produkthaltbarkeit. <strong>NORD HT Produktionsst\u00e4tten in der EU stellen 68 % aller Katalogprodukte her<\/strong>. \u00a0NORD HT unterst\u00fctzt aktiv lokale Zulieferer, f\u00f6rdert lokale Innovationen, und achtet auf nachhaltige Produktionsverfahren.<\/p><\/div><\/div>\t\t\t\t<\/div>\n\t\t\t\t<\/div>\n\t\t<div class=\"elementor-element elementor-element-8d589b3 e-con-full animated-slow e-transform e-flex elementor-invisible e-con e-child\" data-id=\"8d589b3\" data-element_type=\"container\" data-settings=\"{&quot;animation&quot;:&quot;fadeIn&quot;,&quot;animation_delay&quot;:1000,&quot;_transform_scale_effect_hover&quot;:{&quot;unit&quot;:&quot;px&quot;,&quot;size&quot;:1.05,&quot;sizes&quot;:[]},&quot;_transform_scale_effect_hover_tablet&quot;:{&quot;unit&quot;:&quot;px&quot;,&quot;size&quot;:&quot;&quot;,&quot;sizes&quot;:[]},&quot;_transform_scale_effect_hover_mobile&quot;:{&quot;unit&quot;:&quot;px&quot;,&quot;size&quot;:&quot;&quot;,&quot;sizes&quot;:[]}}\">\n\t\t\t\t<div class=\"elementor-element elementor-element-0880112 elementor-position-top elementor-widget elementor-widget-image-box\" data-id=\"0880112\" data-element_type=\"widget\" data-widget_type=\"image-box.default\">\n\t\t\t\t\t<div class=\"elementor-image-box-wrapper\"><figure class=\"elementor-image-box-img\"><a href=\"https:\/\/nord-solution.com\/index.php\/nord-intelligent-home\/\" tabindex=\"-1\"><img decoding=\"async\" width=\"1440\" height=\"900\" src=\"https:\/\/nord-solution.com\/wp-content\/uploads\/2025\/02\/NORD-security-HEAD-2.jpg\" class=\"attachment-full size-full wp-image-15980\" alt=\"\" srcset=\"https:\/\/nord-solution.com\/wp-content\/uploads\/2025\/02\/NORD-security-HEAD-2.jpg 1440w, https:\/\/nord-solution.com\/wp-content\/uploads\/2025\/02\/NORD-security-HEAD-2-600x375.jpg 600w, https:\/\/nord-solution.com\/wp-content\/uploads\/2025\/02\/NORD-security-HEAD-2-300x188.jpg 300w, https:\/\/nord-solution.com\/wp-content\/uploads\/2025\/02\/NORD-security-HEAD-2-1024x640.jpg 1024w, https:\/\/nord-solution.com\/wp-content\/uploads\/2025\/02\/NORD-security-HEAD-2-768x480.jpg 768w, https:\/\/nord-solution.com\/wp-content\/uploads\/2025\/02\/NORD-security-HEAD-2-500x313.jpg 500w, https:\/\/nord-solution.com\/wp-content\/uploads\/2025\/02\/NORD-security-HEAD-2-800x500.jpg 800w\" sizes=\"(max-width: 1440px) 100vw, 1440px\" \/><\/a><\/figure><div class=\"elementor-image-box-content\"><h5 class=\"elementor-image-box-title\"><a href=\"https:\/\/nord-solution.com\/index.php\/nord-intelligent-home\/\">Sicheres und intelligentes Energiemanagement<\/a><\/h5><p class=\"elementor-image-box-description\">Die IT-Infrastruktur und Entwicklung von NORD befindet sich <strong>in Europa<\/strong> und gew\u00e4hrleistet den sicheren und <strong>zuverl\u00e4ssigen Betrieb der EcoCloud auf Datenservern in der EU<\/strong>, die von Amazon gehostet werden. <strong>Cybersicherheit<\/strong> ist f\u00fcr uns an erster Stelle und sch\u00fctzt Sie vor Bedrohungen aus dem Netz.<\/p><\/div><\/div>\t\t\t\t<\/div>\n\t\t\t\t<\/div>\n\t\t<div class=\"elementor-element elementor-element-187b3ce e-con-full animated-slow e-transform e-flex elementor-invisible e-con e-child\" data-id=\"187b3ce\" data-element_type=\"container\" data-settings=\"{&quot;animation&quot;:&quot;fadeIn&quot;,&quot;animation_delay&quot;:1500,&quot;_transform_scale_effect_hover&quot;:{&quot;unit&quot;:&quot;px&quot;,&quot;size&quot;:1.05,&quot;sizes&quot;:[]},&quot;_transform_scale_effect_hover_tablet&quot;:{&quot;unit&quot;:&quot;px&quot;,&quot;size&quot;:&quot;&quot;,&quot;sizes&quot;:[]},&quot;_transform_scale_effect_hover_mobile&quot;:{&quot;unit&quot;:&quot;px&quot;,&quot;size&quot;:&quot;&quot;,&quot;sizes&quot;:[]}}\">\n\t\t\t\t<div class=\"elementor-element elementor-element-0d7326d elementor-position-top elementor-widget elementor-widget-image-box\" data-id=\"0d7326d\" data-element_type=\"widget\" data-widget_type=\"image-box.default\">\n\t\t\t\t\t<div class=\"elementor-image-box-wrapper\"><figure class=\"elementor-image-box-img\"><a href=\"https:\/\/nord-solution.com\/index.php\/products\/ecoheat\/\" tabindex=\"-1\"><img loading=\"lazy\" decoding=\"async\" width=\"1440\" height=\"900\" src=\"https:\/\/nord-solution.com\/wp-content\/uploads\/2025\/02\/NORD-effecicenty-HEADPAGE.jpg\" class=\"attachment-full size-full wp-image-15887\" alt=\"\" srcset=\"https:\/\/nord-solution.com\/wp-content\/uploads\/2025\/02\/NORD-effecicenty-HEADPAGE.jpg 1440w, https:\/\/nord-solution.com\/wp-content\/uploads\/2025\/02\/NORD-effecicenty-HEADPAGE-600x375.jpg 600w, https:\/\/nord-solution.com\/wp-content\/uploads\/2025\/02\/NORD-effecicenty-HEADPAGE-300x188.jpg 300w, https:\/\/nord-solution.com\/wp-content\/uploads\/2025\/02\/NORD-effecicenty-HEADPAGE-1024x640.jpg 1024w, https:\/\/nord-solution.com\/wp-content\/uploads\/2025\/02\/NORD-effecicenty-HEADPAGE-768x480.jpg 768w, https:\/\/nord-solution.com\/wp-content\/uploads\/2025\/02\/NORD-effecicenty-HEADPAGE-500x313.jpg 500w, https:\/\/nord-solution.com\/wp-content\/uploads\/2025\/02\/NORD-effecicenty-HEADPAGE-800x500.jpg 800w\" sizes=\"(max-width: 1440px) 100vw, 1440px\" \/><\/a><\/figure><div class=\"elementor-image-box-content\"><h5 class=\"elementor-image-box-title\"><a href=\"https:\/\/nord-solution.com\/index.php\/products\/ecoheat\/\">Innovative L\u00f6sungen f\u00fcr maximale Effizienz<\/a><\/h5><p class=\"elementor-image-box-description\">NORD liefert hochmoderne Energiel\u00f6sungen, darunter den <strong>patentierten EcoBoiler<\/strong>, den einzigartigen <strong>EcoMode<\/strong> erweitert um den <strong>OptiMode<\/strong>, um nur einige zu nennen, und sorgt so f\u00fcr herausragende Energieeffizienz, optimierten Verbrauch und intelligentes Energiemanagement f\u00fcr moderne Geb\u00e4ude.<\/p><\/div><\/div>\t\t\t\t<\/div>\n\t\t\t\t<\/div>\n\t\t\t\t\t<\/div>\n\t\t\t\t<\/div>\n\t\t<div class=\"elementor-element elementor-element-d37dfca e-flex e-con-boxed e-con e-parent\" data-id=\"d37dfca\" data-element_type=\"container\">\n\t\t\t\t\t<div class=\"e-con-inner\">\n\t\t\t\t<div class=\"elementor-element elementor-element-5993779 elementor-widget elementor-widget-spacer\" data-id=\"5993779\" data-element_type=\"widget\" data-widget_type=\"spacer.default\">\n\t\t\t\t\t\t\t<div class=\"elementor-spacer\">\n\t\t\t<div class=\"elementor-spacer-inner\"><\/div>\n\t\t<\/div>\n\t\t\t\t\t\t<\/div>\n\t\t\t\t\t<\/div>\n\t\t\t\t<\/div>\n\t\t<div class=\"elementor-element elementor-element-25a2022 e-flex e-con-boxed e-con e-parent\" data-id=\"25a2022\" data-element_type=\"container\">\n\t\t\t\t\t<div class=\"e-con-inner\">\n\t\t\t\t<div class=\"elementor-element elementor-element-aa31b7a elementor-widget elementor-widget-spacer\" data-id=\"aa31b7a\" data-element_type=\"widget\" data-widget_type=\"spacer.default\">\n\t\t\t\t\t\t\t<div class=\"elementor-spacer\">\n\t\t\t<div class=\"elementor-spacer-inner\"><\/div>\n\t\t<\/div>\n\t\t\t\t\t\t<\/div>\n\t\t\t\t\t<\/div>\n\t\t\t\t<\/div>\n\t\t\t\t<section class=\"elementor-section elementor-top-section elementor-element elementor-element-16041576 elementor-section-boxed elementor-section-height-default elementor-section-height-default\" data-id=\"16041576\" data-element_type=\"section\" data-settings=\"{&quot;background_background&quot;:&quot;classic&quot;}\">\n\t\t\t\t\t\t<div class=\"elementor-container elementor-column-gap-no\">\n\t\t\t\t\t<div class=\"elementor-column elementor-col-100 elementor-top-column elementor-element elementor-element-5768b6b9\" data-id=\"5768b6b9\" data-element_type=\"column\">\n\t\t\t<div class=\"elementor-widget-wrap elementor-element-populated\">\n\t\t\t\t\t\t<div class=\"elementor-element elementor-element-256cd90e animated-slow elementor-invisible elementor-widget elementor-widget-heading\" data-id=\"256cd90e\" data-element_type=\"widget\" data-settings=\"{&quot;_animation&quot;:&quot;fadeIn&quot;}\" data-widget_type=\"heading.default\">\n\t\t\t\t\t<h2 class=\"elementor-heading-title elementor-size-default\">Sind Sie bereit f\u00fcr die Zukunft?<\/h2>\t\t\t\t<\/div>\n\t\t\t\t<div class=\"elementor-element elementor-element-98f0199 animated-slow elementor-invisible elementor-widget elementor-widget-heading\" data-id=\"98f0199\" data-element_type=\"widget\" data-settings=\"{&quot;_animation&quot;:&quot;fadeIn&quot;}\" data-widget_type=\"heading.default\">\n\t\t\t\t\t<h2 class=\"elementor-heading-title elementor-size-default\">Holen Sie sich jetzt weitere Informationen!<\/h2>\t\t\t\t<\/div>\n\t\t\t\t<section class=\"elementor-section elementor-inner-section elementor-element elementor-element-6c5c53b8 elementor-section-boxed elementor-section-height-default elementor-section-height-default\" data-id=\"6c5c53b8\" data-element_type=\"section\">\n\t\t\t\t\t\t<div class=\"elementor-container elementor-column-gap-default\">\n\t\t\t\t\t<div class=\"elementor-column elementor-col-50 elementor-inner-column elementor-element elementor-element-59719331\" data-id=\"59719331\" data-element_type=\"column\">\n\t\t\t<div class=\"elementor-widget-wrap elementor-element-populated\">\n\t\t\t\t\t\t<div class=\"elementor-element elementor-element-3a3302b4 elementor-mobile-align-justify animated-fast elementor-align-center elementor-invisible elementor-widget elementor-widget-button\" data-id=\"3a3302b4\" data-element_type=\"widget\" data-settings=\"{&quot;_animation&quot;:&quot;fadeIn&quot;,&quot;_animation_delay&quot;:400}\" data-widget_type=\"button.default\">\n\t\t\t\t\t\t\t\t\t\t<a class=\"elementor-button elementor-button-link elementor-size-sm elementor-animation-float\" href=\"https:\/\/nord-solution.com\/index.php\/de\/nord-intelligentes-zuhause\/\">\n\t\t\t\t\t\t<span class=\"elementor-button-content-wrapper\">\n\t\t\t\t\t\t\t\t\t<span class=\"elementor-button-text\">Mehr lesen<\/span>\n\t\t\t\t\t<\/span>\n\t\t\t\t\t<\/a>\n\t\t\t\t\t\t\t\t<\/div>\n\t\t\t\t\t<\/div>\n\t\t<\/div>\n\t\t\t\t<div class=\"elementor-column elementor-col-50 elementor-inner-column elementor-element elementor-element-1519d77e\" data-id=\"1519d77e\" data-element_type=\"column\">\n\t\t\t<div class=\"elementor-widget-wrap elementor-element-populated\">\n\t\t\t\t\t\t<div class=\"elementor-element elementor-element-48130ce4 elementor-mobile-align-justify animated-fast elementor-align-center elementor-invisible elementor-widget elementor-widget-button\" data-id=\"48130ce4\" data-element_type=\"widget\" data-settings=\"{&quot;_animation&quot;:&quot;fadeIn&quot;,&quot;_animation_delay&quot;:400}\" data-widget_type=\"button.default\">\n\t\t\t\t\t\t\t\t\t\t<a class=\"elementor-button elementor-button-link elementor-size-sm elementor-animation-float\" href=\"https:\/\/nord-solution.com\/DownloadCenter\/api.php?lang=DE&#038;name=BRC_NORD_COMPANY\" target=\"_blank\">\n\t\t\t\t\t\t<span class=\"elementor-button-content-wrapper\">\n\t\t\t\t\t\t\t\t\t<span class=\"elementor-button-text\">Unternehmensbrosch\u00fcre herunterladen<\/span>\n\t\t\t\t\t<\/span>\n\t\t\t\t\t<\/a>\n\t\t\t\t\t\t\t\t<\/div>\n\t\t\t\t\t<\/div>\n\t\t<\/div>\n\t\t\t\t\t<\/div>\n\t\t<\/section>\n\t\t\t\t\t<\/div>\n\t\t<\/div>\n\t\t\t\t\t<\/div>\n\t\t<\/section>\n\t\t\t\t<\/div>\n\t\t","protected":false},"excerpt":{"rendered":"<p>We have the solution Die beste Kopplung von Fotovoltaik mit Heizungstechnik NORD Story \u2013 Innovation aus Norwegen Seit 2014 entwickeln die NORD HT Gr\u00fcnder mit Unterst\u00fctzung norwegischer Fonds und f\u00fchrender Universit\u00e4ten der EU fortschrittliche Energiel\u00f6sungen. NORD HT integriert nahtlos Photovoltaik, Speicher, Heiztechnik und Elektromobilit\u00e4t und sorgt f\u00fcr maximale Energieeffizienz moderner Haushalte. Europ\u00e4ische Qualit\u00e4t und Wertsch\u00f6pfung [&hellip;]<\/p>\n","protected":false},"author":1,"featured_media":0,"parent":0,"menu_order":0,"comment_status":"closed","ping_status":"closed","template":"","meta":{"om_disable_all_campaigns":false,"_monsterinsights_skip_tracking":false,"_monsterinsights_sitenote_active":false,"_monsterinsights_sitenote_note":"","_monsterinsights_sitenote_category":0,"footnotes":""},"_links":{"self":[{"href":"https:\/\/nord-solution.com\/index.php\/wp-json\/wp\/v2\/pages\/16017"}],"collection":[{"href":"https:\/\/nord-solution.com\/index.php\/wp-json\/wp\/v2\/pages"}],"about":[{"href":"https:\/\/nord-solution.com\/index.php\/wp-json\/wp\/v2\/types\/page"}],"author":[{"embeddable":true,"href":"https:\/\/nord-solution.com\/index.php\/wp-json\/wp\/v2\/users\/1"}],"replies":[{"embeddable":true,"href":"https:\/\/nord-solution.com\/index.php\/wp-json\/wp\/v2\/comments?post=16017"}],"version-history":[{"count":10,"href":"https:\/\/nord-solution.com\/index.php\/wp-json\/wp\/v2\/pages\/16017\/revisions"}],"predecessor-version":[{"id":16371,"href":"https:\/\/nord-solution.com\/index.php\/wp-json\/wp\/v2\/pages\/16017\/revisions\/16371"}],"wp:attachment":[{"href":"https:\/\/nord-solution.com\/index.php\/wp-json\/wp\/v2\/media?parent=16017"}],"curies":[{"name":"wp","href":"https:\/\/api.w.org\/{rel}","templated":true}]}}