{"id":15733,"date":"2025-02-21T14:29:24","date_gmt":"2025-02-21T13:29:24","guid":{"rendered":"https:\/\/nord-solution.com\/?page_id=15733"},"modified":"2025-04-10T16:29:21","modified_gmt":"2025-04-10T14:29:21","slug":"ecofresh-tank-no","status":"publish","type":"page","link":"https:\/\/nord-solution.com\/index.php\/nb\/ecofresh-tank-no\/","title":{"rendered":"EcoFresh Tank NO"},"content":{"rendered":"\t\t<div data-elementor-type=\"wp-page\" data-elementor-id=\"15733\" class=\"elementor elementor-15733\" data-elementor-post-type=\"page\">\n\t\t\t\t<div class=\"elementor-element elementor-element-d69dfaa e-flex e-con-boxed e-con e-parent\" data-id=\"d69dfaa\" data-element_type=\"container\">\n\t\t\t\t\t<div class=\"e-con-inner\">\n\t\t<div class=\"elementor-element elementor-element-581fd864 e-con-full e-flex e-con e-child\" data-id=\"581fd864\" data-element_type=\"container\">\n\t\t\t\t<div class=\"elementor-element elementor-element-5e7d1da9 elementor-widget elementor-widget-heading\" data-id=\"5e7d1da9\" data-element_type=\"widget\" data-widget_type=\"heading.default\">\n\t\t\t\t\t<h2 class=\"elementor-heading-title elementor-size-default\">NORD EcoFresh Tank<\/h2>\t\t\t\t<\/div>\n\t\t\t\t<div class=\"elementor-element elementor-element-2e3d116f elementor-widget elementor-widget-heading\" data-id=\"2e3d116f\" data-element_type=\"widget\" data-widget_type=\"heading.default\">\n\t\t\t\t\t<h2 class=\"elementor-heading-title elementor-size-default\">Energibesparende varmtvannstank<\/h2>\t\t\t\t<\/div>\n\t\t\t\t<div class=\"elementor-element elementor-element-4c76cff8 elementor-widget elementor-widget-heading\" data-id=\"4c76cff8\" data-element_type=\"widget\" data-widget_type=\"heading.default\">\n\t\t\t\t\t<h2 class=\"elementor-heading-title elementor-size-default\">Modeller: 220 | 300 <\/h2>\t\t\t\t<\/div>\n\t\t\t\t<div class=\"elementor-element elementor-element-6d7a7c0d elementor-widget elementor-widget-text-editor\" data-id=\"6d7a7c0d\" data-element_type=\"widget\" data-widget_type=\"text-editor.default\">\n\t\t\t\t\t\t\t\t\t<p>NORD EcoFresh Tank er en moderne varmtvannsbereder (tappevann\/hjemmebruk) designet for maksimal ytelse og energisparing. Den spesielle elliptiske varmeveksleren med utvidet varmeoverf\u00f8ringsflate sikrer raskere og mer effektiv oppvarming av vann, spesielt i kombinasjon med NORD EcoHeat varmepumper. Den slanke og plassbesparende designen gj\u00f8r installasjonen enkel, selv i mindre tekniske rom.<\/p>\t\t\t\t\t\t\t\t<\/div>\n\t\t\t\t<\/div>\n\t\t<div class=\"elementor-element elementor-element-5e79a317 e-con-full e-flex e-con e-child\" data-id=\"5e79a317\" data-element_type=\"container\">\n\t\t\t\t<div class=\"elementor-element elementor-element-9dcc878 elementor-widget elementor-widget-image\" data-id=\"9dcc878\" data-element_type=\"widget\" data-widget_type=\"image.default\">\n\t\t\t\t\t\t\t\t\t\t\t\t\t\t\t<img fetchpriority=\"high\" decoding=\"async\" width=\"800\" height=\"800\" src=\"https:\/\/nord-solution.com\/wp-content\/uploads\/2025\/03\/EcoFreshTank-1024x1024.jpg\" class=\"attachment-large size-large wp-image-17655\" alt=\"\" srcset=\"https:\/\/nord-solution.com\/wp-content\/uploads\/2025\/03\/EcoFreshTank-1024x1024.jpg 1024w, https:\/\/nord-solution.com\/wp-content\/uploads\/2025\/03\/EcoFreshTank-300x300.jpg 300w, https:\/\/nord-solution.com\/wp-content\/uploads\/2025\/03\/EcoFreshTank-100x100.jpg 100w, https:\/\/nord-solution.com\/wp-content\/uploads\/2025\/03\/EcoFreshTank-600x600.jpg 600w, https:\/\/nord-solution.com\/wp-content\/uploads\/2025\/03\/EcoFreshTank-150x150.jpg 150w, https:\/\/nord-solution.com\/wp-content\/uploads\/2025\/03\/EcoFreshTank-768x768.jpg 768w, https:\/\/nord-solution.com\/wp-content\/uploads\/2025\/03\/EcoFreshTank-700x700.jpg 700w, https:\/\/nord-solution.com\/wp-content\/uploads\/2025\/03\/EcoFreshTank-500x500.jpg 500w, https:\/\/nord-solution.com\/wp-content\/uploads\/2025\/03\/EcoFreshTank-800x800.jpg 800w, https:\/\/nord-solution.com\/wp-content\/uploads\/2025\/03\/EcoFreshTank.jpg 1500w\" sizes=\"(max-width: 800px) 100vw, 800px\" \/>\t\t\t\t\t\t\t\t\t\t\t\t\t\t\t<\/div>\n\t\t\t\t<\/div>\n\t\t\t\t\t<\/div>\n\t\t\t\t<\/div>\n\t\t\t\t<section class=\"elementor-section elementor-top-section elementor-element elementor-element-34bc5431 elementor-section-content-middle elementor-section-boxed elementor-section-height-default elementor-section-height-default\" data-id=\"34bc5431\" data-element_type=\"section\" data-settings=\"{&quot;background_background&quot;:&quot;classic&quot;}\">\n\t\t\t\t\t\t<div class=\"elementor-container elementor-column-gap-default\">\n\t\t\t\t\t<div class=\"elementor-column elementor-col-50 elementor-top-column elementor-element elementor-element-5b74d618\" data-id=\"5b74d618\" data-element_type=\"column\">\n\t\t\t<div class=\"elementor-widget-wrap elementor-element-populated\">\n\t\t\t\t\t\t<div class=\"elementor-element elementor-element-7d4e1a5a elementor-widget elementor-widget-image\" data-id=\"7d4e1a5a\" data-element_type=\"widget\" data-widget_type=\"image.default\">\n\t\t\t\t\t\t\t\t\t\t\t\t\t\t\t<img decoding=\"async\" width=\"150\" height=\"150\" src=\"https:\/\/nord-solution.com\/wp-content\/uploads\/2023\/04\/ikona_hot_water-150x150.png\" class=\"attachment-thumbnail size-thumbnail wp-image-1989\" alt=\"\" srcset=\"https:\/\/nord-solution.com\/wp-content\/uploads\/2023\/04\/ikona_hot_water-150x150.png 150w, https:\/\/nord-solution.com\/wp-content\/uploads\/2023\/04\/ikona_hot_water-300x300.png 300w, https:\/\/nord-solution.com\/wp-content\/uploads\/2023\/04\/ikona_hot_water-100x100.png 100w, https:\/\/nord-solution.com\/wp-content\/uploads\/2023\/04\/ikona_hot_water.png 260w\" sizes=\"(max-width: 150px) 100vw, 150px\" \/>\t\t\t\t\t\t\t\t\t\t\t\t\t\t\t<\/div>\n\t\t\t\t\t<\/div>\n\t\t<\/div>\n\t\t\t\t<div class=\"elementor-column elementor-col-50 elementor-top-column elementor-element elementor-element-3a05a060\" data-id=\"3a05a060\" data-element_type=\"column\">\n\t\t\t<div class=\"elementor-widget-wrap elementor-element-populated\">\n\t\t\t\t\t\t<div class=\"elementor-element elementor-element-67c94605 animated-slow elementor-widget__width-inherit elementor-invisible elementor-widget elementor-widget-heading\" data-id=\"67c94605\" data-element_type=\"widget\" data-settings=\"{&quot;_animation&quot;:&quot;fadeInRight&quot;,&quot;_animation_delay&quot;:500}\" data-widget_type=\"heading.default\">\n\t\t\t\t\t<h6 class=\"elementor-heading-title elementor-size-default\">AVANSERT VARMEVEKSLERTEKNOLOGI<\/h6>\t\t\t\t<\/div>\n\t\t\t\t<div class=\"elementor-element elementor-element-7edf90e9 elementor-widget__width-initial elementor-widget elementor-widget-text-editor\" data-id=\"7edf90e9\" data-element_type=\"widget\" data-widget_type=\"text-editor.default\">\n\t\t\t\t\t\t\t\t\t<p>Den unike produksjonsprosessen for den elliptiske varmeveksleren muliggj\u00f8r at r\u00f8ret kan flattrykkes og vikles, samtidig som det bevarer sin strukturelle integritet, styrke og ytelsesegenskaper.<\/p>\t\t\t\t\t\t\t\t<\/div>\n\t\t\t\t\t<\/div>\n\t\t<\/div>\n\t\t\t\t\t<\/div>\n\t\t<\/section>\n\t\t\t\t<section class=\"elementor-section elementor-top-section elementor-element elementor-element-7211fa77 elementor-section-boxed elementor-section-height-default elementor-section-height-default\" data-id=\"7211fa77\" data-element_type=\"section\">\n\t\t\t\t\t\t<div class=\"elementor-container elementor-column-gap-default\">\n\t\t\t\t\t<div class=\"elementor-column elementor-col-100 elementor-top-column elementor-element elementor-element-3ce199f0\" data-id=\"3ce199f0\" data-element_type=\"column\">\n\t\t\t<div class=\"elementor-widget-wrap elementor-element-populated\">\n\t\t\t\t\t\t<div class=\"elementor-element elementor-element-15d9c57e elementor-widget-divider--view-line elementor-widget elementor-widget-divider\" data-id=\"15d9c57e\" data-element_type=\"widget\" data-widget_type=\"divider.default\">\n\t\t\t\t\t\t\t<div class=\"elementor-divider\">\n\t\t\t<span class=\"elementor-divider-separator\">\n\t\t\t\t\t\t<\/span>\n\t\t<\/div>\n\t\t\t\t\t\t<\/div>\n\t\t\t\t\t<\/div>\n\t\t<\/div>\n\t\t\t\t\t<\/div>\n\t\t<\/section>\n\t\t\t\t<section class=\"elementor-section elementor-top-section elementor-element elementor-element-23311af2 elementor-section-boxed elementor-section-height-default elementor-section-height-default\" data-id=\"23311af2\" data-element_type=\"section\">\n\t\t\t\t\t\t<div class=\"elementor-container elementor-column-gap-default\">\n\t\t\t\t\t<div class=\"elementor-column elementor-col-50 elementor-top-column elementor-element elementor-element-3a9a6ca9\" data-id=\"3a9a6ca9\" data-element_type=\"column\">\n\t\t\t<div class=\"elementor-widget-wrap elementor-element-populated\">\n\t\t\t\t\t\t<div class=\"elementor-element elementor-element-18195b2a animated-slow elementor-widget__width-inherit elementor-invisible elementor-widget elementor-widget-heading\" data-id=\"18195b2a\" data-element_type=\"widget\" data-settings=\"{&quot;_animation&quot;:&quot;fadeInLeft&quot;,&quot;_animation_delay&quot;:800}\" data-widget_type=\"heading.default\">\n\t\t\t\t\t<h6 class=\"elementor-heading-title elementor-size-default\">ADVANCED HEAT EXCHANGER TECHNOLOGY<\/h6>\t\t\t\t<\/div>\n\t\t\t\t<div class=\"elementor-element elementor-element-65ea36b6 elementor-widget elementor-widget-text-editor\" data-id=\"65ea36b6\" data-element_type=\"widget\" data-widget_type=\"text-editor.default\">\n\t\t\t\t\t\t\t\t\t<p style=\"text-align: center;\">The <strong>unique manufacturing process<\/strong> of the elliptical heat exchanger allows the tube to be flattened and wound while <strong>preserving its structural integrity, strength, and performance <\/strong>characteristics.<\/p>\t\t\t\t\t\t\t\t<\/div>\n\t\t\t\t\t<\/div>\n\t\t<\/div>\n\t\t\t\t<div class=\"elementor-column elementor-col-50 elementor-top-column elementor-element elementor-element-3c423589\" data-id=\"3c423589\" data-element_type=\"column\">\n\t\t\t<div class=\"elementor-widget-wrap elementor-element-populated\">\n\t\t\t\t\t\t<div class=\"elementor-element elementor-element-6b978a4b elementor-widget elementor-widget-image\" data-id=\"6b978a4b\" data-element_type=\"widget\" data-widget_type=\"image.default\">\n\t\t\t\t\t\t\t\t\t\t\t\t\t\t\t<img decoding=\"async\" width=\"300\" height=\"300\" src=\"https:\/\/nord-solution.com\/wp-content\/uploads\/2024\/11\/ikona_ecoboiler-hybrid-spiral-elipsa-prurez.svg\" class=\"attachment-medium size-medium wp-image-12294\" alt=\"\" \/>\t\t\t\t\t\t\t\t\t\t\t\t\t\t\t<\/div>\n\t\t\t\t\t<\/div>\n\t\t<\/div>\n\t\t\t\t\t<\/div>\n\t\t<\/section>\n\t\t\t\t<section class=\"elementor-section elementor-top-section elementor-element elementor-element-6f3895fc elementor-section-boxed elementor-section-height-default elementor-section-height-default\" data-id=\"6f3895fc\" data-element_type=\"section\">\n\t\t\t\t\t\t<div class=\"elementor-container elementor-column-gap-default\">\n\t\t\t\t\t<div class=\"elementor-column elementor-col-100 elementor-top-column elementor-element elementor-element-748463e9\" data-id=\"748463e9\" data-element_type=\"column\">\n\t\t\t<div class=\"elementor-widget-wrap elementor-element-populated\">\n\t\t\t\t\t\t<div class=\"elementor-element elementor-element-7873e0ad elementor-widget-divider--view-line elementor-widget elementor-widget-divider\" data-id=\"7873e0ad\" data-element_type=\"widget\" data-widget_type=\"divider.default\">\n\t\t\t\t\t\t\t<div class=\"elementor-divider\">\n\t\t\t<span class=\"elementor-divider-separator\">\n\t\t\t\t\t\t<\/span>\n\t\t<\/div>\n\t\t\t\t\t\t<\/div>\n\t\t\t\t\t<\/div>\n\t\t<\/div>\n\t\t\t\t\t<\/div>\n\t\t<\/section>\n\t\t\t\t<section class=\"elementor-section elementor-top-section elementor-element elementor-element-255ae813 elementor-section-content-middle elementor-section-boxed elementor-section-height-default elementor-section-height-default\" data-id=\"255ae813\" data-element_type=\"section\" data-settings=\"{&quot;background_background&quot;:&quot;classic&quot;}\">\n\t\t\t\t\t\t<div class=\"elementor-container elementor-column-gap-default\">\n\t\t\t\t\t<div class=\"elementor-column elementor-col-50 elementor-top-column elementor-element elementor-element-53a0e54d\" data-id=\"53a0e54d\" data-element_type=\"column\">\n\t\t\t<div class=\"elementor-widget-wrap elementor-element-populated\">\n\t\t\t\t\t\t<div class=\"elementor-element elementor-element-66cf1df5 elementor-widget elementor-widget-image\" data-id=\"66cf1df5\" data-element_type=\"widget\" data-widget_type=\"image.default\">\n\t\t\t\t\t\t\t\t\t\t\t\t\t\t\t<img loading=\"lazy\" decoding=\"async\" width=\"300\" height=\"300\" src=\"https:\/\/nord-solution.com\/wp-content\/uploads\/2024\/10\/ikona_ecoboiler-hybrid-stihly.svg\" class=\"attachment-medium size-medium wp-image-11555\" alt=\"\" \/>\t\t\t\t\t\t\t\t\t\t\t\t\t\t\t<\/div>\n\t\t\t\t\t<\/div>\n\t\t<\/div>\n\t\t\t\t<div class=\"elementor-column elementor-col-50 elementor-top-column elementor-element elementor-element-b7a1cd2\" data-id=\"b7a1cd2\" data-element_type=\"column\">\n\t\t\t<div class=\"elementor-widget-wrap elementor-element-populated\">\n\t\t\t\t\t\t<div class=\"elementor-element elementor-element-1a08b891 animated-slow elementor-widget__width-inherit elementor-invisible elementor-widget elementor-widget-heading\" data-id=\"1a08b891\" data-element_type=\"widget\" data-settings=\"{&quot;_animation&quot;:&quot;fadeInRight&quot;,&quot;_animation_delay&quot;:500}\" data-widget_type=\"heading.default\">\n\t\t\t\t\t<h6 class=\"elementor-heading-title elementor-size-default\">SLANKT LAGRINGSTANKDESIGN<\/h6>\t\t\t\t<\/div>\n\t\t\t\t<div class=\"elementor-element elementor-element-557c57b9 elementor-widget__width-initial elementor-widget elementor-widget-text-editor\" data-id=\"557c57b9\" data-element_type=\"widget\" data-widget_type=\"text-editor.default\">\n\t\t\t\t\t\t\t\t\t<p style=\"text-align: center;\">Den smale formen p\u00e5 tanken er designet for \u00e5 maksimere plassutnyttelsen, noe som gj\u00f8r den til en ideell l\u00f8sning for tekniske rom med begrenset plass.<\/p>\t\t\t\t\t\t\t\t<\/div>\n\t\t\t\t\t<\/div>\n\t\t<\/div>\n\t\t\t\t\t<\/div>\n\t\t<\/section>\n\t\t\t\t<section class=\"elementor-section elementor-top-section elementor-element elementor-element-2f886e64 elementor-section-boxed elementor-section-height-default elementor-section-height-default\" data-id=\"2f886e64\" data-element_type=\"section\">\n\t\t\t\t\t\t<div class=\"elementor-container elementor-column-gap-default\">\n\t\t\t\t\t<div class=\"elementor-column elementor-col-100 elementor-top-column elementor-element elementor-element-4ebfdb0\" data-id=\"4ebfdb0\" data-element_type=\"column\">\n\t\t\t<div class=\"elementor-widget-wrap elementor-element-populated\">\n\t\t\t\t\t\t<div class=\"elementor-element elementor-element-794e2fae elementor-widget-divider--view-line elementor-widget elementor-widget-divider\" data-id=\"794e2fae\" data-element_type=\"widget\" data-widget_type=\"divider.default\">\n\t\t\t\t\t\t\t<div class=\"elementor-divider\">\n\t\t\t<span class=\"elementor-divider-separator\">\n\t\t\t\t\t\t<\/span>\n\t\t<\/div>\n\t\t\t\t\t\t<\/div>\n\t\t\t\t\t<\/div>\n\t\t<\/div>\n\t\t\t\t\t<\/div>\n\t\t<\/section>\n\t\t\t\t<section class=\"elementor-section elementor-top-section elementor-element elementor-element-277bb34d elementor-section-boxed elementor-section-height-default elementor-section-height-default\" data-id=\"277bb34d\" data-element_type=\"section\">\n\t\t\t\t\t\t<div class=\"elementor-container elementor-column-gap-default\">\n\t\t\t\t\t<div class=\"elementor-column elementor-col-50 elementor-top-column elementor-element elementor-element-1b0987ed\" data-id=\"1b0987ed\" data-element_type=\"column\">\n\t\t\t<div class=\"elementor-widget-wrap elementor-element-populated\">\n\t\t\t\t\t\t<div class=\"elementor-element elementor-element-5a15c911 animated-slow elementor-widget__width-inherit elementor-invisible elementor-widget elementor-widget-heading\" data-id=\"5a15c911\" data-element_type=\"widget\" data-settings=\"{&quot;_animation&quot;:&quot;fadeInLeft&quot;,&quot;_animation_delay&quot;:800}\" data-widget_type=\"heading.default\">\n\t\t\t\t\t<h6 class=\"elementor-heading-title elementor-size-default\">OPTIMALISERT KAPASITET FOR MAKSIMAL EFFEKTIVITET<\/h6>\t\t\t\t<\/div>\n\t\t\t\t<div class=\"elementor-element elementor-element-19944988 elementor-widget elementor-widget-text-editor\" data-id=\"19944988\" data-element_type=\"widget\" data-widget_type=\"text-editor.default\">\n\t\t\t\t\t\t\t\t\t<p style=\"text-align: center;\">NORD EcoFresh Tank 300 har et brukbart volum p\u00e5 291 liter, mens NORD EcoFresh Tank 220 gir 203 liter, og sikrer dermed tilstrekkelig varmtvannsforsyning for ulike husholdningsbehov.<\/p>\t\t\t\t\t\t\t\t<\/div>\n\t\t\t\t\t<\/div>\n\t\t<\/div>\n\t\t\t\t<div class=\"elementor-column elementor-col-50 elementor-top-column elementor-element elementor-element-34dcd353\" data-id=\"34dcd353\" data-element_type=\"column\">\n\t\t\t<div class=\"elementor-widget-wrap elementor-element-populated\">\n\t\t\t\t\t\t<div class=\"elementor-element elementor-element-4c871dac elementor-widget elementor-widget-image\" data-id=\"4c871dac\" data-element_type=\"widget\" data-widget_type=\"image.default\">\n\t\t\t\t\t\t\t\t\t\t\t\t\t\t\t<img loading=\"lazy\" decoding=\"async\" width=\"300\" height=\"300\" src=\"https:\/\/nord-solution.com\/wp-content\/uploads\/2025\/04\/ikona_ecoboiler-hybrid-200-a-300l-1.svg\" class=\"attachment-medium size-medium wp-image-18584\" alt=\"\" \/>\t\t\t\t\t\t\t\t\t\t\t\t\t\t\t<\/div>\n\t\t\t\t\t<\/div>\n\t\t<\/div>\n\t\t\t\t\t<\/div>\n\t\t<\/section>\n\t\t<div class=\"elementor-element elementor-element-1a3cdb7f e-flex e-con-boxed e-con e-parent\" data-id=\"1a3cdb7f\" data-element_type=\"container\">\n\t\t\t\t\t<div class=\"e-con-inner\">\n\t\t\t\t<div class=\"elementor-element elementor-element-63ac4fdf elementor-arrows-position-inside elementor-pagination-position-outside elementor-widget elementor-widget-image-carousel\" data-id=\"63ac4fdf\" data-element_type=\"widget\" data-settings=\"{&quot;slides_to_show&quot;:&quot;1&quot;,&quot;navigation&quot;:&quot;both&quot;,&quot;autoplay&quot;:&quot;yes&quot;,&quot;pause_on_hover&quot;:&quot;yes&quot;,&quot;pause_on_interaction&quot;:&quot;yes&quot;,&quot;autoplay_speed&quot;:5000,&quot;infinite&quot;:&quot;yes&quot;,&quot;effect&quot;:&quot;slide&quot;,&quot;speed&quot;:500}\" data-widget_type=\"image-carousel.default\">\n\t\t\t\t\t\t\t<div class=\"elementor-image-carousel-wrapper swiper\" role=\"region\" aria-roledescription=\"carousel\" aria-label=\"Bildekarusell\" dir=\"ltr\">\n\t\t\t<div class=\"elementor-image-carousel swiper-wrapper\" aria-live=\"off\">\n\t\t\t\t\t\t\t\t<div class=\"swiper-slide\" role=\"group\" aria-roledescription=\"slide\" aria-label=\"1 av 1\"><figure class=\"swiper-slide-inner\"><img decoding=\"async\" class=\"swiper-slide-image\" src=\"https:\/\/nord-solution.com\/wp-content\/uploads\/2025\/04\/EcoFresh.png\" alt=\"EcoFresh\" \/><\/figure><\/div>\t\t\t<\/div>\n\t\t\t\t\t<\/div>\n\t\t\t\t\t\t<\/div>\n\t\t\t\t\t<\/div>\n\t\t\t\t<\/div>\n\t\t\t\t<section class=\"elementor-section elementor-top-section elementor-element elementor-element-15f577aa elementor-section-boxed elementor-section-height-default elementor-section-height-default\" data-id=\"15f577aa\" data-element_type=\"section\" data-settings=\"{&quot;background_background&quot;:&quot;classic&quot;}\">\n\t\t\t\t\t\t<div class=\"elementor-container elementor-column-gap-no\">\n\t\t\t\t\t<div class=\"elementor-column elementor-col-100 elementor-top-column elementor-element elementor-element-7e6e59a1\" data-id=\"7e6e59a1\" data-element_type=\"column\">\n\t\t\t<div class=\"elementor-widget-wrap elementor-element-populated\">\n\t\t\t\t\t\t<div class=\"elementor-element elementor-element-17d1a436 animated-slow elementor-invisible elementor-widget elementor-widget-heading\" data-id=\"17d1a436\" data-element_type=\"widget\" data-settings=\"{&quot;_animation&quot;:&quot;fadeIn&quot;}\" data-widget_type=\"heading.default\">\n\t\t\t\t\t<h2 class=\"elementor-heading-title elementor-size-default\">Klar for fremtiden? F\u00e5 mer informasjon n\u00e5!<\/h2>\t\t\t\t<\/div>\n\t\t\t\t<section class=\"elementor-section elementor-inner-section elementor-element elementor-element-161580b0 elementor-section-boxed elementor-section-height-default elementor-section-height-default\" data-id=\"161580b0\" data-element_type=\"section\">\n\t\t\t\t\t\t<div class=\"elementor-container elementor-column-gap-default\">\n\t\t\t\t\t<div class=\"elementor-column elementor-col-50 elementor-inner-column elementor-element elementor-element-1a44e62a\" data-id=\"1a44e62a\" data-element_type=\"column\">\n\t\t\t<div class=\"elementor-widget-wrap elementor-element-populated\">\n\t\t\t\t\t\t<div class=\"elementor-element elementor-element-19c0e1f7 elementor-invisible elementor-widget elementor-widget-text-editor\" data-id=\"19c0e1f7\" data-element_type=\"widget\" data-settings=\"{&quot;_animation&quot;:&quot;fadeIn&quot;,&quot;_animation_delay&quot;:200}\" data-widget_type=\"text-editor.default\">\n\t\t\t\t\t\t\t\t\t<p>Oppdag den nye generasjonen av EcoHeat-varmepumper for oppvarming av hjemmet ditt med gr\u00f8nn energi.<\/p>\t\t\t\t\t\t\t\t<\/div>\n\t\t\t\t<div class=\"elementor-element elementor-element-109bf0bd elementor-mobile-align-justify animated-fast elementor-align-center elementor-invisible elementor-widget elementor-widget-button\" data-id=\"109bf0bd\" data-element_type=\"widget\" data-settings=\"{&quot;_animation&quot;:&quot;fadeIn&quot;,&quot;_animation_delay&quot;:400}\" data-widget_type=\"button.default\">\n\t\t\t\t\t\t\t\t\t\t<a class=\"elementor-button elementor-button-link elementor-size-sm elementor-animation-float\" href=\"https:\/\/nord-solution.com\/DownloadCenter\/api.php?lang=EN&#038;name=DS_NORD_EcoFresh%20Tank\" target=\"_blank\">\n\t\t\t\t\t\t<span class=\"elementor-button-content-wrapper\">\n\t\t\t\t\t\t\t\t\t<span class=\"elementor-button-text\">Last ned datablad<\/span>\n\t\t\t\t\t<\/span>\n\t\t\t\t\t<\/a>\n\t\t\t\t\t\t\t\t<\/div>\n\t\t\t\t\t<\/div>\n\t\t<\/div>\n\t\t\t\t<div class=\"elementor-column elementor-col-50 elementor-inner-column elementor-element elementor-element-303078d7\" data-id=\"303078d7\" data-element_type=\"column\">\n\t\t\t<div class=\"elementor-widget-wrap elementor-element-populated\">\n\t\t\t\t\t\t<div class=\"elementor-element elementor-element-2b180108 elementor-invisible elementor-widget elementor-widget-text-editor\" data-id=\"2b180108\" data-element_type=\"widget\" data-settings=\"{&quot;_animation&quot;:&quot;fadeIn&quot;,&quot;_animation_delay&quot;:200}\" data-widget_type=\"text-editor.default\">\n\t\t\t\t\t\t\t\t\t<p>For en uforpliktende foresp\u00f8rsel,<br data-start=\"33\" data-end=\"36\" \/>ta gjerne direkte kontakt med oss.<\/p>\t\t\t\t\t\t\t\t<\/div>\n\t\t\t\t<div class=\"elementor-element elementor-element-29a2e76e elementor-mobile-align-justify animated-fast elementor-align-center elementor-invisible elementor-widget elementor-widget-button\" data-id=\"29a2e76e\" data-element_type=\"widget\" data-settings=\"{&quot;_animation&quot;:&quot;fadeIn&quot;,&quot;_animation_delay&quot;:400}\" data-widget_type=\"button.default\">\n\t\t\t\t\t\t\t\t\t\t<a class=\"elementor-button elementor-button-link elementor-size-sm elementor-animation-float\" href=\"https:\/\/nord-solution.com\/index.php\/nb\/foresporselsskjema\/\" target=\"_blank\">\n\t\t\t\t\t\t<span class=\"elementor-button-content-wrapper\">\n\t\t\t\t\t\t\t\t\t<span class=\"elementor-button-text\">Foresp\u00f8rselskjema<\/span>\n\t\t\t\t\t<\/span>\n\t\t\t\t\t<\/a>\n\t\t\t\t\t\t\t\t<\/div>\n\t\t\t\t\t<\/div>\n\t\t<\/div>\n\t\t\t\t\t<\/div>\n\t\t<\/section>\n\t\t\t\t\t<\/div>\n\t\t<\/div>\n\t\t\t\t\t<\/div>\n\t\t<\/section>\n\t\t\t\t<\/div>\n\t\t","protected":false},"excerpt":{"rendered":"<p>NORD EcoFresh Tank Energibesparende varmtvannstank Modeller: 220 | 300 NORD EcoFresh Tank er en moderne varmtvannsbereder (tappevann\/hjemmebruk) designet for maksimal ytelse og energisparing. Den spesielle elliptiske varmeveksleren med utvidet varmeoverf\u00f8ringsflate sikrer raskere og mer effektiv oppvarming av vann, spesielt i kombinasjon med NORD EcoHeat varmepumper. Den slanke og plassbesparende designen gj\u00f8r installasjonen enkel, selv i [&hellip;]<\/p>\n","protected":false},"author":1,"featured_media":0,"parent":0,"menu_order":0,"comment_status":"closed","ping_status":"closed","template":"","meta":{"om_disable_all_campaigns":false,"_monsterinsights_skip_tracking":false,"_monsterinsights_sitenote_active":false,"_monsterinsights_sitenote_note":"","_monsterinsights_sitenote_category":0,"footnotes":""},"_links":{"self":[{"href":"https:\/\/nord-solution.com\/index.php\/wp-json\/wp\/v2\/pages\/15733"}],"collection":[{"href":"https:\/\/nord-solution.com\/index.php\/wp-json\/wp\/v2\/pages"}],"about":[{"href":"https:\/\/nord-solution.com\/index.php\/wp-json\/wp\/v2\/types\/page"}],"author":[{"embeddable":true,"href":"https:\/\/nord-solution.com\/index.php\/wp-json\/wp\/v2\/users\/1"}],"replies":[{"embeddable":true,"href":"https:\/\/nord-solution.com\/index.php\/wp-json\/wp\/v2\/comments?post=15733"}],"version-history":[{"count":10,"href":"https:\/\/nord-solution.com\/index.php\/wp-json\/wp\/v2\/pages\/15733\/revisions"}],"predecessor-version":[{"id":19882,"href":"https:\/\/nord-solution.com\/index.php\/wp-json\/wp\/v2\/pages\/15733\/revisions\/19882"}],"wp:attachment":[{"href":"https:\/\/nord-solution.com\/index.php\/wp-json\/wp\/v2\/media?parent=15733"}],"curies":[{"name":"wp","href":"https:\/\/api.w.org\/{rel}","templated":true}]}}