{"id":15727,"date":"2025-02-21T14:14:03","date_gmt":"2025-02-21T13:14:03","guid":{"rendered":"https:\/\/nord-solution.com\/?page_id=15727"},"modified":"2025-04-10T16:26:25","modified_gmt":"2025-04-10T14:26:25","slug":"ecoheat-storage-no","status":"publish","type":"page","link":"https:\/\/nord-solution.com\/index.php\/nb\/ecoheat-storage-no\/","title":{"rendered":"EcoHeat Storage NO"},"content":{"rendered":"\t\t<div data-elementor-type=\"wp-page\" data-elementor-id=\"15727\" class=\"elementor elementor-15727\" data-elementor-post-type=\"page\">\n\t\t\t\t<div class=\"elementor-element elementor-element-d46bbd2 e-flex e-con-boxed e-con e-parent\" data-id=\"d46bbd2\" data-element_type=\"container\">\n\t\t\t\t\t<div class=\"e-con-inner\">\n\t\t<div class=\"elementor-element elementor-element-5861e3ec e-con-full e-flex e-con e-child\" data-id=\"5861e3ec\" data-element_type=\"container\">\n\t\t\t\t<div class=\"elementor-element elementor-element-372e0af1 elementor-widget elementor-widget-heading\" data-id=\"372e0af1\" data-element_type=\"widget\" data-widget_type=\"heading.default\">\n\t\t\t\t\t<h2 class=\"elementor-heading-title elementor-size-default\">NORD EcoHeat Storage<\/h2>\t\t\t\t<\/div>\n\t\t\t\t<div class=\"elementor-element elementor-element-b6c47d8 elementor-widget elementor-widget-heading\" data-id=\"b6c47d8\" data-element_type=\"widget\" data-widget_type=\"heading.default\">\n\t\t\t\t\t<h2 class=\"elementor-heading-title elementor-size-default\">Termisk lagringstank for maksimal energibruk<\/h2>\t\t\t\t<\/div>\n\t\t\t\t<div class=\"elementor-element elementor-element-335a2baa elementor-widget elementor-widget-heading\" data-id=\"335a2baa\" data-element_type=\"widget\" data-widget_type=\"heading.default\">\n\t\t\t\t\t<h2 class=\"elementor-heading-title elementor-size-default\">Modeller: 50 L | 100 L | 150 L | 250 L | 400 L | 500 L | 800 L | 1000 L | 1500 L | 2000 L<\/h2>\t\t\t\t<\/div>\n\t\t\t\t<div class=\"elementor-element elementor-element-2a4da987 elementor-widget elementor-widget-text-editor\" data-id=\"2a4da987\" data-element_type=\"widget\" data-widget_type=\"text-editor.default\">\n\t\t\t\t\t\t\t\t\t<p>NORD EcoHeat Storage er en innovativ varmelagringstank designet for \u00e5 effektivt lagre overskuddsenergi fra solanlegg eller <span style=\"text-decoration: line-through;\">en<\/span> varmepumpe i form av varme. Takket v\u00e6re sin spesielle isolasjon minimerer den varmetap og muliggj\u00f8r senere bruk av lagret energi. Ved \u00e5 redusere frekvensen av varmepumpestart forlenger EcoHeat Storage dens levetid og sikrer en jevn drift av varmesystemet. EcoHeat Storage er tilgjengelig i kapasiteter fra 50 til 2000 liter, noe som gj\u00f8r den til en n\u00f8kkelkomponent for \u00f8kt selvforsyning og energieffektivitet i hjemmet ditt.<\/p>\t\t\t\t\t\t\t\t<\/div>\n\t\t\t\t<\/div>\n\t\t<div class=\"elementor-element elementor-element-5b67bdbd e-con-full e-flex e-con e-child\" data-id=\"5b67bdbd\" data-element_type=\"container\">\n\t\t\t\t<div class=\"elementor-element elementor-element-147d0fff elementor-widget elementor-widget-image\" data-id=\"147d0fff\" data-element_type=\"widget\" data-widget_type=\"image.default\">\n\t\t\t\t\t\t\t\t\t\t\t\t\t\t\t<img fetchpriority=\"high\" decoding=\"async\" width=\"800\" height=\"800\" src=\"https:\/\/nord-solution.com\/wp-content\/uploads\/2025\/03\/EcoHeatStorage2-1024x1024.jpg\" class=\"attachment-large size-large wp-image-17656\" alt=\"\" srcset=\"https:\/\/nord-solution.com\/wp-content\/uploads\/2025\/03\/EcoHeatStorage2-1024x1024.jpg 1024w, https:\/\/nord-solution.com\/wp-content\/uploads\/2025\/03\/EcoHeatStorage2-300x300.jpg 300w, https:\/\/nord-solution.com\/wp-content\/uploads\/2025\/03\/EcoHeatStorage2-100x100.jpg 100w, https:\/\/nord-solution.com\/wp-content\/uploads\/2025\/03\/EcoHeatStorage2-600x600.jpg 600w, https:\/\/nord-solution.com\/wp-content\/uploads\/2025\/03\/EcoHeatStorage2-150x150.jpg 150w, https:\/\/nord-solution.com\/wp-content\/uploads\/2025\/03\/EcoHeatStorage2-768x768.jpg 768w, https:\/\/nord-solution.com\/wp-content\/uploads\/2025\/03\/EcoHeatStorage2-700x700.jpg 700w, https:\/\/nord-solution.com\/wp-content\/uploads\/2025\/03\/EcoHeatStorage2-500x500.jpg 500w, https:\/\/nord-solution.com\/wp-content\/uploads\/2025\/03\/EcoHeatStorage2-800x800.jpg 800w, https:\/\/nord-solution.com\/wp-content\/uploads\/2025\/03\/EcoHeatStorage2.jpg 1500w\" sizes=\"(max-width: 800px) 100vw, 800px\" \/>\t\t\t\t\t\t\t\t\t\t\t\t\t\t\t<\/div>\n\t\t\t\t<\/div>\n\t\t\t\t\t<\/div>\n\t\t\t\t<\/div>\n\t\t\t\t<section class=\"elementor-section elementor-top-section elementor-element elementor-element-376e74aa elementor-section-boxed elementor-section-height-default elementor-section-height-default\" data-id=\"376e74aa\" data-element_type=\"section\" data-settings=\"{&quot;background_background&quot;:&quot;classic&quot;}\">\n\t\t\t\t\t\t<div class=\"elementor-container elementor-column-gap-default\">\n\t\t\t\t\t<div class=\"elementor-column elementor-col-50 elementor-top-column elementor-element elementor-element-6ae85615\" data-id=\"6ae85615\" data-element_type=\"column\">\n\t\t\t<div class=\"elementor-widget-wrap elementor-element-populated\">\n\t\t\t\t\t\t<div class=\"elementor-element elementor-element-47e64299 elementor-widget elementor-widget-image\" data-id=\"47e64299\" data-element_type=\"widget\" data-widget_type=\"image.default\">\n\t\t\t\t\t\t\t\t\t\t\t\t\t\t\t<img decoding=\"async\" width=\"150\" height=\"150\" src=\"https:\/\/nord-solution.com\/wp-content\/uploads\/2023\/04\/ikona_hot_water-1-150x150.png\" class=\"attachment-thumbnail size-thumbnail wp-image-1992\" alt=\"\" srcset=\"https:\/\/nord-solution.com\/wp-content\/uploads\/2023\/04\/ikona_hot_water-1-150x150.png 150w, https:\/\/nord-solution.com\/wp-content\/uploads\/2023\/04\/ikona_hot_water-1-300x300.png 300w, https:\/\/nord-solution.com\/wp-content\/uploads\/2023\/04\/ikona_hot_water-1-100x100.png 100w, https:\/\/nord-solution.com\/wp-content\/uploads\/2023\/04\/ikona_hot_water-1.png 260w\" sizes=\"(max-width: 150px) 100vw, 150px\" \/>\t\t\t\t\t\t\t\t\t\t\t\t\t\t\t<\/div>\n\t\t\t\t\t<\/div>\n\t\t<\/div>\n\t\t\t\t<div class=\"elementor-column elementor-col-50 elementor-top-column elementor-element elementor-element-23744785\" data-id=\"23744785\" data-element_type=\"column\">\n\t\t\t<div class=\"elementor-widget-wrap elementor-element-populated\">\n\t\t\t\t\t\t<div class=\"elementor-element elementor-element-364cafb2 animated-slow elementor-widget__width-inherit elementor-invisible elementor-widget elementor-widget-heading\" data-id=\"364cafb2\" data-element_type=\"widget\" data-settings=\"{&quot;_animation&quot;:&quot;fadeInRight&quot;,&quot;_animation_delay&quot;:500}\" data-widget_type=\"heading.default\">\n\t\t\t\t\t<h6 class=\"elementor-heading-title elementor-size-default\">VERDENS MEST RIMELIGE OG P\u00c5LITELIGE \u00abBATTERI\u00bb<\/h6>\t\t\t\t<\/div>\n\t\t\t\t<div class=\"elementor-element elementor-element-71572c32 elementor-widget elementor-widget-text-editor\" data-id=\"71572c32\" data-element_type=\"widget\" data-widget_type=\"text-editor.default\">\n\t\t\t\t\t\t\t\t\t<p>Lagre elektrisitet som varme i verdens mest kostnadseffektive \u00abbatteri\u00bb \u2013 en varmtvannsbeholder med ubegrensede ladesykluser.<\/p>\t\t\t\t\t\t\t\t<\/div>\n\t\t\t\t\t<\/div>\n\t\t<\/div>\n\t\t\t\t\t<\/div>\n\t\t<\/section>\n\t\t\t\t<section class=\"elementor-section elementor-top-section elementor-element elementor-element-43de02f6 elementor-section-boxed elementor-section-height-default elementor-section-height-default\" data-id=\"43de02f6\" data-element_type=\"section\">\n\t\t\t\t\t\t<div class=\"elementor-container elementor-column-gap-default\">\n\t\t\t\t\t<div class=\"elementor-column elementor-col-100 elementor-top-column elementor-element elementor-element-4e427c0c\" data-id=\"4e427c0c\" data-element_type=\"column\">\n\t\t\t<div class=\"elementor-widget-wrap elementor-element-populated\">\n\t\t\t\t\t\t<div class=\"elementor-element elementor-element-6cfbeb37 elementor-widget-divider--view-line elementor-widget elementor-widget-divider\" data-id=\"6cfbeb37\" data-element_type=\"widget\" data-widget_type=\"divider.default\">\n\t\t\t\t\t\t\t<div class=\"elementor-divider\">\n\t\t\t<span class=\"elementor-divider-separator\">\n\t\t\t\t\t\t<\/span>\n\t\t<\/div>\n\t\t\t\t\t\t<\/div>\n\t\t\t\t\t<\/div>\n\t\t<\/div>\n\t\t\t\t\t<\/div>\n\t\t<\/section>\n\t\t\t\t<section class=\"elementor-section elementor-top-section elementor-element elementor-element-1f334789 elementor-section-boxed elementor-section-height-default elementor-section-height-default\" data-id=\"1f334789\" data-element_type=\"section\">\n\t\t\t\t\t\t<div class=\"elementor-container elementor-column-gap-default\">\n\t\t\t\t\t<div class=\"elementor-column elementor-col-50 elementor-top-column elementor-element elementor-element-24a4f8bb\" data-id=\"24a4f8bb\" data-element_type=\"column\">\n\t\t\t<div class=\"elementor-widget-wrap elementor-element-populated\">\n\t\t\t\t\t\t<div class=\"elementor-element elementor-element-2f166067 animated-slow elementor-widget__width-inherit elementor-invisible elementor-widget elementor-widget-heading\" data-id=\"2f166067\" data-element_type=\"widget\" data-settings=\"{&quot;_animation&quot;:&quot;fadeInLeft&quot;,&quot;_animation_delay&quot;:500}\" data-widget_type=\"heading.default\">\n\t\t\t\t\t<h6 class=\"elementor-heading-title elementor-size-default\">MER EFFEKTIV DRIFT AV VARMEPUMPE<\/h6>\t\t\t\t<\/div>\n\t\t\t\t<div class=\"elementor-element elementor-element-14c65ffb elementor-widget elementor-widget-text-editor\" data-id=\"14c65ffb\" data-element_type=\"widget\" data-widget_type=\"text-editor.default\">\n\t\t\t\t\t\t\t\t\t<p style=\"text-align: center;\">Plassering av akkumulatortanken foran varmekretsene reduserer hyppigheten av oppstart av varmepumpen og forlenger dens levetid. I tillegg forbedrer det avriming og sikrer jevn og uavbrutt drift av varmesystemet ditt.<\/p>\t\t\t\t\t\t\t\t<\/div>\n\t\t\t\t\t<\/div>\n\t\t<\/div>\n\t\t\t\t<div class=\"elementor-column elementor-col-50 elementor-top-column elementor-element elementor-element-3fd123a4\" data-id=\"3fd123a4\" data-element_type=\"column\">\n\t\t\t<div class=\"elementor-widget-wrap elementor-element-populated\">\n\t\t\t\t\t\t<div class=\"elementor-element elementor-element-290d9fbf elementor-widget elementor-widget-image\" data-id=\"290d9fbf\" data-element_type=\"widget\" data-widget_type=\"image.default\">\n\t\t\t\t\t\t\t\t\t\t\t\t\t\t\t<img decoding=\"async\" width=\"150\" height=\"150\" src=\"https:\/\/nord-solution.com\/wp-content\/uploads\/2023\/04\/ikona_low_power_consumation-150x150.png\" class=\"attachment-thumbnail size-thumbnail wp-image-1993\" alt=\"\" srcset=\"https:\/\/nord-solution.com\/wp-content\/uploads\/2023\/04\/ikona_low_power_consumation-150x150.png 150w, https:\/\/nord-solution.com\/wp-content\/uploads\/2023\/04\/ikona_low_power_consumation-300x300.png 300w, https:\/\/nord-solution.com\/wp-content\/uploads\/2023\/04\/ikona_low_power_consumation-100x100.png 100w, https:\/\/nord-solution.com\/wp-content\/uploads\/2023\/04\/ikona_low_power_consumation.png 260w\" sizes=\"(max-width: 150px) 100vw, 150px\" \/>\t\t\t\t\t\t\t\t\t\t\t\t\t\t\t<\/div>\n\t\t\t\t\t<\/div>\n\t\t<\/div>\n\t\t\t\t\t<\/div>\n\t\t<\/section>\n\t\t\t\t<section class=\"elementor-section elementor-top-section elementor-element elementor-element-3567d9a4 elementor-section-boxed elementor-section-height-default elementor-section-height-default\" data-id=\"3567d9a4\" data-element_type=\"section\">\n\t\t\t\t\t\t<div class=\"elementor-container elementor-column-gap-default\">\n\t\t\t\t\t<div class=\"elementor-column elementor-col-100 elementor-top-column elementor-element elementor-element-770ae0d7\" data-id=\"770ae0d7\" data-element_type=\"column\">\n\t\t\t<div class=\"elementor-widget-wrap elementor-element-populated\">\n\t\t\t\t\t\t<div class=\"elementor-element elementor-element-1e71ae3b elementor-widget-divider--view-line elementor-widget elementor-widget-divider\" data-id=\"1e71ae3b\" data-element_type=\"widget\" data-widget_type=\"divider.default\">\n\t\t\t\t\t\t\t<div class=\"elementor-divider\">\n\t\t\t<span class=\"elementor-divider-separator\">\n\t\t\t\t\t\t<\/span>\n\t\t<\/div>\n\t\t\t\t\t\t<\/div>\n\t\t\t\t\t<\/div>\n\t\t<\/div>\n\t\t\t\t\t<\/div>\n\t\t<\/section>\n\t\t\t\t<section class=\"elementor-section elementor-top-section elementor-element elementor-element-45eb7b35 elementor-section-boxed elementor-section-height-default elementor-section-height-default\" data-id=\"45eb7b35\" data-element_type=\"section\">\n\t\t\t\t\t\t<div class=\"elementor-container elementor-column-gap-default\">\n\t\t\t\t\t<div class=\"elementor-column elementor-col-50 elementor-top-column elementor-element elementor-element-4323428e\" data-id=\"4323428e\" data-element_type=\"column\">\n\t\t\t<div class=\"elementor-widget-wrap elementor-element-populated\">\n\t\t\t\t\t\t<div class=\"elementor-element elementor-element-6c6c0a06 elementor-widget elementor-widget-image\" data-id=\"6c6c0a06\" data-element_type=\"widget\" data-widget_type=\"image.default\">\n\t\t\t\t\t\t\t\t\t\t\t\t\t\t\t<img loading=\"lazy\" decoding=\"async\" width=\"150\" height=\"150\" src=\"https:\/\/nord-solution.com\/wp-content\/uploads\/2023\/05\/fastDatovy-zdroj-1.svg\" class=\"attachment-thumbnail size-thumbnail wp-image-3947\" alt=\"\" \/>\t\t\t\t\t\t\t\t\t\t\t\t\t\t\t<\/div>\n\t\t\t\t\t<\/div>\n\t\t<\/div>\n\t\t\t\t<div class=\"elementor-column elementor-col-50 elementor-top-column elementor-element elementor-element-418cd644\" data-id=\"418cd644\" data-element_type=\"column\">\n\t\t\t<div class=\"elementor-widget-wrap elementor-element-populated\">\n\t\t\t\t\t\t<div class=\"elementor-element elementor-element-78332707 animated-slow elementor-widget__width-inherit elementor-invisible elementor-widget elementor-widget-heading\" data-id=\"78332707\" data-element_type=\"widget\" data-settings=\"{&quot;_animation&quot;:&quot;fadeInRight&quot;,&quot;_animation_delay&quot;:500}\" data-widget_type=\"heading.default\">\n\t\t\t\t\t<h6 class=\"elementor-heading-title elementor-size-default\">RESERVEKRAFT FOR ST\u00d8TTE AV VARMEPUMPE<\/h6>\t\t\t\t<\/div>\n\t\t\t\t<div class=\"elementor-element elementor-element-3415e3d2 elementor-widget elementor-widget-text-editor\" data-id=\"3415e3d2\" data-element_type=\"widget\" data-widget_type=\"text-editor.default\">\n\t\t\t\t\t\t\t\t\t<p>Ved \u00e5 kombinere NORD EcoHeat Storage med NORD ECoil-varmeelementet kan du skape en bivalent og p\u00e5litelig varmekilde for varmesystemet ditt.<\/p>\t\t\t\t\t\t\t\t<\/div>\n\t\t\t\t\t<\/div>\n\t\t<\/div>\n\t\t\t\t\t<\/div>\n\t\t<\/section>\n\t\t\t\t<section class=\"elementor-section elementor-top-section elementor-element elementor-element-79b3e688 elementor-section-boxed elementor-section-height-default elementor-section-height-default\" data-id=\"79b3e688\" data-element_type=\"section\">\n\t\t\t\t\t\t<div class=\"elementor-container elementor-column-gap-default\">\n\t\t\t\t\t<div class=\"elementor-column elementor-col-100 elementor-top-column elementor-element elementor-element-6081dae\" data-id=\"6081dae\" data-element_type=\"column\">\n\t\t\t<div class=\"elementor-widget-wrap elementor-element-populated\">\n\t\t\t\t\t\t<div class=\"elementor-element elementor-element-1ff2cc8b elementor-widget-divider--view-line elementor-widget elementor-widget-divider\" data-id=\"1ff2cc8b\" data-element_type=\"widget\" data-widget_type=\"divider.default\">\n\t\t\t\t\t\t\t<div class=\"elementor-divider\">\n\t\t\t<span class=\"elementor-divider-separator\">\n\t\t\t\t\t\t<\/span>\n\t\t<\/div>\n\t\t\t\t\t\t<\/div>\n\t\t\t\t\t<\/div>\n\t\t<\/div>\n\t\t\t\t\t<\/div>\n\t\t<\/section>\n\t\t\t\t<section class=\"elementor-section elementor-top-section elementor-element elementor-element-70850b94 elementor-section-boxed elementor-section-height-default elementor-section-height-default\" data-id=\"70850b94\" data-element_type=\"section\">\n\t\t\t\t\t\t<div class=\"elementor-container elementor-column-gap-default\">\n\t\t\t\t\t<div class=\"elementor-column elementor-col-50 elementor-top-column elementor-element elementor-element-24731e88\" data-id=\"24731e88\" data-element_type=\"column\">\n\t\t\t<div class=\"elementor-widget-wrap elementor-element-populated\">\n\t\t\t\t\t\t<div class=\"elementor-element elementor-element-31084557 animated-slow elementor-widget__width-inherit elementor-invisible elementor-widget elementor-widget-heading\" data-id=\"31084557\" data-element_type=\"widget\" data-settings=\"{&quot;_animation&quot;:&quot;fadeInRight&quot;,&quot;_animation_delay&quot;:500}\" data-widget_type=\"heading.default\">\n\t\t\t\t\t<h6 class=\"elementor-heading-title elementor-size-default\">KJ\u00d8LEST\u00d8TTE MED ECOHEAT VARMEPUMPE<\/h6>\t\t\t\t<\/div>\n\t\t\t\t<div class=\"elementor-element elementor-element-4185fccf elementor-widget elementor-widget-text-editor\" data-id=\"4185fccf\" data-element_type=\"widget\" data-widget_type=\"text-editor.default\">\n\t\t\t\t\t\t\t\t\t<p style=\"text-align: center;\">NORD EcoHeat Storage-tank<span style=\"text-decoration: line-through;\">er<\/span> har h\u00f8yt-ytende isolasjon, <span style=\"text-decoration: line-through;\">noe<\/span> som gj\u00f8r dem ideelle for s\u00f8ml\u00f8s bruk med EcoHeat-varmepumpe<span style=\"text-decoration: line-through;\">r<\/span> for \u00e5 kj\u00f8le ned hjemmet ditt p\u00e5 varme sommerdager.<\/p>\t\t\t\t\t\t\t\t<\/div>\n\t\t\t\t\t<\/div>\n\t\t<\/div>\n\t\t\t\t<div class=\"elementor-column elementor-col-50 elementor-top-column elementor-element elementor-element-1da377bc\" data-id=\"1da377bc\" data-element_type=\"column\">\n\t\t\t<div class=\"elementor-widget-wrap elementor-element-populated\">\n\t\t\t\t\t\t<div class=\"elementor-element elementor-element-4884cda1 elementor-widget elementor-widget-image\" data-id=\"4884cda1\" data-element_type=\"widget\" data-widget_type=\"image.default\">\n\t\t\t\t\t\t\t\t\t\t\t\t\t\t\t<img loading=\"lazy\" decoding=\"async\" width=\"150\" height=\"150\" src=\"https:\/\/nord-solution.com\/wp-content\/uploads\/2023\/04\/ikona_de-frost-150x150.png\" class=\"attachment-thumbnail size-thumbnail wp-image-1939\" alt=\"\" srcset=\"https:\/\/nord-solution.com\/wp-content\/uploads\/2023\/04\/ikona_de-frost-150x150.png 150w, https:\/\/nord-solution.com\/wp-content\/uploads\/2023\/04\/ikona_de-frost-300x300.png 300w, https:\/\/nord-solution.com\/wp-content\/uploads\/2023\/04\/ikona_de-frost-100x100.png 100w, https:\/\/nord-solution.com\/wp-content\/uploads\/2023\/04\/ikona_de-frost.png 260w\" sizes=\"(max-width: 150px) 100vw, 150px\" \/>\t\t\t\t\t\t\t\t\t\t\t\t\t\t\t<\/div>\n\t\t\t\t\t<\/div>\n\t\t<\/div>\n\t\t\t\t\t<\/div>\n\t\t<\/section>\n\t\t<div class=\"elementor-element elementor-element-16d653c1 e-flex e-con-boxed e-con e-parent\" data-id=\"16d653c1\" data-element_type=\"container\">\n\t\t\t\t\t<div class=\"e-con-inner\">\n\t\t\t\t<div class=\"elementor-element elementor-element-16ce3e70 elementor-arrows-position-inside elementor-pagination-position-outside elementor-widget elementor-widget-image-carousel\" data-id=\"16ce3e70\" data-element_type=\"widget\" data-settings=\"{&quot;slides_to_show&quot;:&quot;1&quot;,&quot;navigation&quot;:&quot;both&quot;,&quot;autoplay&quot;:&quot;yes&quot;,&quot;pause_on_hover&quot;:&quot;yes&quot;,&quot;pause_on_interaction&quot;:&quot;yes&quot;,&quot;autoplay_speed&quot;:5000,&quot;infinite&quot;:&quot;yes&quot;,&quot;effect&quot;:&quot;slide&quot;,&quot;speed&quot;:500}\" data-widget_type=\"image-carousel.default\">\n\t\t\t\t\t\t\t<div class=\"elementor-image-carousel-wrapper swiper\" role=\"region\" aria-roledescription=\"carousel\" aria-label=\"Bildekarusell\" dir=\"ltr\">\n\t\t\t<div class=\"elementor-image-carousel swiper-wrapper\" aria-live=\"off\">\n\t\t\t\t\t\t\t\t<div class=\"swiper-slide\" role=\"group\" aria-roledescription=\"slide\" aria-label=\"1 av 1\"><figure class=\"swiper-slide-inner\"><img decoding=\"async\" class=\"swiper-slide-image\" src=\"https:\/\/nord-solution.com\/wp-content\/uploads\/2025\/04\/EcoHeat-Storage.jpg\" alt=\"EcoHeat-Storage\" \/><\/figure><\/div>\t\t\t<\/div>\n\t\t\t\t\t<\/div>\n\t\t\t\t\t\t<\/div>\n\t\t\t\t\t<\/div>\n\t\t\t\t<\/div>\n\t\t\t\t<section class=\"elementor-section elementor-top-section elementor-element elementor-element-75c3fd30 elementor-section-boxed elementor-section-height-default elementor-section-height-default\" data-id=\"75c3fd30\" data-element_type=\"section\" data-settings=\"{&quot;background_background&quot;:&quot;classic&quot;}\">\n\t\t\t\t\t\t<div class=\"elementor-container elementor-column-gap-no\">\n\t\t\t\t\t<div class=\"elementor-column elementor-col-100 elementor-top-column elementor-element elementor-element-696a7272\" data-id=\"696a7272\" data-element_type=\"column\">\n\t\t\t<div class=\"elementor-widget-wrap elementor-element-populated\">\n\t\t\t\t\t\t<div class=\"elementor-element elementor-element-31ce958f animated-slow elementor-invisible elementor-widget elementor-widget-heading\" data-id=\"31ce958f\" data-element_type=\"widget\" data-settings=\"{&quot;_animation&quot;:&quot;fadeIn&quot;}\" data-widget_type=\"heading.default\">\n\t\t\t\t\t<h2 class=\"elementor-heading-title elementor-size-default\">Klar for fremtiden? F\u00e5 mer informasjon n\u00e5!<\/h2>\t\t\t\t<\/div>\n\t\t\t\t<section class=\"elementor-section elementor-inner-section elementor-element elementor-element-d202e0c elementor-section-boxed elementor-section-height-default elementor-section-height-default\" data-id=\"d202e0c\" data-element_type=\"section\">\n\t\t\t\t\t\t<div class=\"elementor-container elementor-column-gap-default\">\n\t\t\t\t\t<div class=\"elementor-column elementor-col-50 elementor-inner-column elementor-element elementor-element-75375fad\" data-id=\"75375fad\" data-element_type=\"column\">\n\t\t\t<div class=\"elementor-widget-wrap elementor-element-populated\">\n\t\t\t\t\t\t<div class=\"elementor-element elementor-element-6cd4d2c7 elementor-invisible elementor-widget elementor-widget-text-editor\" data-id=\"6cd4d2c7\" data-element_type=\"widget\" data-settings=\"{&quot;_animation&quot;:&quot;fadeIn&quot;,&quot;_animation_delay&quot;:200}\" data-widget_type=\"text-editor.default\">\n\t\t\t\t\t\t\t\t\t<p>Oppdag EcoHeat-lagring for lagring av overfl\u00f8dig gr\u00f8nn energi i hjemmet ditt.<\/p>\t\t\t\t\t\t\t\t<\/div>\n\t\t\t\t<div class=\"elementor-element elementor-element-2f35920f elementor-mobile-align-justify animated-fast elementor-align-center elementor-invisible elementor-widget elementor-widget-button\" data-id=\"2f35920f\" data-element_type=\"widget\" data-settings=\"{&quot;_animation&quot;:&quot;fadeIn&quot;,&quot;_animation_delay&quot;:400}\" data-widget_type=\"button.default\">\n\t\t\t\t\t\t\t\t\t\t<a class=\"elementor-button elementor-button-link elementor-size-sm elementor-animation-float\" href=\"https:\/\/nord-solution.com\/DownloadCenter\/uploads\/DS_NORD_EcoHeat%20Storage_V1.0_(EN).pdf\" target=\"_blank\">\n\t\t\t\t\t\t<span class=\"elementor-button-content-wrapper\">\n\t\t\t\t\t\t\t\t\t<span class=\"elementor-button-text\">Last ned datablad<\/span>\n\t\t\t\t\t<\/span>\n\t\t\t\t\t<\/a>\n\t\t\t\t\t\t\t\t<\/div>\n\t\t\t\t\t<\/div>\n\t\t<\/div>\n\t\t\t\t<div class=\"elementor-column elementor-col-50 elementor-inner-column elementor-element elementor-element-6906190c\" data-id=\"6906190c\" data-element_type=\"column\">\n\t\t\t<div class=\"elementor-widget-wrap elementor-element-populated\">\n\t\t\t\t\t\t<div class=\"elementor-element elementor-element-1bf93ba0 elementor-invisible elementor-widget elementor-widget-text-editor\" data-id=\"1bf93ba0\" data-element_type=\"widget\" data-settings=\"{&quot;_animation&quot;:&quot;fadeIn&quot;,&quot;_animation_delay&quot;:200}\" data-widget_type=\"text-editor.default\">\n\t\t\t\t\t\t\t\t\t<p>For en uforpliktende foresp\u00f8rsel,<br data-start=\"33\" data-end=\"36\" \/>ta gjerne direkte kontakt med oss.<\/p>\t\t\t\t\t\t\t\t<\/div>\n\t\t\t\t<div class=\"elementor-element elementor-element-1728730e elementor-mobile-align-justify animated-fast elementor-align-center elementor-invisible elementor-widget elementor-widget-button\" data-id=\"1728730e\" data-element_type=\"widget\" data-settings=\"{&quot;_animation&quot;:&quot;fadeIn&quot;,&quot;_animation_delay&quot;:400}\" data-widget_type=\"button.default\">\n\t\t\t\t\t\t\t\t\t\t<a class=\"elementor-button elementor-button-link elementor-size-sm elementor-animation-float\" href=\"https:\/\/nord-solution.com\/index.php\/nb\/foresporselsskjema\/\" target=\"_blank\">\n\t\t\t\t\t\t<span class=\"elementor-button-content-wrapper\">\n\t\t\t\t\t\t\t\t\t<span class=\"elementor-button-text\">Foresp\u00f8rselskjema<\/span>\n\t\t\t\t\t<\/span>\n\t\t\t\t\t<\/a>\n\t\t\t\t\t\t\t\t<\/div>\n\t\t\t\t\t<\/div>\n\t\t<\/div>\n\t\t\t\t\t<\/div>\n\t\t<\/section>\n\t\t\t\t\t<\/div>\n\t\t<\/div>\n\t\t\t\t\t<\/div>\n\t\t<\/section>\n\t\t\t\t<\/div>\n\t\t","protected":false},"excerpt":{"rendered":"<p>NORD EcoHeat Storage Termisk lagringstank for maksimal energibruk Modeller: 50 L | 100 L | 150 L | 250 L | 400 L | 500 L | 800 L | 1000 L | 1500 L | 2000 L NORD EcoHeat Storage er en innovativ varmelagringstank designet for \u00e5 effektivt lagre overskuddsenergi fra solanlegg eller en [&hellip;]<\/p>\n","protected":false},"author":1,"featured_media":0,"parent":0,"menu_order":0,"comment_status":"closed","ping_status":"closed","template":"","meta":{"om_disable_all_campaigns":false,"_monsterinsights_skip_tracking":false,"_monsterinsights_sitenote_active":false,"_monsterinsights_sitenote_note":"","_monsterinsights_sitenote_category":0,"footnotes":""},"_links":{"self":[{"href":"https:\/\/nord-solution.com\/index.php\/wp-json\/wp\/v2\/pages\/15727"}],"collection":[{"href":"https:\/\/nord-solution.com\/index.php\/wp-json\/wp\/v2\/pages"}],"about":[{"href":"https:\/\/nord-solution.com\/index.php\/wp-json\/wp\/v2\/types\/page"}],"author":[{"embeddable":true,"href":"https:\/\/nord-solution.com\/index.php\/wp-json\/wp\/v2\/users\/1"}],"replies":[{"embeddable":true,"href":"https:\/\/nord-solution.com\/index.php\/wp-json\/wp\/v2\/comments?post=15727"}],"version-history":[{"count":10,"href":"https:\/\/nord-solution.com\/index.php\/wp-json\/wp\/v2\/pages\/15727\/revisions"}],"predecessor-version":[{"id":19874,"href":"https:\/\/nord-solution.com\/index.php\/wp-json\/wp\/v2\/pages\/15727\/revisions\/19874"}],"wp:attachment":[{"href":"https:\/\/nord-solution.com\/index.php\/wp-json\/wp\/v2\/media?parent=15727"}],"curies":[{"name":"wp","href":"https:\/\/api.w.org\/{rel}","templated":true}]}}