{"id":13918,"date":"2025-01-14T14:23:36","date_gmt":"2025-01-14T13:23:36","guid":{"rendered":"https:\/\/nord-solution.com\/?page_id=13918"},"modified":"2025-01-14T15:47:10","modified_gmt":"2025-01-14T14:47:10","slug":"nord-house-tlacitka-koncept","status":"publish","type":"page","link":"https:\/\/nord-solution.com\/index.php\/nord-house-tlacitka-koncept\/","title":{"rendered":"nord house tlacitka koncept"},"content":{"rendered":"\t\t<div data-elementor-type=\"wp-page\" data-elementor-id=\"13918\" class=\"elementor elementor-13918\" data-elementor-post-type=\"page\">\n\t\t\t\t<div class=\"elementor-element elementor-element-237bc17 e-flex e-con-boxed e-con e-parent\" data-id=\"237bc17\" data-element_type=\"container\">\n\t\t\t\t\t<div class=\"e-con-inner\">\n\t\t<div class=\"elementor-element elementor-element-37e712d e-con-full e-flex e-con e-child\" data-id=\"37e712d\" data-element_type=\"container\">\n\t\t\t\t<div class=\"elementor-element elementor-element-dd79c99 elementor-align-center elementor-widget elementor-widget-button\" data-id=\"dd79c99\" data-element_type=\"widget\" data-widget_type=\"button.default\">\n\t\t\t\t\t\t\t\t\t\t<a class=\"elementor-button elementor-button-link elementor-size-sm elementor-animation-grow\" href=\"https:\/\/nord-solution.com\/index.php\/cs\/nord-servis-centrum-koncept-cz\/detail-instalace\/\" target=\"_blank\">\n\t\t\t\t\t\t<span class=\"elementor-button-content-wrapper\">\n\t\t\t\t\t\t\t\t\t<span class=\"elementor-button-text\">Kompletn\u00ed \u0159e\u0161en\u00ed<\/span>\n\t\t\t\t\t<\/span>\n\t\t\t\t\t<\/a>\n\t\t\t\t\t\t\t\t<\/div>\n\t\t\t\t<\/div>\n\t\t<div class=\"elementor-element elementor-element-cbbdcc4 e-con-full e-flex e-con e-child\" data-id=\"cbbdcc4\" data-element_type=\"container\">\n\t\t\t\t<div class=\"elementor-element elementor-element-babde55 elementor-align-center elementor-widget elementor-widget-button\" data-id=\"babde55\" data-element_type=\"widget\" data-widget_type=\"button.default\">\n\t\t\t\t\t\t\t\t\t\t<a class=\"elementor-button elementor-button-link elementor-size-sm elementor-animation-grow\" href=\"https:\/\/nord-solution.com\/index.php\/cs\/nord-servis-centrum-koncept-cz\/detail-instalace\/\" target=\"_blank\">\n\t\t\t\t\t\t<span class=\"elementor-button-content-wrapper\">\n\t\t\t\t\t\t\t\t\t<span class=\"elementor-button-text\">Fotovoltaick\u00e1 technologie a elektromobilita<\/span>\n\t\t\t\t\t<\/span>\n\t\t\t\t\t<\/a>\n\t\t\t\t\t\t\t\t<\/div>\n\t\t\t\t<\/div>\n\t\t<div class=\"elementor-element elementor-element-aa2b09b e-con-full e-flex e-con e-child\" data-id=\"aa2b09b\" data-element_type=\"container\">\n\t\t\t\t<div class=\"elementor-element elementor-element-ca1895b elementor-align-center elementor-widget elementor-widget-button\" data-id=\"ca1895b\" data-element_type=\"widget\" data-widget_type=\"button.default\">\n\t\t\t\t\t\t\t\t\t\t<a class=\"elementor-button elementor-button-link elementor-size-sm elementor-animation-grow\" href=\"https:\/\/nord-solution.com\/index.php\/cs\/nord-servis-centrum-koncept-cz\/detail-instalace\/\" target=\"_blank\">\n\t\t\t\t\t\t<span class=\"elementor-button-content-wrapper\">\n\t\t\t\t\t\t\t\t\t<span class=\"elementor-button-text\">Technologie vyt\u00e1p\u011bn\u00ed<\/span>\n\t\t\t\t\t<\/span>\n\t\t\t\t\t<\/a>\n\t\t\t\t\t\t\t\t<\/div>\n\t\t\t\t<\/div>\n\t\t<div class=\"elementor-element elementor-element-b031dda e-con-full e-flex e-con e-child\" data-id=\"b031dda\" data-element_type=\"container\">\n\t\t\t\t<div class=\"elementor-element elementor-element-da0d854 elementor-align-center elementor-widget elementor-widget-button\" data-id=\"da0d854\" data-element_type=\"widget\" data-widget_type=\"button.default\">\n\t\t\t\t\t\t\t\t\t\t<a class=\"elementor-button elementor-button-link elementor-size-sm elementor-animation-grow\" href=\"https:\/\/nord-solution.com\/index.php\/cs\/nord-servis-centrum-koncept-cz\/detail-instalace\/\" target=\"_blank\">\n\t\t\t\t\t\t<span class=\"elementor-button-content-wrapper\">\n\t\t\t\t\t\t\t\t\t<span class=\"elementor-button-text\">Ventila\u010dn\u00ed syst\u00e9m<\/span>\n\t\t\t\t\t<\/span>\n\t\t\t\t\t<\/a>\n\t\t\t\t\t\t\t\t<\/div>\n\t\t\t\t<\/div>\n\t\t\t\t\t<\/div>\n\t\t\t\t<\/div>\n\t\t<div class=\"elementor-element elementor-element-ba541a7 e-flex e-con-boxed e-con e-parent\" data-id=\"ba541a7\" data-element_type=\"container\">\n\t\t\t\t\t<div class=\"e-con-inner\">\n\t\t\t\t\t<\/div>\n\t\t\t\t<\/div>\n\t\t\t\t<\/div>\n\t\t","protected":false},"excerpt":{"rendered":"<p>Kompletn\u00ed \u0159e\u0161en\u00ed Fotovoltaick\u00e1 technologie a elektromobilita Technologie vyt\u00e1p\u011bn\u00ed Ventila\u010dn\u00ed syst\u00e9m<\/p>\n","protected":false},"author":1,"featured_media":0,"parent":0,"menu_order":0,"comment_status":"closed","ping_status":"closed","template":"","meta":{"om_disable_all_campaigns":false,"_monsterinsights_skip_tracking":false,"_monsterinsights_sitenote_active":false,"_monsterinsights_sitenote_note":"","_monsterinsights_sitenote_category":0,"footnotes":""},"_links":{"self":[{"href":"https:\/\/nord-solution.com\/index.php\/wp-json\/wp\/v2\/pages\/13918"}],"collection":[{"href":"https:\/\/nord-solution.com\/index.php\/wp-json\/wp\/v2\/pages"}],"about":[{"href":"https:\/\/nord-solution.com\/index.php\/wp-json\/wp\/v2\/types\/page"}],"author":[{"embeddable":true,"href":"https:\/\/nord-solution.com\/index.php\/wp-json\/wp\/v2\/users\/1"}],"replies":[{"embeddable":true,"href":"https:\/\/nord-solution.com\/index.php\/wp-json\/wp\/v2\/comments?post=13918"}],"version-history":[{"count":11,"href":"https:\/\/nord-solution.com\/index.php\/wp-json\/wp\/v2\/pages\/13918\/revisions"}],"predecessor-version":[{"id":14009,"href":"https:\/\/nord-solution.com\/index.php\/wp-json\/wp\/v2\/pages\/13918\/revisions\/14009"}],"wp:attachment":[{"href":"https:\/\/nord-solution.com\/index.php\/wp-json\/wp\/v2\/media?parent=13918"}],"curies":[{"name":"wp","href":"https:\/\/api.w.org\/{rel}","templated":true}]}}