{"id":13793,"date":"2025-01-08T13:37:20","date_gmt":"2025-01-08T12:37:20","guid":{"rendered":"https:\/\/nord-solution.com\/?page_id=13793"},"modified":"2026-01-06T10:05:37","modified_gmt":"2026-01-06T09:05:37","slug":"nord-technicke-skoleni-ecoheat-ecocontrol","status":"publish","type":"page","link":"https:\/\/nord-solution.com\/index.php\/cs\/nord-technicke-skoleni-ecoheat-ecocontrol\/","title":{"rendered":"NORD technick\u00e9 \u0161kolen\u00ed"},"content":{"rendered":"\t\t<div data-elementor-type=\"wp-page\" data-elementor-id=\"13793\" class=\"elementor elementor-13793\" data-elementor-post-type=\"page\">\n\t\t\t\t<div class=\"elementor-element elementor-element-d53edfb e-flex e-con-boxed e-con e-parent\" data-id=\"d53edfb\" data-element_type=\"container\">\n\t\t\t\t\t<div class=\"e-con-inner\">\n\t\t<div class=\"elementor-element elementor-element-ff2e8cc e-con-full e-flex e-con e-child\" data-id=\"ff2e8cc\" data-element_type=\"container\">\n\t\t\t\t<div class=\"elementor-element elementor-element-2cd84a0 elementor-widget elementor-widget-html\" data-id=\"2cd84a0\" data-element_type=\"widget\" data-widget_type=\"html.default\">\n\t\t\t\t\t<!-- START: IFRAME -->\r\n<div class=\"responsive-iframe\" style=\"position: relative; width: 100%;\"><iframe id=\"opsIframe\" style=\"width: 100%; height: 100%;\" src=\"https:\/\/ops.gbc-solino.cz\/skoleni\/nord-ecoheat-ecocontrol\/?lang=cs&style=nord\" width=\"100%\" frameborder=\"0\" scrolling=\"no\"><\/iframe><\/div>\r\n<!-- END: IFRAME -->\r\n\t\t\t\t<\/div>\n\t\t\t\t<\/div>\n\t\t\t\t\t<\/div>\n\t\t\t\t<\/div>\n\t\t\t\t<\/div>\n\t\t","protected":false},"excerpt":{"rendered":"","protected":false},"author":1,"featured_media":0,"parent":0,"menu_order":0,"comment_status":"closed","ping_status":"closed","template":"","meta":{"om_disable_all_campaigns":false,"_monsterinsights_skip_tracking":false,"_monsterinsights_sitenote_active":false,"_monsterinsights_sitenote_note":"","_monsterinsights_sitenote_category":0,"footnotes":""},"_links":{"self":[{"href":"https:\/\/nord-solution.com\/index.php\/wp-json\/wp\/v2\/pages\/13793"}],"collection":[{"href":"https:\/\/nord-solution.com\/index.php\/wp-json\/wp\/v2\/pages"}],"about":[{"href":"https:\/\/nord-solution.com\/index.php\/wp-json\/wp\/v2\/types\/page"}],"author":[{"embeddable":true,"href":"https:\/\/nord-solution.com\/index.php\/wp-json\/wp\/v2\/users\/1"}],"replies":[{"embeddable":true,"href":"https:\/\/nord-solution.com\/index.php\/wp-json\/wp\/v2\/comments?post=13793"}],"version-history":[{"count":10,"href":"https:\/\/nord-solution.com\/index.php\/wp-json\/wp\/v2\/pages\/13793\/revisions"}],"predecessor-version":[{"id":29423,"href":"https:\/\/nord-solution.com\/index.php\/wp-json\/wp\/v2\/pages\/13793\/revisions\/29423"}],"wp:attachment":[{"href":"https:\/\/nord-solution.com\/index.php\/wp-json\/wp\/v2\/media?parent=13793"}],"curies":[{"name":"wp","href":"https:\/\/api.w.org\/{rel}","templated":true}]}}