{"id":13672,"date":"2025-01-07T09:56:08","date_gmt":"2025-01-07T08:56:08","guid":{"rendered":"https:\/\/nord-solution.com\/?page_id=13672"},"modified":"2025-01-07T16:09:34","modified_gmt":"2025-01-07T15:09:34","slug":"kontakty-cz-koncept-dle-en","status":"publish","type":"page","link":"https:\/\/nord-solution.com\/index.php\/cs\/kontakty-cz-koncept-dle-en\/","title":{"rendered":"kontakty CZ koncept dle EN"},"content":{"rendered":"\t\t<div data-elementor-type=\"wp-page\" data-elementor-id=\"13672\" class=\"elementor elementor-13672\" data-elementor-post-type=\"page\">\n\t\t\t\t<div class=\"elementor-element elementor-element-47ef5c28 e-flex e-con-boxed e-con e-parent\" data-id=\"47ef5c28\" data-element_type=\"container\">\n\t\t\t\t\t<div class=\"e-con-inner\">\n\t\t\t\t<div class=\"elementor-element elementor-element-40b79578 elementor-widget elementor-widget-text-editor\" data-id=\"40b79578\" data-element_type=\"widget\" data-widget_type=\"text-editor.default\">\n\t\t\t\t\t\t\t\t\t<p style=\"text-align: left;\"><span style=\"color: #032866;\">Registrace spole\u010dnosti a pr\u00e1vn\u00ed informace:<\/span><\/p>\t\t\t\t\t\t\t\t<\/div>\n\t\t\t\t<div class=\"elementor-element elementor-element-2b68663 elementor-widget-divider--view-line elementor-widget elementor-widget-divider\" data-id=\"2b68663\" data-element_type=\"widget\" data-widget_type=\"divider.default\">\n\t\t\t\t\t\t\t<div class=\"elementor-divider\">\n\t\t\t<span class=\"elementor-divider-separator\">\n\t\t\t\t\t\t<\/span>\n\t\t<\/div>\n\t\t\t\t\t\t<\/div>\n\t\t\t\t\t<\/div>\n\t\t\t\t<\/div>\n\t\t<div class=\"elementor-element elementor-element-529aad7d e-flex e-con-boxed e-con e-parent\" data-id=\"529aad7d\" data-element_type=\"container\">\n\t\t\t\t\t<div class=\"e-con-inner\">\n\t\t<div class=\"elementor-element elementor-element-21096dd9 e-con-full e-flex e-con e-child\" data-id=\"21096dd9\" data-element_type=\"container\">\n\t\t\t\t<div class=\"elementor-element elementor-element-22f856e2 elementor-widget elementor-widget-text-editor\" data-id=\"22f856e2\" data-element_type=\"widget\" data-widget_type=\"text-editor.default\">\n\t\t\t\t\t\t\t\t\t<p><strong><span style=\"color: #032866;\">Nord HT AS<\/span><\/strong><br \/><span style=\"color: #003366;\">Plattformvegen 2<\/span><br \/><span style=\"color: #003366;\">4056 TANANGER \u00a0<\/span><br \/><strong><span style=\"color: #032866;\">Norsko<\/span><\/strong><\/p><p><span style=\"color: #032866;\">ORG: 931 455 842<\/span><\/p><p><span style=\"color: #003366;\"><strong>CEO<\/strong> &#8211; Ingvar Sveinsvoll<\/span><\/p>\t\t\t\t\t\t\t\t<\/div>\n\t\t\t\t<\/div>\n\t\t<div class=\"elementor-element elementor-element-4e6ad853 e-con-full e-flex e-con e-child\" data-id=\"4e6ad853\" data-element_type=\"container\">\n\t\t\t\t<div class=\"elementor-element elementor-element-766d61c0 elementor-widget elementor-widget-text-editor\" data-id=\"766d61c0\" data-element_type=\"widget\" data-widget_type=\"text-editor.default\">\n\t\t\t\t\t\t\t\t\t<p><strong><span style=\"color: #032866;\">Nord HT GmbH<\/span><\/strong><br \/><span style=\"color: #003366;\">Kleines Feldlein 26<\/span><br \/><span style=\"color: #003366;\">74889 Sinsheim \u2013 D\u00fchren \u00a0\u00a0<\/span><br \/><strong><span style=\"color: #032866;\">N\u011bmecko<\/span><\/strong><\/p><p><span style=\"color: #032866;\">Handelsreg.: B 751991<\/span><\/p><p><span style=\"color: #003366;\"><strong>CEO<\/strong> &#8211; Gabor H\u00fcbler<\/span><\/p>\t\t\t\t\t\t\t\t<\/div>\n\t\t\t\t<\/div>\n\t\t<div class=\"elementor-element elementor-element-4ae9600e e-con-full e-flex e-con e-child\" data-id=\"4ae9600e\" data-element_type=\"container\">\n\t\t\t\t<div class=\"elementor-element elementor-element-13e7104 elementor-widget elementor-widget-text-editor\" data-id=\"13e7104\" data-element_type=\"widget\" data-widget_type=\"text-editor.default\">\n\t\t\t\t\t\t\t\t\t<p><strong><span style=\"color: #003366;\">Nord HT Sp. z o.o.<\/span><\/strong><br \/><span style=\"color: #003366;\">Ul. Zygmunta Augusta 5\/2 \u00a0 \u00a0<\/span><br \/><span style=\"color: #003366;\">31-504 Krakow<\/span><br \/><strong><span style=\"color: #003366;\">Polsko<\/span><\/strong><\/p><p><span style=\"color: #032866;\">KRS: 0000990973<\/span><\/p><p><span style=\"color: #003366;\"><strong>CEO<\/strong> &#8211; Damian Samborski<\/span><\/p>\t\t\t\t\t\t\t\t<\/div>\n\t\t\t\t<\/div>\n\t\t\t\t\t<\/div>\n\t\t\t\t<\/div>\n\t\t<div class=\"elementor-element elementor-element-71e89ec0 e-flex e-con-boxed e-con e-parent\" data-id=\"71e89ec0\" data-element_type=\"container\">\n\t\t\t\t\t<div class=\"e-con-inner\">\n\t\t\t\t<div class=\"elementor-element elementor-element-3dc949f6 elementor-widget elementor-widget-text-editor\" data-id=\"3dc949f6\" data-element_type=\"widget\" data-widget_type=\"text-editor.default\">\n\t\t\t\t\t\t\t\t\t<p style=\"text-align: left;\"><span style=\"color: #032866;\">Kontakty<\/span><\/p>\t\t\t\t\t\t\t\t<\/div>\n\t\t\t\t<div class=\"elementor-element elementor-element-1c65424 elementor-widget-divider--view-line elementor-widget elementor-widget-divider\" data-id=\"1c65424\" data-element_type=\"widget\" data-widget_type=\"divider.default\">\n\t\t\t\t\t\t\t<div class=\"elementor-divider\">\n\t\t\t<span class=\"elementor-divider-separator\">\n\t\t\t\t\t\t<\/span>\n\t\t<\/div>\n\t\t\t\t\t\t<\/div>\n\t\t\t\t\t<\/div>\n\t\t\t\t<\/div>\n\t\t\t\t<section class=\"elementor-section elementor-inner-section elementor-element elementor-element-580b5517 elementor-section-boxed elementor-section-height-default elementor-section-height-default\" data-id=\"580b5517\" data-element_type=\"section\">\n\t\t\t\t\t\t<div class=\"elementor-container elementor-column-gap-default\">\n\t\t\t\t\t<div class=\"elementor-column elementor-col-25 elementor-inner-column elementor-element elementor-element-25203ceb\" data-id=\"25203ceb\" data-element_type=\"column\">\n\t\t\t<div class=\"elementor-widget-wrap elementor-element-populated\">\n\t\t\t\t\t\t<div class=\"elementor-element elementor-element-f288f5e elementor-view-default elementor-widget elementor-widget-icon\" data-id=\"f288f5e\" data-element_type=\"widget\" data-widget_type=\"icon.default\">\n\t\t\t\t\t\t\t<div class=\"elementor-icon-wrapper\">\n\t\t\t<div class=\"elementor-icon\">\n\t\t\t<svg aria-hidden=\"true\" class=\"e-font-icon-svg e-far-envelope-open\" viewBox=\"0 0 512 512\" xmlns=\"http:\/\/www.w3.org\/2000\/svg\"><path d=\"M494.586 164.516c-4.697-3.883-111.723-89.95-135.251-108.657C337.231 38.191 299.437 0 256 0c-43.205 0-80.636 37.717-103.335 55.859-24.463 19.45-131.07 105.195-135.15 108.549A48.004 48.004 0 0 0 0 201.485V464c0 26.51 21.49 48 48 48h416c26.51 0 48-21.49 48-48V201.509a48 48 0 0 0-17.414-36.993zM464 458a6 6 0 0 1-6 6H54a6 6 0 0 1-6-6V204.347c0-1.813.816-3.526 2.226-4.665 15.87-12.814 108.793-87.554 132.364-106.293C200.755 78.88 232.398 48 256 48c23.693 0 55.857 31.369 73.41 45.389 23.573 18.741 116.503 93.493 132.366 106.316a5.99 5.99 0 0 1 2.224 4.663V458zm-31.991-187.704c4.249 5.159 3.465 12.795-1.745 16.981-28.975 23.283-59.274 47.597-70.929 56.863C336.636 362.283 299.205 400 256 400c-43.452 0-81.287-38.237-103.335-55.86-11.279-8.967-41.744-33.413-70.927-56.865-5.21-4.187-5.993-11.822-1.745-16.981l15.258-18.528c4.178-5.073 11.657-5.843 16.779-1.726 28.618 23.001 58.566 47.035 70.56 56.571C200.143 320.631 232.307 352 256 352c23.602 0 55.246-30.88 73.41-45.389 11.994-9.535 41.944-33.57 70.563-56.568 5.122-4.116 12.601-3.346 16.778 1.727l15.258 18.526z\"><\/path><\/svg>\t\t\t<\/div>\n\t\t<\/div>\n\t\t\t\t\t\t<\/div>\n\t\t\t\t\t<\/div>\n\t\t<\/div>\n\t\t\t\t<div class=\"elementor-column elementor-col-25 elementor-inner-column elementor-element elementor-element-2ae75626\" data-id=\"2ae75626\" data-element_type=\"column\">\n\t\t\t<div class=\"elementor-widget-wrap elementor-element-populated\">\n\t\t\t\t\t\t<div class=\"elementor-element elementor-element-37b99ce0 elementor-widget elementor-widget-heading\" data-id=\"37b99ce0\" data-element_type=\"widget\" data-widget_type=\"heading.default\">\n\t\t\t\t\t<h5 class=\"elementor-heading-title elementor-size-default\"><a href=\"mailto:\">office@nord-solution.com<\/a><\/h5>\t\t\t\t<\/div>\n\t\t\t\t\t<\/div>\n\t\t<\/div>\n\t\t\t\t<div class=\"elementor-column elementor-col-25 elementor-inner-column elementor-element elementor-element-439ed9b2\" data-id=\"439ed9b2\" data-element_type=\"column\">\n\t\t\t<div class=\"elementor-widget-wrap elementor-element-populated\">\n\t\t\t\t\t\t<div class=\"elementor-element elementor-element-42f3c36 elementor-view-default elementor-widget elementor-widget-icon\" data-id=\"42f3c36\" data-element_type=\"widget\" data-widget_type=\"icon.default\">\n\t\t\t\t\t\t\t<div class=\"elementor-icon-wrapper\">\n\t\t\t<div class=\"elementor-icon\">\n\t\t\t<svg aria-hidden=\"true\" class=\"e-font-icon-svg e-fas-tools\" viewBox=\"0 0 512 512\" xmlns=\"http:\/\/www.w3.org\/2000\/svg\"><path d=\"M501.1 395.7L384 278.6c-23.1-23.1-57.6-27.6-85.4-13.9L192 158.1V96L64 0 0 64l96 128h62.1l106.6 106.6c-13.6 27.8-9.2 62.3 13.9 85.4l117.1 117.1c14.6 14.6 38.2 14.6 52.7 0l52.7-52.7c14.5-14.6 14.5-38.2 0-52.7zM331.7 225c28.3 0 54.9 11 74.9 31l19.4 19.4c15.8-6.9 30.8-16.5 43.8-29.5 37.1-37.1 49.7-89.3 37.9-136.7-2.2-9-13.5-12.1-20.1-5.5l-74.4 74.4-67.9-11.3L334 98.9l74.4-74.4c6.6-6.6 3.4-17.9-5.7-20.2-47.4-11.7-99.6.9-136.6 37.9-28.5 28.5-41.9 66.1-41.2 103.6l82.1 82.1c8.1-1.9 16.5-2.9 24.7-2.9zm-103.9 82l-56.7-56.7L18.7 402.8c-25 25-25 65.5 0 90.5s65.5 25 90.5 0l123.6-123.6c-7.6-19.9-9.9-41.6-5-62.7zM64 472c-13.2 0-24-10.8-24-24 0-13.3 10.7-24 24-24s24 10.7 24 24c0 13.2-10.7 24-24 24z\"><\/path><\/svg>\t\t\t<\/div>\n\t\t<\/div>\n\t\t\t\t\t\t<\/div>\n\t\t\t\t\t<\/div>\n\t\t<\/div>\n\t\t\t\t<div class=\"elementor-column elementor-col-25 elementor-inner-column elementor-element elementor-element-6d6ffbf0\" data-id=\"6d6ffbf0\" data-element_type=\"column\">\n\t\t\t<div class=\"elementor-widget-wrap elementor-element-populated\">\n\t\t\t\t\t\t<div class=\"elementor-element elementor-element-25e54f2b elementor-widget elementor-widget-heading\" data-id=\"25e54f2b\" data-element_type=\"widget\" data-widget_type=\"heading.default\">\n\t\t\t\t\t<h5 class=\"elementor-heading-title elementor-size-default\"><a href=\"mailto:\">support@nord-solution.eu<\/a><\/h5>\t\t\t\t<\/div>\n\t\t\t\t\t<\/div>\n\t\t<\/div>\n\t\t\t\t\t<\/div>\n\t\t<\/section>\n\t\t<div class=\"elementor-element elementor-element-7f49c7b6 e-flex e-con-boxed e-con e-parent\" data-id=\"7f49c7b6\" data-element_type=\"container\">\n\t\t\t\t\t<div class=\"e-con-inner\">\n\t\t\t\t<div class=\"elementor-element elementor-element-48267e81 elementor-widget elementor-widget-text-editor\" data-id=\"48267e81\" data-element_type=\"widget\" data-widget_type=\"text-editor.default\">\n\t\t\t\t\t\t\t\t\t<p style=\"text-align: left;\"><span style=\"color: #032866;\">Kde koupit<\/span><\/p>\t\t\t\t\t\t\t\t<\/div>\n\t\t\t\t<div class=\"elementor-element elementor-element-23641972 elementor-widget-divider--view-line elementor-widget elementor-widget-divider\" data-id=\"23641972\" data-element_type=\"widget\" data-widget_type=\"divider.default\">\n\t\t\t\t\t\t\t<div class=\"elementor-divider\">\n\t\t\t<span class=\"elementor-divider-separator\">\n\t\t\t\t\t\t<\/span>\n\t\t<\/div>\n\t\t\t\t\t\t<\/div>\n\t\t\t\t\t<\/div>\n\t\t\t\t<\/div>\n\t\t<div class=\"elementor-element elementor-element-3313bf00 e-flex e-con-boxed e-con e-parent\" data-id=\"3313bf00\" data-element_type=\"container\">\n\t\t\t\t\t<div class=\"e-con-inner\">\n\t\t<div class=\"elementor-element elementor-element-4b6ea2b0 e-con-full e-flex e-con e-child\" data-id=\"4b6ea2b0\" data-element_type=\"container\">\n\t\t\t\t<div class=\"elementor-element elementor-element-4d746a28 elementor-widget elementor-widget-image\" data-id=\"4d746a28\" data-element_type=\"widget\" data-widget_type=\"image.default\">\n\t\t\t\t\t\t\t\t\t\t\t\t\t\t\t<img fetchpriority=\"high\" decoding=\"async\" width=\"300\" height=\"180\" src=\"https:\/\/nord-solution.com\/wp-content\/uploads\/2023\/05\/EU-flag-300x180.png\" class=\"attachment-medium size-medium wp-image-3460\" alt=\"\" srcset=\"https:\/\/nord-solution.com\/wp-content\/uploads\/2023\/05\/EU-flag-300x180.png 300w, https:\/\/nord-solution.com\/wp-content\/uploads\/2023\/05\/EU-flag.png 500w\" sizes=\"(max-width: 300px) 100vw, 300px\" \/>\t\t\t\t\t\t\t\t\t\t\t\t\t\t\t<\/div>\n\t\t\t\t<div class=\"elementor-element elementor-element-48964d75 elementor-widget elementor-widget-text-editor\" data-id=\"48964d75\" data-element_type=\"widget\" data-widget_type=\"text-editor.default\">\n\t\t\t\t\t\t\t\t\t<p><strong><span style=\"color: #032866;\">GBC Solino s.r.o.<\/span><\/strong><br \/><span style=\"color: #003366;\">U Panel\u00e1rny 10<\/span><br \/><span style=\"color: #003366;\">779 00 Olomouc<\/span><br \/><strong><span style=\"color: #032866;\">\u010cesk\u00e1 republika<\/span><\/strong><\/p><p><a href=\"mailto:sales@gbc-solino.cz\"><span style=\"color: #032866;\">sales@gbc-solino.cz<\/span><\/a><\/p><p><span style=\"color: #003366;\">(+420) 602 497 384<\/span><\/p><p><strong><a href=\"http:\/\/www.nord-solution.com\">www.nord-solution.com<\/a><\/strong><\/p><p><span style=\"color: #003366;\"><strong>NORD HT L<\/strong><\/span><strong style=\"color: #003366; text-align: var(--text-align); font-size: 1rem;\">ogistick\u00e9 centrum<\/strong><\/p>\t\t\t\t\t\t\t\t<\/div>\n\t\t\t\t<\/div>\n\t\t<div class=\"elementor-element elementor-element-20c984fe e-con-full e-flex e-con e-child\" data-id=\"20c984fe\" data-element_type=\"container\">\n\t\t\t\t<div class=\"elementor-element elementor-element-347d478d elementor-widget elementor-widget-image\" data-id=\"347d478d\" data-element_type=\"widget\" data-widget_type=\"image.default\">\n\t\t\t\t\t\t\t\t\t\t\t\t\t\t\t<img decoding=\"async\" width=\"300\" height=\"191\" src=\"https:\/\/nord-solution.com\/wp-content\/uploads\/2024\/11\/Flag_of_Estonia.svg\" class=\"attachment-medium size-medium wp-image-11814\" alt=\"\" \/>\t\t\t\t\t\t\t\t\t\t\t\t\t\t\t<\/div>\n\t\t\t\t<div class=\"elementor-element elementor-element-9b13d7c elementor-widget elementor-widget-text-editor\" data-id=\"9b13d7c\" data-element_type=\"widget\" data-widget_type=\"text-editor.default\">\n\t\t\t\t\t\t\t\t\t<p><strong><span style=\"color: #032866;\">SUNECOR<\/span><\/strong><br \/><span style=\"color: #003366;\">Riia 181a<\/span><br \/><span style=\"color: #003366;\">51014 Tartu\u00a0<\/span><br \/><strong><span style=\"color: #032866;\">Estonsko<\/span><\/strong><\/p><p><a href=\"mailto:info@sunecor.com\"><span style=\"color: #032866;\">info@sunecor.com<\/span><\/a><\/p><p><span style=\"color: #003366;\">(+372) 5441 0104<\/span><\/p><p><strong><a href=\"http:\/\/www.sunecor.com\">www.sunecor.com<\/a><\/strong><\/p><p><span style=\"color: #003366;\"><strong>Dodavatel pro Estonsko<\/strong><\/span><\/p>\t\t\t\t\t\t\t\t<\/div>\n\t\t\t\t<\/div>\n\t\t<div class=\"elementor-element elementor-element-61de3079 e-con-full e-flex e-con e-child\" data-id=\"61de3079\" data-element_type=\"container\">\n\t\t\t\t<div class=\"elementor-element elementor-element-2c6d458b elementor-widget elementor-widget-image\" data-id=\"2c6d458b\" data-element_type=\"widget\" data-widget_type=\"image.default\">\n\t\t\t\t\t\t\t\t\t\t\t\t\t\t\t<img decoding=\"async\" width=\"300\" height=\"158\" src=\"https:\/\/nord-solution.com\/wp-content\/uploads\/2024\/11\/Flag_of_the_United_States.svg\" class=\"attachment-medium size-medium wp-image-11815\" alt=\"\" \/>\t\t\t\t\t\t\t\t\t\t\t\t\t\t\t<\/div>\n\t\t\t\t<div class=\"elementor-element elementor-element-5a0a59ab elementor-widget elementor-widget-text-editor\" data-id=\"5a0a59ab\" data-element_type=\"widget\" data-widget_type=\"text-editor.default\">\n\t\t\t\t\t\t\t\t\t<p><strong><span style=\"color: #003366;\">Nord HT Florida<\/span><\/strong><br \/><span style=\"color: #003366;\">7695 Abby Brooks CIR\u00a0\u00a0<\/span><br \/><span style=\"color: #003366;\">Wesley Chapel, FL 33545w<\/span><br \/><strong><span style=\"color: #003366;\">Severen\u00ed America<\/span><\/strong><\/p><p><a href=\"mailto:sales@nord-solution.com\"><span style=\"color: #032866;\"> sales@nord-solution.com<\/span><\/a><\/p><p><span style=\"color: #003366;\">(+1) 919-589-2981<\/span><\/p><p><strong><a href=\"http:\/\/www.nord-solution.com\">www.nord-solution.com<\/a><\/strong><\/p><p><span style=\"color: #003366;\"><strong>Pobo\u010dka NORD HT v USA<\/strong><\/span><\/p>\t\t\t\t\t\t\t\t<\/div>\n\t\t\t\t<\/div>\n\t\t\t\t\t<\/div>\n\t\t\t\t<\/div>\n\t\t\t\t<section class=\"elementor-section elementor-top-section elementor-element elementor-element-66ed6b76 elementor-section-boxed elementor-section-height-default elementor-section-height-default\" data-id=\"66ed6b76\" data-element_type=\"section\" data-settings=\"{&quot;background_background&quot;:&quot;classic&quot;}\">\n\t\t\t\t\t\t<div class=\"elementor-container elementor-column-gap-default\">\n\t\t\t\t\t<div class=\"elementor-column elementor-col-100 elementor-top-column elementor-element elementor-element-37d82554\" data-id=\"37d82554\" data-element_type=\"column\">\n\t\t\t<div class=\"elementor-widget-wrap elementor-element-populated\">\n\t\t\t\t\t\t<div class=\"elementor-element elementor-element-76456e61 elementor-widget elementor-widget-spacer\" data-id=\"76456e61\" data-element_type=\"widget\" data-widget_type=\"spacer.default\">\n\t\t\t\t\t\t\t<div class=\"elementor-spacer\">\n\t\t\t<div class=\"elementor-spacer-inner\"><\/div>\n\t\t<\/div>\n\t\t\t\t\t\t<\/div>\n\t\t\t\t<div class=\"elementor-element elementor-element-17c4a649 elementor-widget-divider--view-line elementor-widget elementor-widget-divider\" data-id=\"17c4a649\" data-element_type=\"widget\" data-widget_type=\"divider.default\">\n\t\t\t\t\t\t\t<div class=\"elementor-divider\">\n\t\t\t<span class=\"elementor-divider-separator\">\n\t\t\t\t\t\t<\/span>\n\t\t<\/div>\n\t\t\t\t\t\t<\/div>\n\t\t\t\t<div class=\"elementor-element elementor-element-41049b1e elementor-widget elementor-widget-image\" data-id=\"41049b1e\" data-element_type=\"widget\" data-widget_type=\"image.default\">\n\t\t\t\t\t\t\t\t\t\t\t\t\t\t\t<img loading=\"lazy\" decoding=\"async\" width=\"2584\" height=\"1361\" src=\"https:\/\/nord-solution.com\/wp-content\/uploads\/2024\/11\/mapa-nord-kontakty-3.png\" class=\"attachment-full size-full wp-image-11841\" alt=\"\" srcset=\"https:\/\/nord-solution.com\/wp-content\/uploads\/2024\/11\/mapa-nord-kontakty-3.png 2584w, https:\/\/nord-solution.com\/wp-content\/uploads\/2024\/11\/mapa-nord-kontakty-3-600x316.png 600w, https:\/\/nord-solution.com\/wp-content\/uploads\/2024\/11\/mapa-nord-kontakty-3-300x158.png 300w, https:\/\/nord-solution.com\/wp-content\/uploads\/2024\/11\/mapa-nord-kontakty-3-1024x539.png 1024w, https:\/\/nord-solution.com\/wp-content\/uploads\/2024\/11\/mapa-nord-kontakty-3-768x405.png 768w, https:\/\/nord-solution.com\/wp-content\/uploads\/2024\/11\/mapa-nord-kontakty-3-1536x809.png 1536w, https:\/\/nord-solution.com\/wp-content\/uploads\/2024\/11\/mapa-nord-kontakty-3-2048x1079.png 2048w, https:\/\/nord-solution.com\/wp-content\/uploads\/2024\/11\/mapa-nord-kontakty-3-500x263.png 500w\" sizes=\"(max-width: 2584px) 100vw, 2584px\" \/>\t\t\t\t\t\t\t\t\t\t\t\t\t\t\t<\/div>\n\t\t\t\t\t<\/div>\n\t\t<\/div>\n\t\t\t\t\t<\/div>\n\t\t<\/section>\n\t\t\t\t<\/div>\n\t\t","protected":false},"excerpt":{"rendered":"<p>Registrace spole\u010dnosti a pr\u00e1vn\u00ed informace: Nord HT ASPlattformvegen 24056 TANANGER \u00a0Norsko ORG: 931 455 842 CEO &#8211; Ingvar Sveinsvoll Nord HT GmbHKleines Feldlein 2674889 Sinsheim \u2013 D\u00fchren \u00a0\u00a0N\u011bmecko Handelsreg.: B 751991 CEO &#8211; Gabor H\u00fcbler Nord HT Sp. z o.o.Ul. Zygmunta Augusta 5\/2 \u00a0 \u00a031-504 KrakowPolsko KRS: 0000990973 CEO &#8211; Damian Samborski Kontakty office@nord-solution.com support@nord-solution.eu [&hellip;]<\/p>\n","protected":false},"author":1,"featured_media":0,"parent":0,"menu_order":0,"comment_status":"closed","ping_status":"closed","template":"","meta":{"om_disable_all_campaigns":false,"_monsterinsights_skip_tracking":false,"_monsterinsights_sitenote_active":false,"_monsterinsights_sitenote_note":"","_monsterinsights_sitenote_category":0,"footnotes":""},"_links":{"self":[{"href":"https:\/\/nord-solution.com\/index.php\/wp-json\/wp\/v2\/pages\/13672"}],"collection":[{"href":"https:\/\/nord-solution.com\/index.php\/wp-json\/wp\/v2\/pages"}],"about":[{"href":"https:\/\/nord-solution.com\/index.php\/wp-json\/wp\/v2\/types\/page"}],"author":[{"embeddable":true,"href":"https:\/\/nord-solution.com\/index.php\/wp-json\/wp\/v2\/users\/1"}],"replies":[{"embeddable":true,"href":"https:\/\/nord-solution.com\/index.php\/wp-json\/wp\/v2\/comments?post=13672"}],"version-history":[{"count":7,"href":"https:\/\/nord-solution.com\/index.php\/wp-json\/wp\/v2\/pages\/13672\/revisions"}],"predecessor-version":[{"id":13745,"href":"https:\/\/nord-solution.com\/index.php\/wp-json\/wp\/v2\/pages\/13672\/revisions\/13745"}],"wp:attachment":[{"href":"https:\/\/nord-solution.com\/index.php\/wp-json\/wp\/v2\/media?parent=13672"}],"curies":[{"name":"wp","href":"https:\/\/api.w.org\/{rel}","templated":true}]}}