{"id":13485,"date":"2024-12-18T10:40:48","date_gmt":"2024-12-18T09:40:48","guid":{"rendered":"https:\/\/nord-solution.com\/?page_id=13485"},"modified":"2026-01-12T14:49:26","modified_gmt":"2026-01-12T13:49:26","slug":"formularz-zapytania","status":"publish","type":"page","link":"https:\/\/nord-solution.com\/index.php\/pl\/formularz-zapytania\/","title":{"rendered":"Formularz zapytania"},"content":{"rendered":"\t\t<div data-elementor-type=\"wp-page\" data-elementor-id=\"13485\" class=\"elementor elementor-13485\" data-elementor-post-type=\"page\">\n\t\t\t\t\t\t<section class=\"elementor-section elementor-inner-section elementor-element elementor-element-4f96f556 elementor-section-content-middle elementor-section-boxed elementor-section-height-default elementor-section-height-default\" data-id=\"4f96f556\" data-element_type=\"section\">\n\t\t\t\t\t\t<div class=\"elementor-container elementor-column-gap-no\">\n\t\t\t\t\t<div class=\"elementor-column elementor-col-100 elementor-inner-column elementor-element elementor-element-60b013a8\" data-id=\"60b013a8\" data-element_type=\"column\">\n\t\t\t<div class=\"elementor-widget-wrap elementor-element-populated\">\n\t\t\t\t\t\t<div class=\"elementor-element elementor-element-12a64359 elementor-widget elementor-widget-image\" data-id=\"12a64359\" data-element_type=\"widget\" data-widget_type=\"image.default\">\n\t\t\t\t\t\t\t\t\t\t\t\t\t\t\t\t<a href=\"#formular\">\n\t\t\t\t\t\t\t<img fetchpriority=\"high\" decoding=\"async\" width=\"1240\" height=\"620\" src=\"https:\/\/nord-solution.com\/wp-content\/uploads\/2026\/01\/NORD-POPTAVKOVY-FORMULAR-PL.jpg\" class=\"attachment-full size-full wp-image-29686\" alt=\"\" srcset=\"https:\/\/nord-solution.com\/wp-content\/uploads\/2026\/01\/NORD-POPTAVKOVY-FORMULAR-PL.jpg 1240w, https:\/\/nord-solution.com\/wp-content\/uploads\/2026\/01\/NORD-POPTAVKOVY-FORMULAR-PL-300x150.jpg 300w, https:\/\/nord-solution.com\/wp-content\/uploads\/2026\/01\/NORD-POPTAVKOVY-FORMULAR-PL-1024x512.jpg 1024w, https:\/\/nord-solution.com\/wp-content\/uploads\/2026\/01\/NORD-POPTAVKOVY-FORMULAR-PL-768x384.jpg 768w, https:\/\/nord-solution.com\/wp-content\/uploads\/2026\/01\/NORD-POPTAVKOVY-FORMULAR-PL-600x300.jpg 600w\" sizes=\"(max-width: 1240px) 100vw, 1240px\" \/>\t\t\t\t\t\t\t\t<\/a>\n\t\t\t\t\t\t\t\t\t\t\t\t\t\t\t<\/div>\n\t\t\t\t<div class=\"elementor-element elementor-element-25300db2 elementor-widget elementor-widget-text-editor\" data-id=\"25300db2\" data-element_type=\"widget\" id=\"formular\" data-widget_type=\"text-editor.default\">\n\t\t\t\t\t\t\t\t\t<p><strong>Odkryj unikalny system NORD HT, kt\u00f3ry pomaga zmaksymalizowa\u0107 oszcz\u0119dno\u015bci i zwi\u0119kszy\u0107 wydajno\u015b\u0107 domu.<\/strong><\/p><p>Podziel si\u0119 z nami swoimi planami i potrzebami, a my przygotujemy rozwi\u0105zanie dostosowane do Twoich oczekiwa\u0144.<\/p><p>Przeka\u017cemy Twoje dane kontaktowe do naszego najbli\u017cszego partnera-eksperta <strong>NORD HT<\/strong>, kt\u00f3ry udzieli ci profesjonalnej<\/p><p>porady i zapewni realizacj\u0119 projektu w Twoim regionie.<\/p>\t\t\t\t\t\t\t\t<\/div>\n\t\t\t\t\t<\/div>\n\t\t<\/div>\n\t\t\t\t\t<\/div>\n\t\t<\/section>\n\t\t<div class=\"elementor-element elementor-element-26b45daa e-flex e-con-boxed e-con e-parent\" data-id=\"26b45daa\" data-element_type=\"container\">\n\t\t\t\t\t<div class=\"e-con-inner\">\n\t\t\t\t<div class=\"elementor-element elementor-element-503a8104 elementor-button-align-center elementor-widget elementor-widget-form\" data-id=\"503a8104\" data-element_type=\"widget\" data-settings=\"{&quot;step_next_label&quot;:&quot;Next&quot;,&quot;step_previous_label&quot;:&quot;Previous&quot;,&quot;button_width&quot;:&quot;100&quot;,&quot;step_type&quot;:&quot;number_text&quot;,&quot;step_icon_shape&quot;:&quot;circle&quot;}\" data-widget_type=\"form.default\">\n\t\t\t\t\t\t\t<form class=\"elementor-form\" method=\"post\" name=\"New Form\" aria-label=\"New Form\">\n\t\t\t<input type=\"hidden\" name=\"post_id\" value=\"13485\"\/>\n\t\t\t<input type=\"hidden\" name=\"form_id\" value=\"503a8104\"\/>\n\t\t\t<input type=\"hidden\" name=\"referer_title\" value=\"Formularz zapytania\" \/>\n\n\t\t\t\t\t\t\t<input type=\"hidden\" name=\"queried_id\" value=\"13485\"\/>\n\t\t\t\n\t\t\t<div class=\"elementor-form-fields-wrapper elementor-labels-\">\n\t\t\t\t\t\t\t\t<div class=\"elementor-field-type-html elementor-field-group elementor-column elementor-field-group-field_02e6a77 elementor-col-100\">\n\t\t\t\t\tRodzaj i charakter budynku:\t\t\t\t<\/div>\n\t\t\t\t\t\t\t\t<div class=\"elementor-field-type-select elementor-field-group elementor-column elementor-field-group-field_300b326 elementor-col-50\">\n\t\t\t\t\t\t\t\t\t\t\t\t<label for=\"form-field-field_300b326\" class=\"elementor-field-label elementor-screen-only\">\n\t\t\t\t\t\t\t\tTyp budynku:\t\t\t\t\t\t\t<\/label>\n\t\t\t\t\t\t\t\t<div class=\"elementor-field elementor-select-wrapper remove-before \">\n\t\t\t<div class=\"select-caret-down-wrapper\">\n\t\t\t\t<svg aria-hidden=\"true\" class=\"e-font-icon-svg e-eicon-caret-down\" viewBox=\"0 0 571.4 571.4\" xmlns=\"http:\/\/www.w3.org\/2000\/svg\"><path d=\"M571 393Q571 407 561 418L311 668Q300 679 286 679T261 668L11 418Q0 407 0 393T11 368 36 357H536Q550 357 561 368T571 393Z\"><\/path><\/svg>\t\t\t<\/div>\n\t\t\t<select name=\"form_fields[field_300b326]\" id=\"form-field-field_300b326\" class=\"elementor-field-textual elementor-size-xs\">\n\t\t\t\t\t\t\t\t\t<option value=\"Dom rodzinny\">Dom rodzinny<\/option>\n\t\t\t\t\t\t\t\t\t<option value=\"Apartament\">Apartament<\/option>\n\t\t\t\t\t\t\t\t\t<option value=\"Dom mieszkalny\">Dom mieszkalny<\/option>\n\t\t\t\t\t\t\t<\/select>\n\t\t<\/div>\n\t\t\t\t\t\t<\/div>\n\t\t\t\t\t\t\t\t<div class=\"elementor-field-type-select elementor-field-group elementor-column elementor-field-group-field_c74b891 elementor-col-50\">\n\t\t\t\t\t\t\t\t\t\t\t\t<label for=\"form-field-field_c74b891\" class=\"elementor-field-label elementor-screen-only\">\n\t\t\t\t\t\t\t\tCharakter budynku:\t\t\t\t\t\t\t<\/label>\n\t\t\t\t\t\t\t\t<div class=\"elementor-field elementor-select-wrapper remove-before \">\n\t\t\t<div class=\"select-caret-down-wrapper\">\n\t\t\t\t<svg aria-hidden=\"true\" class=\"e-font-icon-svg e-eicon-caret-down\" viewBox=\"0 0 571.4 571.4\" xmlns=\"http:\/\/www.w3.org\/2000\/svg\"><path d=\"M571 393Q571 407 561 418L311 668Q300 679 286 679T261 668L11 418Q0 407 0 393T11 368 36 357H536Q550 357 561 368T571 393Z\"><\/path><\/svg>\t\t\t<\/div>\n\t\t\t<select name=\"form_fields[field_c74b891]\" id=\"form-field-field_c74b891\" class=\"elementor-field-textual elementor-size-xs\">\n\t\t\t\t\t\t\t\t\t<option value=\"Nowy budynek\">Nowy budynek<\/option>\n\t\t\t\t\t\t\t\t\t<option value=\"Przebudowa\">Przebudowa<\/option>\n\t\t\t\t\t\t\t<\/select>\n\t\t<\/div>\n\t\t\t\t\t\t<\/div>\n\t\t\t\t\t\t\t\t<div class=\"elementor-field-type-html elementor-field-group elementor-column elementor-field-group-field_a44e062 elementor-col-100\">\n\t\t\t\t\tDodatkowe informacje (opcjonalnie):\t\t\t\t<\/div>\n\t\t\t\t\t\t\t\t<div class=\"elementor-field-type-text elementor-field-group elementor-column elementor-field-group-name elementor-col-50\">\n\t\t\t\t\t\t\t\t\t\t\t\t<label for=\"form-field-name\" class=\"elementor-field-label elementor-screen-only\">\n\t\t\t\t\t\t\t\tPowierzchnia budynku [m\u00b2]\t\t\t\t\t\t\t<\/label>\n\t\t\t\t\t\t\t\t\t\t\t\t\t\t<input size=\"1\" type=\"text\" name=\"form_fields[name]\" id=\"form-field-name\" class=\"elementor-field elementor-size-xs  elementor-field-textual\" placeholder=\"Ogrzewana powierzchnia budynku [m\u00b2]\">\n\t\t\t\t\t\t\t\t\t\t\t<\/div>\n\t\t\t\t\t\t\t\t<div class=\"elementor-field-type-text elementor-field-group elementor-column elementor-field-group-field_4cbd34f elementor-col-50\">\n\t\t\t\t\t\t\t\t\t\t\t\t<label for=\"form-field-field_4cbd34f\" class=\"elementor-field-label elementor-screen-only\">\n\t\t\t\t\t\t\t\tLiczba pokoi w domu\t\t\t\t\t\t\t<\/label>\n\t\t\t\t\t\t\t\t\t\t\t\t\t\t<input size=\"1\" type=\"text\" name=\"form_fields[field_4cbd34f]\" id=\"form-field-field_4cbd34f\" class=\"elementor-field elementor-size-xs  elementor-field-textual\" placeholder=\"Liczba pokoi w domu\">\n\t\t\t\t\t\t\t\t\t\t\t<\/div>\n\t\t\t\t\t\t\t\t<div class=\"elementor-field-type-text elementor-field-group elementor-column elementor-field-group-field_a56775b elementor-col-50\">\n\t\t\t\t\t\t\t\t\t\t\t\t<label for=\"form-field-field_a56775b\" class=\"elementor-field-label elementor-screen-only\">\n\t\t\t\t\t\t\t\tLiczba pi\u0119ter\t\t\t\t\t\t\t<\/label>\n\t\t\t\t\t\t\t\t\t\t\t\t\t\t<input size=\"1\" type=\"text\" name=\"form_fields[field_a56775b]\" id=\"form-field-field_a56775b\" class=\"elementor-field elementor-size-xs  elementor-field-textual\" placeholder=\"Liczba pi\u0119ter\">\n\t\t\t\t\t\t\t\t\t\t\t<\/div>\n\t\t\t\t\t\t\t\t<div class=\"elementor-field-type-text elementor-field-group elementor-column elementor-field-group-field_902e49d elementor-col-50\">\n\t\t\t\t\t\t\t\t\t\t\t\t<label for=\"form-field-field_902e49d\" class=\"elementor-field-label elementor-screen-only\">\n\t\t\t\t\t\t\t\tW przypadku budynk\u00f3w mieszkalnych - liczba mieszka\u0144 (opcjonalnie)\t\t\t\t\t\t\t<\/label>\n\t\t\t\t\t\t\t\t\t\t\t\t\t\t<input size=\"1\" type=\"text\" name=\"form_fields[field_902e49d]\" id=\"form-field-field_902e49d\" class=\"elementor-field elementor-size-xs  elementor-field-textual\" placeholder=\"W przypadku budynk\u00f3w mieszkalnych - liczba mieszka\u0144 (opcjonalnie)\">\n\t\t\t\t\t\t\t\t\t\t\t<\/div>\n\t\t\t\t\t\t\t\t<div class=\"elementor-field-type-text elementor-field-group elementor-column elementor-field-group-field_a0459ef elementor-col-100\">\n\t\t\t\t\t\t\t\t\t\t\t\t<label for=\"form-field-field_a0459ef\" class=\"elementor-field-label elementor-screen-only\">\n\t\t\t\t\t\t\t\tW przypadku przebudowy - rodzaj ogrzewania (grzejniki, ogrzewanie pod\u0142ogowe, inne)\t\t\t\t\t\t\t<\/label>\n\t\t\t\t\t\t\t\t\t\t\t\t\t\t<input size=\"1\" type=\"text\" name=\"form_fields[field_a0459ef]\" id=\"form-field-field_a0459ef\" class=\"elementor-field elementor-size-xs  elementor-field-textual\" placeholder=\"W przypadku przebudowy - rodzaj ogrzewania (grzejniki, ogrzewanie pod\u0142ogowe, inne)\">\n\t\t\t\t\t\t\t\t\t\t\t<\/div>\n\t\t\t\t\t\t\t\t<div class=\"elementor-field-type-html elementor-field-group elementor-column elementor-field-group-field_3d9023c elementor-col-100\">\n\t\t\t\t\tJestem zainteresowany:\t\t\t\t<\/div>\n\t\t\t\t\t\t\t\t<div class=\"elementor-field-type-checkbox elementor-field-group elementor-column elementor-field-group-field_6c71883 elementor-col-100\">\n\t\t\t\t\t<div class=\"elementor-field-subgroup  elementor-subgroup-inline\"><span class=\"elementor-field-option\"><input type=\"checkbox\" value=\"Kompletne rozwi\u0105zanie\" id=\"form-field-field_6c71883-0\" name=\"form_fields[field_6c71883][]\"> <label for=\"form-field-field_6c71883-0\">Kompletne rozwi\u0105zanie<\/label><\/span><span class=\"elementor-field-option\"><input type=\"checkbox\" value=\"Fotowoltaika\" id=\"form-field-field_6c71883-1\" name=\"form_fields[field_6c71883][]\"> <label for=\"form-field-field_6c71883-1\">Fotowoltaika<\/label><\/span><span class=\"elementor-field-option\"><input type=\"checkbox\" value=\"Ogrzewanie\" id=\"form-field-field_6c71883-2\" name=\"form_fields[field_6c71883][]\"> <label for=\"form-field-field_6c71883-2\">Ogrzewanie<\/label><\/span><span class=\"elementor-field-option\"><input type=\"checkbox\" value=\"Ogrzewanie wodne\" id=\"form-field-field_6c71883-3\" name=\"form_fields[field_6c71883][]\"> <label for=\"form-field-field_6c71883-3\">Ogrzewanie wodne<\/label><\/span><span class=\"elementor-field-option\"><input type=\"checkbox\" value=\"Elektromobilno\u015b\u0107\" id=\"form-field-field_6c71883-4\" name=\"form_fields[field_6c71883][]\"> <label for=\"form-field-field_6c71883-4\">Elektromobilno\u015b\u0107<\/label><\/span><span class=\"elementor-field-option\"><input type=\"checkbox\" value=\"Wentylacja i odzysk ciep\u0142a\" id=\"form-field-field_6c71883-5\" name=\"form_fields[field_6c71883][]\"> <label for=\"form-field-field_6c71883-5\">Wentylacja i odzysk ciep\u0142a<\/label><\/span><\/div>\t\t\t\t<\/div>\n\t\t\t\t\t\t\t\t<div class=\"elementor-field-type-html elementor-field-group elementor-column elementor-field-group-field_ff4999f elementor-col-100\">\n\t\t\t\t\tDane kontaktowe:\t\t\t\t<\/div>\n\t\t\t\t\t\t\t\t<div class=\"elementor-field-type-text elementor-field-group elementor-column elementor-field-group-field_dd5c1a3 elementor-col-50\">\n\t\t\t\t\t\t\t\t\t\t\t\t<label for=\"form-field-field_dd5c1a3\" class=\"elementor-field-label elementor-screen-only\">\n\t\t\t\t\t\t\t\tImi\u0119:\t\t\t\t\t\t\t<\/label>\n\t\t\t\t\t\t\t\t\t\t\t\t\t\t<input size=\"1\" type=\"text\" name=\"form_fields[field_dd5c1a3]\" id=\"form-field-field_dd5c1a3\" class=\"elementor-field elementor-size-xs  elementor-field-textual\" placeholder=\"Imi\u0119*\">\n\t\t\t\t\t\t\t\t\t\t\t<\/div>\n\t\t\t\t\t\t\t\t<div class=\"elementor-field-type-text elementor-field-group elementor-column elementor-field-group-field_220866f elementor-col-50\">\n\t\t\t\t\t\t\t\t\t\t\t\t<label for=\"form-field-field_220866f\" class=\"elementor-field-label elementor-screen-only\">\n\t\t\t\t\t\t\t\tNazwisko:\t\t\t\t\t\t\t<\/label>\n\t\t\t\t\t\t\t\t\t\t\t\t\t\t<input size=\"1\" type=\"text\" name=\"form_fields[field_220866f]\" id=\"form-field-field_220866f\" class=\"elementor-field elementor-size-xs  elementor-field-textual\" placeholder=\"Nazwisko*\">\n\t\t\t\t\t\t\t\t\t\t\t<\/div>\n\t\t\t\t\t\t\t\t<div class=\"elementor-field-type-text elementor-field-group elementor-column elementor-field-group-field_bef59ec elementor-col-50\">\n\t\t\t\t\t\t\t\t\t\t\t\t<label for=\"form-field-field_bef59ec\" class=\"elementor-field-label elementor-screen-only\">\n\t\t\t\t\t\t\t\tKPC:\t\t\t\t\t\t\t<\/label>\n\t\t\t\t\t\t\t\t\t\t\t\t\t\t<input size=\"1\" type=\"text\" name=\"form_fields[field_bef59ec]\" id=\"form-field-field_bef59ec\" class=\"elementor-field elementor-size-xs  elementor-field-textual\" placeholder=\"KPC*\">\n\t\t\t\t\t\t\t\t\t\t\t<\/div>\n\t\t\t\t\t\t\t\t<div class=\"elementor-field-type-text elementor-field-group elementor-column elementor-field-group-field_4776b1b elementor-col-50\">\n\t\t\t\t\t\t\t\t\t\t\t\t<label for=\"form-field-field_4776b1b\" class=\"elementor-field-label elementor-screen-only\">\n\t\t\t\t\t\t\t\tMiasto:\t\t\t\t\t\t\t<\/label>\n\t\t\t\t\t\t\t\t\t\t\t\t\t\t<input size=\"1\" type=\"text\" name=\"form_fields[field_4776b1b]\" id=\"form-field-field_4776b1b\" class=\"elementor-field elementor-size-xs  elementor-field-textual\" placeholder=\"Miasto*\">\n\t\t\t\t\t\t\t\t\t\t\t<\/div>\n\t\t\t\t\t\t\t\t<div class=\"elementor-field-type-tel elementor-field-group elementor-column elementor-field-group-field_69d2e52 elementor-col-50\">\n\t\t\t\t\t\t\t\t\t\t\t\t<label for=\"form-field-field_69d2e52\" class=\"elementor-field-label elementor-screen-only\">\n\t\t\t\t\t\t\t\tTelefon:\t\t\t\t\t\t\t<\/label>\n\t\t\t\t\t\t\t\t<input size=\"1\" type=\"tel\" name=\"form_fields[field_69d2e52]\" id=\"form-field-field_69d2e52\" class=\"elementor-field elementor-size-xs  elementor-field-textual\" placeholder=\"Telefon*\" pattern=\"[0-9()#&amp;+*-=.]+\" title=\"Akceptowane s\u0105 jedynie cyfry i znaki telefoniczne (#,-,*).\">\n\n\t\t\t\t\t\t<\/div>\n\t\t\t\t\t\t\t\t<div class=\"elementor-field-type-email elementor-field-group elementor-column elementor-field-group-email elementor-col-50 elementor-field-required\">\n\t\t\t\t\t\t\t\t\t\t\t\t<label for=\"form-field-email\" class=\"elementor-field-label elementor-screen-only\">\n\t\t\t\t\t\t\t\tEmail\t\t\t\t\t\t\t<\/label>\n\t\t\t\t\t\t\t\t\t\t\t\t\t\t<input size=\"1\" type=\"email\" name=\"form_fields[email]\" id=\"form-field-email\" class=\"elementor-field elementor-size-xs  elementor-field-textual\" placeholder=\"Email*\" required=\"required\">\n\t\t\t\t\t\t\t\t\t\t\t<\/div>\n\t\t\t\t\t\t\t\t<div class=\"elementor-field-type-textarea elementor-field-group elementor-column elementor-field-group-message elementor-col-100\">\n\t\t\t\t\t\t\t\t\t\t\t\t<label for=\"form-field-message\" class=\"elementor-field-label elementor-screen-only\">\n\t\t\t\t\t\t\t\tUwaga:\t\t\t\t\t\t\t<\/label>\n\t\t\t\t\t\t<textarea class=\"elementor-field-textual elementor-field  elementor-size-xs\" name=\"form_fields[message]\" id=\"form-field-message\" rows=\"4\" placeholder=\"Uwaga\"><\/textarea>\t\t\t\t<\/div>\n\t\t\t\t\t\t\t\t<div class=\"elementor-field-type-recaptcha elementor-field-group elementor-column elementor-field-group-field_51b4094 elementor-col-100\">\n\t\t\t\t\t<div class=\"elementor-field\" id=\"form-field-field_51b4094\"><div class=\"elementor-g-recaptcha\" data-sitekey=\"6LeVepcqAAAAAJg748rrIZVh4MF6Zb_MxHgJUGrC\" data-type=\"v2_checkbox\" data-theme=\"light\" data-size=\"normal\"><\/div><\/div>\t\t\t\t<\/div>\n\t\t\t\t\t\t\t\t<div class=\"elementor-field-group elementor-column elementor-field-type-submit elementor-col-100 e-form__buttons\">\n\t\t\t\t\t<button class=\"elementor-button elementor-size-sm elementor-animation-grow\" type=\"submit\">\n\t\t\t\t\t\t<span class=\"elementor-button-content-wrapper\">\n\t\t\t\t\t\t\t\t\t\t\t\t\t\t\t\t\t\t\t\t\t\t<span class=\"elementor-button-text\">Wy\u015blij wiadomo\u015b\u0107<\/span>\n\t\t\t\t\t\t\t\t\t\t\t\t\t<\/span>\n\t\t\t\t\t<\/button>\n\t\t\t\t<\/div>\n\t\t\t<\/div>\n\t\t<\/form>\n\t\t\t\t\t\t<\/div>\n\t\t\t\t\t<\/div>\n\t\t\t\t<\/div>\n\t\t<div class=\"elementor-element elementor-element-6821620d e-flex e-con-boxed e-con e-parent\" data-id=\"6821620d\" data-element_type=\"container\">\n\t\t\t\t\t<div class=\"e-con-inner\">\n\t\t\t\t<div class=\"elementor-element elementor-element-153b6a59 elementor-widget elementor-widget-spacer\" data-id=\"153b6a59\" data-element_type=\"widget\" data-widget_type=\"spacer.default\">\n\t\t\t\t\t\t\t<div class=\"elementor-spacer\">\n\t\t\t<div class=\"elementor-spacer-inner\"><\/div>\n\t\t<\/div>\n\t\t\t\t\t\t<\/div>\n\t\t\t\t\t<\/div>\n\t\t\t\t<\/div>\n\t\t\t\t<\/div>\n\t\t","protected":false},"excerpt":{"rendered":"<p>Odkryj unikalny system NORD HT, kt\u00f3ry pomaga zmaksymalizowa\u0107 oszcz\u0119dno\u015bci i zwi\u0119kszy\u0107 wydajno\u015b\u0107 domu. Podziel si\u0119 z nami swoimi planami i potrzebami, a my przygotujemy rozwi\u0105zanie dostosowane do Twoich oczekiwa\u0144. Przeka\u017cemy Twoje dane kontaktowe do naszego najbli\u017cszego partnera-eksperta NORD HT, kt\u00f3ry udzieli ci profesjonalnej porady i zapewni realizacj\u0119 projektu w Twoim regionie.<\/p>\n","protected":false},"author":1,"featured_media":0,"parent":0,"menu_order":0,"comment_status":"closed","ping_status":"closed","template":"","meta":{"om_disable_all_campaigns":false,"_monsterinsights_skip_tracking":false,"_monsterinsights_sitenote_active":false,"_monsterinsights_sitenote_note":"","_monsterinsights_sitenote_category":0,"footnotes":""},"_links":{"self":[{"href":"https:\/\/nord-solution.com\/index.php\/wp-json\/wp\/v2\/pages\/13485"}],"collection":[{"href":"https:\/\/nord-solution.com\/index.php\/wp-json\/wp\/v2\/pages"}],"about":[{"href":"https:\/\/nord-solution.com\/index.php\/wp-json\/wp\/v2\/types\/page"}],"author":[{"embeddable":true,"href":"https:\/\/nord-solution.com\/index.php\/wp-json\/wp\/v2\/users\/1"}],"replies":[{"embeddable":true,"href":"https:\/\/nord-solution.com\/index.php\/wp-json\/wp\/v2\/comments?post=13485"}],"version-history":[{"count":10,"href":"https:\/\/nord-solution.com\/index.php\/wp-json\/wp\/v2\/pages\/13485\/revisions"}],"predecessor-version":[{"id":29689,"href":"https:\/\/nord-solution.com\/index.php\/wp-json\/wp\/v2\/pages\/13485\/revisions\/29689"}],"wp:attachment":[{"href":"https:\/\/nord-solution.com\/index.php\/wp-json\/wp\/v2\/media?parent=13485"}],"curies":[{"name":"wp","href":"https:\/\/api.w.org\/{rel}","templated":true}]}}