{"id":13411,"date":"2024-12-17T14:30:09","date_gmt":"2024-12-17T13:30:09","guid":{"rendered":"https:\/\/nord-solution.com\/?page_id=13411"},"modified":"2025-04-14T09:38:48","modified_gmt":"2025-04-14T07:38:48","slug":"ecofresh-tank-pl","status":"publish","type":"page","link":"https:\/\/nord-solution.com\/index.php\/pl\/ecofresh-tank-pl\/","title":{"rendered":"EcoFresh Tank PL"},"content":{"rendered":"\t\t<div data-elementor-type=\"wp-page\" data-elementor-id=\"13411\" class=\"elementor elementor-13411\" data-elementor-post-type=\"page\">\n\t\t\t\t<div class=\"elementor-element elementor-element-79c88195 e-flex e-con-boxed e-con e-parent\" data-id=\"79c88195\" data-element_type=\"container\">\n\t\t\t\t\t<div class=\"e-con-inner\">\n\t\t<div class=\"elementor-element elementor-element-5f660d2e e-con-full e-flex e-con e-child\" data-id=\"5f660d2e\" data-element_type=\"container\">\n\t\t\t\t<div class=\"elementor-element elementor-element-69d8b6e6 elementor-widget elementor-widget-heading\" data-id=\"69d8b6e6\" data-element_type=\"widget\" data-widget_type=\"heading.default\">\n\t\t\t\t\t<h2 class=\"elementor-heading-title elementor-size-default\">NORD EcoFresh Tank<\/h2>\t\t\t\t<\/div>\n\t\t\t\t<div class=\"elementor-element elementor-element-1cae4f20 elementor-widget elementor-widget-heading\" data-id=\"1cae4f20\" data-element_type=\"widget\" data-widget_type=\"heading.default\">\n\t\t\t\t\t<h2 class=\"elementor-heading-title elementor-size-default\">Oszcz\u0119dny zasobnik ciep\u0142ej wody<\/h2>\t\t\t\t<\/div>\n\t\t\t\t<div class=\"elementor-element elementor-element-174e0b28 elementor-widget elementor-widget-heading\" data-id=\"174e0b28\" data-element_type=\"widget\" data-widget_type=\"heading.default\">\n\t\t\t\t\t<h2 class=\"elementor-heading-title elementor-size-default\">Modele: 220 L | 300 L <\/h2>\t\t\t\t<\/div>\n\t\t\t\t<div class=\"elementor-element elementor-element-3b1ceda8 elementor-widget elementor-widget-text-editor\" data-id=\"3b1ceda8\" data-element_type=\"widget\" data-widget_type=\"text-editor.default\">\n\t\t\t\t\t\t\t\t\t<p>Zbiornik NORD EcoFresh to nowoczesny zasobnik ciep\u0142ej wody u\u017cytkowej (CWU) zaprojektowany z my\u015bl\u0105 <strong>o maksymalnej wydajno\u015bci i oszcz\u0119dno\u015bci energii. Specjalny eliptyczny wymiennik ciep\u0142a<\/strong> z rozszerzon\u0105 powierzchni\u0105 wymiany zapewnia <strong>szybsze i bardziej efektywne podgrzewanie wody<\/strong>, zw\u0142aszcza w po\u0142\u0105czeniu z pompami ciep\u0142a NORD EcoHeat. Jego smuk\u0142a, oszcz\u0119dzaj\u0105ca miejsce konstrukcja umo\u017cliwia \u0142atw\u0105 instalacj\u0119 nawet w mniejszych pomieszczeniach technicznych.<\/p>\t\t\t\t\t\t\t\t<\/div>\n\t\t\t\t<\/div>\n\t\t<div class=\"elementor-element elementor-element-6383a6f7 e-con-full e-flex e-con e-child\" data-id=\"6383a6f7\" data-element_type=\"container\">\n\t\t\t\t<div class=\"elementor-element elementor-element-40a0232 elementor-widget elementor-widget-image\" data-id=\"40a0232\" data-element_type=\"widget\" data-widget_type=\"image.default\">\n\t\t\t\t\t\t\t\t\t\t\t\t\t\t\t<img fetchpriority=\"high\" decoding=\"async\" width=\"800\" height=\"800\" src=\"https:\/\/nord-solution.com\/wp-content\/uploads\/2025\/03\/EcoFreshTank-1024x1024.jpg\" class=\"attachment-large size-large wp-image-17655\" alt=\"\" srcset=\"https:\/\/nord-solution.com\/wp-content\/uploads\/2025\/03\/EcoFreshTank-1024x1024.jpg 1024w, https:\/\/nord-solution.com\/wp-content\/uploads\/2025\/03\/EcoFreshTank-300x300.jpg 300w, https:\/\/nord-solution.com\/wp-content\/uploads\/2025\/03\/EcoFreshTank-100x100.jpg 100w, https:\/\/nord-solution.com\/wp-content\/uploads\/2025\/03\/EcoFreshTank-600x600.jpg 600w, https:\/\/nord-solution.com\/wp-content\/uploads\/2025\/03\/EcoFreshTank-150x150.jpg 150w, https:\/\/nord-solution.com\/wp-content\/uploads\/2025\/03\/EcoFreshTank-768x768.jpg 768w, https:\/\/nord-solution.com\/wp-content\/uploads\/2025\/03\/EcoFreshTank-700x700.jpg 700w, https:\/\/nord-solution.com\/wp-content\/uploads\/2025\/03\/EcoFreshTank-500x500.jpg 500w, https:\/\/nord-solution.com\/wp-content\/uploads\/2025\/03\/EcoFreshTank-800x800.jpg 800w, https:\/\/nord-solution.com\/wp-content\/uploads\/2025\/03\/EcoFreshTank.jpg 1500w\" sizes=\"(max-width: 800px) 100vw, 800px\" \/>\t\t\t\t\t\t\t\t\t\t\t\t\t\t\t<\/div>\n\t\t\t\t<\/div>\n\t\t\t\t\t<\/div>\n\t\t\t\t<\/div>\n\t\t\t\t<section class=\"elementor-section elementor-top-section elementor-element elementor-element-1b3168a3 elementor-section-content-middle elementor-section-boxed elementor-section-height-default elementor-section-height-default\" data-id=\"1b3168a3\" data-element_type=\"section\" data-settings=\"{&quot;background_background&quot;:&quot;classic&quot;}\">\n\t\t\t\t\t\t<div class=\"elementor-container elementor-column-gap-default\">\n\t\t\t\t\t<div class=\"elementor-column elementor-col-50 elementor-top-column elementor-element elementor-element-2f269b8c\" data-id=\"2f269b8c\" data-element_type=\"column\">\n\t\t\t<div class=\"elementor-widget-wrap elementor-element-populated\">\n\t\t\t\t\t\t<div class=\"elementor-element elementor-element-5b38ea96 elementor-widget elementor-widget-image\" data-id=\"5b38ea96\" data-element_type=\"widget\" data-widget_type=\"image.default\">\n\t\t\t\t\t\t\t\t\t\t\t\t\t\t\t<img decoding=\"async\" width=\"150\" height=\"150\" src=\"https:\/\/nord-solution.com\/wp-content\/uploads\/2023\/04\/ikona_hot_water-150x150.png\" class=\"attachment-thumbnail size-thumbnail wp-image-1989\" alt=\"\" srcset=\"https:\/\/nord-solution.com\/wp-content\/uploads\/2023\/04\/ikona_hot_water-150x150.png 150w, https:\/\/nord-solution.com\/wp-content\/uploads\/2023\/04\/ikona_hot_water-300x300.png 300w, https:\/\/nord-solution.com\/wp-content\/uploads\/2023\/04\/ikona_hot_water-100x100.png 100w, https:\/\/nord-solution.com\/wp-content\/uploads\/2023\/04\/ikona_hot_water.png 260w\" sizes=\"(max-width: 150px) 100vw, 150px\" \/>\t\t\t\t\t\t\t\t\t\t\t\t\t\t\t<\/div>\n\t\t\t\t\t<\/div>\n\t\t<\/div>\n\t\t\t\t<div class=\"elementor-column elementor-col-50 elementor-top-column elementor-element elementor-element-4647811\" data-id=\"4647811\" data-element_type=\"column\">\n\t\t\t<div class=\"elementor-widget-wrap elementor-element-populated\">\n\t\t\t\t\t\t<div class=\"elementor-element elementor-element-2455a74f animated-slow elementor-widget__width-inherit elementor-invisible elementor-widget elementor-widget-heading\" data-id=\"2455a74f\" data-element_type=\"widget\" data-settings=\"{&quot;_animation&quot;:&quot;fadeInRight&quot;,&quot;_animation_delay&quot;:500}\" data-widget_type=\"heading.default\">\n\t\t\t\t\t<h6 class=\"elementor-heading-title elementor-size-default\">TECHNOLOGIA DLA MAKSYMALNEJ WYDAJNO\u015aCI I OSZCZ\u0118DNO\u015aCI<\/h6>\t\t\t\t<\/div>\n\t\t\t\t<div class=\"elementor-element elementor-element-1d5de4b4 elementor-widget__width-initial elementor-widget elementor-widget-text-editor\" data-id=\"1d5de4b4\" data-element_type=\"widget\" data-widget_type=\"text-editor.default\">\n\t\t\t\t\t\t\t\t\t<p>Specjalnie zaprojektowany eliptyczny wymiennik ciep\u0142a znacznie zwi\u0119ksza powierzchni\u0119 wymiany ciep\u0142a, oferuj\u0105c wy\u017csz\u0105 wydajno\u015b\u0107 ni\u017c tradycyjne zbiorniki magazynuj\u0105ce. To innowacyjne rozwi\u0105zanie, opracowane do wsp\u00f3\u0142pracy z pompami ciep\u0142a <strong>NORD EcoHeat<\/strong> oraz systemem zarz\u0105dzania energi\u0105 <strong>NORD EcoControl<\/strong>, umo\u017cliwia szybsz\u0105 produkcj\u0119 ciep\u0142ej wody w por\u00f3wnaniu do standardowych zbiornik\u00f3w o tej samej pojemno\u015bci.<\/p>\t\t\t\t\t\t\t\t<\/div>\n\t\t\t\t\t<\/div>\n\t\t<\/div>\n\t\t\t\t\t<\/div>\n\t\t<\/section>\n\t\t\t\t<section class=\"elementor-section elementor-top-section elementor-element elementor-element-41f28de1 elementor-section-boxed elementor-section-height-default elementor-section-height-default\" data-id=\"41f28de1\" data-element_type=\"section\">\n\t\t\t\t\t\t<div class=\"elementor-container elementor-column-gap-default\">\n\t\t\t\t\t<div class=\"elementor-column elementor-col-100 elementor-top-column elementor-element elementor-element-4814654f\" data-id=\"4814654f\" data-element_type=\"column\">\n\t\t\t<div class=\"elementor-widget-wrap elementor-element-populated\">\n\t\t\t\t\t\t<div class=\"elementor-element elementor-element-7047c55e elementor-widget-divider--view-line elementor-widget elementor-widget-divider\" data-id=\"7047c55e\" data-element_type=\"widget\" data-widget_type=\"divider.default\">\n\t\t\t\t\t\t\t<div class=\"elementor-divider\">\n\t\t\t<span class=\"elementor-divider-separator\">\n\t\t\t\t\t\t<\/span>\n\t\t<\/div>\n\t\t\t\t\t\t<\/div>\n\t\t\t\t\t<\/div>\n\t\t<\/div>\n\t\t\t\t\t<\/div>\n\t\t<\/section>\n\t\t\t\t<section class=\"elementor-section elementor-top-section elementor-element elementor-element-765b5b90 elementor-section-boxed elementor-section-height-default elementor-section-height-default\" data-id=\"765b5b90\" data-element_type=\"section\">\n\t\t\t\t\t\t<div class=\"elementor-container elementor-column-gap-default\">\n\t\t\t\t\t<div class=\"elementor-column elementor-col-50 elementor-top-column elementor-element elementor-element-34022d95\" data-id=\"34022d95\" data-element_type=\"column\">\n\t\t\t<div class=\"elementor-widget-wrap elementor-element-populated\">\n\t\t\t\t\t\t<div class=\"elementor-element elementor-element-6e55babe animated-slow elementor-widget__width-inherit elementor-invisible elementor-widget elementor-widget-heading\" data-id=\"6e55babe\" data-element_type=\"widget\" data-settings=\"{&quot;_animation&quot;:&quot;fadeInLeft&quot;,&quot;_animation_delay&quot;:800}\" data-widget_type=\"heading.default\">\n\t\t\t\t\t<h6 class=\"elementor-heading-title elementor-size-default\">WYMIENNIK NOWEGO WYMIARU<\/h6>\t\t\t\t<\/div>\n\t\t\t\t<div class=\"elementor-element elementor-element-702c6a65 elementor-widget elementor-widget-text-editor\" data-id=\"702c6a65\" data-element_type=\"widget\" data-widget_type=\"text-editor.default\">\n\t\t\t\t\t\t\t\t\t<p style=\"text-align: center;\">Unikalny proces produkcji <strong>wymiennika eliptycznego<\/strong> pozwala na sp\u0142aszczenie i zwini\u0119cie rury przyjednoczesnym zachowaniu wszystkich jej w\u0142a\u015bciwo\u015bci strukturalnych, wytrzyma\u0142o\u015bciowych i wydajno\u015bciowych.<\/p>\t\t\t\t\t\t\t\t<\/div>\n\t\t\t\t\t<\/div>\n\t\t<\/div>\n\t\t\t\t<div class=\"elementor-column elementor-col-50 elementor-top-column elementor-element elementor-element-17717b8d\" data-id=\"17717b8d\" data-element_type=\"column\">\n\t\t\t<div class=\"elementor-widget-wrap elementor-element-populated\">\n\t\t\t\t\t\t<div class=\"elementor-element elementor-element-55a1d05b elementor-widget elementor-widget-image\" data-id=\"55a1d05b\" data-element_type=\"widget\" data-widget_type=\"image.default\">\n\t\t\t\t\t\t\t\t\t\t\t\t\t\t\t<img decoding=\"async\" width=\"300\" height=\"300\" src=\"https:\/\/nord-solution.com\/wp-content\/uploads\/2024\/11\/ikona_ecoboiler-hybrid-spiral-elipsa-prurez.svg\" class=\"attachment-medium size-medium wp-image-12294\" alt=\"\" \/>\t\t\t\t\t\t\t\t\t\t\t\t\t\t\t<\/div>\n\t\t\t\t\t<\/div>\n\t\t<\/div>\n\t\t\t\t\t<\/div>\n\t\t<\/section>\n\t\t\t\t<section class=\"elementor-section elementor-top-section elementor-element elementor-element-a216a58 elementor-section-boxed elementor-section-height-default elementor-section-height-default\" data-id=\"a216a58\" data-element_type=\"section\">\n\t\t\t\t\t\t<div class=\"elementor-container elementor-column-gap-default\">\n\t\t\t\t\t<div class=\"elementor-column elementor-col-100 elementor-top-column elementor-element elementor-element-3cf189bd\" data-id=\"3cf189bd\" data-element_type=\"column\">\n\t\t\t<div class=\"elementor-widget-wrap elementor-element-populated\">\n\t\t\t\t\t\t<div class=\"elementor-element elementor-element-61d0a8d8 elementor-widget-divider--view-line elementor-widget elementor-widget-divider\" data-id=\"61d0a8d8\" data-element_type=\"widget\" data-widget_type=\"divider.default\">\n\t\t\t\t\t\t\t<div class=\"elementor-divider\">\n\t\t\t<span class=\"elementor-divider-separator\">\n\t\t\t\t\t\t<\/span>\n\t\t<\/div>\n\t\t\t\t\t\t<\/div>\n\t\t\t\t\t<\/div>\n\t\t<\/div>\n\t\t\t\t\t<\/div>\n\t\t<\/section>\n\t\t\t\t<section class=\"elementor-section elementor-top-section elementor-element elementor-element-3188370f elementor-section-content-middle elementor-section-boxed elementor-section-height-default elementor-section-height-default\" data-id=\"3188370f\" data-element_type=\"section\" data-settings=\"{&quot;background_background&quot;:&quot;classic&quot;}\">\n\t\t\t\t\t\t<div class=\"elementor-container elementor-column-gap-default\">\n\t\t\t\t\t<div class=\"elementor-column elementor-col-50 elementor-top-column elementor-element elementor-element-46e311e\" data-id=\"46e311e\" data-element_type=\"column\">\n\t\t\t<div class=\"elementor-widget-wrap elementor-element-populated\">\n\t\t\t\t\t\t<div class=\"elementor-element elementor-element-6d890654 elementor-widget elementor-widget-image\" data-id=\"6d890654\" data-element_type=\"widget\" data-widget_type=\"image.default\">\n\t\t\t\t\t\t\t\t\t\t\t\t\t\t\t<img loading=\"lazy\" decoding=\"async\" width=\"300\" height=\"300\" src=\"https:\/\/nord-solution.com\/wp-content\/uploads\/2024\/10\/ikona_ecoboiler-hybrid-stihly.svg\" class=\"attachment-medium size-medium wp-image-11555\" alt=\"\" \/>\t\t\t\t\t\t\t\t\t\t\t\t\t\t\t<\/div>\n\t\t\t\t\t<\/div>\n\t\t<\/div>\n\t\t\t\t<div class=\"elementor-column elementor-col-50 elementor-top-column elementor-element elementor-element-70cd1d86\" data-id=\"70cd1d86\" data-element_type=\"column\">\n\t\t\t<div class=\"elementor-widget-wrap elementor-element-populated\">\n\t\t\t\t\t\t<div class=\"elementor-element elementor-element-3bca2762 animated-slow elementor-widget__width-inherit elementor-invisible elementor-widget elementor-widget-heading\" data-id=\"3bca2762\" data-element_type=\"widget\" data-settings=\"{&quot;_animation&quot;:&quot;fadeInRight&quot;,&quot;_animation_delay&quot;:500}\" data-widget_type=\"heading.default\">\n\t\t\t\t\t<h6 class=\"elementor-heading-title elementor-size-default\">SMUK\u0141A KONSTRUKCJA ZBIORNIKA<\/h6>\t\t\t\t<\/div>\n\t\t\t\t<div class=\"elementor-element elementor-element-390160ef elementor-widget__width-initial elementor-widget elementor-widget-text-editor\" data-id=\"390160ef\" data-element_type=\"widget\" data-widget_type=\"text-editor.default\">\n\t\t\t\t\t\t\t\t\t<p><strong>W\u0105ska forma<\/strong> zbiornika zosta\u0142a zaprojektowana z my\u015bl\u0105 o <strong>maksymalnej oszcz\u0119dno\u015bci miejsca<\/strong>, co czyni go idealnym rozwi\u0105zaniem do <strong>pomieszcze\u0144 technicznych o ograniczonej przestrzeni<\/strong>.<\/p>\t\t\t\t\t\t\t\t<\/div>\n\t\t\t\t\t<\/div>\n\t\t<\/div>\n\t\t\t\t\t<\/div>\n\t\t<\/section>\n\t\t\t\t<section class=\"elementor-section elementor-top-section elementor-element elementor-element-c014cda elementor-section-boxed elementor-section-height-default elementor-section-height-default\" data-id=\"c014cda\" data-element_type=\"section\">\n\t\t\t\t\t\t<div class=\"elementor-container elementor-column-gap-default\">\n\t\t\t\t\t<div class=\"elementor-column elementor-col-100 elementor-top-column elementor-element elementor-element-5c59f9e6\" data-id=\"5c59f9e6\" data-element_type=\"column\">\n\t\t\t<div class=\"elementor-widget-wrap elementor-element-populated\">\n\t\t\t\t\t\t<div class=\"elementor-element elementor-element-401b4c9e elementor-widget-divider--view-line elementor-widget elementor-widget-divider\" data-id=\"401b4c9e\" data-element_type=\"widget\" data-widget_type=\"divider.default\">\n\t\t\t\t\t\t\t<div class=\"elementor-divider\">\n\t\t\t<span class=\"elementor-divider-separator\">\n\t\t\t\t\t\t<\/span>\n\t\t<\/div>\n\t\t\t\t\t\t<\/div>\n\t\t\t\t\t<\/div>\n\t\t<\/div>\n\t\t\t\t\t<\/div>\n\t\t<\/section>\n\t\t\t\t<section class=\"elementor-section elementor-top-section elementor-element elementor-element-291bc6b2 elementor-section-boxed elementor-section-height-default elementor-section-height-default\" data-id=\"291bc6b2\" data-element_type=\"section\">\n\t\t\t\t\t\t<div class=\"elementor-container elementor-column-gap-default\">\n\t\t\t\t\t<div class=\"elementor-column elementor-col-50 elementor-top-column elementor-element elementor-element-175907b6\" data-id=\"175907b6\" data-element_type=\"column\">\n\t\t\t<div class=\"elementor-widget-wrap elementor-element-populated\">\n\t\t\t\t\t\t<div class=\"elementor-element elementor-element-5c5bd6f animated-slow elementor-widget__width-inherit elementor-invisible elementor-widget elementor-widget-heading\" data-id=\"5c5bd6f\" data-element_type=\"widget\" data-settings=\"{&quot;_animation&quot;:&quot;fadeInLeft&quot;,&quot;_animation_delay&quot;:800}\" data-widget_type=\"heading.default\">\n\t\t\t\t\t<h6 class=\"elementor-heading-title elementor-size-default\">OPTYMALNA POJEMNO\u015a\u0106 DLA MAKSYMALNEJ WYDAJNO\u015aCI<\/h6>\t\t\t\t<\/div>\n\t\t\t\t<div class=\"elementor-element elementor-element-64e2e20b elementor-widget elementor-widget-text-editor\" data-id=\"64e2e20b\" data-element_type=\"widget\" data-widget_type=\"text-editor.default\">\n\t\t\t\t\t\t\t\t\t<p style=\"text-align: center;\">NORD EcoFresh Tank 300 oferuje u\u017cyteczn\u0105 pojemno\u015b\u0107 <strong>291 litr\u00f3w<\/strong>, a NORD EcoFresh Tank 220 zapewnia <strong>203 litry<\/strong>, gwarantuj\u0105c <strong>odpowiedni\u0105 ilo\u015b\u0107 ciep\u0142ej wody<\/strong> do r\u00f3\u017cnych potrzeb domowych.<\/p>\t\t\t\t\t\t\t\t<\/div>\n\t\t\t\t\t<\/div>\n\t\t<\/div>\n\t\t\t\t<div class=\"elementor-column elementor-col-50 elementor-top-column elementor-element elementor-element-5c0e5677\" data-id=\"5c0e5677\" data-element_type=\"column\">\n\t\t\t<div class=\"elementor-widget-wrap elementor-element-populated\">\n\t\t\t\t\t\t<div class=\"elementor-element elementor-element-442a061a elementor-widget elementor-widget-image\" data-id=\"442a061a\" data-element_type=\"widget\" data-widget_type=\"image.default\">\n\t\t\t\t\t\t\t\t\t\t\t\t\t\t\t<img loading=\"lazy\" decoding=\"async\" width=\"300\" height=\"300\" src=\"https:\/\/nord-solution.com\/wp-content\/uploads\/2025\/04\/ikona_ecoboiler-hybrid-200-a-300l-1.svg\" class=\"attachment-medium size-medium wp-image-18584\" alt=\"\" \/>\t\t\t\t\t\t\t\t\t\t\t\t\t\t\t<\/div>\n\t\t\t\t\t<\/div>\n\t\t<\/div>\n\t\t\t\t\t<\/div>\n\t\t<\/section>\n\t\t<div class=\"elementor-element elementor-element-7a22bc5b e-flex e-con-boxed e-con e-parent\" data-id=\"7a22bc5b\" data-element_type=\"container\">\n\t\t\t\t\t<div class=\"e-con-inner\">\n\t\t\t\t<div class=\"elementor-element elementor-element-3a73687 elementor-arrows-position-inside elementor-pagination-position-outside elementor-widget elementor-widget-image-carousel\" data-id=\"3a73687\" data-element_type=\"widget\" data-settings=\"{&quot;slides_to_show&quot;:&quot;1&quot;,&quot;navigation&quot;:&quot;both&quot;,&quot;autoplay&quot;:&quot;yes&quot;,&quot;pause_on_hover&quot;:&quot;yes&quot;,&quot;pause_on_interaction&quot;:&quot;yes&quot;,&quot;autoplay_speed&quot;:5000,&quot;infinite&quot;:&quot;yes&quot;,&quot;effect&quot;:&quot;slide&quot;,&quot;speed&quot;:500}\" data-widget_type=\"image-carousel.default\">\n\t\t\t\t\t\t\t<div class=\"elementor-image-carousel-wrapper swiper\" role=\"region\" aria-roledescription=\"carousel\" aria-label=\"Karuzela obrazk\u00f3w\" dir=\"ltr\">\n\t\t\t<div class=\"elementor-image-carousel swiper-wrapper\" aria-live=\"off\">\n\t\t\t\t\t\t\t\t<div class=\"swiper-slide\" role=\"group\" aria-roledescription=\"slide\" aria-label=\"1 z 1\"><figure class=\"swiper-slide-inner\"><img decoding=\"async\" class=\"swiper-slide-image\" src=\"https:\/\/nord-solution.com\/wp-content\/uploads\/2025\/04\/EcoFresh.png\" alt=\"EcoFresh\" \/><\/figure><\/div>\t\t\t<\/div>\n\t\t\t\t\t<\/div>\n\t\t\t\t\t\t<\/div>\n\t\t\t\t\t<\/div>\n\t\t\t\t<\/div>\n\t\t\t\t<section class=\"elementor-section elementor-top-section elementor-element elementor-element-4a2ad174 elementor-section-boxed elementor-section-height-default elementor-section-height-default\" data-id=\"4a2ad174\" data-element_type=\"section\" data-settings=\"{&quot;background_background&quot;:&quot;classic&quot;}\">\n\t\t\t\t\t\t<div class=\"elementor-container elementor-column-gap-no\">\n\t\t\t\t\t<div class=\"elementor-column elementor-col-100 elementor-top-column elementor-element elementor-element-7e9f7dd6\" data-id=\"7e9f7dd6\" data-element_type=\"column\">\n\t\t\t<div class=\"elementor-widget-wrap elementor-element-populated\">\n\t\t\t\t\t\t<div class=\"elementor-element elementor-element-7020df61 animated-slow elementor-invisible elementor-widget elementor-widget-heading\" data-id=\"7020df61\" data-element_type=\"widget\" data-settings=\"{&quot;_animation&quot;:&quot;fadeIn&quot;}\" data-widget_type=\"heading.default\">\n\t\t\t\t\t<h2 class=\"elementor-heading-title elementor-size-default\">Gotowi na przysz\u0142o\u015b\u0107? Dowiedz si\u0119 wi\u0119cej ju\u017c dzi\u015b!<\/h2>\t\t\t\t<\/div>\n\t\t\t\t<section class=\"elementor-section elementor-inner-section elementor-element elementor-element-d7d84f0 elementor-section-boxed elementor-section-height-default elementor-section-height-default\" data-id=\"d7d84f0\" data-element_type=\"section\">\n\t\t\t\t\t\t<div class=\"elementor-container elementor-column-gap-default\">\n\t\t\t\t\t<div class=\"elementor-column elementor-col-50 elementor-inner-column elementor-element elementor-element-3333e\" data-id=\"3333e\" data-element_type=\"column\">\n\t\t\t<div class=\"elementor-widget-wrap elementor-element-populated\">\n\t\t\t\t\t\t<div class=\"elementor-element elementor-element-5c95c683 elementor-invisible elementor-widget elementor-widget-text-editor\" data-id=\"5c95c683\" data-element_type=\"widget\" data-settings=\"{&quot;_animation&quot;:&quot;fadeIn&quot;,&quot;_animation_delay&quot;:200}\" data-widget_type=\"text-editor.default\">\n\t\t\t\t\t\t\t\t\t<p>Odkryj now\u0105 generacj\u0119 pomp ciep\u0142a EcoHeat do ogrzewania Twojego domu zielon\u0105 energi\u0105.<\/p>\t\t\t\t\t\t\t\t<\/div>\n\t\t\t\t<div class=\"elementor-element elementor-element-5b2add2a elementor-mobile-align-justify animated-fast elementor-align-center elementor-invisible elementor-widget elementor-widget-button\" data-id=\"5b2add2a\" data-element_type=\"widget\" data-settings=\"{&quot;_animation&quot;:&quot;fadeIn&quot;,&quot;_animation_delay&quot;:400}\" data-widget_type=\"button.default\">\n\t\t\t\t\t\t\t\t\t\t<a class=\"elementor-button elementor-button-link elementor-size-sm elementor-animation-float\" href=\"https:\/\/nord-solution.com\/DownloadCenter\/uploads\/DS_NORD_EcoFresh%20Tank_V1.2_(PL).pdf\" target=\"_blank\">\n\t\t\t\t\t\t<span class=\"elementor-button-content-wrapper\">\n\t\t\t\t\t\t\t\t\t<span class=\"elementor-button-text\">Pobierz kart\u0119 techniczn\u0105<\/span>\n\t\t\t\t\t<\/span>\n\t\t\t\t\t<\/a>\n\t\t\t\t\t\t\t\t<\/div>\n\t\t\t\t\t<\/div>\n\t\t<\/div>\n\t\t\t\t<div class=\"elementor-column elementor-col-50 elementor-inner-column elementor-element elementor-element-33f2a0ee\" data-id=\"33f2a0ee\" data-element_type=\"column\">\n\t\t\t<div class=\"elementor-widget-wrap elementor-element-populated\">\n\t\t\t\t\t\t<div class=\"elementor-element elementor-element-6644f1e4 elementor-invisible elementor-widget elementor-widget-text-editor\" data-id=\"6644f1e4\" data-element_type=\"widget\" data-settings=\"{&quot;_animation&quot;:&quot;fadeIn&quot;,&quot;_animation_delay&quot;:200}\" data-widget_type=\"text-editor.default\">\n\t\t\t\t\t\t\t\t\t<p>W celu niezobowi\u0105zuj\u0105cego zapytania<br data-start=\"35\" data-end=\"38\" \/>skontaktuj si\u0119 z nami bezpo\u015brednio.<\/p>\t\t\t\t\t\t\t\t<\/div>\n\t\t\t\t<div class=\"elementor-element elementor-element-65293531 elementor-mobile-align-justify animated-fast elementor-align-center elementor-invisible elementor-widget elementor-widget-button\" data-id=\"65293531\" data-element_type=\"widget\" data-settings=\"{&quot;_animation&quot;:&quot;fadeIn&quot;,&quot;_animation_delay&quot;:400}\" data-widget_type=\"button.default\">\n\t\t\t\t\t\t\t\t\t\t<a class=\"elementor-button elementor-button-link elementor-size-sm elementor-animation-float\" href=\"https:\/\/nord-solution.com\/index.php\/pl\/formularz-zapytania\/\" target=\"_blank\">\n\t\t\t\t\t\t<span class=\"elementor-button-content-wrapper\">\n\t\t\t\t\t\t\t\t\t<span class=\"elementor-button-text\">formularz zapytaniowy<\/span>\n\t\t\t\t\t<\/span>\n\t\t\t\t\t<\/a>\n\t\t\t\t\t\t\t\t<\/div>\n\t\t\t\t\t<\/div>\n\t\t<\/div>\n\t\t\t\t\t<\/div>\n\t\t<\/section>\n\t\t\t\t\t<\/div>\n\t\t<\/div>\n\t\t\t\t\t<\/div>\n\t\t<\/section>\n\t\t\t\t<\/div>\n\t\t","protected":false},"excerpt":{"rendered":"<p>NORD EcoFresh Tank Oszcz\u0119dny zasobnik ciep\u0142ej wody Modele: 220 L | 300 L Zbiornik NORD EcoFresh to nowoczesny zasobnik ciep\u0142ej wody u\u017cytkowej (CWU) zaprojektowany z my\u015bl\u0105 o maksymalnej wydajno\u015bci i oszcz\u0119dno\u015bci energii. Specjalny eliptyczny wymiennik ciep\u0142a z rozszerzon\u0105 powierzchni\u0105 wymiany zapewnia szybsze i bardziej efektywne podgrzewanie wody, zw\u0142aszcza w po\u0142\u0105czeniu z pompami ciep\u0142a NORD EcoHeat. [&hellip;]<\/p>\n","protected":false},"author":1,"featured_media":0,"parent":0,"menu_order":0,"comment_status":"closed","ping_status":"closed","template":"","meta":{"om_disable_all_campaigns":false,"_monsterinsights_skip_tracking":false,"_monsterinsights_sitenote_active":false,"_monsterinsights_sitenote_note":"","_monsterinsights_sitenote_category":0,"footnotes":""},"_links":{"self":[{"href":"https:\/\/nord-solution.com\/index.php\/wp-json\/wp\/v2\/pages\/13411"}],"collection":[{"href":"https:\/\/nord-solution.com\/index.php\/wp-json\/wp\/v2\/pages"}],"about":[{"href":"https:\/\/nord-solution.com\/index.php\/wp-json\/wp\/v2\/types\/page"}],"author":[{"embeddable":true,"href":"https:\/\/nord-solution.com\/index.php\/wp-json\/wp\/v2\/users\/1"}],"replies":[{"embeddable":true,"href":"https:\/\/nord-solution.com\/index.php\/wp-json\/wp\/v2\/comments?post=13411"}],"version-history":[{"count":10,"href":"https:\/\/nord-solution.com\/index.php\/wp-json\/wp\/v2\/pages\/13411\/revisions"}],"predecessor-version":[{"id":20202,"href":"https:\/\/nord-solution.com\/index.php\/wp-json\/wp\/v2\/pages\/13411\/revisions\/20202"}],"wp:attachment":[{"href":"https:\/\/nord-solution.com\/index.php\/wp-json\/wp\/v2\/media?parent=13411"}],"curies":[{"name":"wp","href":"https:\/\/api.w.org\/{rel}","templated":true}]}}