{"id":12359,"date":"2024-11-25T11:26:00","date_gmt":"2024-11-25T10:26:00","guid":{"rendered":"https:\/\/nord-solution.com\/?page_id=12359"},"modified":"2026-04-13T13:00:22","modified_gmt":"2026-04-13T11:00:22","slug":"ecofresh-tank-en","status":"publish","type":"page","link":"https:\/\/nord-solution.com\/index.php\/ecofresh-tank-en\/","title":{"rendered":"EcoFresh Tank EN"},"content":{"rendered":"\t\t<div data-elementor-type=\"wp-page\" data-elementor-id=\"12359\" class=\"elementor elementor-12359\" data-elementor-post-type=\"page\">\n\t\t\t\t<div class=\"elementor-element elementor-element-6e5c7473 e-flex e-con-boxed e-con e-parent\" data-id=\"6e5c7473\" data-element_type=\"container\">\n\t\t\t\t\t<div class=\"e-con-inner\">\n\t\t<div class=\"elementor-element elementor-element-3faf71ec e-con-full e-flex e-con e-child\" data-id=\"3faf71ec\" data-element_type=\"container\">\n\t\t\t\t<div class=\"elementor-element elementor-element-49e12a90 elementor-widget elementor-widget-heading\" data-id=\"49e12a90\" data-element_type=\"widget\" data-widget_type=\"heading.default\">\n\t\t\t\t\t<h2 class=\"elementor-heading-title elementor-size-default\">NORD EcoFresh Tank<\/h2>\t\t\t\t<\/div>\n\t\t\t\t<div class=\"elementor-element elementor-element-24ee8157 elementor-widget elementor-widget-heading\" data-id=\"24ee8157\" data-element_type=\"widget\" data-widget_type=\"heading.default\">\n\t\t\t\t\t<h2 class=\"elementor-heading-title elementor-size-default\">Energy-Saving DHW Tank<\/h2>\t\t\t\t<\/div>\n\t\t\t\t<div class=\"elementor-element elementor-element-3f05f862 elementor-widget elementor-widget-heading\" data-id=\"3f05f862\" data-element_type=\"widget\" data-widget_type=\"heading.default\">\n\t\t\t\t\t<h2 class=\"elementor-heading-title elementor-size-default\">Models: 220 L | 300 L  | 400 L | 500 L<\/h2>\t\t\t\t<\/div>\n\t\t\t\t<div class=\"elementor-element elementor-element-6314ae6b elementor-widget elementor-widget-text-editor\" data-id=\"6314ae6b\" data-element_type=\"widget\" data-widget_type=\"text-editor.default\">\n\t\t\t\t\t\t\t\t\t<p>The NORD EcoFresh Tank is a modern domestic hot water <strong>(DHW) storage tank <\/strong>designed for <strong>maximum performance and energy savings<\/strong>. Its <strong>special elliptical heat exchanger<\/strong> with an expanded heat transfer surface ensures <strong>faster and more efficient water heating<\/strong>, especially when paired with NORD EcoHeat heat pumps. Its slim, space-saving design allows for easy installation, even in smaller utility rooms.<\/p>\t\t\t\t\t\t\t\t<\/div>\n\t\t\t\t<\/div>\n\t\t<div class=\"elementor-element elementor-element-43f07e62 e-con-full e-flex e-con e-child\" data-id=\"43f07e62\" data-element_type=\"container\">\n\t\t\t\t<div class=\"elementor-element elementor-element-36dc9d34 elementor-widget elementor-widget-image\" data-id=\"36dc9d34\" data-element_type=\"widget\" data-widget_type=\"image.default\">\n\t\t\t\t\t\t\t\t\t\t\t\t\t\t\t<img fetchpriority=\"high\" decoding=\"async\" width=\"800\" height=\"800\" src=\"https:\/\/nord-solution.com\/wp-content\/uploads\/2025\/03\/EcoFreshTank-1024x1024.jpg\" class=\"attachment-large size-large wp-image-17655\" alt=\"\" srcset=\"https:\/\/nord-solution.com\/wp-content\/uploads\/2025\/03\/EcoFreshTank-1024x1024.jpg 1024w, https:\/\/nord-solution.com\/wp-content\/uploads\/2025\/03\/EcoFreshTank-300x300.jpg 300w, https:\/\/nord-solution.com\/wp-content\/uploads\/2025\/03\/EcoFreshTank-100x100.jpg 100w, https:\/\/nord-solution.com\/wp-content\/uploads\/2025\/03\/EcoFreshTank-600x600.jpg 600w, https:\/\/nord-solution.com\/wp-content\/uploads\/2025\/03\/EcoFreshTank-150x150.jpg 150w, https:\/\/nord-solution.com\/wp-content\/uploads\/2025\/03\/EcoFreshTank-768x768.jpg 768w, https:\/\/nord-solution.com\/wp-content\/uploads\/2025\/03\/EcoFreshTank-700x700.jpg 700w, https:\/\/nord-solution.com\/wp-content\/uploads\/2025\/03\/EcoFreshTank-500x500.jpg 500w, https:\/\/nord-solution.com\/wp-content\/uploads\/2025\/03\/EcoFreshTank-800x800.jpg 800w, https:\/\/nord-solution.com\/wp-content\/uploads\/2025\/03\/EcoFreshTank.jpg 1500w\" sizes=\"(max-width: 800px) 100vw, 800px\" \/>\t\t\t\t\t\t\t\t\t\t\t\t\t\t\t<\/div>\n\t\t\t\t<\/div>\n\t\t\t\t\t<\/div>\n\t\t\t\t<\/div>\n\t\t\t\t<section class=\"elementor-section elementor-top-section elementor-element elementor-element-6a613387 elementor-section-content-middle elementor-section-boxed elementor-section-height-default elementor-section-height-default\" data-id=\"6a613387\" data-element_type=\"section\" data-settings=\"{&quot;background_background&quot;:&quot;classic&quot;}\">\n\t\t\t\t\t\t<div class=\"elementor-container elementor-column-gap-default\">\n\t\t\t\t\t<div class=\"elementor-column elementor-col-50 elementor-top-column elementor-element elementor-element-316c7f68\" data-id=\"316c7f68\" data-element_type=\"column\">\n\t\t\t<div class=\"elementor-widget-wrap elementor-element-populated\">\n\t\t\t\t\t\t<div class=\"elementor-element elementor-element-64565167 elementor-widget elementor-widget-image\" data-id=\"64565167\" data-element_type=\"widget\" data-widget_type=\"image.default\">\n\t\t\t\t\t\t\t\t\t\t\t\t\t\t\t<img decoding=\"async\" width=\"150\" height=\"150\" src=\"https:\/\/nord-solution.com\/wp-content\/uploads\/2023\/04\/ikona_hot_water-150x150.png\" class=\"attachment-thumbnail size-thumbnail wp-image-1989\" alt=\"\" srcset=\"https:\/\/nord-solution.com\/wp-content\/uploads\/2023\/04\/ikona_hot_water-150x150.png 150w, https:\/\/nord-solution.com\/wp-content\/uploads\/2023\/04\/ikona_hot_water-300x300.png 300w, https:\/\/nord-solution.com\/wp-content\/uploads\/2023\/04\/ikona_hot_water-100x100.png 100w, https:\/\/nord-solution.com\/wp-content\/uploads\/2023\/04\/ikona_hot_water.png 260w\" sizes=\"(max-width: 150px) 100vw, 150px\" \/>\t\t\t\t\t\t\t\t\t\t\t\t\t\t\t<\/div>\n\t\t\t\t\t<\/div>\n\t\t<\/div>\n\t\t\t\t<div class=\"elementor-column elementor-col-50 elementor-top-column elementor-element elementor-element-3f89fd02\" data-id=\"3f89fd02\" data-element_type=\"column\">\n\t\t\t<div class=\"elementor-widget-wrap elementor-element-populated\">\n\t\t\t\t\t\t<div class=\"elementor-element elementor-element-2f78eeea animated-slow elementor-widget__width-inherit elementor-invisible elementor-widget elementor-widget-heading\" data-id=\"2f78eeea\" data-element_type=\"widget\" data-settings=\"{&quot;_animation&quot;:&quot;fadeInRight&quot;,&quot;_animation_delay&quot;:500}\" data-widget_type=\"heading.default\">\n\t\t\t\t\t<h6 class=\"elementor-heading-title elementor-size-default\">TECHNOLOGY FOR MAXIMUM PERFORMANCE AND SAVINGS<\/h6>\t\t\t\t<\/div>\n\t\t\t\t<div class=\"elementor-element elementor-element-2842d4c7 elementor-widget__width-initial elementor-widget elementor-widget-text-editor\" data-id=\"2842d4c7\" data-element_type=\"widget\" data-widget_type=\"text-editor.default\">\n\t\t\t\t\t\t\t\t\t<p>The specially designed <strong>elliptical heat exchanger<\/strong> significantly <strong>expands the heat exchange surface<\/strong>, offering greater efficiency than conventional storage tanks. This <strong>innovative solution<\/strong>, developed for use with <strong>NORD EcoHeat heat pumps<\/strong> and the <strong>NORD EcoControl <\/strong>energy management system, enables <strong>faster hot water production<\/strong> compared to standard storage tanks of the same capacity.<\/p>\t\t\t\t\t\t\t\t<\/div>\n\t\t\t\t\t<\/div>\n\t\t<\/div>\n\t\t\t\t\t<\/div>\n\t\t<\/section>\n\t\t\t\t<section class=\"elementor-section elementor-top-section elementor-element elementor-element-72077eef elementor-section-boxed elementor-section-height-default elementor-section-height-default\" data-id=\"72077eef\" data-element_type=\"section\">\n\t\t\t\t\t\t<div class=\"elementor-container elementor-column-gap-default\">\n\t\t\t\t\t<div class=\"elementor-column elementor-col-100 elementor-top-column elementor-element elementor-element-a48d2a0\" data-id=\"a48d2a0\" data-element_type=\"column\">\n\t\t\t<div class=\"elementor-widget-wrap elementor-element-populated\">\n\t\t\t\t\t\t<div class=\"elementor-element elementor-element-6be3f521 elementor-widget-divider--view-line elementor-widget elementor-widget-divider\" data-id=\"6be3f521\" data-element_type=\"widget\" data-widget_type=\"divider.default\">\n\t\t\t\t\t\t\t<div class=\"elementor-divider\">\n\t\t\t<span class=\"elementor-divider-separator\">\n\t\t\t\t\t\t<\/span>\n\t\t<\/div>\n\t\t\t\t\t\t<\/div>\n\t\t\t\t\t<\/div>\n\t\t<\/div>\n\t\t\t\t\t<\/div>\n\t\t<\/section>\n\t\t\t\t<section class=\"elementor-section elementor-top-section elementor-element elementor-element-180a08dd elementor-section-boxed elementor-section-height-default elementor-section-height-default\" data-id=\"180a08dd\" data-element_type=\"section\">\n\t\t\t\t\t\t<div class=\"elementor-container elementor-column-gap-default\">\n\t\t\t\t\t<div class=\"elementor-column elementor-col-50 elementor-top-column elementor-element elementor-element-2bef0477\" data-id=\"2bef0477\" data-element_type=\"column\">\n\t\t\t<div class=\"elementor-widget-wrap elementor-element-populated\">\n\t\t\t\t\t\t<div class=\"elementor-element elementor-element-2a4e5445 animated-slow elementor-widget__width-inherit elementor-invisible elementor-widget elementor-widget-heading\" data-id=\"2a4e5445\" data-element_type=\"widget\" data-settings=\"{&quot;_animation&quot;:&quot;fadeInLeft&quot;,&quot;_animation_delay&quot;:800}\" data-widget_type=\"heading.default\">\n\t\t\t\t\t<h6 class=\"elementor-heading-title elementor-size-default\">ADVANCED HEAT EXCHANGER TECHNOLOGY<\/h6>\t\t\t\t<\/div>\n\t\t\t\t<div class=\"elementor-element elementor-element-7faccf11 elementor-widget elementor-widget-text-editor\" data-id=\"7faccf11\" data-element_type=\"widget\" data-widget_type=\"text-editor.default\">\n\t\t\t\t\t\t\t\t\t<p style=\"text-align: center;\">The <strong>unique manufacturing process<\/strong> of the elliptical heat exchanger allows the tube to be flattened<\/p><p style=\"text-align: center;\">and wound while <strong>preserving its structural integrity, strength, and performance <\/strong>characteristics.<\/p>\t\t\t\t\t\t\t\t<\/div>\n\t\t\t\t\t<\/div>\n\t\t<\/div>\n\t\t\t\t<div class=\"elementor-column elementor-col-50 elementor-top-column elementor-element elementor-element-3481cc6b\" data-id=\"3481cc6b\" data-element_type=\"column\">\n\t\t\t<div class=\"elementor-widget-wrap elementor-element-populated\">\n\t\t\t\t\t\t<div class=\"elementor-element elementor-element-bb34e1 elementor-widget elementor-widget-image\" data-id=\"bb34e1\" data-element_type=\"widget\" data-widget_type=\"image.default\">\n\t\t\t\t\t\t\t\t\t\t\t\t\t\t\t<img decoding=\"async\" width=\"300\" height=\"300\" src=\"https:\/\/nord-solution.com\/wp-content\/uploads\/2024\/11\/ikona_ecoboiler-hybrid-spiral-elipsa-prurez.svg\" class=\"attachment-medium size-medium wp-image-12294\" alt=\"\" \/>\t\t\t\t\t\t\t\t\t\t\t\t\t\t\t<\/div>\n\t\t\t\t\t<\/div>\n\t\t<\/div>\n\t\t\t\t\t<\/div>\n\t\t<\/section>\n\t\t\t\t<section class=\"elementor-section elementor-top-section elementor-element elementor-element-772975a6 elementor-section-boxed elementor-section-height-default elementor-section-height-default\" data-id=\"772975a6\" data-element_type=\"section\">\n\t\t\t\t\t\t<div class=\"elementor-container elementor-column-gap-default\">\n\t\t\t\t\t<div class=\"elementor-column elementor-col-100 elementor-top-column elementor-element elementor-element-57e84a5b\" data-id=\"57e84a5b\" data-element_type=\"column\">\n\t\t\t<div class=\"elementor-widget-wrap elementor-element-populated\">\n\t\t\t\t\t\t<div class=\"elementor-element elementor-element-dd25e1b elementor-widget-divider--view-line elementor-widget elementor-widget-divider\" data-id=\"dd25e1b\" data-element_type=\"widget\" data-widget_type=\"divider.default\">\n\t\t\t\t\t\t\t<div class=\"elementor-divider\">\n\t\t\t<span class=\"elementor-divider-separator\">\n\t\t\t\t\t\t<\/span>\n\t\t<\/div>\n\t\t\t\t\t\t<\/div>\n\t\t\t\t\t<\/div>\n\t\t<\/div>\n\t\t\t\t\t<\/div>\n\t\t<\/section>\n\t\t\t\t<section class=\"elementor-section elementor-top-section elementor-element elementor-element-1ecabff8 elementor-section-content-middle elementor-section-boxed elementor-section-height-default elementor-section-height-default\" data-id=\"1ecabff8\" data-element_type=\"section\" data-settings=\"{&quot;background_background&quot;:&quot;classic&quot;}\">\n\t\t\t\t\t\t<div class=\"elementor-container elementor-column-gap-default\">\n\t\t\t\t\t<div class=\"elementor-column elementor-col-50 elementor-top-column elementor-element elementor-element-6f1393c3\" data-id=\"6f1393c3\" data-element_type=\"column\">\n\t\t\t<div class=\"elementor-widget-wrap elementor-element-populated\">\n\t\t\t\t\t\t<div class=\"elementor-element elementor-element-43c88c9a elementor-widget elementor-widget-image\" data-id=\"43c88c9a\" data-element_type=\"widget\" data-widget_type=\"image.default\">\n\t\t\t\t\t\t\t\t\t\t\t\t\t\t\t<img loading=\"lazy\" decoding=\"async\" width=\"300\" height=\"300\" src=\"https:\/\/nord-solution.com\/wp-content\/uploads\/2024\/10\/ikona_ecoboiler-hybrid-stihly.svg\" class=\"attachment-medium size-medium wp-image-11555\" alt=\"\" \/>\t\t\t\t\t\t\t\t\t\t\t\t\t\t\t<\/div>\n\t\t\t\t\t<\/div>\n\t\t<\/div>\n\t\t\t\t<div class=\"elementor-column elementor-col-50 elementor-top-column elementor-element elementor-element-2a389384\" data-id=\"2a389384\" data-element_type=\"column\">\n\t\t\t<div class=\"elementor-widget-wrap elementor-element-populated\">\n\t\t\t\t\t\t<div class=\"elementor-element elementor-element-76e0419a animated-slow elementor-widget__width-inherit elementor-invisible elementor-widget elementor-widget-heading\" data-id=\"76e0419a\" data-element_type=\"widget\" data-settings=\"{&quot;_animation&quot;:&quot;fadeInRight&quot;,&quot;_animation_delay&quot;:500}\" data-widget_type=\"heading.default\">\n\t\t\t\t\t<h6 class=\"elementor-heading-title elementor-size-default\">SLIM STORAGE TANK DESIGN<\/h6>\t\t\t\t<\/div>\n\t\t\t\t<div class=\"elementor-element elementor-element-76d92dad elementor-widget__width-initial elementor-widget elementor-widget-text-editor\" data-id=\"76d92dad\" data-element_type=\"widget\" data-widget_type=\"text-editor.default\">\n\t\t\t\t\t\t\t\t\t<p style=\"text-align: center;\">The <strong>narrow shape<\/strong> of the tank is designed <strong>to maximize space efficiency<\/strong>,<\/p><p style=\"text-align: center;\">making it an ideal solution for <strong>utility rooms with limited space<\/strong><\/p>\t\t\t\t\t\t\t\t<\/div>\n\t\t\t\t\t<\/div>\n\t\t<\/div>\n\t\t\t\t\t<\/div>\n\t\t<\/section>\n\t\t\t\t<section class=\"elementor-section elementor-top-section elementor-element elementor-element-539ce8d3 elementor-section-boxed elementor-section-height-default elementor-section-height-default\" data-id=\"539ce8d3\" data-element_type=\"section\">\n\t\t\t\t\t\t<div class=\"elementor-container elementor-column-gap-default\">\n\t\t\t\t\t<div class=\"elementor-column elementor-col-100 elementor-top-column elementor-element elementor-element-53c25990\" data-id=\"53c25990\" data-element_type=\"column\">\n\t\t\t<div class=\"elementor-widget-wrap elementor-element-populated\">\n\t\t\t\t\t\t<div class=\"elementor-element elementor-element-69bca520 elementor-widget-divider--view-line elementor-widget elementor-widget-divider\" data-id=\"69bca520\" data-element_type=\"widget\" data-widget_type=\"divider.default\">\n\t\t\t\t\t\t\t<div class=\"elementor-divider\">\n\t\t\t<span class=\"elementor-divider-separator\">\n\t\t\t\t\t\t<\/span>\n\t\t<\/div>\n\t\t\t\t\t\t<\/div>\n\t\t\t\t\t<\/div>\n\t\t<\/div>\n\t\t\t\t\t<\/div>\n\t\t<\/section>\n\t\t\t\t<section class=\"elementor-section elementor-top-section elementor-element elementor-element-4bf5920f elementor-section-boxed elementor-section-height-default elementor-section-height-default\" data-id=\"4bf5920f\" data-element_type=\"section\">\n\t\t\t\t\t\t<div class=\"elementor-container elementor-column-gap-default\">\n\t\t\t\t\t<div class=\"elementor-column elementor-col-50 elementor-top-column elementor-element elementor-element-1086107d\" data-id=\"1086107d\" data-element_type=\"column\">\n\t\t\t<div class=\"elementor-widget-wrap elementor-element-populated\">\n\t\t\t\t\t\t<div class=\"elementor-element elementor-element-103ccb22 animated-slow elementor-widget__width-inherit elementor-invisible elementor-widget elementor-widget-heading\" data-id=\"103ccb22\" data-element_type=\"widget\" data-settings=\"{&quot;_animation&quot;:&quot;fadeInLeft&quot;,&quot;_animation_delay&quot;:800}\" data-widget_type=\"heading.default\">\n\t\t\t\t\t<h6 class=\"elementor-heading-title elementor-size-default\">OPTIMIZED CAPACITY FOR MAXIMUM EFFICIENCY<\/h6>\t\t\t\t<\/div>\n\t\t\t\t<div class=\"elementor-element elementor-element-771692ad elementor-widget elementor-widget-text-editor\" data-id=\"771692ad\" data-element_type=\"widget\" data-widget_type=\"text-editor.default\">\n\t\t\t\t\t\t\t\t\t<p style=\"text-align: center;\">The NORD EcoFresh Tank 300 offers a usable volume of<strong> 291 liters<\/strong>, while the NORD EcoFresh Tank 220 provides<strong> 203 liters<\/strong>, ensuring <strong>sufficient hot water supply<\/strong> for different household needs.<\/p>\t\t\t\t\t\t\t\t<\/div>\n\t\t\t\t\t<\/div>\n\t\t<\/div>\n\t\t\t\t<div class=\"elementor-column elementor-col-50 elementor-top-column elementor-element elementor-element-31971489\" data-id=\"31971489\" data-element_type=\"column\">\n\t\t\t<div class=\"elementor-widget-wrap elementor-element-populated\">\n\t\t\t\t\t\t<div class=\"elementor-element elementor-element-4241fb6b elementor-widget elementor-widget-image\" data-id=\"4241fb6b\" data-element_type=\"widget\" data-widget_type=\"image.default\">\n\t\t\t\t\t\t\t\t\t\t\t\t\t\t\t<img loading=\"lazy\" decoding=\"async\" width=\"300\" height=\"300\" src=\"https:\/\/nord-solution.com\/wp-content\/uploads\/2025\/04\/ikona_ecoboiler-hybrid-200-a-300l-1.svg\" class=\"attachment-medium size-medium wp-image-18584\" alt=\"\" \/>\t\t\t\t\t\t\t\t\t\t\t\t\t\t\t<\/div>\n\t\t\t\t\t<\/div>\n\t\t<\/div>\n\t\t\t\t\t<\/div>\n\t\t<\/section>\n\t\t<div class=\"elementor-element elementor-element-54c8bbd4 e-flex e-con-boxed e-con e-parent\" data-id=\"54c8bbd4\" data-element_type=\"container\">\n\t\t\t\t\t<div class=\"e-con-inner\">\n\t\t\t\t<div class=\"elementor-element elementor-element-f8f1c0a elementor-arrows-position-inside elementor-pagination-position-outside elementor-widget elementor-widget-image-carousel\" data-id=\"f8f1c0a\" data-element_type=\"widget\" data-settings=\"{&quot;slides_to_show&quot;:&quot;1&quot;,&quot;navigation&quot;:&quot;both&quot;,&quot;autoplay&quot;:&quot;yes&quot;,&quot;pause_on_hover&quot;:&quot;yes&quot;,&quot;pause_on_interaction&quot;:&quot;yes&quot;,&quot;autoplay_speed&quot;:5000,&quot;infinite&quot;:&quot;yes&quot;,&quot;effect&quot;:&quot;slide&quot;,&quot;speed&quot;:500}\" data-widget_type=\"image-carousel.default\">\n\t\t\t\t\t\t\t<div class=\"elementor-image-carousel-wrapper swiper\" role=\"region\" aria-roledescription=\"carousel\" aria-label=\"Obr\u00e1zkov\u00fd koloto\u010d\" dir=\"ltr\">\n\t\t\t<div class=\"elementor-image-carousel swiper-wrapper\" aria-live=\"off\">\n\t\t\t\t\t\t\t\t<div class=\"swiper-slide\" role=\"group\" aria-roledescription=\"slide\" aria-label=\"1 of 1\"><figure class=\"swiper-slide-inner\"><img decoding=\"async\" class=\"swiper-slide-image\" src=\"https:\/\/nord-solution.com\/wp-content\/uploads\/2025\/04\/EcoFresh.png\" alt=\"EcoFresh\" \/><\/figure><\/div>\t\t\t<\/div>\n\t\t\t\t\t<\/div>\n\t\t\t\t\t\t<\/div>\n\t\t\t\t\t<\/div>\n\t\t\t\t<\/div>\n\t\t\t\t<section class=\"elementor-section elementor-top-section elementor-element elementor-element-21993fc6 elementor-section-boxed elementor-section-height-default elementor-section-height-default\" data-id=\"21993fc6\" data-element_type=\"section\" data-settings=\"{&quot;background_background&quot;:&quot;classic&quot;}\">\n\t\t\t\t\t\t<div class=\"elementor-container elementor-column-gap-no\">\n\t\t\t\t\t<div class=\"elementor-column elementor-col-100 elementor-top-column elementor-element elementor-element-1ad43427\" data-id=\"1ad43427\" data-element_type=\"column\">\n\t\t\t<div class=\"elementor-widget-wrap elementor-element-populated\">\n\t\t\t\t\t\t<div class=\"elementor-element elementor-element-4d77e686 animated-slow elementor-invisible elementor-widget elementor-widget-heading\" data-id=\"4d77e686\" data-element_type=\"widget\" data-settings=\"{&quot;_animation&quot;:&quot;fadeIn&quot;}\" data-widget_type=\"heading.default\">\n\t\t\t\t\t<h2 class=\"elementor-heading-title elementor-size-default\">Ready for the future? Get more information now!<\/h2>\t\t\t\t<\/div>\n\t\t\t\t<section class=\"elementor-section elementor-inner-section elementor-element elementor-element-4d5acd24 elementor-section-boxed elementor-section-height-default elementor-section-height-default\" data-id=\"4d5acd24\" data-element_type=\"section\">\n\t\t\t\t\t\t<div class=\"elementor-container elementor-column-gap-default\">\n\t\t\t\t\t<div class=\"elementor-column elementor-col-50 elementor-inner-column elementor-element elementor-element-40e6ac1e\" data-id=\"40e6ac1e\" data-element_type=\"column\">\n\t\t\t<div class=\"elementor-widget-wrap elementor-element-populated\">\n\t\t\t\t\t\t<div class=\"elementor-element elementor-element-1d311aa elementor-invisible elementor-widget elementor-widget-text-editor\" data-id=\"1d311aa\" data-element_type=\"widget\" data-settings=\"{&quot;_animation&quot;:&quot;fadeIn&quot;,&quot;_animation_delay&quot;:200}\" data-widget_type=\"text-editor.default\">\n\t\t\t\t\t\t\t\t\t<p>Discover the new generation of EcoFresh storage tank for heating your home with green energy.<\/p>\t\t\t\t\t\t\t\t<\/div>\n\t\t\t\t<div class=\"elementor-element elementor-element-3e911ed1 elementor-mobile-align-justify animated-fast elementor-align-center elementor-invisible elementor-widget elementor-widget-button\" data-id=\"3e911ed1\" data-element_type=\"widget\" data-settings=\"{&quot;_animation&quot;:&quot;fadeIn&quot;,&quot;_animation_delay&quot;:400}\" data-widget_type=\"button.default\">\n\t\t\t\t\t\t\t\t\t\t<a class=\"elementor-button elementor-button-link elementor-size-sm elementor-animation-float\" href=\"https:\/\/nord-solution.com\/DownloadCenter\/api.php?lang=EN&#038;name=DS_NORD_EcoFresh%20Tank\" target=\"_blank\">\n\t\t\t\t\t\t<span class=\"elementor-button-content-wrapper\">\n\t\t\t\t\t\t\t\t\t<span class=\"elementor-button-text\">Download datasheet<\/span>\n\t\t\t\t\t<\/span>\n\t\t\t\t\t<\/a>\n\t\t\t\t\t\t\t\t<\/div>\n\t\t\t\t\t<\/div>\n\t\t<\/div>\n\t\t\t\t<div class=\"elementor-column elementor-col-50 elementor-inner-column elementor-element elementor-element-3a6ed5f6\" data-id=\"3a6ed5f6\" data-element_type=\"column\">\n\t\t\t<div class=\"elementor-widget-wrap elementor-element-populated\">\n\t\t\t\t\t\t<div class=\"elementor-element elementor-element-6e03f325 elementor-invisible elementor-widget elementor-widget-text-editor\" data-id=\"6e03f325\" data-element_type=\"widget\" data-settings=\"{&quot;_animation&quot;:&quot;fadeIn&quot;,&quot;_animation_delay&quot;:200}\" data-widget_type=\"text-editor.default\">\n\t\t\t\t\t\t\t\t\t<p>For a non-binding inquiry, <br \/>feel free to contact us directly.<\/p>\t\t\t\t\t\t\t\t<\/div>\n\t\t\t\t<div class=\"elementor-element elementor-element-4c0f6866 elementor-mobile-align-justify animated-fast elementor-align-center elementor-invisible elementor-widget elementor-widget-button\" data-id=\"4c0f6866\" data-element_type=\"widget\" data-settings=\"{&quot;_animation&quot;:&quot;fadeIn&quot;,&quot;_animation_delay&quot;:400}\" data-widget_type=\"button.default\">\n\t\t\t\t\t\t\t\t\t\t<a class=\"elementor-button elementor-button-link elementor-size-sm elementor-animation-float\" href=\"mailto:office@nord-solution.com\" target=\"_blank\">\n\t\t\t\t\t\t<span class=\"elementor-button-content-wrapper\">\n\t\t\t\t\t\t\t\t\t<span class=\"elementor-button-text\">Contact us<\/span>\n\t\t\t\t\t<\/span>\n\t\t\t\t\t<\/a>\n\t\t\t\t\t\t\t\t<\/div>\n\t\t\t\t\t<\/div>\n\t\t<\/div>\n\t\t\t\t\t<\/div>\n\t\t<\/section>\n\t\t\t\t\t<\/div>\n\t\t<\/div>\n\t\t\t\t\t<\/div>\n\t\t<\/section>\n\t\t\t\t<\/div>\n\t\t","protected":false},"excerpt":{"rendered":"<p>NORD EcoFresh Tank Energy-Saving DHW Tank Models: 220 L | 300 L | 400 L | 500 L The NORD EcoFresh Tank is a modern domestic hot water (DHW) storage tank designed for maximum performance and energy savings. Its special elliptical heat exchanger with an expanded heat transfer surface ensures faster and more efficient water [&hellip;]<\/p>\n","protected":false},"author":1,"featured_media":0,"parent":0,"menu_order":0,"comment_status":"closed","ping_status":"closed","template":"","meta":{"om_disable_all_campaigns":false,"_monsterinsights_skip_tracking":false,"_monsterinsights_sitenote_active":false,"_monsterinsights_sitenote_note":"","_monsterinsights_sitenote_category":0,"footnotes":""},"_links":{"self":[{"href":"https:\/\/nord-solution.com\/index.php\/wp-json\/wp\/v2\/pages\/12359"}],"collection":[{"href":"https:\/\/nord-solution.com\/index.php\/wp-json\/wp\/v2\/pages"}],"about":[{"href":"https:\/\/nord-solution.com\/index.php\/wp-json\/wp\/v2\/types\/page"}],"author":[{"embeddable":true,"href":"https:\/\/nord-solution.com\/index.php\/wp-json\/wp\/v2\/users\/1"}],"replies":[{"embeddable":true,"href":"https:\/\/nord-solution.com\/index.php\/wp-json\/wp\/v2\/comments?post=12359"}],"version-history":[{"count":10,"href":"https:\/\/nord-solution.com\/index.php\/wp-json\/wp\/v2\/pages\/12359\/revisions"}],"predecessor-version":[{"id":32257,"href":"https:\/\/nord-solution.com\/index.php\/wp-json\/wp\/v2\/pages\/12359\/revisions\/32257"}],"wp:attachment":[{"href":"https:\/\/nord-solution.com\/index.php\/wp-json\/wp\/v2\/media?parent=12359"}],"curies":[{"name":"wp","href":"https:\/\/api.w.org\/{rel}","templated":true}]}}